{"id":12902,"date":"2021-01-29T14:00:30","date_gmt":"2021-01-29T13:00:30","guid":{"rendered":"https:\/\/woerrlein-naturfoto.de\/wordpress\/?page_id=12902"},"modified":"2021-01-29T14:07:38","modified_gmt":"2021-01-29T13:07:38","slug":"mantelmoewe","status":"publish","type":"page","link":"https:\/\/woerrlein-naturfoto.de\/wordpress\/moewen-a-z\/mantelmoewe\/","title":{"rendered":"Mantelm\u00f6we"},"content":{"rendered":"<p><a href=\"http:\/\/woerrlein-naturfoto.de\/wordpress\/voegel\/\"><span style=\"color: #ffff00;\">V\u00f6gel<\/span> <\/a>-&gt;<span style=\"color: #ffff00;\"><a style=\"color: #ffff00;\" href=\"http:\/\/woerrlein-naturfoto.de\/wordpress\/hauptseite-voegel\/voegel\/watvoegel-2\"> Watv\u00f6gel <\/a><\/span>-&gt;<span style=\"color: #ffff00;\"><a style=\"color: #ffff00;\" href=\"http:\/\/woerrlein-naturfoto.de\/wordpress\/hauptseite-voegel\/voegel\/watvoegel\/moewen-2\/\"> M\u00f6wen<\/a><\/span><br \/>\n<a title=\"V\u00f6gel von A-Z\" href=\"http:\/\/woerrlein-naturfoto.de\/wordpress\/voegel\/voegel_von_a-z\/\">V\u00f6gel von A-Z<\/a><br \/>\nZur Galerie <a title=\"M\u00f6wen\" href=\"http:\/\/woerrlein-naturfoto.de\/wordpress\/hauptseite-voegel\/voegel\/watvoegel\/moewen-2\/\">M\u00f6wen<\/a><\/p>\n<p><img loading=\"lazy\" decoding=\"async\" class=\"alignleft wp-image-12895\" src=\"https:\/\/woerrlein-naturfoto.de\/wordpress\/wp-content\/uploads\/2014\/08\/Mantelmoewe_D180626_2448-600x400.jpg\" alt=\"\" width=\"600\" height=\"400\" \/><\/p>\n<p>Die <b>Mantelm\u00f6we<\/b> (<i>Larus marinus<\/i>) ist die gr\u00f6\u00dfte Vogelart innerhalb der M\u00f6wen. Sie ist an den K\u00fcsten in Nord- und Nordwesteuropa, in Gr\u00f6nland und im nord\u00f6stlichen Nordamerika beheimatet. An der Wattenmeerk\u00fcste der Nordsee fehlt die Art jedoch als Brutvogel. In Europa halten Norwegen, Gro\u00dfbritannien, Island und Schweden die gr\u00f6\u00dften Best\u00e4nde. W\u00e4hrend die hochnordischen Populationen im Winter s\u00fcd- oder westw\u00e4rts ziehen, sind die meisten anderen Standv\u00f6gel.<br \/>\nDie Mantelm\u00f6we ist weitgehend an die Meeresk\u00fcste gebunden, wo sie an unzug\u00e4nglichen Stellen wie Inseln oder Felsklippen nistet. Nicht selten br\u00fctet sie in Kolonien anderer M\u00f6wen und besetzt dann die h\u00f6chsten, exponiertesten Orte. Sie ern\u00e4hrt sich vorwiegend von tierischer Nahrung und Abf\u00e4llen. H\u00e4ufig erbeutet sie andere V\u00f6gel oder jagt ihnen die Beute ab, vielerorts ern\u00e4hrt sie sich aber auch von Fisch und anderen Meerestieren.<br \/>\nMantelm\u00f6wen werden fr\u00fchestens mit vier bis f\u00fcnf Jahren geschlechtsreif. Ist ein Partner zu jung, kann es bei den betreffenden Paaren zu einem Nestbau ohne Eiablage kommen. Es findet eine Jahresbrut statt; die Paare finden sich zu einer monogamen Saisonehe zusammen.<sup id=\"cite_ref-glutzfpfl_24-0\" class=\"reference\"><\/sup><\/p>\n<p>L\u00e4nge: 64-78 cm\u00a0\u00a0 Spannweite: 150-165 cm\u00a0\u00a0 Gewicht: 1,0-2,2 kg\u00a0\u00a0 Gelege: 2-3 Eier<\/p>\n<p>Zur Galerie <a title=\"M\u00f6wen\" href=\"http:\/\/woerrlein-naturfoto.de\/wordpress\/hauptseite-voegel\/voegel\/watvoegel\/moewen-2\/\">M\u00f6wen<\/a><\/p>\n<p>&nbsp;<\/p>\n<p><em>Quelle des Textauszuges und weitere Infos bei <\/em><a href=\"https:\/\/de.wikipedia.org\/wiki\/Mantelm%C3%B6we\" target=\"_blank\" rel=\"noopener noreferrer\">Wikipedia<\/a> <em>(<\/em><a href=\"http:\/\/www.gnu.org\/licenses\/fdl-1.3.txt\" target=\"_blank\" rel=\"noopener noreferrer\">GNU-Lizenz<\/a><em>)<\/em> \u2013 <em>mein Dank gilt den<\/em> <a href=\"https:\/\/de.wikipedia.org\/w\/index.php?title=Mantelm%C3%B6we&amp;action=history\" target=\"_blank\" rel=\"noopener noreferrer\">Autoren<\/a>.<\/p>\n","protected":false},"excerpt":{"rendered":"<p>V\u00f6gel -&gt; Watv\u00f6gel -&gt; M\u00f6wen V\u00f6gel von A-Z Zur Galerie M\u00f6wen Die Mantelm\u00f6we (Larus marinus) ist die gr\u00f6\u00dfte Vogelart innerhalb der M\u00f6wen. Sie ist an den K\u00fcsten in Nord- und Nordwesteuropa, in Gr\u00f6nland und im nord\u00f6stlichen Nordamerika beheimatet. An der Wattenmeerk\u00fcste der Nordsee fehlt die Art jedoch als Brutvogel. In Europa halten Norwegen, Gro\u00dfbritannien, Island &hellip; <a href=\"https:\/\/woerrlein-naturfoto.de\/wordpress\/moewen-a-z\/mantelmoewe\/\" class=\"more-link\"><span class=\"screen-reader-text\">Mantelm\u00f6we<\/span> weiterlesen <span class=\"meta-nav\">&rarr;<\/span><\/a><\/p>\n","protected":false},"author":1,"featured_media":0,"parent":961,"menu_order":0,"comment_status":"closed","ping_status":"closed","template":"page-templates\/full-width.php","meta":{"footnotes":""},"class_list":["post-12902","page","type-page","status-publish","hentry"],"_links":{"self":[{"href":"https:\/\/woerrlein-naturfoto.de\/wordpress\/wp-json\/wp\/v2\/pages\/12902","targetHints":{"allow":["GET"]}}],"collection":[{"href":"https:\/\/woerrlein-naturfoto.de\/wordpress\/wp-json\/wp\/v2\/pages"}],"about":[{"href":"https:\/\/woerrlein-naturfoto.de\/wordpress\/wp-json\/wp\/v2\/types\/page"}],"author":[{"embeddable":true,"href":"https:\/\/woerrlein-naturfoto.de\/wordpress\/wp-json\/wp\/v2\/users\/1"}],"replies":[{"embeddable":true,"href":"https:\/\/woerrlein-naturfoto.de\/wordpress\/wp-json\/wp\/v2\/comments?post=12902"}],"version-history":[{"count":3,"href":"https:\/\/woerrlein-naturfoto.de\/wordpress\/wp-json\/wp\/v2\/pages\/12902\/revisions"}],"predecessor-version":[{"id":12905,"href":"https:\/\/woerrlein-naturfoto.de\/wordpress\/wp-json\/wp\/v2\/pages\/12902\/revisions\/12905"}],"up":[{"embeddable":true,"href":"https:\/\/woerrlein-naturfoto.de\/wordpress\/wp-json\/wp\/v2\/pages\/961"}],"wp:attachment":[{"href":"https:\/\/woerrlein-naturfoto.de\/wordpress\/wp-json\/wp\/v2\/media?parent=12902"}],"curies":[{"name":"wp","href":"https:\/\/api.w.org\/{rel}","templated":true}]}}