{"id":12767,"date":"2020-12-06T18:31:10","date_gmt":"2020-12-06T17:31:10","guid":{"rendered":"https:\/\/woerrlein-naturfoto.de\/wordpress\/?page_id=12767"},"modified":"2022-10-19T13:42:54","modified_gmt":"2022-10-19T11:42:54","slug":"herbst-lorchel","status":"publish","type":"page","link":"https:\/\/woerrlein-naturfoto.de\/wordpress\/pilze-a-z\/herbst-lorchel\/","title":{"rendered":"Herbst-Lorchel"},"content":{"rendered":"<p><span style=\"color: #ffff00;\"><a style=\"color: #ffff00;\" href=\"http:\/\/woerrlein-naturfoto.de\/wordpress\/hauptseite-pflanzen\/pflanzen\/\">Pflanzen <\/a><\/span>-&gt;<span style=\"color: #ffff00;\"><a style=\"color: #ffff00;\" href=\"http:\/\/woerrlein-naturfoto.de\/wordpress\/hauptseite-pflanzen\/pflanzen\/pilze-2\/\"> Pilze<\/a><\/span><br \/>\n<a href=\"http:\/\/woerrlein-naturfoto.de\/wordpress\/pflanzen-von-a-z\/\">Pflanzen von A-Z<\/a><br \/>\nzur Galerie <a href=\"https:\/\/woerrlein-naturfoto.de\/wordpress\/hauptseite-pflanzen\/pflanzen\/pilze-2\/pilze-ii-h-bis-r\/\">Pilze II<\/a><\/p>\n<p><img loading=\"lazy\" decoding=\"async\" class=\"alignleft wp-image-12702\" src=\"https:\/\/woerrlein-naturfoto.de\/wordpress\/wp-content\/uploads\/2015\/01\/Herbstlorchel_AW_65495_4650x6975-267x400.jpg\" alt=\"\" width=\"267\" height=\"400\" srcset=\"https:\/\/woerrlein-naturfoto.de\/wordpress\/wp-content\/uploads\/2015\/01\/Herbstlorchel_AW_65495_4650x6975-267x400.jpg 267w, https:\/\/woerrlein-naturfoto.de\/wordpress\/wp-content\/uploads\/2015\/01\/Herbstlorchel_AW_65495_4650x6975.jpg 567w\" sizes=\"auto, (max-width: 267px) 100vw, 267px\" \/>Die <b>Herbst-Lorchel<\/b> oder <b>Krause Lorchel<\/b> (<i>Helvella crispa<\/i>, syn. <i>H.\u00a0pithyophila<\/i>) ist eine Pilzart aus der Familie der Lorchelverwandten.<br \/>\nDas bis zu 3 cm breite, oft krausig-lappig geformte und sehr br\u00fcchige Kopfteil ist wei\u00dfgelb, gr\u00e4ulich oder blass braun gef\u00e4rbt. Die Hutlappen sind au\u00dfen von der sporenproduzierenden Fruchtschicht \u00fcberzogen. Der 2-15(\u201325) cm hohe, tief gefurchte und l\u00e4ngs gerippte Stiel hat eine z\u00e4here Konsistenz und eine wei\u00dfe Farbe. Er ist unten bauchig und verj\u00fcngt sich zur Spitze hin. Innen ist der Stiel von unregelm\u00e4\u00dfigen und l\u00e4nglichen Hohlr\u00e4umen durchzogen. Junge Exemplare haben einen angenehmen, alte dagegen einen stark s\u00fc\u00dflichen Geruch und Geschmack. Das Sporenpulver ist wei\u00df.<\/p>\n<p><strong>Vorkommen:<\/strong> \u00a0\u00a0\u00a0\u00a0\u00a0\u00a0 Juli bis Oktober<\/p>\n<p>zur Galerie <a href=\"https:\/\/woerrlein-naturfoto.de\/wordpress\/hauptseite-pflanzen\/pflanzen\/pilze-2\/pilze-ii-h-bis-r\/\">Pilze II<\/a><\/p>\n<p><em>Quelle des Textauszuges und weitere Infos bei <\/em><a href=\"https:\/\/de.wikipedia.org\/wiki\/Herbst-Lorchel\" target=\"_blank\" rel=\"noopener noreferrer\">Wikipedia<\/a><em> (<\/em><a href=\"http:\/\/www.gnu.org\/licenses\/fdl-1.3.txt\" target=\"_blank\" rel=\"noopener noreferrer\">GNU-Lizenz<\/a><em>)\u2013 mein Dank gilt den <\/em><a href=\"https:\/\/de.wikipedia.org\/w\/index.php?title=Herbst-Lorchel&amp;action=history\" target=\"_blank\" rel=\"noopener noreferrer\">Autoren<\/a><em>.<\/em><\/p>\n","protected":false},"excerpt":{"rendered":"<p>Pflanzen -&gt; Pilze Pflanzen von A-Z zur Galerie Pilze II Die Herbst-Lorchel oder Krause Lorchel (Helvella crispa, syn. H.\u00a0pithyophila) ist eine Pilzart aus der Familie der Lorchelverwandten. Das bis zu 3 cm breite, oft krausig-lappig geformte und sehr br\u00fcchige Kopfteil ist wei\u00dfgelb, gr\u00e4ulich oder blass braun gef\u00e4rbt. Die Hutlappen sind au\u00dfen von der sporenproduzierenden Fruchtschicht &hellip; <a href=\"https:\/\/woerrlein-naturfoto.de\/wordpress\/pilze-a-z\/herbst-lorchel\/\" class=\"more-link\"><span class=\"screen-reader-text\">Herbst-Lorchel<\/span> weiterlesen <span class=\"meta-nav\">&rarr;<\/span><\/a><\/p>\n","protected":false},"author":1,"featured_media":0,"parent":5118,"menu_order":0,"comment_status":"closed","ping_status":"closed","template":"page-templates\/full-width.php","meta":{"footnotes":""},"class_list":["post-12767","page","type-page","status-publish","hentry"],"_links":{"self":[{"href":"https:\/\/woerrlein-naturfoto.de\/wordpress\/wp-json\/wp\/v2\/pages\/12767","targetHints":{"allow":["GET"]}}],"collection":[{"href":"https:\/\/woerrlein-naturfoto.de\/wordpress\/wp-json\/wp\/v2\/pages"}],"about":[{"href":"https:\/\/woerrlein-naturfoto.de\/wordpress\/wp-json\/wp\/v2\/types\/page"}],"author":[{"embeddable":true,"href":"https:\/\/woerrlein-naturfoto.de\/wordpress\/wp-json\/wp\/v2\/users\/1"}],"replies":[{"embeddable":true,"href":"https:\/\/woerrlein-naturfoto.de\/wordpress\/wp-json\/wp\/v2\/comments?post=12767"}],"version-history":[{"count":2,"href":"https:\/\/woerrlein-naturfoto.de\/wordpress\/wp-json\/wp\/v2\/pages\/12767\/revisions"}],"predecessor-version":[{"id":15531,"href":"https:\/\/woerrlein-naturfoto.de\/wordpress\/wp-json\/wp\/v2\/pages\/12767\/revisions\/15531"}],"up":[{"embeddable":true,"href":"https:\/\/woerrlein-naturfoto.de\/wordpress\/wp-json\/wp\/v2\/pages\/5118"}],"wp:attachment":[{"href":"https:\/\/woerrlein-naturfoto.de\/wordpress\/wp-json\/wp\/v2\/media?parent=12767"}],"curies":[{"name":"wp","href":"https:\/\/api.w.org\/{rel}","templated":true}]}}