{"id":12764,"date":"2020-12-06T18:21:57","date_gmt":"2020-12-06T17:21:57","guid":{"rendered":"https:\/\/woerrlein-naturfoto.de\/wordpress\/?page_id=12764"},"modified":"2022-10-19T13:33:09","modified_gmt":"2022-10-19T11:33:09","slug":"gruener-knollenblaetterpilz","status":"publish","type":"page","link":"https:\/\/woerrlein-naturfoto.de\/wordpress\/pilze-a-z\/gruener-knollenblaetterpilz\/","title":{"rendered":"Gr\u00fcner Knollenbl\u00e4tterpilz"},"content":{"rendered":"<p><span style=\"color: #ffff00;\"><a style=\"color: #ffff00;\" href=\"http:\/\/woerrlein-naturfoto.de\/wordpress\/hauptseite-pflanzen\/pflanzen\/\">Pflanzen <\/a><\/span>-&gt;<span style=\"color: #ffff00;\"><a style=\"color: #ffff00;\" href=\"http:\/\/woerrlein-naturfoto.de\/wordpress\/hauptseite-pflanzen\/pflanzen\/pilze-2\/\"> Pilze<\/a><\/span><br \/>\n<a href=\"http:\/\/woerrlein-naturfoto.de\/wordpress\/pflanzen-von-a-z\/\">Pflanzen von A-Z<\/a><br \/>\nzur Galerie <a href=\"https:\/\/woerrlein-naturfoto.de\/wordpress\/hauptseite-pflanzen\/pflanzen\/pilze-2\/pilze-i-a-bis-g\/\">Pilze I<\/a><\/p>\n<p><img loading=\"lazy\" decoding=\"async\" class=\"alignleft wp-image-12704\" src=\"https:\/\/woerrlein-naturfoto.de\/wordpress\/wp-content\/uploads\/2015\/01\/Knollenblaetterpilz_201025_8987-267x400.jpg\" alt=\"\" width=\"267\" height=\"400\" srcset=\"https:\/\/woerrlein-naturfoto.de\/wordpress\/wp-content\/uploads\/2015\/01\/Knollenblaetterpilz_201025_8987-267x400.jpg 267w, https:\/\/woerrlein-naturfoto.de\/wordpress\/wp-content\/uploads\/2015\/01\/Knollenblaetterpilz_201025_8987.jpg 567w\" sizes=\"auto, (max-width: 267px) 100vw, 267px\" \/>Der <b>Gr\u00fcne Knollenbl\u00e4tterpilz<\/b> oder <b>Gr\u00fcnliche Gift-Wulstling<\/b> (<i>Amanita phalloides<\/i>) ist eine Pilzart aus der Familie Amanitaceae, der zur Gattung der Wulstlinge z\u00e4hlt. Er ist ein mit Laubb\u00e4umen vergesellschafteter <a title=\"Mykorrhiza\" href=\"https:\/\/de.wikipedia.org\/wiki\/Mykorrhiza\" target=\"_blank\" rel=\"noopener noreferrer\">Mykorrhizapilz<\/a>. Der Verzehr auch nur geringer Mengen eines Fruchtk\u00f6rpers dieses Giftpilzes kann zu einer t\u00f6dlichen Pilzvergiftung f\u00fchren, da die enthaltenen Gifte (<a title=\"Amatoxine\" href=\"https:\/\/de.wikipedia.org\/wiki\/Amatoxine\" target=\"_blank\" rel=\"noopener noreferrer\">Amatoxine<\/a> und <a title=\"Phallotoxin\" href=\"https:\/\/de.wikipedia.org\/wiki\/Phallotoxin\" target=\"_blank\" rel=\"noopener noreferrer\">Phallotoxine<\/a>) ein Leberversagen verursachen.<br \/>\nDer Gr\u00fcne Knollenbl\u00e4tterpilz bildet in Hut und Stiel gegliederte Fruchtk\u00f6rper mit dem typischen Habitus von solch einem Bl\u00e4tterpilz. Der Hut wird etwa 5 bis 15\u00a0Zentimeter breit und glatt und tr\u00e4gt nur selten festgeklebte Reste des oberen Teils der ehemaligen Gesamth\u00fclle. Seine Oberfl\u00e4che ist in feuchtem Zustand etwas klebrig, in trockenem Zustand ist er seidig gl\u00e4nzend; die Huthaut des Pilzes ist abziehbar. Die Farbe des Hutes reicht von blass gelbgr\u00fcn \u00fcber verschiedenste Schattierungen bis zu olivgr\u00fcn oder braunoliv, der Hutrand ist meist heller als die Hutmitte; im Alter kann der Hut wei\u00dflich verblassen. Der Fruchtk\u00f6rper ist in jungem Zustand von einem vollst\u00e4ndigen Velum eingeh\u00fcllt. In Gegensatz zu anderen Arten der Wulstlinge bleiben beim Gr\u00fcnen Knollenbl\u00e4tterpilz in der Regel keine Reste des Velum universale auf der Hutoberfl\u00e4che zur\u00fcck. Am Stielgrund bleibt das Velum als h\u00e4utig-lappig hochstehende Volva zur\u00fcck. Das Velum partiale bleibt als deutlich geriefter, wei\u00dflicher, h\u00e4ngender Ring (\u201eManschette\u201c) am Stiel zur\u00fcck. Der Stiel wird 5 bis 15 (&lt;18) Zentimeter hoch, er ist auf wei\u00dfem Grund blass olivgr\u00fcn genattert; seine Basis ist knollig verdickt und steckt in einer aufrecht abstehenden h\u00e4utigen Scheide. Der Stiel wird bis 2\u00a0Zentimeter stark, er ist jung voll, im Alter markig bis hohl. Die eng stehenden Lamellen sind wei\u00df, das Sporenpulver ist ebenfalls wei\u00df. Das Fleisch des Fruchtk\u00f6rpers ist wei\u00df, der Geruch s\u00fc\u00dflich (nach Kunsthonig), der Geschmack wird als mild und nussartig beschrieben (aufgrund der extremen Giftigkeit des Pilzes sollten Geschmacksproben jedoch unbedingt unterlassen werden)<i>.<\/i><\/p>\n<p><strong>Vorkommen:<\/strong> \u00a0\u00a0\u00a0\u00a0\u00a0\u00a0 Juni-Juli bis Oktober<\/p>\n<p>zur Galerie <a href=\"https:\/\/woerrlein-naturfoto.de\/wordpress\/hauptseite-pflanzen\/pflanzen\/pilze-2\/pilze-i-a-bis-g\/\">Pilze I<\/a><\/p>\n<p><em>Quelle des Textauszuges und weitere Infos bei <\/em><a href=\"https:\/\/de.wikipedia.org\/wiki\/Gr%C3%BCner_Knollenbl%C3%A4tterpilz\" target=\"_blank\" rel=\"noopener noreferrer\">Wikipedia<\/a><em> (<\/em><a href=\"http:\/\/www.gnu.org\/licenses\/fdl-1.3.txt\" target=\"_blank\" rel=\"noopener noreferrer\">GNU-Lizenz<\/a><em>)\u2013 mein Dank gilt den <\/em><a href=\"https:\/\/de.wikipedia.org\/w\/index.php?title=Gr%C3%BCner_Knollenbl%C3%A4tterpilz&amp;action=history\" target=\"_blank\" rel=\"noopener noreferrer\">Autoren<\/a><em>.<\/em><\/p>\n","protected":false},"excerpt":{"rendered":"<p>Pflanzen -&gt; Pilze Pflanzen von A-Z zur Galerie Pilze I Der Gr\u00fcne Knollenbl\u00e4tterpilz oder Gr\u00fcnliche Gift-Wulstling (Amanita phalloides) ist eine Pilzart aus der Familie Amanitaceae, der zur Gattung der Wulstlinge z\u00e4hlt. Er ist ein mit Laubb\u00e4umen vergesellschafteter Mykorrhizapilz. Der Verzehr auch nur geringer Mengen eines Fruchtk\u00f6rpers dieses Giftpilzes kann zu einer t\u00f6dlichen Pilzvergiftung f\u00fchren, da &hellip; <a href=\"https:\/\/woerrlein-naturfoto.de\/wordpress\/pilze-a-z\/gruener-knollenblaetterpilz\/\" class=\"more-link\"><span class=\"screen-reader-text\">Gr\u00fcner Knollenbl\u00e4tterpilz<\/span> weiterlesen <span class=\"meta-nav\">&rarr;<\/span><\/a><\/p>\n","protected":false},"author":1,"featured_media":0,"parent":5118,"menu_order":0,"comment_status":"closed","ping_status":"closed","template":"page-templates\/full-width.php","meta":{"footnotes":""},"class_list":["post-12764","page","type-page","status-publish","hentry"],"_links":{"self":[{"href":"https:\/\/woerrlein-naturfoto.de\/wordpress\/wp-json\/wp\/v2\/pages\/12764","targetHints":{"allow":["GET"]}}],"collection":[{"href":"https:\/\/woerrlein-naturfoto.de\/wordpress\/wp-json\/wp\/v2\/pages"}],"about":[{"href":"https:\/\/woerrlein-naturfoto.de\/wordpress\/wp-json\/wp\/v2\/types\/page"}],"author":[{"embeddable":true,"href":"https:\/\/woerrlein-naturfoto.de\/wordpress\/wp-json\/wp\/v2\/users\/1"}],"replies":[{"embeddable":true,"href":"https:\/\/woerrlein-naturfoto.de\/wordpress\/wp-json\/wp\/v2\/comments?post=12764"}],"version-history":[{"count":2,"href":"https:\/\/woerrlein-naturfoto.de\/wordpress\/wp-json\/wp\/v2\/pages\/12764\/revisions"}],"predecessor-version":[{"id":15527,"href":"https:\/\/woerrlein-naturfoto.de\/wordpress\/wp-json\/wp\/v2\/pages\/12764\/revisions\/15527"}],"up":[{"embeddable":true,"href":"https:\/\/woerrlein-naturfoto.de\/wordpress\/wp-json\/wp\/v2\/pages\/5118"}],"wp:attachment":[{"href":"https:\/\/woerrlein-naturfoto.de\/wordpress\/wp-json\/wp\/v2\/media?parent=12764"}],"curies":[{"name":"wp","href":"https:\/\/api.w.org\/{rel}","templated":true}]}}