{"id":12761,"date":"2020-12-06T18:11:50","date_gmt":"2020-12-06T17:11:50","guid":{"rendered":"https:\/\/woerrlein-naturfoto.de\/wordpress\/?page_id=12761"},"modified":"2022-10-19T13:26:17","modified_gmt":"2022-10-19T11:26:17","slug":"geselliger-gloeckchennabeling","status":"publish","type":"page","link":"https:\/\/woerrlein-naturfoto.de\/wordpress\/pilze-a-z\/geselliger-gloeckchennabeling\/","title":{"rendered":"Geselliger Gl\u00f6ckchennabeling"},"content":{"rendered":"<p><span style=\"color: #ffff00;\"><a style=\"color: #ffff00;\" href=\"http:\/\/woerrlein-naturfoto.de\/wordpress\/hauptseite-pflanzen\/pflanzen\/\">Pflanzen <\/a><\/span>-&gt;<span style=\"color: #ffff00;\"><a style=\"color: #ffff00;\" href=\"http:\/\/woerrlein-naturfoto.de\/wordpress\/hauptseite-pflanzen\/pflanzen\/pilze-2\/\"> Pilze<\/a><\/span><br \/>\n<a href=\"http:\/\/woerrlein-naturfoto.de\/wordpress\/pflanzen-von-a-z\/\">Pflanzen von A-Z<\/a><br \/>\nzur Galerie <a href=\"https:\/\/woerrlein-naturfoto.de\/wordpress\/hauptseite-pflanzen\/pflanzen\/pilze-2\/pilze-i-a-bis-g\/\">Pilze I<\/a><\/p>\n<p><img loading=\"lazy\" decoding=\"async\" class=\"alignleft wp-image-12699\" src=\"https:\/\/woerrlein-naturfoto.de\/wordpress\/wp-content\/uploads\/2015\/01\/GeselligerGloeckchennabeling_200911_4349-600x400.jpg\" alt=\"\" width=\"600\" height=\"400\" srcset=\"https:\/\/woerrlein-naturfoto.de\/wordpress\/wp-content\/uploads\/2015\/01\/GeselligerGloeckchennabeling_200911_4349-600x400.jpg 600w, https:\/\/woerrlein-naturfoto.de\/wordpress\/wp-content\/uploads\/2015\/01\/GeselligerGloeckchennabeling_200911_4349-768x512.jpg 768w, https:\/\/woerrlein-naturfoto.de\/wordpress\/wp-content\/uploads\/2015\/01\/GeselligerGloeckchennabeling_200911_4349-120x80.jpg 120w, https:\/\/woerrlein-naturfoto.de\/wordpress\/wp-content\/uploads\/2015\/01\/GeselligerGloeckchennabeling_200911_4349.jpg 1000w\" sizes=\"auto, (max-width: 600px) 100vw, 600px\" \/>Der ungenie\u00dfbare <b>Gesellige Gl\u00f6ckchennabeling<\/b> (<i>Xeromphalina campanella<\/i>, <a title=\"Synonym (Taxonomie)\" href=\"https:\/\/de.wikipedia.org\/wiki\/Synonym_(Taxonomie)\">syn.:<\/a> <i>Omphalina campanella<\/i>) ist eine Pilzart aus der Familie der Helmlingsverwandten (Mycenaceae). Die Fruchtk\u00f6rper erscheinen vom Vorfr\u00fchling bis in den Herbst hinein. Sie wachsen auf morschen Nadelholzstubben.<br \/>\nDer d\u00fcnnfleischige Hut ist 0,5\u20132\u00a0cm breit, jung gew\u00f6lbt und in der Mitte genabelt und im Alter trichterf\u00f6rmig hochgebogen. Die glatte, speckig gl\u00e4nzende Oberfl\u00e4che ist gelbbraun bis orangebr\u00e4unlich gef\u00e4rbt. Der Nabel hat in der Regel eine etwas dunklere F\u00e4rbung und der Rand ist fast bis zur Hutmitte durchscheinend gerieft.Die ziemlich entfernt stehenden, schmal sichelf\u00f6rmigen Lamellen laufen kurz am Stiel herab. Sie sind am Grunde queraderig verbunden und \u00e4hnlich gelbbr\u00e4unlich wie der Hut gef\u00e4rbt oder etwas heller. Der knorpelige und oft verbogene Stiel ist 1,5\u20133\u00a0cm lang und 0,1\u20130,2\u00a0cm breit. Er ist an der Spitze gelblich und zur Basis dunkler rostbraun bis schwarzbraun gef\u00e4rbt. Die mehr oder weniger striegelige Stielbasis ist mit einem gelblichen Mycelfilz feinfilzig \u00fcberzogen und bisweilen schwach knollig. Im Alter ist der Stiel meist hohl. Das Fleisch ist d\u00fcnn und hellbr\u00e4unlich. Es schmeckt mild und etwas pilzartig, der Geruch ist unauff\u00e4llig.<sup id=\"cite_ref-Gerhardt1984_2-0\" class=\"reference\"><\/sup><\/p>\n<p><strong>Vorkommen:<\/strong> \u00a0\u00a0\u00a0\u00a0\u00a0\u00a0 Juli bis Oktober<\/p>\n<p>zur Galerie <a href=\"https:\/\/woerrlein-naturfoto.de\/wordpress\/hauptseite-pflanzen\/pflanzen\/pilze-2\/pilze-i-a-bis-g\/\">Pilze I<\/a><\/p>\n<p><em>Quelle des Textauszuges und weitere Infos bei <\/em><a href=\"https:\/\/de.wikipedia.org\/wiki\/Geselliger_Gl%C3%B6ckchennabeling\" target=\"_blank\" rel=\"noopener noreferrer\">Wikipedia<\/a><em> (<\/em><a href=\"http:\/\/www.gnu.org\/licenses\/fdl-1.3.txt\" target=\"_blank\" rel=\"noopener noreferrer\">GNU-Lizenz<\/a><em>)\u2013 mein Dank gilt den <\/em><a href=\"https:\/\/de.wikipedia.org\/w\/index.php?title=Geselliger_Gl%C3%B6ckchennabeling&amp;action=history\" target=\"_blank\" rel=\"noopener noreferrer\">Autoren<\/a><em>.<\/em><\/p>\n","protected":false},"excerpt":{"rendered":"<p>Pflanzen -&gt; Pilze Pflanzen von A-Z zur Galerie Pilze I Der ungenie\u00dfbare Gesellige Gl\u00f6ckchennabeling (Xeromphalina campanella, syn.: Omphalina campanella) ist eine Pilzart aus der Familie der Helmlingsverwandten (Mycenaceae). Die Fruchtk\u00f6rper erscheinen vom Vorfr\u00fchling bis in den Herbst hinein. Sie wachsen auf morschen Nadelholzstubben. Der d\u00fcnnfleischige Hut ist 0,5\u20132\u00a0cm breit, jung gew\u00f6lbt und in der Mitte &hellip; <a href=\"https:\/\/woerrlein-naturfoto.de\/wordpress\/pilze-a-z\/geselliger-gloeckchennabeling\/\" class=\"more-link\"><span class=\"screen-reader-text\">Geselliger Gl\u00f6ckchennabeling<\/span> weiterlesen <span class=\"meta-nav\">&rarr;<\/span><\/a><\/p>\n","protected":false},"author":1,"featured_media":0,"parent":5118,"menu_order":0,"comment_status":"closed","ping_status":"closed","template":"page-templates\/full-width.php","meta":{"footnotes":""},"class_list":["post-12761","page","type-page","status-publish","hentry"],"_links":{"self":[{"href":"https:\/\/woerrlein-naturfoto.de\/wordpress\/wp-json\/wp\/v2\/pages\/12761","targetHints":{"allow":["GET"]}}],"collection":[{"href":"https:\/\/woerrlein-naturfoto.de\/wordpress\/wp-json\/wp\/v2\/pages"}],"about":[{"href":"https:\/\/woerrlein-naturfoto.de\/wordpress\/wp-json\/wp\/v2\/types\/page"}],"author":[{"embeddable":true,"href":"https:\/\/woerrlein-naturfoto.de\/wordpress\/wp-json\/wp\/v2\/users\/1"}],"replies":[{"embeddable":true,"href":"https:\/\/woerrlein-naturfoto.de\/wordpress\/wp-json\/wp\/v2\/comments?post=12761"}],"version-history":[{"count":2,"href":"https:\/\/woerrlein-naturfoto.de\/wordpress\/wp-json\/wp\/v2\/pages\/12761\/revisions"}],"predecessor-version":[{"id":15521,"href":"https:\/\/woerrlein-naturfoto.de\/wordpress\/wp-json\/wp\/v2\/pages\/12761\/revisions\/15521"}],"up":[{"embeddable":true,"href":"https:\/\/woerrlein-naturfoto.de\/wordpress\/wp-json\/wp\/v2\/pages\/5118"}],"wp:attachment":[{"href":"https:\/\/woerrlein-naturfoto.de\/wordpress\/wp-json\/wp\/v2\/media?parent=12761"}],"curies":[{"name":"wp","href":"https:\/\/api.w.org\/{rel}","templated":true}]}}