{"id":12755,"date":"2020-12-06T17:46:58","date_gmt":"2020-12-06T16:46:58","guid":{"rendered":"https:\/\/woerrlein-naturfoto.de\/wordpress\/?page_id=12755"},"modified":"2022-10-19T13:21:52","modified_gmt":"2022-10-19T11:21:52","slug":"flockiger-trompetenschnitzling","status":"publish","type":"page","link":"https:\/\/woerrlein-naturfoto.de\/wordpress\/pilze-a-z\/flockiger-trompetenschnitzling\/","title":{"rendered":"Flockiger Trompetenschnitzling"},"content":{"rendered":"<p><span style=\"color: #ffff00;\"><a style=\"color: #ffff00;\" href=\"http:\/\/woerrlein-naturfoto.de\/wordpress\/hauptseite-pflanzen\/pflanzen\/\">Pflanzen <\/a><\/span>-&gt;<span style=\"color: #ffff00;\"><a style=\"color: #ffff00;\" href=\"http:\/\/woerrlein-naturfoto.de\/wordpress\/hauptseite-pflanzen\/pflanzen\/pilze-2\/\"> Pilze<\/a><\/span><br \/>\n<a href=\"http:\/\/woerrlein-naturfoto.de\/wordpress\/pflanzen-von-a-z\/\">Pflanzen von A-Z<\/a><br \/>\nzur Galerie <a href=\"https:\/\/woerrlein-naturfoto.de\/wordpress\/hauptseite-pflanzen\/pflanzen\/pilze-2\/pilze-i-a-bis-g\/\">Pilze I<\/a><\/p>\n<p><img loading=\"lazy\" decoding=\"async\" class=\"alignleft wp-image-12696\" src=\"https:\/\/woerrlein-naturfoto.de\/wordpress\/wp-content\/uploads\/2015\/01\/FlockigerTrompetenschnitzling_201115_9042-267x400.jpg\" alt=\"\" width=\"267\" height=\"400\" \/>Der Hut ist halbkugelig, gew\u00f6lbt, kaum gebuckelt. Die Oberfl\u00e4che ist zimtbraun, trocken verblassend, silbrig befasert oder beflockt, besonders gegen den Rand oft mit wei\u00dfen Velumfl\u00f6ckchen besetzt. Die Lamellen sind m\u00e4\u00dfig entfernt, breit angewachsen oder ausgebuchtet und mit Z\u00e4hnchen herablaufend, Schneiden wei\u00df. Der StieI ist braun wie der Hut, zur Basis auch dunkler graubraun und ohne Ring.<\/p>\n<p><strong>Vorkommen:<\/strong> \u00a0\u00a0\u00a0\u00a0\u00a0\u00a0 April bis November<\/p>\n<p>zur Galerie <a href=\"https:\/\/woerrlein-naturfoto.de\/wordpress\/hauptseite-pflanzen\/pflanzen\/pilze-2\/pilze-i-a-bis-g\/\">Pilze I<\/a><\/p>\n","protected":false},"excerpt":{"rendered":"<p>Pflanzen -&gt; Pilze Pflanzen von A-Z zur Galerie Pilze I Der Hut ist halbkugelig, gew\u00f6lbt, kaum gebuckelt. Die Oberfl\u00e4che ist zimtbraun, trocken verblassend, silbrig befasert oder beflockt, besonders gegen den Rand oft mit wei\u00dfen Velumfl\u00f6ckchen besetzt. Die Lamellen sind m\u00e4\u00dfig entfernt, breit angewachsen oder ausgebuchtet und mit Z\u00e4hnchen herablaufend, Schneiden wei\u00df. Der StieI ist braun &hellip; <a href=\"https:\/\/woerrlein-naturfoto.de\/wordpress\/pilze-a-z\/flockiger-trompetenschnitzling\/\" class=\"more-link\"><span class=\"screen-reader-text\">Flockiger Trompetenschnitzling<\/span> weiterlesen <span class=\"meta-nav\">&rarr;<\/span><\/a><\/p>\n","protected":false},"author":1,"featured_media":0,"parent":5118,"menu_order":0,"comment_status":"closed","ping_status":"closed","template":"page-templates\/full-width.php","meta":{"footnotes":""},"class_list":["post-12755","page","type-page","status-publish","hentry"],"_links":{"self":[{"href":"https:\/\/woerrlein-naturfoto.de\/wordpress\/wp-json\/wp\/v2\/pages\/12755","targetHints":{"allow":["GET"]}}],"collection":[{"href":"https:\/\/woerrlein-naturfoto.de\/wordpress\/wp-json\/wp\/v2\/pages"}],"about":[{"href":"https:\/\/woerrlein-naturfoto.de\/wordpress\/wp-json\/wp\/v2\/types\/page"}],"author":[{"embeddable":true,"href":"https:\/\/woerrlein-naturfoto.de\/wordpress\/wp-json\/wp\/v2\/users\/1"}],"replies":[{"embeddable":true,"href":"https:\/\/woerrlein-naturfoto.de\/wordpress\/wp-json\/wp\/v2\/comments?post=12755"}],"version-history":[{"count":2,"href":"https:\/\/woerrlein-naturfoto.de\/wordpress\/wp-json\/wp\/v2\/pages\/12755\/revisions"}],"predecessor-version":[{"id":15516,"href":"https:\/\/woerrlein-naturfoto.de\/wordpress\/wp-json\/wp\/v2\/pages\/12755\/revisions\/15516"}],"up":[{"embeddable":true,"href":"https:\/\/woerrlein-naturfoto.de\/wordpress\/wp-json\/wp\/v2\/pages\/5118"}],"wp:attachment":[{"href":"https:\/\/woerrlein-naturfoto.de\/wordpress\/wp-json\/wp\/v2\/media?parent=12755"}],"curies":[{"name":"wp","href":"https:\/\/api.w.org\/{rel}","templated":true}]}}