{"id":12752,"date":"2020-12-06T17:32:52","date_gmt":"2020-12-06T16:32:52","guid":{"rendered":"https:\/\/woerrlein-naturfoto.de\/wordpress\/?page_id=12752"},"modified":"2022-10-19T14:03:00","modified_gmt":"2022-10-19T12:03:00","slug":"schuppiger-porling","status":"publish","type":"page","link":"https:\/\/woerrlein-naturfoto.de\/wordpress\/pilze-a-z\/schuppiger-porling\/","title":{"rendered":"Schuppiger Porling"},"content":{"rendered":"<p><span style=\"color: #ffff00;\"><a style=\"color: #ffff00;\" href=\"http:\/\/woerrlein-naturfoto.de\/wordpress\/hauptseite-pflanzen\/pflanzen\/\">Pflanzen <\/a><\/span>-&gt;<span style=\"color: #ffff00;\"><a style=\"color: #ffff00;\" href=\"http:\/\/woerrlein-naturfoto.de\/wordpress\/hauptseite-pflanzen\/pflanzen\/pilze-2\/\"> Pilze<\/a><\/span><br \/>\n<a href=\"http:\/\/woerrlein-naturfoto.de\/wordpress\/pflanzen-von-a-z\/\">Pflanzen von A-Z<\/a><br \/>\nzur Galerie <a href=\"https:\/\/woerrlein-naturfoto.de\/wordpress\/hauptseite-pflanzen\/pflanzen\/pilze-2\/pilze-iii-s-bis-z\/\">Pilze III<\/a><\/p>\n<p><img loading=\"lazy\" decoding=\"async\" class=\"alignleft wp-image-12714\" src=\"https:\/\/woerrlein-naturfoto.de\/wordpress\/wp-content\/uploads\/2015\/01\/Schuppiger_Porling_AW21764L_4530x3020-600x400.jpg\" alt=\"\" width=\"600\" height=\"400\" srcset=\"https:\/\/woerrlein-naturfoto.de\/wordpress\/wp-content\/uploads\/2015\/01\/Schuppiger_Porling_AW21764L_4530x3020-600x400.jpg 600w, https:\/\/woerrlein-naturfoto.de\/wordpress\/wp-content\/uploads\/2015\/01\/Schuppiger_Porling_AW21764L_4530x3020-768x512.jpg 768w, https:\/\/woerrlein-naturfoto.de\/wordpress\/wp-content\/uploads\/2015\/01\/Schuppiger_Porling_AW21764L_4530x3020-120x80.jpg 120w, https:\/\/woerrlein-naturfoto.de\/wordpress\/wp-content\/uploads\/2015\/01\/Schuppiger_Porling_AW21764L_4530x3020.jpg 1000w\" sizes=\"auto, (max-width: 600px) 100vw, 600px\" \/>Der <b>Schuppige Stiel-Porling<\/b> oder kurz <b>Schuppiger Porling<\/b> (<i>Cerioporus squamosus<\/i>, syn. <i>Polyporus squamosus<\/i>) ist eine Pilzart aus der Familie der Stielporlingsverwandten, die auch lebende B\u00e4ume bef\u00e4llt und sehr gro\u00dfe Fruchtk\u00f6rper entwickeln kann.<br \/>\nDer Hut wird mit einer Breite von 10\u201330(\u201360) cm au\u00dferordentlich gro\u00df. Er entfaltet sich zun\u00e4chst flach f\u00e4cherf\u00f6rmig, w\u00f6lbt sich sp\u00e4ter trichterf\u00f6rmig und erscheint in der Draufsicht meist nierenf\u00f6rmig. Die Oberseite ist gelblich, sp\u00e4ter blass braun gef\u00e4rbt und mit konzentrischen, anliegenden und braunen Schuppen bedeckt. Die wei\u00dfen bis blass gelblichen R\u00f6hren auf der Hutunterseite sind 0,2\u20131 cm lang. Sie besitzen unregelm\u00e4\u00dfig eckige und bis zu 2,5 mm breite M\u00fcndungen. Das Sporenpulver ist wei\u00df. Der dickfleischige, kurze und gedrungene Stiel misst im Durchmesser 2\u20136 cm. Er ist meist seitlich am Substrat angewachsen, seltener zentralst\u00e4ndig. Im Alter besitzt er eine schwarze Stielbasis, die Schw\u00e4rzung kann sich den Stiel hinauf bis zur Mitte hochziehen. Jung ist das Fleisch dick, saftig und weich, im Alter wird es zunehmend korkig und z\u00e4h. Markant ist der intensive mehl- bis gurkenartige Geruch, der Geschmack ist nussartig.<\/p>\n<p><strong>Vorkommen:<\/strong> \u00a0\u00a0\u00a0\u00a0\u00a0\u00a0 April bis September<\/p>\n<p>zur Galerie <a href=\"https:\/\/woerrlein-naturfoto.de\/wordpress\/hauptseite-pflanzen\/pflanzen\/pilze-2\/pilze-iii-s-bis-z\/\">Pilze III<\/a><\/p>\n<p><em>Quelle des Textauszuges und weitere Infos bei <\/em><a href=\"https:\/\/de.wikipedia.org\/wiki\/Schuppiger_Stielporling\" target=\"_blank\" rel=\"noopener noreferrer\">Wikipedia<\/a><em> (<\/em><a href=\"http:\/\/www.gnu.org\/licenses\/fdl-1.3.txt\" target=\"_blank\" rel=\"noopener noreferrer\">GNU-Lizenz<\/a><em>)\u2013 mein Dank gilt den <\/em><a href=\"https:\/\/de.wikipedia.org\/w\/index.php?title=Schuppiger_Stielporling&amp;action=history\" target=\"_blank\" rel=\"noopener noreferrer\">Autoren<\/a><em>.<\/em><\/p>\n","protected":false},"excerpt":{"rendered":"<p>Pflanzen -&gt; Pilze Pflanzen von A-Z zur Galerie Pilze III Der Schuppige Stiel-Porling oder kurz Schuppiger Porling (Cerioporus squamosus, syn. Polyporus squamosus) ist eine Pilzart aus der Familie der Stielporlingsverwandten, die auch lebende B\u00e4ume bef\u00e4llt und sehr gro\u00dfe Fruchtk\u00f6rper entwickeln kann. Der Hut wird mit einer Breite von 10\u201330(\u201360) cm au\u00dferordentlich gro\u00df. Er entfaltet sich &hellip; <a href=\"https:\/\/woerrlein-naturfoto.de\/wordpress\/pilze-a-z\/schuppiger-porling\/\" class=\"more-link\"><span class=\"screen-reader-text\">Schuppiger Porling<\/span> weiterlesen <span class=\"meta-nav\">&rarr;<\/span><\/a><\/p>\n","protected":false},"author":1,"featured_media":0,"parent":5118,"menu_order":0,"comment_status":"closed","ping_status":"closed","template":"page-templates\/full-width.php","meta":{"footnotes":""},"class_list":["post-12752","page","type-page","status-publish","hentry"],"_links":{"self":[{"href":"https:\/\/woerrlein-naturfoto.de\/wordpress\/wp-json\/wp\/v2\/pages\/12752","targetHints":{"allow":["GET"]}}],"collection":[{"href":"https:\/\/woerrlein-naturfoto.de\/wordpress\/wp-json\/wp\/v2\/pages"}],"about":[{"href":"https:\/\/woerrlein-naturfoto.de\/wordpress\/wp-json\/wp\/v2\/types\/page"}],"author":[{"embeddable":true,"href":"https:\/\/woerrlein-naturfoto.de\/wordpress\/wp-json\/wp\/v2\/users\/1"}],"replies":[{"embeddable":true,"href":"https:\/\/woerrlein-naturfoto.de\/wordpress\/wp-json\/wp\/v2\/comments?post=12752"}],"version-history":[{"count":2,"href":"https:\/\/woerrlein-naturfoto.de\/wordpress\/wp-json\/wp\/v2\/pages\/12752\/revisions"}],"predecessor-version":[{"id":15556,"href":"https:\/\/woerrlein-naturfoto.de\/wordpress\/wp-json\/wp\/v2\/pages\/12752\/revisions\/15556"}],"up":[{"embeddable":true,"href":"https:\/\/woerrlein-naturfoto.de\/wordpress\/wp-json\/wp\/v2\/pages\/5118"}],"wp:attachment":[{"href":"https:\/\/woerrlein-naturfoto.de\/wordpress\/wp-json\/wp\/v2\/media?parent=12752"}],"curies":[{"name":"wp","href":"https:\/\/api.w.org\/{rel}","templated":true}]}}