{"id":12679,"date":"2020-11-01T22:12:32","date_gmt":"2020-11-01T21:12:32","guid":{"rendered":"https:\/\/woerrlein-naturfoto.de\/wordpress\/?page_id=12679"},"modified":"2021-12-19T14:15:28","modified_gmt":"2021-12-19T13:15:28","slug":"blaugruene-mosaikjungfer","status":"publish","type":"page","link":"https:\/\/woerrlein-naturfoto.de\/wordpress\/sonstige-libellen-a-z\/blaugruene-mosaikjungfer\/","title":{"rendered":"Blaugr\u00fcne Mosaikjungfer"},"content":{"rendered":"<p><span style=\"color: #ffff99;\"><a style=\"color: #ffff99;\" href=\"http:\/\/woerrlein-naturfoto.de\/wordpress\/insekten\/\"><span style=\"color: #ffff00;\">Insekten<\/span> <\/a><\/span>-&gt;<span style=\"color: #ffff99;\"><a style=\"color: #ffff99;\" href=\"http:\/\/woerrlein-naturfoto.de\/wordpress\/hauptseite-insekten\/insekten\/libellen\/\"><span style=\"color: #ffff00;\"> Libellen<\/span> <\/a><\/span>-&gt;<span style=\"color: #ffff00;\"> <a style=\"color: #ffff00;\" href=\"http:\/\/woerrlein-naturfoto.de\/wordpress\/hauptseite-insekten\/insekten\/libellen\/wildes-durcheinander\/\">wildes Durcheinander<\/a><\/span><br \/>\n<a title=\"Insekten A-Z\" href=\"http:\/\/woerrlein-naturfoto.de\/wordpress\/insekten-a-z\/\">Insekten von A-Z<\/a><br \/>\nzur Galerie <a title=\"wildes Durcheinander\" href=\"http:\/\/woerrlein-naturfoto.de\/wordpress\/hauptseite-insekten\/insekten\/libellen\/wildes-durcheinander\/\">sonstige Libellen\u00a0<\/a><\/p>\n<p><img loading=\"lazy\" decoding=\"async\" class=\"alignleft wp-image-12664\" src=\"https:\/\/woerrlein-naturfoto.de\/wordpress\/wp-content\/uploads\/2015\/01\/BlauGruene_Mosaikjungfer_200625_7862-600x400.jpg\" alt=\"\" width=\"600\" height=\"400\" srcset=\"https:\/\/woerrlein-naturfoto.de\/wordpress\/wp-content\/uploads\/2015\/01\/BlauGruene_Mosaikjungfer_200625_7862-600x400.jpg 600w, https:\/\/woerrlein-naturfoto.de\/wordpress\/wp-content\/uploads\/2015\/01\/BlauGruene_Mosaikjungfer_200625_7862-768x512.jpg 768w, https:\/\/woerrlein-naturfoto.de\/wordpress\/wp-content\/uploads\/2015\/01\/BlauGruene_Mosaikjungfer_200625_7862-120x80.jpg 120w, https:\/\/woerrlein-naturfoto.de\/wordpress\/wp-content\/uploads\/2015\/01\/BlauGruene_Mosaikjungfer_200625_7862.jpg 1000w\" sizes=\"auto, (max-width: 600px) 100vw, 600px\" \/>Die <b>Blaugr\u00fcne Mosaikjungfer<\/b> (<i>Aeshna cyanea<\/i>) ist eine Art aus der Familie der Edellibellen, welche der Unterordnung der Gro\u00dflibellen angeh\u00f6ren. Es handelt sich um eine gro\u00dfe, in Mitteleuropa h\u00e4ufig anzutreffende Libelle mit einer Fl\u00fcgelspannweite von maximal elf Zentimetern.<br \/>\nDie Blaugr\u00fcne Mosaikjungfer weist eine K\u00f6rperl\u00e4nge von sieben bis acht Zentimetern und Fl\u00fcgelspannweiten von 9,5 bis elf Zentimetern auf. Damit erreicht sie etwa die Gr\u00f6\u00dfe der Gro\u00dfen K\u00f6nigslibelle. Der Brustabschnitt der Tiere ist gelb-gr\u00fcn mit schwarzer Zeichnung und tr\u00e4gt dorsal bei beiden Geschlechtern zwei gr\u00f6\u00dfere ovale, gr\u00fcne Flecken. Diese sind bei anderen Mosaikjungfer-Arten entweder kleiner, anders geformt oder auch gar nicht vorhanden. Der Hinterleib der M\u00e4nnchen ist schwarz mit oberseits gr\u00fcnen (Segmente 1 bis 7) bzw. blauen Flecken (Segmente 8 bis 10) in charakteristischer Anordnung. Auch an den Seiten des Hinterleibs befinden sich beim M\u00e4nnchen blaue Flecken.<br \/>\nDie Art geh\u00f6rt zu den h\u00e4ufigsten und am weitesten verbreiteten Gro\u00dflibellen Europas. Das Gesamtareal ist westpal\u00e4arktisch und umfasst einen Gro\u00dfteil Europas (von Schottland und S\u00fcd-Skandinavien im Norden bis nach Italien [ohne den S\u00fcdwesten] und zum n\u00f6rdlichen Balkan im S\u00fcden); die Ostgrenze bildet der Ural. Auch in Nordwestafrika (Algerien) kann die Blaugr\u00fcne Mosaikjungfer auftreten. In Mitteleuropa ist die Art sehr h\u00e4ufig.<br \/>\nDie Blaugr\u00fcne Mosaikjungfer ist in den Monaten Juli bis Oktober an stehenden und langsam flie\u00dfenden Gew\u00e4ssern aller Art anzutreffen, darunter auch Kleingew\u00e4sser und Gartenteiche. Ihre Jagdfl\u00fcge k\u00f6nnen sehr ausgedehnt sein, so dass man sie vor allem in W\u00e4ldern und auf Waldlichtungen in einiger Entfernung zum Gew\u00e4sser trifft. Sie fliegen hier in geringer H\u00f6he auf der Jagd nach anderen Insekten.<\/p>\n<p><strong>Flugzeit:<\/strong> \u00a0\u00a0\u00a0 Juli bis Oktober<\/p>\n<p>Zur Galerie <a title=\"wildes Durcheinander\" href=\"http:\/\/woerrlein-naturfoto.de\/wordpress\/hauptseite-insekten\/insekten\/libellen\/wildes-durcheinander\/\">sonstige Libellen<\/a><\/p>\n<p>&nbsp;<\/p>\n<p><em>Quelle des Textauszuges und weitere Infos bei <\/em><a href=\"https:\/\/de.wikipedia.org\/wiki\/Blaugr%C3%BCne_Mosaikjungfer\" target=\"_blank\" rel=\"noopener noreferrer\">Wikipedia<\/a><em> (<\/em><a href=\"http:\/\/www.gnu.org\/licenses\/fdl-1.3.txt\" target=\"_blank\" rel=\"noopener noreferrer\">GNU-Lizenz<\/a><em>)\u2013 mein Dank gilt den <\/em><a href=\"https:\/\/de.wikipedia.org\/wiki\/Blaugr%C3%BCne_Mosaikjungfer\" target=\"_blank\" rel=\"noopener noreferrer\">Autoren<\/a><em>.<\/em><\/p>\n","protected":false},"excerpt":{"rendered":"<p>Insekten -&gt; Libellen -&gt; wildes Durcheinander Insekten von A-Z zur Galerie sonstige Libellen\u00a0 Die Blaugr\u00fcne Mosaikjungfer (Aeshna cyanea) ist eine Art aus der Familie der Edellibellen, welche der Unterordnung der Gro\u00dflibellen angeh\u00f6ren. Es handelt sich um eine gro\u00dfe, in Mitteleuropa h\u00e4ufig anzutreffende Libelle mit einer Fl\u00fcgelspannweite von maximal elf Zentimetern. Die Blaugr\u00fcne Mosaikjungfer weist eine &hellip; <a href=\"https:\/\/woerrlein-naturfoto.de\/wordpress\/sonstige-libellen-a-z\/blaugruene-mosaikjungfer\/\" class=\"more-link\"><span class=\"screen-reader-text\">Blaugr\u00fcne Mosaikjungfer<\/span> weiterlesen <span class=\"meta-nav\">&rarr;<\/span><\/a><\/p>\n","protected":false},"author":1,"featured_media":0,"parent":3655,"menu_order":0,"comment_status":"closed","ping_status":"closed","template":"page-templates\/full-width.php","meta":{"footnotes":""},"class_list":["post-12679","page","type-page","status-publish","hentry"],"_links":{"self":[{"href":"https:\/\/woerrlein-naturfoto.de\/wordpress\/wp-json\/wp\/v2\/pages\/12679","targetHints":{"allow":["GET"]}}],"collection":[{"href":"https:\/\/woerrlein-naturfoto.de\/wordpress\/wp-json\/wp\/v2\/pages"}],"about":[{"href":"https:\/\/woerrlein-naturfoto.de\/wordpress\/wp-json\/wp\/v2\/types\/page"}],"author":[{"embeddable":true,"href":"https:\/\/woerrlein-naturfoto.de\/wordpress\/wp-json\/wp\/v2\/users\/1"}],"replies":[{"embeddable":true,"href":"https:\/\/woerrlein-naturfoto.de\/wordpress\/wp-json\/wp\/v2\/comments?post=12679"}],"version-history":[{"count":2,"href":"https:\/\/woerrlein-naturfoto.de\/wordpress\/wp-json\/wp\/v2\/pages\/12679\/revisions"}],"predecessor-version":[{"id":14492,"href":"https:\/\/woerrlein-naturfoto.de\/wordpress\/wp-json\/wp\/v2\/pages\/12679\/revisions\/14492"}],"up":[{"embeddable":true,"href":"https:\/\/woerrlein-naturfoto.de\/wordpress\/wp-json\/wp\/v2\/pages\/3655"}],"wp:attachment":[{"href":"https:\/\/woerrlein-naturfoto.de\/wordpress\/wp-json\/wp\/v2\/media?parent=12679"}],"curies":[{"name":"wp","href":"https:\/\/api.w.org\/{rel}","templated":true}]}}