{"id":12551,"date":"2020-08-30T17:30:52","date_gmt":"2020-08-30T15:30:52","guid":{"rendered":"https:\/\/woerrlein-naturfoto.de\/wordpress\/?page_id=12551"},"modified":"2020-08-30T17:40:06","modified_gmt":"2020-08-30T15:40:06","slug":"gruenader-weissling","status":"publish","type":"page","link":"https:\/\/woerrlein-naturfoto.de\/wordpress\/weisslinge-a-z\/gruenader-weissling\/","title":{"rendered":"Gr\u00fcnader-Wei\u00dfling"},"content":{"rendered":"<p><span style=\"color: #ffff00;\"><a style=\"color: #ffff00;\" href=\"http:\/\/woerrlein-naturfoto.de\/wordpress\/insekten\/\">Insekten <\/a><\/span>-&gt;<span style=\"color: #ffff00;\"><a style=\"color: #ffff00;\" href=\"http:\/\/woerrlein-naturfoto.de\/wordpress\/hauptseite-insekten\/insekten\/schmetterlinge-2\/\"> Schmetterlinge<\/a><\/span><br \/>\n<a title=\"Insekten A-Z\" href=\"http:\/\/woerrlein-naturfoto.de\/wordpress\/insekten-a-z\/\">Insekten von A-Z<\/a><br \/>\nzur Galerie <a href=\"https:\/\/woerrlein-naturfoto.de\/wordpress\/hauptseite-insekten\/insekten\/schmetterlinge-2\/weisslinge-2\/\">Wei\u00dflinge<\/a><\/p>\n<p><img loading=\"lazy\" decoding=\"async\" class=\"alignleft wp-image-12508\" src=\"https:\/\/woerrlein-naturfoto.de\/wordpress\/wp-content\/uploads\/2020\/08\/Gruenader-Weissling_200719_7989-267x400.jpg\" alt=\"\" width=\"267\" height=\"400\" srcset=\"https:\/\/woerrlein-naturfoto.de\/wordpress\/wp-content\/uploads\/2020\/08\/Gruenader-Weissling_200719_7989-267x400.jpg 267w, https:\/\/woerrlein-naturfoto.de\/wordpress\/wp-content\/uploads\/2020\/08\/Gruenader-Weissling_200719_7989.jpg 567w\" sizes=\"auto, (max-width: 267px) 100vw, 267px\" \/>Der <b>Gr\u00fcnader-Wei\u00dfling <\/b>(<i>Pieris napi<\/i>) ist ein Schmetterling aus der Familie der Wei\u00dflinge. Er wird oft auch als<b> Rapswei\u00dfling<\/b> oder <b>Hecken-Wei\u00dfling<\/b> bezeichnet.<br \/>\nDer Gr\u00fcnader-Wei\u00dfling ist ein mittelgro\u00dfer Falter mit einer Fl\u00fcgelspannweite von ca. 50 Millimetern, der zu den h\u00e4ufigsten Tagfalterarten z\u00e4hlt. Das Haupterkennungsmerkmal sind die gr\u00fcnlich beschuppten Adern auf den gelben Hinterfl\u00fcgelunterseiten. Die Unterseite des Vorderfl\u00fcgels ist wei\u00df und verf\u00e4rbt sich zur Spitze hin gelblich. Ebenso ist die Oberseite wei\u00df und weist eine leichte graugr\u00fcne \u00c4derung auf. Beim M\u00e4nnchen befindet sich hier ein ebenso gef\u00e4rbter Fleck, beim Weibchen sind es derer zwei. Zu den Fl\u00fcgelspitzen f\u00e4rben sich die Vorderfl\u00fcgel hier dunkelgrau.<br \/>\nDer Falter ist nahezu im gesamten Europa, von Skandinavien bis zum Mittelmeer, verbreitet. Er fehlt auf den Atlantischen Inseln, den Shetlandinseln und Sardinien. Zum Lebensraum des Gr\u00fcnader-Wei\u00dflings geh\u00f6ren feuchte, grasige Orte mit etwas Schatten, Waldr\u00e4nder, Baumhecken, Fettwiesen und bewaldete Flusst\u00e4ler. Die sp\u00e4teren Generationen erweitern ihren Einzugsbereich bei der Suche nach alternativen Futterpflanzen in trockenere, aber bl\u00fctenreiche Lagen.<\/p>\n<p><strong>Flugzeit:<\/strong> \u00a0\u00a0\u00a0 in drei bis vier Generationen von April bis Oktober.<\/p>\n<p>Zur Galerie <a href=\"https:\/\/woerrlein-naturfoto.de\/wordpress\/hauptseite-insekten\/insekten\/schmetterlinge-2\/weisslinge-2\/\">Wei\u00dflinge<\/a><\/p>\n<p><em>Quelle des Textauszuges und weitere Infos bei <\/em><a href=\"https:\/\/de.wikipedia.org\/wiki\/Rapswei%C3%9Fling\" target=\"_blank\" rel=\"noopener noreferrer\">Wikipedia<\/a><em> (<\/em><a href=\"http:\/\/www.gnu.org\/licenses\/fdl-1.3.txt\" target=\"_blank\" rel=\"noopener noreferrer\">GNU-Lizenz<\/a><em>)\u2013 mein Dank gilt den <\/em><a href=\"https:\/\/de.wikipedia.org\/w\/index.php?title=Rapswei%C3%9Fling&amp;action=history\" target=\"_blank\" rel=\"noopener noreferrer\">Autoren<\/a><em>.<\/em><\/p>\n","protected":false},"excerpt":{"rendered":"<p>Insekten -&gt; Schmetterlinge Insekten von A-Z zur Galerie Wei\u00dflinge Der Gr\u00fcnader-Wei\u00dfling (Pieris napi) ist ein Schmetterling aus der Familie der Wei\u00dflinge. Er wird oft auch als Rapswei\u00dfling oder Hecken-Wei\u00dfling bezeichnet. Der Gr\u00fcnader-Wei\u00dfling ist ein mittelgro\u00dfer Falter mit einer Fl\u00fcgelspannweite von ca. 50 Millimetern, der zu den h\u00e4ufigsten Tagfalterarten z\u00e4hlt. Das Haupterkennungsmerkmal sind die gr\u00fcnlich beschuppten &hellip; <a href=\"https:\/\/woerrlein-naturfoto.de\/wordpress\/weisslinge-a-z\/gruenader-weissling\/\" class=\"more-link\"><span class=\"screen-reader-text\">Gr\u00fcnader-Wei\u00dfling<\/span> weiterlesen <span class=\"meta-nav\">&rarr;<\/span><\/a><\/p>\n","protected":false},"author":1,"featured_media":0,"parent":12524,"menu_order":0,"comment_status":"closed","ping_status":"closed","template":"page-templates\/full-width.php","meta":{"footnotes":""},"class_list":["post-12551","page","type-page","status-publish","hentry"],"_links":{"self":[{"href":"https:\/\/woerrlein-naturfoto.de\/wordpress\/wp-json\/wp\/v2\/pages\/12551","targetHints":{"allow":["GET"]}}],"collection":[{"href":"https:\/\/woerrlein-naturfoto.de\/wordpress\/wp-json\/wp\/v2\/pages"}],"about":[{"href":"https:\/\/woerrlein-naturfoto.de\/wordpress\/wp-json\/wp\/v2\/types\/page"}],"author":[{"embeddable":true,"href":"https:\/\/woerrlein-naturfoto.de\/wordpress\/wp-json\/wp\/v2\/users\/1"}],"replies":[{"embeddable":true,"href":"https:\/\/woerrlein-naturfoto.de\/wordpress\/wp-json\/wp\/v2\/comments?post=12551"}],"version-history":[{"count":5,"href":"https:\/\/woerrlein-naturfoto.de\/wordpress\/wp-json\/wp\/v2\/pages\/12551\/revisions"}],"predecessor-version":[{"id":12556,"href":"https:\/\/woerrlein-naturfoto.de\/wordpress\/wp-json\/wp\/v2\/pages\/12551\/revisions\/12556"}],"up":[{"embeddable":true,"href":"https:\/\/woerrlein-naturfoto.de\/wordpress\/wp-json\/wp\/v2\/pages\/12524"}],"wp:attachment":[{"href":"https:\/\/woerrlein-naturfoto.de\/wordpress\/wp-json\/wp\/v2\/media?parent=12551"}],"curies":[{"name":"wp","href":"https:\/\/api.w.org\/{rel}","templated":true}]}}