{"id":12541,"date":"2020-08-30T16:59:12","date_gmt":"2020-08-30T14:59:12","guid":{"rendered":"https:\/\/woerrlein-naturfoto.de\/wordpress\/?page_id=12541"},"modified":"2020-08-30T17:10:46","modified_gmt":"2020-08-30T15:10:46","slug":"goldene-acht","status":"publish","type":"page","link":"https:\/\/woerrlein-naturfoto.de\/wordpress\/weisslinge-a-z\/goldene-acht\/","title":{"rendered":"Goldene Acht"},"content":{"rendered":"<p><span style=\"color: #ffff00;\"><a style=\"color: #ffff00;\" href=\"http:\/\/woerrlein-naturfoto.de\/wordpress\/insekten\/\">Insekten <\/a><\/span>-&gt;<span style=\"color: #ffff00;\"><a style=\"color: #ffff00;\" href=\"http:\/\/woerrlein-naturfoto.de\/wordpress\/hauptseite-insekten\/insekten\/schmetterlinge-2\/\"> Schmetterlinge<\/a><\/span><br \/>\n<a title=\"Insekten A-Z\" href=\"http:\/\/woerrlein-naturfoto.de\/wordpress\/insekten-a-z\/\">Insekten von A-Z<\/a><br \/>\nzur Galerie <a href=\"https:\/\/woerrlein-naturfoto.de\/wordpress\/hauptseite-insekten\/insekten\/schmetterlinge-2\/weisslinge-2\/\">Wei\u00dflinge<\/a><\/p>\n<p><img loading=\"lazy\" decoding=\"async\" class=\"alignleft wp-image-12517\" src=\"https:\/\/woerrlein-naturfoto.de\/wordpress\/wp-content\/uploads\/2020\/08\/GoldeneAcht_190922_2691-600x400.jpg\" alt=\"\" width=\"600\" height=\"400\" \/><\/p>\n<p>Die <b>Goldene Acht<\/b>, auch <b>Posth\u00f6rnchen<\/b>, <b>Kleines Posth\u00f6rnchen<\/b>, <b>Wei\u00dfklee-Gelbling<\/b>, <b>Gemeiner Gelbling<\/b>, <b>Gelber Heufalter<\/b> oder <b>Gemeiner Heufalter<\/b> (<i>Colias hyale<\/i>), ist ein Schmetterling aus der Familie der Wei\u00dflinge in der Unterfamilie der Gelblinge. Die in Aussehen und Gr\u00f6\u00dfe sehr variable Art meidet hei\u00dfe Gebiete und kommt von Westeuropa bis China vor.<br \/>\nDie Goldene Acht (<i>Colias hyale<\/i>) bildet zusammen mit dem <a title=\"Hufeisenklee-Gelbling\" href=\"https:\/\/de.wikipedia.org\/wiki\/Hufeisenklee-Gelbling\" target=\"_blank\" rel=\"noopener noreferrer\">Hufeisenklee-Gelbling<\/a> (<i>Colias alfacariensis<\/i>) einen Artkomplex. Da die Falter beider Arten viele Variationen ausbilden, k\u00f6nnen die beiden Arten weder habituell noch anhand einer <a title=\"Genitaluntersuchung (Entomologie)\" href=\"https:\/\/de.wikipedia.org\/wiki\/Genitaluntersuchung_(Entomologie)\" target=\"_blank\" rel=\"noopener noreferrer\">Genitaluntersuchung<\/a> differenziert werden. Informationen \u00fcber den Lebensraum und die geographische Verbreitung liefern nur einen Hinweis, um welche der beiden Arten es sich handeln kann. Eine sichere Unterscheidung ist nur \u00fcber die habituell v\u00f6llig verschiedenen Raupen m\u00f6glich.<br \/>\nIn Europa haben die m\u00e4nnlichen Falter eine Fl\u00fcgelspannweite von 35 bis 40 mm und eine gelbe Grundfarbe. Die Weibchen haben eine Spannweite von 38 bis 42 mm und eine gelb-wei\u00dfe Grundfarbe, nur die Spitze der Vorderfl\u00fcgel und die Hinterfl\u00fcgel sind auf der Unterseite gelblich. Die Fl\u00fcgeloberseite beider Geschlechter hat eine best\u00e4ubte dunkelbraune bis schwarze Randbinde, wobei diese auf den Hinterfl\u00fcgeln nur schmal ist. In der Zelle der Vorderfl\u00fcgel befindet sich auf der Ober- und Unterseite ein schwarzer Fleck. Die M\u00e4nnchen haben auf der Oberseite der Hinterfl\u00fcgel in der Zelle einen orangen Fleck mit rotem Rand, auf der Unterseite ist dieser Fleck hell und deutlicher rot umrandet. Dieser Fleck kann durch den roten Rand zweigeteilt sein, so dass er \u00e4hnlich wie bei anderen Gelblingen der Gattung <i>Colias<\/i> einer Acht \u00e4hnelt. Bei den Weibchen ist der orange Fleck auf der Oberseite der Hinterfl\u00fcgel nicht umrandet.<\/p>\n<p><strong>Flugzeit:<\/strong> \u00a0\u00a0\u00a0 In zwei bis drei Generationen von Mai bis September oder Oktober.<\/p>\n<p>Zur Galerie <a href=\"https:\/\/woerrlein-naturfoto.de\/wordpress\/hauptseite-insekten\/insekten\/schmetterlinge-2\/weisslinge-2\/\">Wei\u00dflinge<\/a><\/p>\n<p><em>Quelle des Textauszuges und weitere Infos bei <\/em><a href=\"https:\/\/de.wikipedia.org\/wiki\/Goldene_Acht\" target=\"_blank\" rel=\"noopener noreferrer\">Wikipedia<\/a><em> (<\/em><a href=\"http:\/\/www.gnu.org\/licenses\/fdl-1.3.txt\" target=\"_blank\" rel=\"noopener noreferrer\">GNU-Lizenz<\/a><em>)\u2013 mein Dank gilt den <\/em><a href=\"https:\/\/de.wikipedia.org\/w\/index.php?title=Goldene_Acht&amp;action=history\" target=\"_blank\" rel=\"noopener noreferrer\">Autoren<\/a><em>.<\/em><\/p>\n<p>&nbsp;<\/p>\n","protected":false},"excerpt":{"rendered":"<p>Insekten -&gt; Schmetterlinge Insekten von A-Z zur Galerie Wei\u00dflinge Die Goldene Acht, auch Posth\u00f6rnchen, Kleines Posth\u00f6rnchen, Wei\u00dfklee-Gelbling, Gemeiner Gelbling, Gelber Heufalter oder Gemeiner Heufalter (Colias hyale), ist ein Schmetterling aus der Familie der Wei\u00dflinge in der Unterfamilie der Gelblinge. Die in Aussehen und Gr\u00f6\u00dfe sehr variable Art meidet hei\u00dfe Gebiete und kommt von Westeuropa bis &hellip; <a href=\"https:\/\/woerrlein-naturfoto.de\/wordpress\/weisslinge-a-z\/goldene-acht\/\" class=\"more-link\"><span class=\"screen-reader-text\">Goldene Acht<\/span> weiterlesen <span class=\"meta-nav\">&rarr;<\/span><\/a><\/p>\n","protected":false},"author":1,"featured_media":0,"parent":12524,"menu_order":0,"comment_status":"closed","ping_status":"closed","template":"page-templates\/full-width.php","meta":{"footnotes":""},"class_list":["post-12541","page","type-page","status-publish","hentry"],"_links":{"self":[{"href":"https:\/\/woerrlein-naturfoto.de\/wordpress\/wp-json\/wp\/v2\/pages\/12541","targetHints":{"allow":["GET"]}}],"collection":[{"href":"https:\/\/woerrlein-naturfoto.de\/wordpress\/wp-json\/wp\/v2\/pages"}],"about":[{"href":"https:\/\/woerrlein-naturfoto.de\/wordpress\/wp-json\/wp\/v2\/types\/page"}],"author":[{"embeddable":true,"href":"https:\/\/woerrlein-naturfoto.de\/wordpress\/wp-json\/wp\/v2\/users\/1"}],"replies":[{"embeddable":true,"href":"https:\/\/woerrlein-naturfoto.de\/wordpress\/wp-json\/wp\/v2\/comments?post=12541"}],"version-history":[{"count":5,"href":"https:\/\/woerrlein-naturfoto.de\/wordpress\/wp-json\/wp\/v2\/pages\/12541\/revisions"}],"predecessor-version":[{"id":12546,"href":"https:\/\/woerrlein-naturfoto.de\/wordpress\/wp-json\/wp\/v2\/pages\/12541\/revisions\/12546"}],"up":[{"embeddable":true,"href":"https:\/\/woerrlein-naturfoto.de\/wordpress\/wp-json\/wp\/v2\/pages\/12524"}],"wp:attachment":[{"href":"https:\/\/woerrlein-naturfoto.de\/wordpress\/wp-json\/wp\/v2\/media?parent=12541"}],"curies":[{"name":"wp","href":"https:\/\/api.w.org\/{rel}","templated":true}]}}