{"id":12531,"date":"2020-08-30T16:27:25","date_gmt":"2020-08-30T14:27:25","guid":{"rendered":"https:\/\/woerrlein-naturfoto.de\/wordpress\/?page_id=12531"},"modified":"2020-08-30T16:47:11","modified_gmt":"2020-08-30T14:47:11","slug":"baumweissling","status":"publish","type":"page","link":"https:\/\/woerrlein-naturfoto.de\/wordpress\/weisslinge-a-z\/baumweissling\/","title":{"rendered":"Baumwei\u00dfling"},"content":{"rendered":"<p><span style=\"color: #ffff00;\"><a style=\"color: #ffff00;\" href=\"http:\/\/woerrlein-naturfoto.de\/wordpress\/insekten\/\">Insekten <\/a><\/span>-&gt;<span style=\"color: #ffff00;\"><a style=\"color: #ffff00;\" href=\"http:\/\/woerrlein-naturfoto.de\/wordpress\/hauptseite-insekten\/insekten\/schmetterlinge-2\/\"> Schmetterlinge<\/a><\/span><br \/>\n<a title=\"Insekten A-Z\" href=\"http:\/\/woerrlein-naturfoto.de\/wordpress\/insekten-a-z\/\">Insekten von A-Z<\/a><br \/>\nzur Galerie <a href=\"https:\/\/woerrlein-naturfoto.de\/wordpress\/hauptseite-insekten\/insekten\/schmetterlinge-2\/weisslinge-2\/\">Wei\u00dflinge<\/a><\/p>\n<p><img loading=\"lazy\" decoding=\"async\" class=\"alignleft wp-image-12519\" src=\"https:\/\/woerrlein-naturfoto.de\/wordpress\/wp-content\/uploads\/2020\/08\/Baumweissling_D200622_3794-600x400.jpg\" alt=\"\" width=\"600\" height=\"400\" srcset=\"https:\/\/woerrlein-naturfoto.de\/wordpress\/wp-content\/uploads\/2020\/08\/Baumweissling_D200622_3794-600x400.jpg 600w, https:\/\/woerrlein-naturfoto.de\/wordpress\/wp-content\/uploads\/2020\/08\/Baumweissling_D200622_3794-768x512.jpg 768w, https:\/\/woerrlein-naturfoto.de\/wordpress\/wp-content\/uploads\/2020\/08\/Baumweissling_D200622_3794-120x80.jpg 120w, https:\/\/woerrlein-naturfoto.de\/wordpress\/wp-content\/uploads\/2020\/08\/Baumweissling_D200622_3794.jpg 1000w\" sizes=\"auto, (max-width: 600px) 100vw, 600px\" \/>Der <b>Baum-Wei\u00dfling<\/b> (<i>Aporia crataegi<\/i>) ist ein Schmetterling (Tagfalter) aus der Familie der Wei\u00dflinge. Die Fl\u00fcgelfl\u00e4chen sind wei\u00df, w\u00e4hrend sich die schwarz gef\u00e4rbten Adern der M\u00e4nnchen deutlich absetzen. Die M\u00e4nnchen haben immer einen schwarzen Diskoidalfleck auf den Vorderfl\u00fcgeln, der bei den Weibchen h\u00e4ufig fehlt. Daneben sind diese an br\u00e4unlich gef\u00e4rbten Adern und einer schw\u00e4cheren Beschuppung der Fl\u00fcgel zu erkennen. Die Fl\u00fcgelspannweite betr\u00e4gt zwischen 60 und 80 Millimeter. Der Baum-Wei\u00dfling ist hinsichtlich seines Lebensraumes sehr variabel. Er kommt an sonnigen geb\u00fcschreichen Lagen vor. Dazu geh\u00f6rt insbesondere Kulturland mit zahlreichen Futterpflanzen. Er zeigt eine Vorliebe f\u00fcr das offene Gel\u00e4nde, in dem Disteln vorkommen.<sup id=\"cite_ref-Elizabeth_Balmer_2-0\" class=\"reference\"><\/sup><\/p>\n<p><strong>Flugzeit:<\/strong> \u00a0\u00a0\u00a0 Ende Mai bis Juli in einer Generation.<\/p>\n<p>Zur Galerie <a href=\"https:\/\/woerrlein-naturfoto.de\/wordpress\/hauptseite-insekten\/insekten\/schmetterlinge-2\/weisslinge-2\/\">Wei\u00dflinge<\/a><\/p>\n<p><em>Quelle des Textauszuges und weitere Infos bei <\/em><a href=\"https:\/\/de.wikipedia.org\/wiki\/Baum-Wei%C3%9Fling\" target=\"_blank\" rel=\"noopener noreferrer\">Wikipedia<\/a><em> (<\/em><a href=\"http:\/\/www.gnu.org\/licenses\/fdl-1.3.txt\" target=\"_blank\" rel=\"noopener noreferrer\">GNU-Lizenz<\/a><em>)\u2013 mein Dank gilt den <\/em><a href=\"https:\/\/de.wikipedia.org\/w\/index.php?title=Baum-Wei%C3%9Fling&amp;action=history\" target=\"_blank\" rel=\"noopener noreferrer\">Autoren<\/a><em>.<\/em><\/p>\n","protected":false},"excerpt":{"rendered":"<p>Insekten -&gt; Schmetterlinge Insekten von A-Z zur Galerie Wei\u00dflinge Der Baum-Wei\u00dfling (Aporia crataegi) ist ein Schmetterling (Tagfalter) aus der Familie der Wei\u00dflinge. Die Fl\u00fcgelfl\u00e4chen sind wei\u00df, w\u00e4hrend sich die schwarz gef\u00e4rbten Adern der M\u00e4nnchen deutlich absetzen. Die M\u00e4nnchen haben immer einen schwarzen Diskoidalfleck auf den Vorderfl\u00fcgeln, der bei den Weibchen h\u00e4ufig fehlt. Daneben sind diese &hellip; <a href=\"https:\/\/woerrlein-naturfoto.de\/wordpress\/weisslinge-a-z\/baumweissling\/\" class=\"more-link\"><span class=\"screen-reader-text\">Baumwei\u00dfling<\/span> weiterlesen <span class=\"meta-nav\">&rarr;<\/span><\/a><\/p>\n","protected":false},"author":1,"featured_media":0,"parent":12524,"menu_order":0,"comment_status":"closed","ping_status":"closed","template":"page-templates\/full-width.php","meta":{"footnotes":""},"class_list":["post-12531","page","type-page","status-publish","hentry"],"_links":{"self":[{"href":"https:\/\/woerrlein-naturfoto.de\/wordpress\/wp-json\/wp\/v2\/pages\/12531","targetHints":{"allow":["GET"]}}],"collection":[{"href":"https:\/\/woerrlein-naturfoto.de\/wordpress\/wp-json\/wp\/v2\/pages"}],"about":[{"href":"https:\/\/woerrlein-naturfoto.de\/wordpress\/wp-json\/wp\/v2\/types\/page"}],"author":[{"embeddable":true,"href":"https:\/\/woerrlein-naturfoto.de\/wordpress\/wp-json\/wp\/v2\/users\/1"}],"replies":[{"embeddable":true,"href":"https:\/\/woerrlein-naturfoto.de\/wordpress\/wp-json\/wp\/v2\/comments?post=12531"}],"version-history":[{"count":4,"href":"https:\/\/woerrlein-naturfoto.de\/wordpress\/wp-json\/wp\/v2\/pages\/12531\/revisions"}],"predecessor-version":[{"id":12540,"href":"https:\/\/woerrlein-naturfoto.de\/wordpress\/wp-json\/wp\/v2\/pages\/12531\/revisions\/12540"}],"up":[{"embeddable":true,"href":"https:\/\/woerrlein-naturfoto.de\/wordpress\/wp-json\/wp\/v2\/pages\/12524"}],"wp:attachment":[{"href":"https:\/\/woerrlein-naturfoto.de\/wordpress\/wp-json\/wp\/v2\/media?parent=12531"}],"curies":[{"name":"wp","href":"https:\/\/api.w.org\/{rel}","templated":true}]}}