{"id":1252,"date":"2014-09-26T14:58:27","date_gmt":"2014-09-26T12:58:27","guid":{"rendered":"http:\/\/woerrlein-naturfoto.de\/wordpress\/?page_id=1252"},"modified":"2024-10-13T10:16:50","modified_gmt":"2024-10-13T08:16:50","slug":"waldwasserlaeufer","status":"publish","type":"page","link":"https:\/\/woerrlein-naturfoto.de\/wordpress\/schnepfen_a-z\/waldwasserlaeufer\/","title":{"rendered":"Waldwasserl\u00e4ufer"},"content":{"rendered":"<p><a href=\"http:\/\/woerrlein-naturfoto.de\/wordpress\/voegel\/\"><span style=\"color: #ffff66;\">V\u00f6gel<\/span> <\/a>-&gt;<a href=\"http:\/\/woerrlein-naturfoto.de\/wordpress\/hauptseite-voegel\/voegel\/watvoegel-2\"> <span style=\"color: #ffff66;\">Watv\u00f6gel<\/span> <\/a><br \/>\n<a title=\"V\u00f6gel von A-Z\" href=\"http:\/\/woerrlein-naturfoto.de\/wordpress\/voegel\/voegel_von_a-z\/\">V\u00f6gel von A-Z<\/a><br \/>\nZur Galerie <a title=\"Schnepfenv\u00f6gel\" href=\"http:\/\/woerrlein-naturfoto.de\/wordpress\/hauptseite-voegel\/voegel\/watvoegel\/schnepfenvoegel\/\">Schnepfen I<\/a><\/p>\n<p><img loading=\"lazy\" decoding=\"async\" class=\"alignleft wp-image-1139\" src=\"http:\/\/woerrlein-naturfoto.de\/wordpress\/wp-content\/uploads\/Waldwasserlaeufer_18408L_v-600x400.jpg\" alt=\"Waldwasserlaeufer_18408L_v.jpg\" width=\"600\" height=\"400\" \/><\/p>\n<p>Der <b>Waldwasserl\u00e4ufer<\/b> (<i>Tringa ochropus<\/i>) ist eine Art aus der Familie der Schnepfenv\u00f6gel. Es werden keine Unterarten unterschieden. Der Waldwasserl\u00e4ufer ist ein Brutvogel der borealen Nadelwaldzone Eurasiens, der in Mitteleuropa unter anderem auch in Deutschland und Polen br\u00fctet. W\u00e4hrend der Zugzeiten kann er an der Nordseek\u00fcste au\u00dferdem zu tausenden beobachtet werden. Er hat eine plumpe K\u00f6rpergestalt und einen langen schw\u00e4rzlichen Schnabel. Das Gefieder ist auf der Oberseite dunkelbraun und zeigt ein rahmfarbenes Fleckenmuster, das im Winter nur schwach ausgepr\u00e4gt ist. Kopf- und Hals weisen graubraune Strichelungen auf. Die breite, wei\u00dfe Schwanzwurzel und die schwarz geb\u00e4nderte Schwanzspitze sind charakteristisch f\u00fcr den Vogel. Im Flug sind der wei\u00dfe Schwanz mit dunklen Endbinden und der dunkle Unterfl\u00fcgel zu sehen.<br \/>\nDer Waldwasserl\u00e4ufer kann bereits im 1. Lebensjahr br\u00fcten, die meisten Erstbr\u00fcter sind aber bereits im zweiten Lebensjahr. Waldwasserl\u00e4ufer f\u00fchren eine monogame Saisonehe. Anders als die meisten Regenpfeiferartigen br\u00fctet er nicht direkt am Boden, sondern besetzt meist alte Drosselnester. Genutzt werden aber auch die Nester von Ringeltauben, Kr\u00e4hen, Eichelh\u00e4hern und Eichh\u00f6rnchen. Sehr selten br\u00fctet er auch auf oder nahe dem Boden oder in Baumh\u00f6hlen.<\/p>\n<p>L\u00e4nge: 21-24 cm\u00a0\u00a0 Spannweite: 41-46 cm\u00a0\u00a0 Gewicht: 50-80 g\u00a0\u00a0 Gelege: 3-4 Eier<\/p>\n<p>Zur Galerie <a title=\"Schnepfenv\u00f6gel\" href=\"http:\/\/woerrlein-naturfoto.de\/wordpress\/hauptseite-voegel\/voegel\/watvoegel\/schnepfenvoegel\/\">Schnepfen I<\/a><\/p>\n<p>&nbsp;<\/p>\n<p><em>Quelle des Textauszuges und weitere Infos bei <\/em><a href=\"http:\/\/de.wikipedia.org\/wiki\/Waldwasserl%C3%A4ufer\" target=\"_blank\" rel=\"noopener\">Wikipedia<\/a> <em>(<\/em><a href=\"http:\/\/www.gnu.org\/licenses\/fdl-1.3.txt\" target=\"_blank\" rel=\"noopener\">GNU-Lizenz<\/a><em>)<\/em> &#8211; <em>mein Dank gilt den<\/em> <a href=\"http:\/\/de.wikipedia.org\/w\/index.php?title=Waldwasserl%C3%A4ufer&amp;action=history\" target=\"_blank\" rel=\"noopener\">Autoren<\/a>.<\/p>\n","protected":false},"excerpt":{"rendered":"<p>V\u00f6gel -&gt; Watv\u00f6gel V\u00f6gel von A-Z Zur Galerie Schnepfen I Der Waldwasserl\u00e4ufer (Tringa ochropus) ist eine Art aus der Familie der Schnepfenv\u00f6gel. Es werden keine Unterarten unterschieden. Der Waldwasserl\u00e4ufer ist ein Brutvogel der borealen Nadelwaldzone Eurasiens, der in Mitteleuropa unter anderem auch in Deutschland und Polen br\u00fctet. W\u00e4hrend der Zugzeiten kann er an der Nordseek\u00fcste &hellip; <a href=\"https:\/\/woerrlein-naturfoto.de\/wordpress\/schnepfen_a-z\/waldwasserlaeufer\/\" class=\"more-link\"><span class=\"screen-reader-text\">Waldwasserl\u00e4ufer<\/span> weiterlesen <span class=\"meta-nav\">&rarr;<\/span><\/a><\/p>\n","protected":false},"author":1,"featured_media":0,"parent":1143,"menu_order":0,"comment_status":"closed","ping_status":"closed","template":"page-templates\/full-width.php","meta":{"footnotes":""},"class_list":["post-1252","page","type-page","status-publish","hentry"],"_links":{"self":[{"href":"https:\/\/woerrlein-naturfoto.de\/wordpress\/wp-json\/wp\/v2\/pages\/1252","targetHints":{"allow":["GET"]}}],"collection":[{"href":"https:\/\/woerrlein-naturfoto.de\/wordpress\/wp-json\/wp\/v2\/pages"}],"about":[{"href":"https:\/\/woerrlein-naturfoto.de\/wordpress\/wp-json\/wp\/v2\/types\/page"}],"author":[{"embeddable":true,"href":"https:\/\/woerrlein-naturfoto.de\/wordpress\/wp-json\/wp\/v2\/users\/1"}],"replies":[{"embeddable":true,"href":"https:\/\/woerrlein-naturfoto.de\/wordpress\/wp-json\/wp\/v2\/comments?post=1252"}],"version-history":[{"count":18,"href":"https:\/\/woerrlein-naturfoto.de\/wordpress\/wp-json\/wp\/v2\/pages\/1252\/revisions"}],"predecessor-version":[{"id":18959,"href":"https:\/\/woerrlein-naturfoto.de\/wordpress\/wp-json\/wp\/v2\/pages\/1252\/revisions\/18959"}],"up":[{"embeddable":true,"href":"https:\/\/woerrlein-naturfoto.de\/wordpress\/wp-json\/wp\/v2\/pages\/1143"}],"wp:attachment":[{"href":"https:\/\/woerrlein-naturfoto.de\/wordpress\/wp-json\/wp\/v2\/media?parent=1252"}],"curies":[{"name":"wp","href":"https:\/\/api.w.org\/{rel}","templated":true}]}}