{"id":12441,"date":"2020-07-05T17:28:20","date_gmt":"2020-07-05T15:28:20","guid":{"rendered":"https:\/\/woerrlein-naturfoto.de\/wordpress\/?page_id=12441"},"modified":"2022-07-20T15:16:17","modified_gmt":"2022-07-20T13:16:17","slug":"streifen-blaeuling","status":"publish","type":"page","link":"https:\/\/woerrlein-naturfoto.de\/wordpress\/blaeulinge-a-z\/streifen-blaeuling\/","title":{"rendered":"Streifen-Bl\u00e4uling"},"content":{"rendered":"<p><span style=\"color: #ffff00;\"><a style=\"color: #ffff00;\" href=\"http:\/\/woerrlein-naturfoto.de\/wordpress\/insekten\/\">Insekten <\/a><\/span>-&gt;<a href=\"http:\/\/woerrlein-naturfoto.de\/wordpress\/hauptseite-insekten\/insekten\/schmetterlinge-2\/\"><span style=\"color: #ffff00;\"> Schmetterlinge<\/span><\/a><br \/>\n<a title=\"Insekten A-Z\" href=\"http:\/\/woerrlein-naturfoto.de\/wordpress\/insekten-a-z\/\">Insekten von A-Z<\/a><br \/>\nzur Galerie <a href=\"https:\/\/woerrlein-naturfoto.de\/wordpress\/hauptseite-insekten\/insekten\/schmetterlinge-2\/blaeulinge\/\">Bl\u00e4ulinge I<\/a><\/p>\n<p><img loading=\"lazy\" decoding=\"async\" class=\"alignleft wp-image-12440\" src=\"https:\/\/woerrlein-naturfoto.de\/wordpress\/wp-content\/uploads\/2019\/10\/Streifenblaeuling_AW_64051_7173x4782-600x400.jpg\" alt=\"\" width=\"600\" height=\"400\" srcset=\"https:\/\/woerrlein-naturfoto.de\/wordpress\/wp-content\/uploads\/2019\/10\/Streifenblaeuling_AW_64051_7173x4782-600x400.jpg 600w, https:\/\/woerrlein-naturfoto.de\/wordpress\/wp-content\/uploads\/2019\/10\/Streifenblaeuling_AW_64051_7173x4782-768x512.jpg 768w, https:\/\/woerrlein-naturfoto.de\/wordpress\/wp-content\/uploads\/2019\/10\/Streifenblaeuling_AW_64051_7173x4782-120x80.jpg 120w, https:\/\/woerrlein-naturfoto.de\/wordpress\/wp-content\/uploads\/2019\/10\/Streifenblaeuling_AW_64051_7173x4782.jpg 1000w\" sizes=\"auto, (max-width: 600px) 100vw, 600px\" \/>Der <b>Wei\u00dfdolch-Bl\u00e4uling<\/b> (<i>Polyommatus damon<\/i>) ist ein Schmetterling (Tagfalter) aus der Familie der Bl\u00e4ulinge. Er wird auch als <strong>Gro\u00dfer Esparsetten-Bl\u00e4uling<\/strong> oder <strong>Streifen-Bl\u00e4uling<\/strong> bezeichnet.<br \/>\nDie Falter erreichen eine Fl\u00fcgelspannweite von 34 bis 38 Millimetern und sind in Deutschland wegen des gro\u00dfen wei\u00dfen Streifens, der auf der ansonsten graubraunen Hinterfl\u00fcgelunterseite von der Basis bis fast zum Au\u00dfenrand an der Ader M3 reicht mit keiner anderen Bl\u00e4ulingsart zu verwechseln. Diesem dolchf\u00f6rmigen wei\u00dfen Streifen verdankt der Bl\u00e4uling auch seinen Namen. Weiters finden sich auf den Fl\u00fcgelunterseiten beider Fl\u00fcgelpaare mehrere schwarze, hell eingefasste Punkte. Die Fl\u00fcgeloberseiten der M\u00e4nnchen gl\u00e4nzen t\u00fcrkis und besitzen eine schwarzbraune Submariginalbinde. Die Weibchen sind einfarbig dunkelbraun, mit einem feinen wei\u00dfen Rand.<br \/>\nDie Raupenfutterpflanzen sind <a title=\"Esparsetten\" href=\"https:\/\/de.wikipedia.org\/wiki\/Esparsetten\" target=\"_blank\" rel=\"noopener noreferrer\">Esparsetten<\/a>. Die wei\u00dflichen und an der Oberfl\u00e4che stark zerkl\u00fcfteten Eier werden in die Tragblatt-Achseln der Esparsetten-Bl\u00fctenst\u00e4nde gelegt. Die Raupen fressen das Gewebe zwischen den Blattadern, so dass ein charakteristisches Fra\u00dfbild entsteht.<\/p>\n<p><strong>Flugzeit:<\/strong> \u00a0\u00a0\u00a0 Juli bis August, in einer Generation.<\/p>\n<p>Zur Galerie <a href=\"https:\/\/woerrlein-naturfoto.de\/wordpress\/hauptseite-insekten\/insekten\/schmetterlinge-2\/blaeulinge\/\">Bl\u00e4ulinge I<\/a><\/p>\n<p><em>Quelle des Textauszuges und weitere Infos bei <\/em><a href=\"https:\/\/de.wikipedia.org\/wiki\/Wei%C3%9Fdolch-Bl%C3%A4uling\" target=\"_blank\" rel=\"noopener noreferrer\">Wikipedia<\/a><em> (<\/em><a href=\"http:\/\/www.gnu.org\/licenses\/fdl-1.3.txt\" target=\"_blank\" rel=\"noopener noreferrer\">GNU-Lizenz<\/a><em>)\u2013 mein Dank gilt den <\/em><a href=\"https:\/\/de.wikipedia.org\/w\/index.php?title=Wei%C3%9Fdolch-Bl%C3%A4uling&amp;action=history\" target=\"_blank\" rel=\"noopener noreferrer\">Autoren<\/a><em>.<\/em><\/p>\n","protected":false},"excerpt":{"rendered":"<p>Insekten -&gt; Schmetterlinge Insekten von A-Z zur Galerie Bl\u00e4ulinge I Der Wei\u00dfdolch-Bl\u00e4uling (Polyommatus damon) ist ein Schmetterling (Tagfalter) aus der Familie der Bl\u00e4ulinge. Er wird auch als Gro\u00dfer Esparsetten-Bl\u00e4uling oder Streifen-Bl\u00e4uling bezeichnet. Die Falter erreichen eine Fl\u00fcgelspannweite von 34 bis 38 Millimetern und sind in Deutschland wegen des gro\u00dfen wei\u00dfen Streifens, der auf der ansonsten &hellip; <a href=\"https:\/\/woerrlein-naturfoto.de\/wordpress\/blaeulinge-a-z\/streifen-blaeuling\/\" class=\"more-link\"><span class=\"screen-reader-text\">Streifen-Bl\u00e4uling<\/span> weiterlesen <span class=\"meta-nav\">&rarr;<\/span><\/a><\/p>\n","protected":false},"author":1,"featured_media":0,"parent":11125,"menu_order":0,"comment_status":"closed","ping_status":"closed","template":"page-templates\/full-width.php","meta":{"footnotes":""},"class_list":["post-12441","page","type-page","status-publish","hentry"],"_links":{"self":[{"href":"https:\/\/woerrlein-naturfoto.de\/wordpress\/wp-json\/wp\/v2\/pages\/12441","targetHints":{"allow":["GET"]}}],"collection":[{"href":"https:\/\/woerrlein-naturfoto.de\/wordpress\/wp-json\/wp\/v2\/pages"}],"about":[{"href":"https:\/\/woerrlein-naturfoto.de\/wordpress\/wp-json\/wp\/v2\/types\/page"}],"author":[{"embeddable":true,"href":"https:\/\/woerrlein-naturfoto.de\/wordpress\/wp-json\/wp\/v2\/users\/1"}],"replies":[{"embeddable":true,"href":"https:\/\/woerrlein-naturfoto.de\/wordpress\/wp-json\/wp\/v2\/comments?post=12441"}],"version-history":[{"count":6,"href":"https:\/\/woerrlein-naturfoto.de\/wordpress\/wp-json\/wp\/v2\/pages\/12441\/revisions"}],"predecessor-version":[{"id":15020,"href":"https:\/\/woerrlein-naturfoto.de\/wordpress\/wp-json\/wp\/v2\/pages\/12441\/revisions\/15020"}],"up":[{"embeddable":true,"href":"https:\/\/woerrlein-naturfoto.de\/wordpress\/wp-json\/wp\/v2\/pages\/11125"}],"wp:attachment":[{"href":"https:\/\/woerrlein-naturfoto.de\/wordpress\/wp-json\/wp\/v2\/media?parent=12441"}],"curies":[{"name":"wp","href":"https:\/\/api.w.org\/{rel}","templated":true}]}}