{"id":1244,"date":"2014-09-26T14:23:29","date_gmt":"2014-09-26T12:23:29","guid":{"rendered":"http:\/\/woerrlein-naturfoto.de\/wordpress\/?page_id=1244"},"modified":"2024-10-13T10:16:06","modified_gmt":"2024-10-13T08:16:06","slug":"steinwaelzer","status":"publish","type":"page","link":"https:\/\/woerrlein-naturfoto.de\/wordpress\/schnepfen_a-z\/steinwaelzer\/","title":{"rendered":"Steinw\u00e4lzer"},"content":{"rendered":"<p><a href=\"http:\/\/woerrlein-naturfoto.de\/wordpress\/voegel\/\"><span style=\"color: #ffff66;\">V\u00f6gel<\/span> <\/a>-&gt;<a href=\"http:\/\/woerrlein-naturfoto.de\/wordpress\/hauptseite-voegel\/voegel\/watvoegel-2\"> <span style=\"color: #ffff66;\">Watv\u00f6gel<\/span> <\/a><br \/>\n<a title=\"V\u00f6gel von A-Z\" href=\"http:\/\/woerrlein-naturfoto.de\/wordpress\/voegel\/voegel_von_a-z\/\">V\u00f6gel von A-Z<\/a><br \/>\nZur Galerie <a title=\"Schnepfenv\u00f6gel\" href=\"http:\/\/woerrlein-naturfoto.de\/wordpress\/hauptseite-voegel\/voegel\/watvoegel\/schnepfenvoegel\/\">Schnepfen I<\/a><\/p>\n<p><img loading=\"lazy\" decoding=\"async\" class=\"alignleft wp-image-1130\" src=\"http:\/\/woerrlein-naturfoto.de\/wordpress\/wp-content\/uploads\/Steinwaelzer_26249L_v-600x399.jpg\" alt=\"Steinwaelzer_26249L_v.jpg\" width=\"600\" height=\"399\" \/><\/p>\n<p>Der <b>Steinw\u00e4lzer<\/b> (<i>Arenaria interpres<\/i>) ist eine Vogelart aus der Familie der Schnepfenv\u00f6gel. Der Steinw\u00e4lzer verdankt seinen Namen seiner speziellen Art der Nahrungssuche, bei der er am Strand Steine und Muscheln umdreht. Er br\u00fctet in zwei Unterarten zirkumpolar in Tundren und der borealen sowie zum Teil der gem\u00e4\u00dfigten Zone. In Mitteleuropa ist er ein lokaler, sehr seltener Brut- und Sommervogel. W\u00e4hrend der Zugzeiten sind im Nordwesten Mitteleuropas mehrere tausend \u00dcberwinterer sowie Durchz\u00fcgler und Rastv\u00f6gel zu beobachten.<br \/>\nSteinw\u00e4lzer erreichen ihre Geschlechtsreife fr\u00fchestens im zweiten Lebensjahr. Sie br\u00fcten aber erst ab einem Alter von drei bis sechs Jahren. Bei den an der mitteleurop\u00e4ischen K\u00fcsten \u00fcbersommernden Steinw\u00e4lzern handelt es sich um solche subadulte nichtbr\u00fctende V\u00f6gel. Steinw\u00e4lzer f\u00fchren eine monogame Saisonehe. Eine Revier- und Gattentreue konnte bereits nachgewiesen werden. Das Nest findet sich in Pflanzenb\u00fcscheln oder in Felsspalten sowie zwischen gr\u00f6\u00dferen Steinen.<br \/>\nDer tagaktive Steinw\u00e4lzer l\u00e4uft verh\u00e4ltnism\u00e4\u00dfig bed\u00e4chtig. Der Nahrungserwerb erfolgt pickend, auf weichem Untergrund auch grabend. Versteckte Beute wird durch das Umdrehen von Steinen, Muscheln oder Pflanzen erreicht. Der Schnabel wird dabei an den R\u00e4ndern untergeschoben. Durch einen heftigen Ruck mit dem Kopf und Nacken kippt der Stein oder die Muscheln dann um. In \u00e4hnlicher Weise wendet er auch ganze Tangteppiche, wobei er dabei nicht nur den Schnabel sondern auch den Kopf unter den Teppich schiebt und dann ruckartig bewegt.<\/p>\n<p>L\u00e4nge: 22-24 cm\u00a0\u00a0 Spannweite: 45-56 cm\u00a0\u00a0 Gewicht: 80-190 g\u00a0\u00a0 Gelege: 4-5 Eier<\/p>\n<p>Zur Galerie <a title=\"Schnepfenv\u00f6gel\" href=\"http:\/\/woerrlein-naturfoto.de\/wordpress\/hauptseite-voegel\/voegel\/watvoegel\/schnepfenvoegel\/\">Schnepfen I<\/a><\/p>\n<p>&nbsp;<\/p>\n<p><em>Quelle des Textauszuges und weitere Infos bei <\/em><a href=\"http:\/\/de.wikipedia.org\/wiki\/Steinw%C3%A4lzer\" target=\"_blank\" rel=\"noopener\">Wikipedia<\/a> <em>(<\/em><a href=\"http:\/\/www.gnu.org\/licenses\/fdl-1.3.txt\" target=\"_blank\" rel=\"noopener\">GNU-Lizenz<\/a><em>)<\/em> \u2013 <em>mein Dank gilt den<\/em> <a href=\"http:\/\/de.wikipedia.org\/w\/index.php?title=Steinw%C3%A4lzer&amp;action=history\" target=\"_blank\" rel=\"noopener\">Autoren<\/a>.<\/p>\n","protected":false},"excerpt":{"rendered":"<p>V\u00f6gel -&gt; Watv\u00f6gel V\u00f6gel von A-Z Zur Galerie Schnepfen I Der Steinw\u00e4lzer (Arenaria interpres) ist eine Vogelart aus der Familie der Schnepfenv\u00f6gel. Der Steinw\u00e4lzer verdankt seinen Namen seiner speziellen Art der Nahrungssuche, bei der er am Strand Steine und Muscheln umdreht. Er br\u00fctet in zwei Unterarten zirkumpolar in Tundren und der borealen sowie zum Teil &hellip; <a href=\"https:\/\/woerrlein-naturfoto.de\/wordpress\/schnepfen_a-z\/steinwaelzer\/\" class=\"more-link\"><span class=\"screen-reader-text\">Steinw\u00e4lzer<\/span> weiterlesen <span class=\"meta-nav\">&rarr;<\/span><\/a><\/p>\n","protected":false},"author":1,"featured_media":0,"parent":1143,"menu_order":0,"comment_status":"closed","ping_status":"closed","template":"page-templates\/full-width.php","meta":{"footnotes":""},"class_list":["post-1244","page","type-page","status-publish","hentry"],"_links":{"self":[{"href":"https:\/\/woerrlein-naturfoto.de\/wordpress\/wp-json\/wp\/v2\/pages\/1244","targetHints":{"allow":["GET"]}}],"collection":[{"href":"https:\/\/woerrlein-naturfoto.de\/wordpress\/wp-json\/wp\/v2\/pages"}],"about":[{"href":"https:\/\/woerrlein-naturfoto.de\/wordpress\/wp-json\/wp\/v2\/types\/page"}],"author":[{"embeddable":true,"href":"https:\/\/woerrlein-naturfoto.de\/wordpress\/wp-json\/wp\/v2\/users\/1"}],"replies":[{"embeddable":true,"href":"https:\/\/woerrlein-naturfoto.de\/wordpress\/wp-json\/wp\/v2\/comments?post=1244"}],"version-history":[{"count":14,"href":"https:\/\/woerrlein-naturfoto.de\/wordpress\/wp-json\/wp\/v2\/pages\/1244\/revisions"}],"predecessor-version":[{"id":18957,"href":"https:\/\/woerrlein-naturfoto.de\/wordpress\/wp-json\/wp\/v2\/pages\/1244\/revisions\/18957"}],"up":[{"embeddable":true,"href":"https:\/\/woerrlein-naturfoto.de\/wordpress\/wp-json\/wp\/v2\/pages\/1143"}],"wp:attachment":[{"href":"https:\/\/woerrlein-naturfoto.de\/wordpress\/wp-json\/wp\/v2\/media?parent=1244"}],"curies":[{"name":"wp","href":"https:\/\/api.w.org\/{rel}","templated":true}]}}