{"id":12419,"date":"2020-06-08T00:08:50","date_gmt":"2020-06-07T22:08:50","guid":{"rendered":"https:\/\/woerrlein-naturfoto.de\/wordpress\/?page_id=12419"},"modified":"2021-12-16T13:44:57","modified_gmt":"2021-12-16T12:44:57","slug":"hummelragwurz","status":"publish","type":"page","link":"https:\/\/woerrlein-naturfoto.de\/wordpress\/ragwurzen-a-z\/hummelragwurz\/","title":{"rendered":"Hummelragwurz"},"content":{"rendered":"<p><span style=\"color: #ffff00;\"><a style=\"color: #ffff00;\" href=\"http:\/\/woerrlein-naturfoto.de\/wordpress\/hauptseite-pflanzen\/pflanzen\/\"><span style=\"color: #ffff00;\">Pflanzen<\/span><\/a> <\/span>-&gt; <span style=\"color: #ffff00;\"><a style=\"color: #ffff00;\" href=\"http:\/\/woerrlein-naturfoto.de\/wordpress\/hauptseite-pflanzen\/pflanzen\/blueten-i-orchideen-2\/\"><span style=\"color: #ffff00;\">Orchideen <\/span><\/a><\/span>-&gt; <span style=\"color: #ffff00;\"><a style=\"color: #ffff00;\" href=\"https:\/\/woerrlein-naturfoto.de\/wordpress\/hauptseite-pflanzen\/pflanzen\/blueten-i-orchideen-2\/ragwurzen-ophris\/\">Ragwurzen (Ophrys)<\/a><\/span><br \/>\n<a href=\"http:\/\/woerrlein-naturfoto.de\/wordpress\/pflanzen-von-a-z\/\">Pflanzen von A-Z<\/a><br \/>\nZur Galerie <a href=\"https:\/\/woerrlein-naturfoto.de\/wordpress\/hauptseite-pflanzen\/pflanzen\/blueten-i-orchideen-2\/ragwurzen-ophris\/\">Ragwurzen<\/a><code><\/code><\/p>\n<p><img loading=\"lazy\" decoding=\"async\" class=\"alignleft wp-image-12366\" src=\"https:\/\/woerrlein-naturfoto.de\/wordpress\/wp-content\/uploads\/2015\/01\/Hummelragwurz_200531_7790-400x600.jpg\" alt=\"\" width=\"267\" height=\"400\" srcset=\"https:\/\/woerrlein-naturfoto.de\/wordpress\/wp-content\/uploads\/2015\/01\/Hummelragwurz_200531_7790-400x600.jpg 400w, https:\/\/woerrlein-naturfoto.de\/wordpress\/wp-content\/uploads\/2015\/01\/Hummelragwurz_200531_7790.jpg 567w\" sizes=\"auto, (max-width: 267px) 100vw, 267px\" \/>Die <b>Hummel-Ragwurz<\/b> (<i>Ophrys holoserica<\/i>) ist eine ist eine schlanke, jedoch kr\u00e4ftig wachsende ausdauernde krautige Pflanze aus der Gattung der Ragwurzen (<i>Ophrys<\/i>) innerhalb der Familie der Orchideen.<br \/>\nDie vier bis sieben grundst\u00e4ndigen, blaugr\u00fcnen Laubbl\u00e4tter sind bei einer L\u00e4nge von 4 bis 10 Zentimetern lanzettlich. Der locker aufgebaute Bl\u00fctenstand enth\u00e4lt zwei bis zehn Bl\u00fcten. Die zwittrige Bl\u00fcte ist zygomorph und dreiz\u00e4hlig. Die Bl\u00fcten sind in der F\u00e4rbung und besonders in der Zeichnung variabel. Die eif\u00f6rmigen Kelchbl\u00e4tter (Sepalen) sind etwa 10 bis 14 mm lang, spreizend bis etwas r\u00fcckw\u00e4rts gerichtet und meist rosa, selten heller. Die rosafarbenen bis roten Kronbl\u00e4tter (Petalen) sind kurz, etwa 3 bis 6 mm lang. Die trapezf\u00f6rmige Lippe ist ausgebreitet 8 bis 12 mm lang und 12 bis 18 mm breit, dunkelbraun, geh\u00f6ckert, am Rand behaart und mit gro\u00dfem aufgebogenen Anh\u00e4ngsel. Es ist ein sehr reich gegliedertes Mal vorhanden in weinroten bis grauvioletten sowie br\u00e4unlichen bis gelbgr\u00fcnen T\u00f6nen, das br\u00e4unliche Basalfeld umrahmend. Das S\u00e4ulchen ist stumpf geschn\u00e4belt, mit roten Staminodialpunkten im Narbenbereich.<br \/>\nWichtigster Best\u00e4uber der Art ist die Bienenart <i><a title=\"Eucera longicornis\" href=\"https:\/\/de.wikipedia.org\/wiki\/Eucera_longicornis\" target=\"_blank\" rel=\"noopener noreferrer\">Eucera longicornis<\/a><\/i>, deren Sexuallockstoff die Bl\u00fcte nachahmt, die au\u00dferdem einige optische und taktile Schl\u00fcsselreize kopiert. Die Bienenm\u00e4nnchen versuchen mit der Bl\u00fcte zu kopulieren und bekommen dabei ein Pollenpaket angeheftet. Andere Insekten werden gelegentlich angelockt, spielen aber bei der Best\u00e4ubung nur eine geringe Rolle.<\/p>\n<p><strong>Bl\u00fctezeit:<\/strong> \u00a0\u00a0\u00a0 Mai bis Juni<\/p>\n<p>Zur Galerie <a href=\"https:\/\/woerrlein-naturfoto.de\/wordpress\/hauptseite-pflanzen\/pflanzen\/blueten-i-orchideen-2\/ragwurzen-ophris\/\">Ragwurzen<\/a><\/p>\n<p><em>Quelle des Textauszuges und weitere Infos bei <\/em><a href=\"https:\/\/de.wikipedia.org\/wiki\/Hummel-Ragwurz\" target=\"_blank\" rel=\"noopener noreferrer\">Wikipedia<\/a><em> (<\/em><a href=\"http:\/\/www.gnu.org\/licenses\/fdl-1.3.txt\" target=\"_blank\" rel=\"noopener noreferrer\">GNU-Lizenz<\/a><em>)\u2013 mein Dank gilt den <\/em><a href=\"https:\/\/de.wikipedia.org\/w\/index.php?title=Hummel-Ragwurz&amp;action=history\" target=\"_blank\" rel=\"noopener noreferrer\">Autoren<\/a><em>.<\/em><\/p>\n","protected":false},"excerpt":{"rendered":"<p>Pflanzen -&gt; Orchideen -&gt; Ragwurzen (Ophrys) Pflanzen von A-Z Zur Galerie Ragwurzen Die Hummel-Ragwurz (Ophrys holoserica) ist eine ist eine schlanke, jedoch kr\u00e4ftig wachsende ausdauernde krautige Pflanze aus der Gattung der Ragwurzen (Ophrys) innerhalb der Familie der Orchideen. Die vier bis sieben grundst\u00e4ndigen, blaugr\u00fcnen Laubbl\u00e4tter sind bei einer L\u00e4nge von 4 bis 10 Zentimetern lanzettlich. &hellip; <a href=\"https:\/\/woerrlein-naturfoto.de\/wordpress\/ragwurzen-a-z\/hummelragwurz\/\" class=\"more-link\"><span class=\"screen-reader-text\">Hummelragwurz<\/span> weiterlesen <span class=\"meta-nav\">&rarr;<\/span><\/a><\/p>\n","protected":false},"author":1,"featured_media":0,"parent":14232,"menu_order":0,"comment_status":"closed","ping_status":"closed","template":"page-templates\/full-width.php","meta":{"footnotes":""},"class_list":["post-12419","page","type-page","status-publish","hentry"],"_links":{"self":[{"href":"https:\/\/woerrlein-naturfoto.de\/wordpress\/wp-json\/wp\/v2\/pages\/12419","targetHints":{"allow":["GET"]}}],"collection":[{"href":"https:\/\/woerrlein-naturfoto.de\/wordpress\/wp-json\/wp\/v2\/pages"}],"about":[{"href":"https:\/\/woerrlein-naturfoto.de\/wordpress\/wp-json\/wp\/v2\/types\/page"}],"author":[{"embeddable":true,"href":"https:\/\/woerrlein-naturfoto.de\/wordpress\/wp-json\/wp\/v2\/users\/1"}],"replies":[{"embeddable":true,"href":"https:\/\/woerrlein-naturfoto.de\/wordpress\/wp-json\/wp\/v2\/comments?post=12419"}],"version-history":[{"count":18,"href":"https:\/\/woerrlein-naturfoto.de\/wordpress\/wp-json\/wp\/v2\/pages\/12419\/revisions"}],"predecessor-version":[{"id":14304,"href":"https:\/\/woerrlein-naturfoto.de\/wordpress\/wp-json\/wp\/v2\/pages\/12419\/revisions\/14304"}],"up":[{"embeddable":true,"href":"https:\/\/woerrlein-naturfoto.de\/wordpress\/wp-json\/wp\/v2\/pages\/14232"}],"wp:attachment":[{"href":"https:\/\/woerrlein-naturfoto.de\/wordpress\/wp-json\/wp\/v2\/media?parent=12419"}],"curies":[{"name":"wp","href":"https:\/\/api.w.org\/{rel}","templated":true}]}}