{"id":12330,"date":"2020-05-17T12:02:39","date_gmt":"2020-05-17T10:02:39","guid":{"rendered":"http:\/\/woerrlein-naturfoto.de\/wordpress\/?page_id=12330"},"modified":"2020-05-17T13:11:21","modified_gmt":"2020-05-17T11:11:21","slug":"knaekente","status":"publish","type":"page","link":"https:\/\/woerrlein-naturfoto.de\/wordpress\/gruendelenten-a-z\/knaekente\/","title":{"rendered":"Kn\u00e4kente"},"content":{"rendered":"<p><a href=\"http:\/\/woerrlein-naturfoto.de\/wordpress\/voegel\/\"><span style=\"color: #ffff66;\">V\u00f6gel<\/span> <\/a>-&gt;<a href=\"http:\/\/woerrlein-naturfoto.de\/wordpress\/voegel\/gaensevoegel\/\"> <span style=\"color: #ffff66;\">G\u00e4nsev\u00f6gel<\/span> <\/a>-&gt;<a href=\"http:\/\/woerrlein-naturfoto.de\/wordpress\/hauptseite-voegel\/voegel\/gaensevoegel-2\/gruendelenten\/\"> <span style=\"color: #ffff66;\">Gr\u00fcndelenten<\/span><\/a><a title=\"G\u00e4nsev\u00f6gel\" href=\"http:\/\/woerrlein-naturfoto.de\/wordpress\/voegel\/gaensevoegel\/\"><br \/>\n<\/a><a href=\"http:\/\/woerrlein-naturfoto.de\/wordpress\/voegel_von_a-z\/\">V\u00f6gel von A-Z<\/a><br \/>\nzur Galerie <a title=\"Gr\u00fcndelenten\" href=\"http:\/\/woerrlein-naturfoto.de\/wordpress\/hauptseite-voegel\/voegel\/gaensevoegel-2\/gruendelenten\/\">Gr\u00fcndelenten<\/a><\/p>\n<p><img loading=\"lazy\" decoding=\"async\" class=\"alignleft wp-image-12315\" src=\"http:\/\/woerrlein-naturfoto.de\/wordpress\/wp-content\/uploads\/2014\/12\/Knaeckente_200426_6369-600x400.jpg\" alt=\"\" width=\"600\" height=\"400\" srcset=\"https:\/\/woerrlein-naturfoto.de\/wordpress\/wp-content\/uploads\/2014\/12\/Knaeckente_200426_6369-600x400.jpg 600w, https:\/\/woerrlein-naturfoto.de\/wordpress\/wp-content\/uploads\/2014\/12\/Knaeckente_200426_6369-768x512.jpg 768w, https:\/\/woerrlein-naturfoto.de\/wordpress\/wp-content\/uploads\/2014\/12\/Knaeckente_200426_6369-120x80.jpg 120w, https:\/\/woerrlein-naturfoto.de\/wordpress\/wp-content\/uploads\/2014\/12\/Knaeckente_200426_6369.jpg 1000w\" sizes=\"auto, (max-width: 600px) 100vw, 600px\" \/>Die <b>Kn\u00e4kente<\/b> (<i>Spatula querquedula<\/i>, Syn.: <i>Anas querquedula<\/i>) ist eine kleine Entenart, die unter anderem in Mitteleuropa br\u00fctet. Sie ist nur wenig gr\u00f6\u00dfer als die in Mitteleuropa h\u00e4ufigere Krickente, jedoch in ihrer Gestalt insgesamt etwas schlanker und zierlicher. Auff\u00e4lliges Unterscheidungsmerkmal des Erpels im Prachtkleid ist der breite bogenf\u00f6rmige Streifen \u00fcber dem Auge, der bis in den Nacken reicht und der sich deutlich vom r\u00f6tlichbraunen Kopf sowie dem dunklen Nacken abhebt. Im Flug kann die Kn\u00e4kente anhand ihres hellblaugrauen Vorderfl\u00fcgels identifiziert werden.<br \/>\nDie Kn\u00e4kente ist die einzige Entenart der Alten Welt, die im Winterhalbjahr die tiergeografische Region verl\u00e4sst. Sie zieht je nach Verbreitungsgebiet in den S\u00fcden Indiens und S\u00fcdostasiens und erreicht dann regelm\u00e4\u00dfig auch den australischen Kontinent. In Afrika \u00fcberquert sie die Sahara, um an den Gew\u00e4ssern der Sahelzone zu \u00fcberwintern. In Mitteleuropa ist die Kn\u00e4kente ein seltener, lokal konzentrierter Brut- und Sommervogel. In den meisten mitteleurop\u00e4ischen Regionen kann sie jedoch auch auf ihrem Zug in die \u00dcberwinterungsquartiere beobachtet werden und vereinzelt kommt es in Mitteleuropa auch zu \u00dcberwinterungsversuchen.<br \/>\nIn der Regel ist die Kn\u00e4kente in Deutschland nur Durchz\u00fcgler. Ihre wenigen deutschen Brutgebiete begrenzen sich auf das Tiefland und einzelne Brutpl\u00e4tze sind nur unregelm\u00e4\u00dfig besetzt. In der Roten Liste der Brutv\u00f6gel Deutschlands von 2015 wird die Art in der Kategorie 2 als stark gef\u00e4hrdet gef\u00fchrt.<sup id=\"cite_ref-6\" class=\"reference\"> <\/sup>Da sie aus ihren afrikanischen Winterquartieren bereits verpaart zur\u00fcckkehren, kann man auch in Mitteleuropa die sogenannten Reihfl\u00fcge beobachten, bei denen mehrere Erpel unter lautem Rufen hinter einem Weibchen herfliegen. W\u00e4hrend der Brutzeit sind Kn\u00e4kenten dagegen sehr scheu und nur selten zu beobachten. Verh\u00e4ltnism\u00e4\u00dfig h\u00e4ufig br\u00fctet sie dagegen in den Niederlanden. Der Brutbestand betr\u00e4gt hier bis zu 5.000 Paare. In Skandinavien ist sie um die Ostsee herum anzutreffen. Nach Osten erstreckt sich ihr Verbreitungsgebiet in einem breiten Streifen bis Sachalin.<br \/>\n<sup id=\"cite_ref-2\" class=\"reference\"><\/sup><\/p>\n<p>L\u00e4nge: 37-41 cm\u00a0\u00a0 Spannweite: 60-65 cm\u00a0\u00a0 Gewicht: 320-500 g\u00a0\u00a0 Gelege: 8-9 Eier<\/p>\n<p>zur Galerie <a title=\"Gr\u00fcndelenten\" href=\"http:\/\/woerrlein-naturfoto.de\/wordpress\/hauptseite-voegel\/voegel\/gaensevoegel-2\/gruendelenten\/\">Gr\u00fcndelenten<\/a><code><br \/>\n<\/code><\/p>\n<p><em>Quelle des Textauszuges und weitere Infos bei <\/em><a href=\"https:\/\/de.wikipedia.org\/wiki\/Kn%C3%A4kente\" target=\"_blank\" rel=\"noopener noreferrer\">Wikipedia<\/a> <em>(<\/em><a href=\"http:\/\/www.gnu.org\/licenses\/fdl-1.3.txt\" target=\"_blank\" rel=\"noopener noreferrer\">GNU-Lizenz<\/a><em>)<\/em> \u2013 <em>mein Dank gilt den<\/em> <a href=\"https:\/\/de.wikipedia.org\/w\/index.php?title=Kn%C3%A4kente&amp;action=history\" target=\"_blank\" rel=\"noopener noreferrer\">Autoren<\/a>.<\/p>\n","protected":false},"excerpt":{"rendered":"<p>V\u00f6gel -&gt; G\u00e4nsev\u00f6gel -&gt; Gr\u00fcndelenten V\u00f6gel von A-Z zur Galerie Gr\u00fcndelenten Die Kn\u00e4kente (Spatula querquedula, Syn.: Anas querquedula) ist eine kleine Entenart, die unter anderem in Mitteleuropa br\u00fctet. Sie ist nur wenig gr\u00f6\u00dfer als die in Mitteleuropa h\u00e4ufigere Krickente, jedoch in ihrer Gestalt insgesamt etwas schlanker und zierlicher. Auff\u00e4lliges Unterscheidungsmerkmal des Erpels im Prachtkleid ist &hellip; <a href=\"https:\/\/woerrlein-naturfoto.de\/wordpress\/gruendelenten-a-z\/knaekente\/\" class=\"more-link\"><span class=\"screen-reader-text\">Kn\u00e4kente<\/span> weiterlesen <span class=\"meta-nav\">&rarr;<\/span><\/a><\/p>\n","protected":false},"author":1,"featured_media":0,"parent":2234,"menu_order":0,"comment_status":"closed","ping_status":"closed","template":"page-templates\/full-width.php","meta":{"footnotes":""},"class_list":["post-12330","page","type-page","status-publish","hentry"],"_links":{"self":[{"href":"https:\/\/woerrlein-naturfoto.de\/wordpress\/wp-json\/wp\/v2\/pages\/12330","targetHints":{"allow":["GET"]}}],"collection":[{"href":"https:\/\/woerrlein-naturfoto.de\/wordpress\/wp-json\/wp\/v2\/pages"}],"about":[{"href":"https:\/\/woerrlein-naturfoto.de\/wordpress\/wp-json\/wp\/v2\/types\/page"}],"author":[{"embeddable":true,"href":"https:\/\/woerrlein-naturfoto.de\/wordpress\/wp-json\/wp\/v2\/users\/1"}],"replies":[{"embeddable":true,"href":"https:\/\/woerrlein-naturfoto.de\/wordpress\/wp-json\/wp\/v2\/comments?post=12330"}],"version-history":[{"count":4,"href":"https:\/\/woerrlein-naturfoto.de\/wordpress\/wp-json\/wp\/v2\/pages\/12330\/revisions"}],"predecessor-version":[{"id":12336,"href":"https:\/\/woerrlein-naturfoto.de\/wordpress\/wp-json\/wp\/v2\/pages\/12330\/revisions\/12336"}],"up":[{"embeddable":true,"href":"https:\/\/woerrlein-naturfoto.de\/wordpress\/wp-json\/wp\/v2\/pages\/2234"}],"wp:attachment":[{"href":"https:\/\/woerrlein-naturfoto.de\/wordpress\/wp-json\/wp\/v2\/media?parent=12330"}],"curies":[{"name":"wp","href":"https:\/\/api.w.org\/{rel}","templated":true}]}}