{"id":12126,"date":"2020-03-26T20:04:58","date_gmt":"2020-03-26T19:04:58","guid":{"rendered":"http:\/\/woerrlein-naturfoto.de\/wordpress\/?page_id=12126"},"modified":"2020-03-26T20:17:18","modified_gmt":"2020-03-26T19:17:18","slug":"koenigsseeschwalbe","status":"publish","type":"page","link":"https:\/\/woerrlein-naturfoto.de\/wordpress\/seeschwalben-a-z\/koenigsseeschwalbe\/","title":{"rendered":"K\u00f6nigsseeschwalbe"},"content":{"rendered":"<p><a href=\"http:\/\/woerrlein-naturfoto.de\/wordpress\/voegel\/\"><span style=\"color: #ffff66;\">V\u00f6gel<\/span> <\/a>-&gt;<a href=\"http:\/\/woerrlein-naturfoto.de\/wordpress\/hauptseite-voegel\/voegel\/watvoegel-2\"> <span style=\"color: #ffff66;\">Watv\u00f6gel<\/span> <\/a>-&gt;<a href=\"http:\/\/woerrlein-naturfoto.de\/wordpress\/hauptseite-voegel\/voegel\/watvoegel-2\/seeschwalben\/\"> <span style=\"color: #ffff66;\">Seeschwalben<\/span><\/a><br \/>\n<a title=\"V\u00f6gel von A-Z\" href=\"http:\/\/woerrlein-naturfoto.de\/wordpress\/voegel\/voegel_von_a-z\/\">V\u00f6gel von A-Z<\/a><br \/>\nZur Galerie <a title=\"Seeschwalben\" href=\"http:\/\/woerrlein-naturfoto.de\/wordpress\/hauptseite-voegel\/voegel\/watvoegel-2\/seeschwalben\/\">Seeschwalben<\/a><\/p>\n<p><img loading=\"lazy\" decoding=\"async\" class=\"alignleft wp-image-12067\" src=\"http:\/\/woerrlein-naturfoto.de\/wordpress\/wp-content\/uploads\/2020\/03\/DSC_3717-600x400.jpg\" alt=\"\" width=\"600\" height=\"400\" srcset=\"https:\/\/woerrlein-naturfoto.de\/wordpress\/wp-content\/uploads\/2020\/03\/DSC_3717-600x400.jpg 600w, https:\/\/woerrlein-naturfoto.de\/wordpress\/wp-content\/uploads\/2020\/03\/DSC_3717-768x512.jpg 768w, https:\/\/woerrlein-naturfoto.de\/wordpress\/wp-content\/uploads\/2020\/03\/DSC_3717-120x80.jpg 120w, https:\/\/woerrlein-naturfoto.de\/wordpress\/wp-content\/uploads\/2020\/03\/DSC_3717.jpg 1000w\" sizes=\"auto, (max-width: 600px) 100vw, 600px\" \/>Die <b>K\u00f6nigsseeschwalbe<\/b> (<i>Thalasseus maximus<\/i>, Syn.: <i>Sterna maxima<\/i>) ist eine Vogelart aus der Familie der Seeschwalben.<br \/>\nSie ist mit einer K\u00f6rperl\u00e4nge von 42 bis 49 Zentimetern fast ebenso gro\u00df wie die <a href=\"https:\/\/woerrlein-naturfoto.de\/wordpress\/seeschwalben-a-z\/raubseeschwalbe\/\" target=\"_blank\" rel=\"noopener noreferrer\">Raubseeschwalbe<\/a> (<i>Sterna caspia<\/i>), hat aber im Brutkleid einen orangengelben Schnabel und eine deutlicher ausgepr\u00e4gte Haube. Im Ruhekleid hat sie eine wei\u00dfe Stirn. Der Schwanz ist immer tief gegabelt. Die oberen Decken der Armschwingen sind kontrastreicher gezeichnet als die der R\u00fcppellseeschwalbe (<i>Thalasseus bengalensis<\/i>). Die Unterseite der Handschwingen ist heller, der Schwanz l\u00e4nger als bei der Raubseeschwalbe.<br \/>\nDie K\u00f6nigsseeschwalbe br\u00fctet haupts\u00e4chlich in Amerika, im Ostatlantik br\u00fctet sie nur an der K\u00fcste Nord-Mauretaniens. Sie zieht nordw\u00e4rts bis Tanger, im restlichen Europa treten sie nur als sehr seltene Irrg\u00e4ste, vermutlich nordamerikanischer Herkunft auf.<\/p>\n<p>L\u00e4nge: 42-49 cm\u00a0\u00a0 Spannweite: 125-135 cm\u00a0\u00a0 Gewicht: 350-450 g\u00a0\u00a0 Gelege: 2-3 Eier<\/p>\n<p>Zur Galerie <a title=\"Seeschwalben\" href=\"http:\/\/woerrlein-naturfoto.de\/wordpress\/hauptseite-voegel\/voegel\/watvoegel-2\/seeschwalben\/\">Seeschwalben<\/a><\/p>\n<p><em>Quelle des Textauszuges und weitere Infos bei <\/em><a href=\"https:\/\/de.wikipedia.org\/wiki\/K%C3%B6nigsseeschwalbe\" target=\"_blank\" rel=\"noopener noreferrer\">Wikipedia<\/a> <em>(<\/em><a href=\"http:\/\/www.gnu.org\/licenses\/fdl-1.3.txt\" target=\"_blank\" rel=\"noopener noreferrer\">GNU-Lizenz<\/a><em>)<\/em> \u2013 <em>mein Dank gilt den<\/em> <a href=\"https:\/\/de.wikipedia.org\/w\/index.php?title=K%C3%B6nigsseeschwalbe&amp;action=history\" target=\"_blank\" rel=\"noopener noreferrer\">Autoren<\/a>.<\/p>\n","protected":false},"excerpt":{"rendered":"<p>V\u00f6gel -&gt; Watv\u00f6gel -&gt; Seeschwalben V\u00f6gel von A-Z Zur Galerie Seeschwalben Die K\u00f6nigsseeschwalbe (Thalasseus maximus, Syn.: Sterna maxima) ist eine Vogelart aus der Familie der Seeschwalben. Sie ist mit einer K\u00f6rperl\u00e4nge von 42 bis 49 Zentimetern fast ebenso gro\u00df wie die Raubseeschwalbe (Sterna caspia), hat aber im Brutkleid einen orangengelben Schnabel und eine deutlicher ausgepr\u00e4gte &hellip; <a href=\"https:\/\/woerrlein-naturfoto.de\/wordpress\/seeschwalben-a-z\/koenigsseeschwalbe\/\" class=\"more-link\"><span class=\"screen-reader-text\">K\u00f6nigsseeschwalbe<\/span> weiterlesen <span class=\"meta-nav\">&rarr;<\/span><\/a><\/p>\n","protected":false},"author":1,"featured_media":0,"parent":3189,"menu_order":0,"comment_status":"closed","ping_status":"closed","template":"page-templates\/full-width.php","meta":{"footnotes":""},"class_list":["post-12126","page","type-page","status-publish","hentry"],"_links":{"self":[{"href":"https:\/\/woerrlein-naturfoto.de\/wordpress\/wp-json\/wp\/v2\/pages\/12126","targetHints":{"allow":["GET"]}}],"collection":[{"href":"https:\/\/woerrlein-naturfoto.de\/wordpress\/wp-json\/wp\/v2\/pages"}],"about":[{"href":"https:\/\/woerrlein-naturfoto.de\/wordpress\/wp-json\/wp\/v2\/types\/page"}],"author":[{"embeddable":true,"href":"https:\/\/woerrlein-naturfoto.de\/wordpress\/wp-json\/wp\/v2\/users\/1"}],"replies":[{"embeddable":true,"href":"https:\/\/woerrlein-naturfoto.de\/wordpress\/wp-json\/wp\/v2\/comments?post=12126"}],"version-history":[{"count":3,"href":"https:\/\/woerrlein-naturfoto.de\/wordpress\/wp-json\/wp\/v2\/pages\/12126\/revisions"}],"predecessor-version":[{"id":12129,"href":"https:\/\/woerrlein-naturfoto.de\/wordpress\/wp-json\/wp\/v2\/pages\/12126\/revisions\/12129"}],"up":[{"embeddable":true,"href":"https:\/\/woerrlein-naturfoto.de\/wordpress\/wp-json\/wp\/v2\/pages\/3189"}],"wp:attachment":[{"href":"https:\/\/woerrlein-naturfoto.de\/wordpress\/wp-json\/wp\/v2\/media?parent=12126"}],"curies":[{"name":"wp","href":"https:\/\/api.w.org\/{rel}","templated":true}]}}