{"id":1195,"date":"2014-09-26T11:59:15","date_gmt":"2014-09-26T09:59:15","guid":{"rendered":"http:\/\/woerrlein-naturfoto.de\/wordpress\/?page_id=1195"},"modified":"2024-10-13T10:10:51","modified_gmt":"2024-10-13T08:10:51","slug":"rotschenkel","status":"publish","type":"page","link":"https:\/\/woerrlein-naturfoto.de\/wordpress\/schnepfen_a-z\/rotschenkel\/","title":{"rendered":"Rotschenkel"},"content":{"rendered":"<p><a href=\"http:\/\/woerrlein-naturfoto.de\/wordpress\/voegel\/\"><span style=\"color: #ffff66;\">V\u00f6gel<\/span> <\/a>-&gt;<a href=\"http:\/\/woerrlein-naturfoto.de\/wordpress\/hauptseite-voegel\/voegel\/watvoegel-2\"> <span style=\"color: #ffff66;\">Watv\u00f6gel<\/span> <\/a><br \/>\n<a title=\"V\u00f6gel von A-Z\" href=\"http:\/\/woerrlein-naturfoto.de\/wordpress\/voegel\/voegel_von_a-z\/\">V\u00f6gel von A-Z<\/a><br \/>\nZur Galerie <a title=\"Schnepfenv\u00f6gel\" href=\"http:\/\/woerrlein-naturfoto.de\/wordpress\/hauptseite-voegel\/voegel\/watvoegel\/schnepfenvoegel\/\">Schnepfen I<\/a><\/p>\n<p><img loading=\"lazy\" decoding=\"async\" class=\"alignleft wp-image-7685\" src=\"http:\/\/woerrlein-naturfoto.de\/wordpress\/wp-content\/uploads\/2014\/08\/Rotschenkel_7859La-600x400.jpg\" alt=\"\" width=\"600\" height=\"400\" srcset=\"https:\/\/woerrlein-naturfoto.de\/wordpress\/wp-content\/uploads\/2014\/08\/Rotschenkel_7859La-600x400.jpg 600w, https:\/\/woerrlein-naturfoto.de\/wordpress\/wp-content\/uploads\/2014\/08\/Rotschenkel_7859La-120x80.jpg 120w, https:\/\/woerrlein-naturfoto.de\/wordpress\/wp-content\/uploads\/2014\/08\/Rotschenkel_7859La.jpg 1000w\" sizes=\"auto, (max-width: 600px) 100vw, 600px\" \/><\/p>\n<p>Der <b>Rotschenkel<\/b> (<i>Tringa totanus<\/i>) ist eine Vogelart aus der Familie der Schnepfenv\u00f6gel. Er ist ein Brutvogel \u00fcber weite Bereiche Eurasiens. Zu seinem Lebensraum geh\u00f6ren die mediterrane bis boreale Zone, und er kommt in Asien auch in Steppen- und W\u00fcstengebieten vor. In Mitteleuropa ist der Schwerpunkt seiner Verbreitung die K\u00fcsten und das k\u00fcstennahe Tiefland. Im Binnenland kommt er nur inselartig in kleinen Populationen vor, und im S\u00fcden Mitteleuropas ist er auf Restvorkommen reduziert.<br \/>\nDer schlanke Vogel hat einen mittellangen Schnabel, der an der Spitze schwarz und an der Basis orangerot gef\u00e4rbt ist. Die Unterseite vom Rotschenkel ist sehr variabel wei\u00df und braun gemustert, die Oberseite ist braun, schwarz und grau gefleckt. Der Kopf ist dunkel gestrichelt und f\u00e4llt durch den kurzen cremefarbenen \u00dcberaugenstreif sowie den wei\u00dfen Augenring auf. Im Ruhekleid ist der Rotschenkel auf der K\u00f6rperoberseite mehr graubraun und nicht mehr so intensiv wie im Prachtkleid gezeichnet. Die Unterseite ist wei\u00df, die Brust grau verwaschen und fein gestrichelt. Die namengebenden Beine sind im Ruhekleid orangerot und im Prachtkleid dunkelrot.<br \/>\nAuf dem Speiseplan des Rotschenkels stehen Insekten, W\u00fcrmer, Schnecken, Krebstiere, kleine Muscheln und andere Weichtiere. Mit seinem Schnabel stochert er im flachen Wasser und sucht sich seine Nahrung. W\u00e4hrend der Rotschenkel im Binnenland \u00fcberwiegend tagaktiv ist, ist er an der K\u00fcste zum Teil tidenabh\u00e4ngig. Seine Nahrung findet er pickend und sondierend. Im Watt durchpfl\u00fcgt er auch die Oberfl\u00e4che mit weit ge\u00f6ffnetem Schnabel.<\/p>\n<p>L\u00e4nge: bis 30 cm\u00a0\u00a0 Spannweite: bis 65 cm\u00a0\u00a0 Gewicht: bis 170 g\u00a0\u00a0 Gelege: 3-5 Eier<\/p>\n<p>Zur Galerie <a title=\"Schnepfenv\u00f6gel\" href=\"http:\/\/woerrlein-naturfoto.de\/wordpress\/hauptseite-voegel\/voegel\/watvoegel\/schnepfenvoegel\/\">Schnepfen I<\/a><\/p>\n<p>&nbsp;<\/p>\n<p><em>Quelle des Textauszuges und weitere Infos bei <\/em><a href=\"http:\/\/de.wikipedia.org\/wiki\/Rotschenkel\" target=\"_blank\" rel=\"noopener\">Wikipedia<\/a> <em>(<\/em><a href=\"http:\/\/www.gnu.org\/licenses\/fdl-1.3.txt\" target=\"_blank\" rel=\"noopener\">GNU-Lizenz<\/a><em>)<\/em> \u2013 <em>mein Dank gilt den<\/em> <a href=\"http:\/\/de.wikipedia.org\/w\/index.php?title=Rotschenkel&amp;action=history\" target=\"_blank\" rel=\"noopener\">Autoren<\/a>.<\/p>\n","protected":false},"excerpt":{"rendered":"<p>V\u00f6gel -&gt; Watv\u00f6gel V\u00f6gel von A-Z Zur Galerie Schnepfen I Der Rotschenkel (Tringa totanus) ist eine Vogelart aus der Familie der Schnepfenv\u00f6gel. Er ist ein Brutvogel \u00fcber weite Bereiche Eurasiens. Zu seinem Lebensraum geh\u00f6ren die mediterrane bis boreale Zone, und er kommt in Asien auch in Steppen- und W\u00fcstengebieten vor. In Mitteleuropa ist der Schwerpunkt &hellip; <a href=\"https:\/\/woerrlein-naturfoto.de\/wordpress\/schnepfen_a-z\/rotschenkel\/\" class=\"more-link\"><span class=\"screen-reader-text\">Rotschenkel<\/span> weiterlesen <span class=\"meta-nav\">&rarr;<\/span><\/a><\/p>\n","protected":false},"author":1,"featured_media":0,"parent":1143,"menu_order":0,"comment_status":"closed","ping_status":"closed","template":"page-templates\/full-width.php","meta":{"footnotes":""},"class_list":["post-1195","page","type-page","status-publish","hentry"],"_links":{"self":[{"href":"https:\/\/woerrlein-naturfoto.de\/wordpress\/wp-json\/wp\/v2\/pages\/1195","targetHints":{"allow":["GET"]}}],"collection":[{"href":"https:\/\/woerrlein-naturfoto.de\/wordpress\/wp-json\/wp\/v2\/pages"}],"about":[{"href":"https:\/\/woerrlein-naturfoto.de\/wordpress\/wp-json\/wp\/v2\/types\/page"}],"author":[{"embeddable":true,"href":"https:\/\/woerrlein-naturfoto.de\/wordpress\/wp-json\/wp\/v2\/users\/1"}],"replies":[{"embeddable":true,"href":"https:\/\/woerrlein-naturfoto.de\/wordpress\/wp-json\/wp\/v2\/comments?post=1195"}],"version-history":[{"count":14,"href":"https:\/\/woerrlein-naturfoto.de\/wordpress\/wp-json\/wp\/v2\/pages\/1195\/revisions"}],"predecessor-version":[{"id":18954,"href":"https:\/\/woerrlein-naturfoto.de\/wordpress\/wp-json\/wp\/v2\/pages\/1195\/revisions\/18954"}],"up":[{"embeddable":true,"href":"https:\/\/woerrlein-naturfoto.de\/wordpress\/wp-json\/wp\/v2\/pages\/1143"}],"wp:attachment":[{"href":"https:\/\/woerrlein-naturfoto.de\/wordpress\/wp-json\/wp\/v2\/media?parent=1195"}],"curies":[{"name":"wp","href":"https:\/\/api.w.org\/{rel}","templated":true}]}}