{"id":1192,"date":"2014-09-26T11:30:46","date_gmt":"2014-09-26T09:30:46","guid":{"rendered":"http:\/\/woerrlein-naturfoto.de\/wordpress\/?page_id=1192"},"modified":"2024-10-13T10:09:42","modified_gmt":"2024-10-13T08:09:42","slug":"regenbrachvogel","status":"publish","type":"page","link":"https:\/\/woerrlein-naturfoto.de\/wordpress\/schnepfen_a-z\/regenbrachvogel\/","title":{"rendered":"Regenbrachvogel"},"content":{"rendered":"<p><a href=\"http:\/\/woerrlein-naturfoto.de\/wordpress\/voegel\/\"><span style=\"color: #ffff66;\">V\u00f6gel<\/span> <\/a>-&gt;<a href=\"http:\/\/woerrlein-naturfoto.de\/wordpress\/hauptseite-voegel\/voegel\/watvoegel-2\"> <span style=\"color: #ffff66;\">Watv\u00f6gel<\/span> <\/a><br \/>\n<a title=\"V\u00f6gel von A-Z\" href=\"http:\/\/woerrlein-naturfoto.de\/wordpress\/voegel\/voegel_von_a-z\/\">V\u00f6gel von A-Z<\/a><br \/>\nZur Galerie <a title=\"Schnepfenv\u00f6gel\" href=\"http:\/\/woerrlein-naturfoto.de\/wordpress\/hauptseite-voegel\/voegel\/watvoegel\/schnepfenvoegel\/\">Schnepfen I<\/a><\/p>\n<p><img loading=\"lazy\" decoding=\"async\" class=\"alignleft wp-image-1123\" src=\"http:\/\/woerrlein-naturfoto.de\/wordpress\/wp-content\/uploads\/Regenbrachvoegel_16733_v-600x399.jpg\" alt=\"Regenbrachvoegel_16733_v.jpg\" width=\"600\" height=\"399\" srcset=\"https:\/\/woerrlein-naturfoto.de\/wordpress\/wp-content\/uploads\/Regenbrachvoegel_16733_v-600x399.jpg 600w, https:\/\/woerrlein-naturfoto.de\/wordpress\/wp-content\/uploads\/Regenbrachvoegel_16733_v-120x80.jpg 120w, https:\/\/woerrlein-naturfoto.de\/wordpress\/wp-content\/uploads\/Regenbrachvoegel_16733_v.jpg 1000w\" sizes=\"auto, (max-width: 600px) 100vw, 600px\" \/><\/p>\n<p>Der <b>Regenbrachvogel<\/b> (<i>Numenius phaeopus<\/i>) ist eine Art aus der Familie der Schnepfenv\u00f6gel und mit einer Spannweite um die 80 cm viel kleiner als der <a title=\"Gro\u00dfer Brachvogel\" href=\"http:\/\/woerrlein-naturfoto.de\/wordpress\/schnepfen_a-z\/grosser-brachvogel\/\" target=\"_blank\" rel=\"noopener\">Gro\u00dfe Brachvogel<\/a>.<br \/>\nIn Mitteleuropa ist der Regenbrachvogel ein regelm\u00e4\u00dfiger Durchz\u00fcgler im Herbst und Fr\u00fchjahr. Er ist am h\u00e4ufigsten an den K\u00fcsten, regelm\u00e4\u00dfig aber auch im Binnenland zu beobachten. Einzelne Regenbrachv\u00f6gel \u00fcbersommern gelegentlich auch an den K\u00fcsten im Nordwesten Mitteleuropas. Verglichen zu dem sehr \u00e4hnlichen <a title=\"Gro\u00dfer Brachvogel\" href=\"http:\/\/woerrlein-naturfoto.de\/wordpress\/schnepfen_a-z\/grosser-brachvogel\/\" target=\"_blank\" rel=\"noopener\">Gro\u00dfen Brachvogel<\/a> hat der Regenbrachvogel verh\u00e4ltnism\u00e4\u00dfig k\u00fcrzere Beine und einen k\u00fcrzeren und gleichm\u00e4\u00dfiger gekr\u00fcmmten Schnabel. Der Scheitel ist auffallend dunkelbraun und wird durch eine helle, cremefarbene Mittellinie zweigeteilt. R\u00fccken, Brust und Flanken sind dicht gefleckt und der B\u00fcrzel ist wei\u00df.<br \/>\nRegenbrachv\u00f6gel sind reviertreu, dadurch kommt es nach Ankunft im Brutgebiet h\u00e4ufig zu einer Wiederverpaarung mit dem Partnervogel des Vorjahres. Das Nest wird von den V\u00f6geln in die Bodenvegetation gedr\u00fcckt. Es ist eine flache Mulde, die sp\u00e4rlich mit Pflanzenteilen der n\u00e4chsten Umgebung ausgelegt wird.<br \/>\nDer Regenbrachvogel ortet seine Nahrung zu einem sehr gro\u00dfen Teil visuell, so dass die Beute \u00fcberwiegend aus oberfl\u00e4chenbewohnenden Organismen besteht. An den K\u00fcsten sind Krabben, Garnelen, Sandh\u00fcpfer und Meeresschnecken wie Ufer- und Wellhornschnecken seine Hauptnahrung. Im Binnenland frisst er \u00fcberwiegend Insekten und deren Larven sowie Schnecken und Regenw\u00fcrmer.Vor allem w\u00e4hrend der Brutzeit spielt vegetabilische Nahrung eine Rolle. Eine besondere Bedeutung haben die Beeren der Schwarzen Kr\u00e4henbeere.<\/p>\n<p>L\u00e4nge: 40-46 cm\u00a0\u00a0 Spannweite: ca. 80 cm\u00a0\u00a0 Gewicht: 270-600 g\u00a0\u00a0 Gelege: 3-4 Eier<\/p>\n<p>Zur Galerie <a title=\"Schnepfenv\u00f6gel\" href=\"http:\/\/woerrlein-naturfoto.de\/wordpress\/hauptseite-voegel\/voegel\/watvoegel\/schnepfenvoegel\/\">Schnepfen I<\/a><\/p>\n<p>&nbsp;<\/p>\n<p><em>Textquelle und weitere Infos bei <\/em><a href=\"http:\/\/de.wikipedia.org\/wiki\/Regenbrachvogel\" target=\"_blank\" rel=\"noopener\">Wikipedia<\/a> <em>(<\/em><a href=\"http:\/\/www.gnu.org\/licenses\/fdl-1.3.txt\" target=\"_blank\" rel=\"noopener\">GNU-Lizenz<\/a><em>)<\/em> \u2013 <em>mein Dank gilt den<\/em> <a href=\"http:\/\/de.wikipedia.org\/w\/index.php?title=Regenbrachvogel&amp;action=history\" target=\"_blank\" rel=\"noopener\">Autoren<\/a>.<\/p>\n","protected":false},"excerpt":{"rendered":"<p>V\u00f6gel -&gt; Watv\u00f6gel V\u00f6gel von A-Z Zur Galerie Schnepfen I Der Regenbrachvogel (Numenius phaeopus) ist eine Art aus der Familie der Schnepfenv\u00f6gel und mit einer Spannweite um die 80 cm viel kleiner als der Gro\u00dfe Brachvogel. In Mitteleuropa ist der Regenbrachvogel ein regelm\u00e4\u00dfiger Durchz\u00fcgler im Herbst und Fr\u00fchjahr. Er ist am h\u00e4ufigsten an den K\u00fcsten, &hellip; <a href=\"https:\/\/woerrlein-naturfoto.de\/wordpress\/schnepfen_a-z\/regenbrachvogel\/\" class=\"more-link\"><span class=\"screen-reader-text\">Regenbrachvogel<\/span> weiterlesen <span class=\"meta-nav\">&rarr;<\/span><\/a><\/p>\n","protected":false},"author":1,"featured_media":0,"parent":1143,"menu_order":0,"comment_status":"closed","ping_status":"closed","template":"page-templates\/full-width.php","meta":{"footnotes":""},"class_list":["post-1192","page","type-page","status-publish","hentry"],"_links":{"self":[{"href":"https:\/\/woerrlein-naturfoto.de\/wordpress\/wp-json\/wp\/v2\/pages\/1192","targetHints":{"allow":["GET"]}}],"collection":[{"href":"https:\/\/woerrlein-naturfoto.de\/wordpress\/wp-json\/wp\/v2\/pages"}],"about":[{"href":"https:\/\/woerrlein-naturfoto.de\/wordpress\/wp-json\/wp\/v2\/types\/page"}],"author":[{"embeddable":true,"href":"https:\/\/woerrlein-naturfoto.de\/wordpress\/wp-json\/wp\/v2\/users\/1"}],"replies":[{"embeddable":true,"href":"https:\/\/woerrlein-naturfoto.de\/wordpress\/wp-json\/wp\/v2\/comments?post=1192"}],"version-history":[{"count":13,"href":"https:\/\/woerrlein-naturfoto.de\/wordpress\/wp-json\/wp\/v2\/pages\/1192\/revisions"}],"predecessor-version":[{"id":18953,"href":"https:\/\/woerrlein-naturfoto.de\/wordpress\/wp-json\/wp\/v2\/pages\/1192\/revisions\/18953"}],"up":[{"embeddable":true,"href":"https:\/\/woerrlein-naturfoto.de\/wordpress\/wp-json\/wp\/v2\/pages\/1143"}],"wp:attachment":[{"href":"https:\/\/woerrlein-naturfoto.de\/wordpress\/wp-json\/wp\/v2\/media?parent=1192"}],"curies":[{"name":"wp","href":"https:\/\/api.w.org\/{rel}","templated":true}]}}