{"id":11893,"date":"2019-12-28T18:20:59","date_gmt":"2019-12-28T17:20:59","guid":{"rendered":"http:\/\/woerrlein-naturfoto.de\/wordpress\/?page_id=11893"},"modified":"2019-12-28T18:23:19","modified_gmt":"2019-12-28T17:23:19","slug":"weisse-silberwurz","status":"publish","type":"page","link":"https:\/\/woerrlein-naturfoto.de\/wordpress\/blueten-ii-a-z\/weisse-silberwurz\/","title":{"rendered":"Wei\u00dfe Silberwurz"},"content":{"rendered":"<p><a href=\"http:\/\/woerrlein-naturfoto.de\/wordpress\/hauptseite-pflanzen\/pflanzen\/\"><span style=\"color: #ffff66;\">Pflanzen<\/span> <\/a>-&gt;<a href=\"http:\/\/woerrlein-naturfoto.de\/wordpress\/hauptseite-pflanzen\/pflanzen\/blueten-ii-sonstige-blueten\/\"> <span style=\"color: #ffff66;\">Bl\u00fcten II (sonstige Bl\u00fcten)<\/span><\/a><br \/>\n<a href=\"http:\/\/woerrlein-naturfoto.de\/wordpress\/pflanzen-von-a-z\/\">Pflanzen von A-Z<\/a><br \/>\nZur Galerie <a href=\"http:\/\/woerrlein-naturfoto.de\/wordpress\/hauptseite-pflanzen\/pflanzen\/blueten-ii-sonstige-blueten\/\">sonstige Bl\u00fcten<\/a><\/p>\n<p><img loading=\"lazy\" decoding=\"async\" class=\"alignleft wp-image-11743\" src=\"http:\/\/woerrlein-naturfoto.de\/wordpress\/wp-content\/uploads\/2015\/01\/Samenstand_wei\u00dfe_Silberwurz_AW18059L_4875x7312-400x600.jpg\" alt=\"\" width=\"267\" height=\"400\" \/>Die <b>Wei\u00dfe Silberwurz<\/b> (<i>Dryas octopetala<\/i>) &#8211; hier der Samenstand- geh\u00f6rt zur Gattung <i>Dryas<\/i> in der Familie der Rosengew\u00e4chse. Die Art ist arktisch-alpin verbreitet. Das Gebiet umfasst neben den Alpen und anderen Gebirgen Mittel- und S\u00fcdeuropas die arktische Region, Nordeuropa, Sibirien, Ostasien und Nordamerika. In Nordschweden bildet die Silberwurz zusammen mit Moosen und Flechten die Hauptvegetation der Tundra. Die Pflanze ist ausgesprochen gen\u00fcgsam, sofern sie gen\u00fcgend Licht bekommt. Da die Pflanze nur wenige Wochen im Jahr stoffwechselaktiv ist, kann sie ein hohes Alter von bis zu 100 Jahren erreichen.<\/p>\n<p><strong>Bl\u00fctezeit:<\/strong>\u00a0\u00a0\u00a0\u00a0 Juni \/ Juli<\/p>\n<p>Zur Galerie <a title=\"Eulen\" href=\"http:\/\/woerrlein-naturfoto.de\/wordpress\/hauptseite-pflanzen\/pflanzen\/blueten-ii-sonstige-blueten\/\">sonstige Bl\u00fcten<\/a><\/p>\n<p><em>Quelle des Textauszuges und weitere Infos bei <\/em><a href=\"https:\/\/de.wikipedia.org\/wiki\/Wei%C3%9Fe_Silberwurz\" target=\"_blank\" rel=\"noopener noreferrer\">Wikipedia<\/a><em> (<\/em><a href=\"http:\/\/www.gnu.org\/licenses\/fdl-1.3.txt\" target=\"_blank\" rel=\"noopener noreferrer\">GNU-Lizenz<\/a><em>)\u2013 mein Dank gilt den <\/em><a href=\"https:\/\/de.wikipedia.org\/w\/index.php?title=Wei%C3%9Fe_Silberwurz&amp;action=history\" target=\"_blank\" rel=\"noopener noreferrer\">Autoren<\/a><em>.<\/em><\/p>\n","protected":false},"excerpt":{"rendered":"<p>Pflanzen -&gt; Bl\u00fcten II (sonstige Bl\u00fcten) Pflanzen von A-Z Zur Galerie sonstige Bl\u00fcten Die Wei\u00dfe Silberwurz (Dryas octopetala) &#8211; hier der Samenstand- geh\u00f6rt zur Gattung Dryas in der Familie der Rosengew\u00e4chse. Die Art ist arktisch-alpin verbreitet. Das Gebiet umfasst neben den Alpen und anderen Gebirgen Mittel- und S\u00fcdeuropas die arktische Region, Nordeuropa, Sibirien, Ostasien und &hellip; <a href=\"https:\/\/woerrlein-naturfoto.de\/wordpress\/blueten-ii-a-z\/weisse-silberwurz\/\" class=\"more-link\"><span class=\"screen-reader-text\">Wei\u00dfe Silberwurz<\/span> weiterlesen <span class=\"meta-nav\">&rarr;<\/span><\/a><\/p>\n","protected":false},"author":1,"featured_media":0,"parent":4851,"menu_order":0,"comment_status":"closed","ping_status":"closed","template":"page-templates\/full-width.php","meta":{"footnotes":""},"class_list":["post-11893","page","type-page","status-publish","hentry"],"_links":{"self":[{"href":"https:\/\/woerrlein-naturfoto.de\/wordpress\/wp-json\/wp\/v2\/pages\/11893","targetHints":{"allow":["GET"]}}],"collection":[{"href":"https:\/\/woerrlein-naturfoto.de\/wordpress\/wp-json\/wp\/v2\/pages"}],"about":[{"href":"https:\/\/woerrlein-naturfoto.de\/wordpress\/wp-json\/wp\/v2\/types\/page"}],"author":[{"embeddable":true,"href":"https:\/\/woerrlein-naturfoto.de\/wordpress\/wp-json\/wp\/v2\/users\/1"}],"replies":[{"embeddable":true,"href":"https:\/\/woerrlein-naturfoto.de\/wordpress\/wp-json\/wp\/v2\/comments?post=11893"}],"version-history":[{"count":3,"href":"https:\/\/woerrlein-naturfoto.de\/wordpress\/wp-json\/wp\/v2\/pages\/11893\/revisions"}],"predecessor-version":[{"id":11896,"href":"https:\/\/woerrlein-naturfoto.de\/wordpress\/wp-json\/wp\/v2\/pages\/11893\/revisions\/11896"}],"up":[{"embeddable":true,"href":"https:\/\/woerrlein-naturfoto.de\/wordpress\/wp-json\/wp\/v2\/pages\/4851"}],"wp:attachment":[{"href":"https:\/\/woerrlein-naturfoto.de\/wordpress\/wp-json\/wp\/v2\/media?parent=11893"}],"curies":[{"name":"wp","href":"https:\/\/api.w.org\/{rel}","templated":true}]}}