{"id":1189,"date":"2014-09-26T11:04:22","date_gmt":"2014-09-26T09:04:22","guid":{"rendered":"http:\/\/woerrlein-naturfoto.de\/wordpress\/?page_id=1189"},"modified":"2024-10-13T10:08:16","modified_gmt":"2024-10-13T08:08:16","slug":"meerstrandlaeufer","status":"publish","type":"page","link":"https:\/\/woerrlein-naturfoto.de\/wordpress\/schnepfen_a-z\/meerstrandlaeufer\/","title":{"rendered":"Meerstrandl\u00e4ufer"},"content":{"rendered":"<p><a href=\"http:\/\/woerrlein-naturfoto.de\/wordpress\/voegel\/\"><span style=\"color: #ffff66;\">V\u00f6gel<\/span> <\/a>-&gt;<a href=\"http:\/\/woerrlein-naturfoto.de\/wordpress\/hauptseite-voegel\/voegel\/watvoegel-2\"> <span style=\"color: #ffff66;\">Watv\u00f6gel<\/span> <\/a><br \/>\n<a title=\"V\u00f6gel von A-Z\" href=\"http:\/\/woerrlein-naturfoto.de\/wordpress\/voegel\/voegel_von_a-z\/\">V\u00f6gel von A-Z<\/a><br \/>\nZur Galerie <a title=\"Schnepfenv\u00f6gel\" href=\"https:\/\/woerrlein-naturfoto.de\/wordpress\/hauptseite-voegel\/voegel\/watvoegel-2\/schnepfenvoegel-ii-strandlaeufer\/\">Schnepfen II<\/a><\/p>\n<p><img loading=\"lazy\" decoding=\"async\" class=\"alignleft wp-image-1119\" src=\"http:\/\/woerrlein-naturfoto.de\/wordpress\/wp-content\/uploads\/Meerstrandlaeufer_26149L_v-600x400.jpg\" alt=\"Meerstrandlaeufer_26149L_v.jpg\" width=\"600\" height=\"400\" srcset=\"https:\/\/woerrlein-naturfoto.de\/wordpress\/wp-content\/uploads\/Meerstrandlaeufer_26149L_v-600x400.jpg 600w, https:\/\/woerrlein-naturfoto.de\/wordpress\/wp-content\/uploads\/Meerstrandlaeufer_26149L_v-120x80.jpg 120w, https:\/\/woerrlein-naturfoto.de\/wordpress\/wp-content\/uploads\/Meerstrandlaeufer_26149L_v.jpg 1000w\" sizes=\"auto, (max-width: 600px) 100vw, 600px\" \/><\/p>\n<p>Der <b>Meerstrandl\u00e4ufer<\/b> (<i>Calidris maritima<\/i>) ist eine monotypische Vogelart aus der Familie der Schnepfenv\u00f6gel. Er ist ein Brutvogel des \u00e4u\u00dfersten Nordens Eurasiens und Nordamerikas. In Mitteleuropa ist er zu den Zugzeiten ein regelm\u00e4\u00dfiger Durchz\u00fcgler und Wintergast. Der Winterbestand betr\u00e4gt an den K\u00fcsten der Nord- und Ostsee einige hundert Individuen. Der Meerstrandl\u00e4ufer ist etwas gr\u00f6\u00dfer als der Alpenstrandl\u00e4ufer. Weibchen sind schwerer als die M\u00e4nnchen. Charakteristisch f\u00fcr diese arktischen Strandl\u00e4ufer sind die gelben Beine und die gelbe Schnabelbasis. Im Schlichtkleid ist die Oberseite einfarbig graubraun, die Unterseite ist hell.<br \/>\nMeerstrandl\u00e4ufer erreichen ihre Geschlechtsreife vermutlich schon im 1. Lebensjahr. Sie f\u00fchren eine monogame Brutehe. Der Nestplatz findet sich gew\u00f6hnlich auf trockenem Boden. Die Nestmulde ist verh\u00e4ltnism\u00e4\u00dfig tief und mit viel Pflanzenmaterial ausgelegt. Es baut allein das M\u00e4nnchen. Die Eier sind kreiself\u00f6rmig mit einer variablen F\u00e4rbung. Die Grundfarbe variiert von blass- bis hell olivgr\u00fcn oder blaugr\u00fcn. Die Schale weist hell- bis dunkelbraune Flecken auf.<\/p>\n<p>L\u00e4nge: 20-22 cm\u00a0\u00a0 Spannweite: 38-44 cm\u00a0\u00a0 Gewicht: 52-105 g\u00a0\u00a0 Gelege: 4 Eier<\/p>\n<p>Zur Galerie <a title=\"Schnepfenv\u00f6gel\" href=\"https:\/\/woerrlein-naturfoto.de\/wordpress\/hauptseite-voegel\/voegel\/watvoegel-2\/schnepfenvoegel-ii-strandlaeufer\/\">Schnepfen II<\/a><\/p>\n<p>&nbsp;<\/p>\n<p><em>Quelle des Textauszuges und weitere Infos bei <\/em><a href=\"http:\/\/de.wikipedia.org\/wiki\/Meerstrandl%C3%A4ufer\" target=\"_blank\" rel=\"noopener\">Wikipedia<\/a> <em>(<\/em><a href=\"http:\/\/www.gnu.org\/licenses\/fdl-1.3.txt\" target=\"_blank\" rel=\"noopener\">GNU-Lizenz<\/a><em>)<\/em> \u2013 <em>mein Dank gilt den<\/em> <a href=\"http:\/\/de.wikipedia.org\/w\/index.php?title=Meerstrandl%C3%A4ufer&amp;action=history\" target=\"_blank\" rel=\"noopener\">Autoren<\/a>.<\/p>\n","protected":false},"excerpt":{"rendered":"<p>V\u00f6gel -&gt; Watv\u00f6gel V\u00f6gel von A-Z Zur Galerie Schnepfen II Der Meerstrandl\u00e4ufer (Calidris maritima) ist eine monotypische Vogelart aus der Familie der Schnepfenv\u00f6gel. Er ist ein Brutvogel des \u00e4u\u00dfersten Nordens Eurasiens und Nordamerikas. In Mitteleuropa ist er zu den Zugzeiten ein regelm\u00e4\u00dfiger Durchz\u00fcgler und Wintergast. Der Winterbestand betr\u00e4gt an den K\u00fcsten der Nord- und Ostsee &hellip; <a href=\"https:\/\/woerrlein-naturfoto.de\/wordpress\/schnepfen_a-z\/meerstrandlaeufer\/\" class=\"more-link\"><span class=\"screen-reader-text\">Meerstrandl\u00e4ufer<\/span> weiterlesen <span class=\"meta-nav\">&rarr;<\/span><\/a><\/p>\n","protected":false},"author":1,"featured_media":0,"parent":1143,"menu_order":0,"comment_status":"closed","ping_status":"closed","template":"page-templates\/full-width.php","meta":{"footnotes":""},"class_list":["post-1189","page","type-page","status-publish","hentry"],"_links":{"self":[{"href":"https:\/\/woerrlein-naturfoto.de\/wordpress\/wp-json\/wp\/v2\/pages\/1189","targetHints":{"allow":["GET"]}}],"collection":[{"href":"https:\/\/woerrlein-naturfoto.de\/wordpress\/wp-json\/wp\/v2\/pages"}],"about":[{"href":"https:\/\/woerrlein-naturfoto.de\/wordpress\/wp-json\/wp\/v2\/types\/page"}],"author":[{"embeddable":true,"href":"https:\/\/woerrlein-naturfoto.de\/wordpress\/wp-json\/wp\/v2\/users\/1"}],"replies":[{"embeddable":true,"href":"https:\/\/woerrlein-naturfoto.de\/wordpress\/wp-json\/wp\/v2\/comments?post=1189"}],"version-history":[{"count":14,"href":"https:\/\/woerrlein-naturfoto.de\/wordpress\/wp-json\/wp\/v2\/pages\/1189\/revisions"}],"predecessor-version":[{"id":18950,"href":"https:\/\/woerrlein-naturfoto.de\/wordpress\/wp-json\/wp\/v2\/pages\/1189\/revisions\/18950"}],"up":[{"embeddable":true,"href":"https:\/\/woerrlein-naturfoto.de\/wordpress\/wp-json\/wp\/v2\/pages\/1143"}],"wp:attachment":[{"href":"https:\/\/woerrlein-naturfoto.de\/wordpress\/wp-json\/wp\/v2\/media?parent=1189"}],"curies":[{"name":"wp","href":"https:\/\/api.w.org\/{rel}","templated":true}]}}