{"id":11884,"date":"2019-12-28T18:04:09","date_gmt":"2019-12-28T17:04:09","guid":{"rendered":"http:\/\/woerrlein-naturfoto.de\/wordpress\/?page_id=11884"},"modified":"2019-12-28T18:09:56","modified_gmt":"2019-12-28T17:09:56","slug":"tuepfel-enzian","status":"publish","type":"page","link":"https:\/\/woerrlein-naturfoto.de\/wordpress\/blueten-ii-a-z\/tuepfel-enzian\/","title":{"rendered":"T\u00fcpfel-Enzian"},"content":{"rendered":"<p><a href=\"http:\/\/woerrlein-naturfoto.de\/wordpress\/hauptseite-pflanzen\/pflanzen\/\"><span style=\"color: #ffff66;\">Pflanzen<\/span> <\/a>-&gt;<a href=\"http:\/\/woerrlein-naturfoto.de\/wordpress\/hauptseite-pflanzen\/pflanzen\/blueten-ii-sonstige-blueten\/\"> <span style=\"color: #ffff66;\">Bl\u00fcten II (sonstige Bl\u00fcten)<\/span><\/a><br \/>\n<a href=\"http:\/\/woerrlein-naturfoto.de\/wordpress\/pflanzen-von-a-z\/\">Pflanzen von A-Z<\/a><br \/>\nZur Galerie <a href=\"http:\/\/woerrlein-naturfoto.de\/wordpress\/hauptseite-pflanzen\/pflanzen\/blueten-ii-sonstige-blueten\/\">sonstige Bl\u00fcten<code><\/code><\/a><\/p>\n<p><a href=\"http:\/\/woerrlein-naturfoto.de\/wordpress\/hauptseite-pflanzen\/pflanzen\/blueten-ii-sonstige-blueten\/\"><img loading=\"lazy\" decoding=\"async\" class=\"alignleft wp-image-11750\" src=\"http:\/\/woerrlein-naturfoto.de\/wordpress\/wp-content\/uploads\/2015\/01\/Tuepfel_Enzian_AW17521L_4500x6750-400x600.jpg\" alt=\"\" width=\"267\" height=\"400\" srcset=\"https:\/\/woerrlein-naturfoto.de\/wordpress\/wp-content\/uploads\/2015\/01\/Tuepfel_Enzian_AW17521L_4500x6750-400x600.jpg 400w, https:\/\/woerrlein-naturfoto.de\/wordpress\/wp-content\/uploads\/2015\/01\/Tuepfel_Enzian_AW17521L_4500x6750.jpg 567w\" sizes=\"auto, (max-width: 267px) 100vw, 267px\" \/><\/a>Der <b>T\u00fcpfel-Enzian<\/b> (<i>Gentiana punctata<\/i>), auch <b>Punktierter Enzian<\/b> genannt, ist eine Pflanzenart aus der Gattung Enzian. Er erreicht Wuchsh\u00f6hen von 20 bis 60 Zentimetern und wird wie der Gelbe Enzian als Arzneipflanze verwendet.<br \/>\nDer T\u00fcpfel-Enzian gedeiht in europ\u00e4ischen Gebirgen und ist sowohl in den Alpen als auch in den Karpaten sowie der Balkanhalbinsel beheimatet. In den Kalkalpen findet man ihn selten, in den Zentral- und S\u00fcdalpen kommt er dagegen h\u00e4ufig vor. Er fehlt \u00f6stlich der Linie Salzburg-Bozen durchweg.<\/p>\n<p><strong>Bl\u00fctezeit:<\/strong>\u00a0\u00a0\u00a0\u00a0 Juli bis September<\/p>\n<p>Zur Galerie <a title=\"Eulen\" href=\"http:\/\/woerrlein-naturfoto.de\/wordpress\/hauptseite-pflanzen\/pflanzen\/blueten-ii-sonstige-blueten\/\">sonstige Bl\u00fcten<\/a><\/p>\n<p><em>Quelle des Textauszuges und weitere Infos bei <\/em><a href=\"https:\/\/de.wikipedia.org\/wiki\/T%C3%BCpfel-Enzian\" target=\"_blank\" rel=\"noopener noreferrer\">Wikipedia<\/a><em> (<\/em><a href=\"http:\/\/www.gnu.org\/licenses\/fdl-1.3.txt\" target=\"_blank\" rel=\"noopener noreferrer\">GNU-Lizenz<\/a><em>)\u2013 mein Dank gilt den <\/em><a href=\"https:\/\/de.wikipedia.org\/w\/index.php?title=T%C3%BCpfel-Enzian&amp;action=history\" target=\"_blank\" rel=\"noopener noreferrer\">Autoren<\/a><em>.<\/em><\/p>\n","protected":false},"excerpt":{"rendered":"<p>Pflanzen -&gt; Bl\u00fcten II (sonstige Bl\u00fcten) Pflanzen von A-Z Zur Galerie sonstige Bl\u00fcten Der T\u00fcpfel-Enzian (Gentiana punctata), auch Punktierter Enzian genannt, ist eine Pflanzenart aus der Gattung Enzian. Er erreicht Wuchsh\u00f6hen von 20 bis 60 Zentimetern und wird wie der Gelbe Enzian als Arzneipflanze verwendet. Der T\u00fcpfel-Enzian gedeiht in europ\u00e4ischen Gebirgen und ist sowohl in &hellip; <a href=\"https:\/\/woerrlein-naturfoto.de\/wordpress\/blueten-ii-a-z\/tuepfel-enzian\/\" class=\"more-link\"><span class=\"screen-reader-text\">T\u00fcpfel-Enzian<\/span> weiterlesen <span class=\"meta-nav\">&rarr;<\/span><\/a><\/p>\n","protected":false},"author":1,"featured_media":0,"parent":4851,"menu_order":0,"comment_status":"closed","ping_status":"closed","template":"page-templates\/full-width.php","meta":{"footnotes":""},"class_list":["post-11884","page","type-page","status-publish","hentry"],"_links":{"self":[{"href":"https:\/\/woerrlein-naturfoto.de\/wordpress\/wp-json\/wp\/v2\/pages\/11884","targetHints":{"allow":["GET"]}}],"collection":[{"href":"https:\/\/woerrlein-naturfoto.de\/wordpress\/wp-json\/wp\/v2\/pages"}],"about":[{"href":"https:\/\/woerrlein-naturfoto.de\/wordpress\/wp-json\/wp\/v2\/types\/page"}],"author":[{"embeddable":true,"href":"https:\/\/woerrlein-naturfoto.de\/wordpress\/wp-json\/wp\/v2\/users\/1"}],"replies":[{"embeddable":true,"href":"https:\/\/woerrlein-naturfoto.de\/wordpress\/wp-json\/wp\/v2\/comments?post=11884"}],"version-history":[{"count":7,"href":"https:\/\/woerrlein-naturfoto.de\/wordpress\/wp-json\/wp\/v2\/pages\/11884\/revisions"}],"predecessor-version":[{"id":11891,"href":"https:\/\/woerrlein-naturfoto.de\/wordpress\/wp-json\/wp\/v2\/pages\/11884\/revisions\/11891"}],"up":[{"embeddable":true,"href":"https:\/\/woerrlein-naturfoto.de\/wordpress\/wp-json\/wp\/v2\/pages\/4851"}],"wp:attachment":[{"href":"https:\/\/woerrlein-naturfoto.de\/wordpress\/wp-json\/wp\/v2\/media?parent=11884"}],"curies":[{"name":"wp","href":"https:\/\/api.w.org\/{rel}","templated":true}]}}