{"id":11879,"date":"2019-12-28T17:34:57","date_gmt":"2019-12-28T16:34:57","guid":{"rendered":"http:\/\/woerrlein-naturfoto.de\/wordpress\/?page_id=11879"},"modified":"2019-12-28T17:36:55","modified_gmt":"2019-12-28T16:36:55","slug":"kugelige-teufelskralle","status":"publish","type":"page","link":"https:\/\/woerrlein-naturfoto.de\/wordpress\/blueten-ii-a-z\/kugelige-teufelskralle\/","title":{"rendered":"Kugelige Teufelskralle"},"content":{"rendered":"<p><a href=\"http:\/\/woerrlein-naturfoto.de\/wordpress\/hauptseite-pflanzen\/pflanzen\/\"><span style=\"color: #ffff66;\">Pflanzen<\/span> <\/a>-&gt;<a href=\"http:\/\/woerrlein-naturfoto.de\/wordpress\/hauptseite-pflanzen\/pflanzen\/blueten-ii-sonstige-blueten\/\"> <span style=\"color: #ffff66;\">Bl\u00fcten II (sonstige Bl\u00fcten)<\/span><\/a><br \/>\n<a href=\"http:\/\/woerrlein-naturfoto.de\/wordpress\/pflanzen-von-a-z\/\">Pflanzen von A-Z<\/a><br \/>\nZur Galerie <a href=\"http:\/\/woerrlein-naturfoto.de\/wordpress\/hauptseite-pflanzen\/pflanzen\/blueten-ii-sonstige-blueten\/\">sonstige Bl\u00fcten<\/a><\/p>\n<p><a href=\"http:\/\/woerrlein-naturfoto.de\/wordpress\/hauptseite-pflanzen\/pflanzen\/blueten-ii-sonstige-blueten\/\"><img loading=\"lazy\" decoding=\"async\" class=\"alignleft wp-image-11737\" src=\"http:\/\/woerrlein-naturfoto.de\/wordpress\/wp-content\/uploads\/2015\/01\/KugeligeTeufelskralle_D20190721_2245-400x600.jpg\" alt=\"\" width=\"267\" height=\"400\" srcset=\"https:\/\/woerrlein-naturfoto.de\/wordpress\/wp-content\/uploads\/2015\/01\/KugeligeTeufelskralle_D20190721_2245-400x600.jpg 400w, https:\/\/woerrlein-naturfoto.de\/wordpress\/wp-content\/uploads\/2015\/01\/KugeligeTeufelskralle_D20190721_2245.jpg 567w\" sizes=\"auto, (max-width: 267px) 100vw, 267px\" \/><\/a>Die <b>Kugelige Teufelskralle<\/b> (<i>Phyteuma orbiculare<\/i>) ist eine Pflanzenart, die zur Gattung der Teufelskrallen in der Familie der Glockenblumengew\u00e4chse geh\u00f6rt. Sie erreicht eine Wuchsh\u00f6hen von bis zu 50 Zentimetern. Die in einer Rosette angeordneten Grundbl\u00e4tter sind gestielt und ihre eif\u00f6rmige bis lanzettliche Blattspreite ist in oder unter der Mitte am breitesten. Die oberen St\u00e4ngelbl\u00e4tter sind eilanzettlich bis linealisch. Die k\u00f6pfchenf\u00f6rmigen Bl\u00fctenst\u00e4nde weisen einen Durchmesser von 1,5 bis 3 Zentimetern auf und enthalten meist 15 bis 30 Bl\u00fcten. Die \u00e4u\u00dferen H\u00fcllbl\u00e4tter sind eilanzettlich und meist zwei- bis viermal so lang wie breit. Die zwittrigen Bl\u00fcten sind f\u00fcnfz\u00e4hlig mit doppelter Bl\u00fctenh\u00fclle.<br \/>\nDiese kalkliebende Pflanze ist h\u00e4ufig auf Magerrasen, Flachmoorwiesen, F\u00f6hrenw\u00e4lder in Europa von den Pyren\u00e4en bis zum Balkan. Die Kugelige Teufelskralle ist bis in H\u00f6henlagen von 2400 Metern anzutreffen.<\/p>\n<p><strong>Bl\u00fctezeit:<\/strong>\u00a0\u00a0\u00a0\u00a0 Mai bis Juli<\/p>\n<p>Zur Galerie <a title=\"Eulen\" href=\"http:\/\/woerrlein-naturfoto.de\/wordpress\/hauptseite-pflanzen\/pflanzen\/blueten-ii-sonstige-blueten\/\">sonstige Bl\u00fcten<\/a><\/p>\n<p><em>Quelle des Textauszuges und weitere Infos bei <\/em><a href=\"https:\/\/de.wikipedia.org\/wiki\/Kugelige_Teufelskralle\" target=\"_blank\" rel=\"noopener noreferrer\">Wikipedia<\/a><em> (<\/em><a href=\"http:\/\/www.gnu.org\/licenses\/fdl-1.3.txt\" target=\"_blank\" rel=\"noopener noreferrer\">GNU-Lizenz<\/a><em>)\u2013 mein Dank gilt den <\/em><a href=\"https:\/\/de.wikipedia.org\/w\/index.php?title=Kugelige_Teufelskralle&amp;action=history\" target=\"_blank\" rel=\"noopener noreferrer\">Autoren<\/a><em>.<\/em><\/p>\n","protected":false},"excerpt":{"rendered":"<p>Pflanzen -&gt; Bl\u00fcten II (sonstige Bl\u00fcten) Pflanzen von A-Z Zur Galerie sonstige Bl\u00fcten Die Kugelige Teufelskralle (Phyteuma orbiculare) ist eine Pflanzenart, die zur Gattung der Teufelskrallen in der Familie der Glockenblumengew\u00e4chse geh\u00f6rt. Sie erreicht eine Wuchsh\u00f6hen von bis zu 50 Zentimetern. Die in einer Rosette angeordneten Grundbl\u00e4tter sind gestielt und ihre eif\u00f6rmige bis lanzettliche Blattspreite &hellip; <a href=\"https:\/\/woerrlein-naturfoto.de\/wordpress\/blueten-ii-a-z\/kugelige-teufelskralle\/\" class=\"more-link\"><span class=\"screen-reader-text\">Kugelige Teufelskralle<\/span> weiterlesen <span class=\"meta-nav\">&rarr;<\/span><\/a><\/p>\n","protected":false},"author":1,"featured_media":0,"parent":4851,"menu_order":0,"comment_status":"closed","ping_status":"closed","template":"page-templates\/full-width.php","meta":{"footnotes":""},"class_list":["post-11879","page","type-page","status-publish","hentry"],"_links":{"self":[{"href":"https:\/\/woerrlein-naturfoto.de\/wordpress\/wp-json\/wp\/v2\/pages\/11879","targetHints":{"allow":["GET"]}}],"collection":[{"href":"https:\/\/woerrlein-naturfoto.de\/wordpress\/wp-json\/wp\/v2\/pages"}],"about":[{"href":"https:\/\/woerrlein-naturfoto.de\/wordpress\/wp-json\/wp\/v2\/types\/page"}],"author":[{"embeddable":true,"href":"https:\/\/woerrlein-naturfoto.de\/wordpress\/wp-json\/wp\/v2\/users\/1"}],"replies":[{"embeddable":true,"href":"https:\/\/woerrlein-naturfoto.de\/wordpress\/wp-json\/wp\/v2\/comments?post=11879"}],"version-history":[{"count":3,"href":"https:\/\/woerrlein-naturfoto.de\/wordpress\/wp-json\/wp\/v2\/pages\/11879\/revisions"}],"predecessor-version":[{"id":11882,"href":"https:\/\/woerrlein-naturfoto.de\/wordpress\/wp-json\/wp\/v2\/pages\/11879\/revisions\/11882"}],"up":[{"embeddable":true,"href":"https:\/\/woerrlein-naturfoto.de\/wordpress\/wp-json\/wp\/v2\/pages\/4851"}],"wp:attachment":[{"href":"https:\/\/woerrlein-naturfoto.de\/wordpress\/wp-json\/wp\/v2\/media?parent=11879"}],"curies":[{"name":"wp","href":"https:\/\/api.w.org\/{rel}","templated":true}]}}