{"id":11869,"date":"2019-12-28T17:04:11","date_gmt":"2019-12-28T16:04:11","guid":{"rendered":"http:\/\/woerrlein-naturfoto.de\/wordpress\/?page_id=11869"},"modified":"2019-12-28T17:05:59","modified_gmt":"2019-12-28T16:05:59","slug":"fruehlings-enzian","status":"publish","type":"page","link":"https:\/\/woerrlein-naturfoto.de\/wordpress\/blueten-ii-a-z\/fruehlings-enzian\/","title":{"rendered":"Fr\u00fchlings-Enzian"},"content":{"rendered":"<p><a href=\"http:\/\/woerrlein-naturfoto.de\/wordpress\/hauptseite-pflanzen\/pflanzen\/\"><span style=\"color: #ffff66;\">Pflanzen<\/span> <\/a>-&gt;<a href=\"http:\/\/woerrlein-naturfoto.de\/wordpress\/hauptseite-pflanzen\/pflanzen\/blueten-ii-sonstige-blueten\/\"> <span style=\"color: #ffff66;\">Bl\u00fcten II (sonstige Bl\u00fcten)<\/span><\/a><br \/>\n<a href=\"http:\/\/woerrlein-naturfoto.de\/wordpress\/pflanzen-von-a-z\/\">Pflanzen von A-Z<\/a><br \/>\nZur Galerie <a href=\"http:\/\/woerrlein-naturfoto.de\/wordpress\/hauptseite-pflanzen\/pflanzen\/blueten-ii-sonstige-blueten\/\">sonstige Bl\u00fcten<code><\/code><\/a><\/p>\n<p><a href=\"http:\/\/woerrlein-naturfoto.de\/wordpress\/hauptseite-pflanzen\/pflanzen\/blueten-ii-sonstige-blueten\/\"><img loading=\"lazy\" decoding=\"async\" class=\"alignleft wp-image-11753\" src=\"http:\/\/woerrlein-naturfoto.de\/wordpress\/wp-content\/uploads\/2015\/01\/Fruehlingsenzian_AW17295L_4615x6923-400x600.jpg\" alt=\"\" width=\"267\" height=\"400\" srcset=\"https:\/\/woerrlein-naturfoto.de\/wordpress\/wp-content\/uploads\/2015\/01\/Fruehlingsenzian_AW17295L_4615x6923-400x600.jpg 400w, https:\/\/woerrlein-naturfoto.de\/wordpress\/wp-content\/uploads\/2015\/01\/Fruehlingsenzian_AW17295L_4615x6923.jpg 567w\" sizes=\"auto, (max-width: 267px) 100vw, 267px\" \/><\/a>Der <b>Fr\u00fchlings-Enzian<\/b> (<i>Gentiana verna<\/i>), auch <b>Schusternagerl<\/b>, <b>Schustern\u00e4gele<\/b>, <b>Rauchfangkehrer<\/b>, <b>Himmelsbl\u00e4ueli<\/b>, <b>Herrgottsliechtli<\/b>, <b>Tintabluoma<\/b> oder <b>Himmelsstengel<\/b> genannt, ist eine der kleinsten Pflanzenarten der Gattung Enziane.<br \/>\nDer Fr\u00fchlings-Enzian erreicht normalerweise Wuchsh\u00f6hen von nur wenigen Zentimetern, nur unter besonders g\u00fcnstigen Umst\u00e4nden von bis auf 15 Zentimetern. Der kurze und kantige St\u00e4ngel w\u00e4chst aufrecht.<br \/>\nDie Bl\u00fctenform (Stieltellerbl\u00fcte) und die leuchtend blaue F\u00e4rbung deuten darauf hin, dass der Fr\u00fchlings-Enzian besonders von Tagfaltern best\u00e4ubt wird. Weiter sind auch langr\u00fcsselige Hautfl\u00fcgler, vor allem Hummeln beteiligt. Die Ausbreitung der Samen erfolgt neben der durch Ameisen in erster Linie \u00fcber den Wind.<\/p>\n<p><strong>Bl\u00fctezeit:<\/strong>\u00a0\u00a0\u00a0\u00a0 M\u00e4rz bis August<\/p>\n<p>Zur Galerie <a title=\"Eulen\" href=\"http:\/\/woerrlein-naturfoto.de\/wordpress\/hauptseite-pflanzen\/pflanzen\/blueten-ii-sonstige-blueten\/\">sonstige Bl\u00fcten<\/a><\/p>\n<p><em>Quelle des Textauszuges und weitere Infos bei <\/em><a href=\"http:\/\/de.wikipedia.org\/wiki\/Acker-Hornkraut\" target=\"_blank\" rel=\"noopener noreferrer\">Wikipedia<\/a><em> (<\/em><a href=\"http:\/\/www.gnu.org\/licenses\/fdl-1.3.txt\" target=\"_blank\" rel=\"noopener noreferrer\">GNU-Lizenz<\/a><em>)\u2013 mein Dank gilt den <\/em><a href=\"https:\/\/de.wikipedia.org\/w\/index.php?title=Fr%C3%BChlings-Enzian&amp;action=history\">Autoren<\/a><em>.<\/em><\/p>\n","protected":false},"excerpt":{"rendered":"<p>Pflanzen -&gt; Bl\u00fcten II (sonstige Bl\u00fcten) Pflanzen von A-Z Zur Galerie sonstige Bl\u00fcten Der Fr\u00fchlings-Enzian (Gentiana verna), auch Schusternagerl, Schustern\u00e4gele, Rauchfangkehrer, Himmelsbl\u00e4ueli, Herrgottsliechtli, Tintabluoma oder Himmelsstengel genannt, ist eine der kleinsten Pflanzenarten der Gattung Enziane. Der Fr\u00fchlings-Enzian erreicht normalerweise Wuchsh\u00f6hen von nur wenigen Zentimetern, nur unter besonders g\u00fcnstigen Umst\u00e4nden von bis auf 15 Zentimetern. Der &hellip; <a href=\"https:\/\/woerrlein-naturfoto.de\/wordpress\/blueten-ii-a-z\/fruehlings-enzian\/\" class=\"more-link\"><span class=\"screen-reader-text\">Fr\u00fchlings-Enzian<\/span> weiterlesen <span class=\"meta-nav\">&rarr;<\/span><\/a><\/p>\n","protected":false},"author":1,"featured_media":0,"parent":4851,"menu_order":0,"comment_status":"closed","ping_status":"closed","template":"page-templates\/full-width.php","meta":{"footnotes":""},"class_list":["post-11869","page","type-page","status-publish","hentry"],"_links":{"self":[{"href":"https:\/\/woerrlein-naturfoto.de\/wordpress\/wp-json\/wp\/v2\/pages\/11869","targetHints":{"allow":["GET"]}}],"collection":[{"href":"https:\/\/woerrlein-naturfoto.de\/wordpress\/wp-json\/wp\/v2\/pages"}],"about":[{"href":"https:\/\/woerrlein-naturfoto.de\/wordpress\/wp-json\/wp\/v2\/types\/page"}],"author":[{"embeddable":true,"href":"https:\/\/woerrlein-naturfoto.de\/wordpress\/wp-json\/wp\/v2\/users\/1"}],"replies":[{"embeddable":true,"href":"https:\/\/woerrlein-naturfoto.de\/wordpress\/wp-json\/wp\/v2\/comments?post=11869"}],"version-history":[{"count":3,"href":"https:\/\/woerrlein-naturfoto.de\/wordpress\/wp-json\/wp\/v2\/pages\/11869\/revisions"}],"predecessor-version":[{"id":11872,"href":"https:\/\/woerrlein-naturfoto.de\/wordpress\/wp-json\/wp\/v2\/pages\/11869\/revisions\/11872"}],"up":[{"embeddable":true,"href":"https:\/\/woerrlein-naturfoto.de\/wordpress\/wp-json\/wp\/v2\/pages\/4851"}],"wp:attachment":[{"href":"https:\/\/woerrlein-naturfoto.de\/wordpress\/wp-json\/wp\/v2\/media?parent=11869"}],"curies":[{"name":"wp","href":"https:\/\/api.w.org\/{rel}","templated":true}]}}