{"id":11863,"date":"2019-12-28T16:37:01","date_gmt":"2019-12-28T15:37:01","guid":{"rendered":"http:\/\/woerrlein-naturfoto.de\/wordpress\/?page_id=11863"},"modified":"2019-12-28T16:43:20","modified_gmt":"2019-12-28T15:43:20","slug":"blauer-eisenhut","status":"publish","type":"page","link":"https:\/\/woerrlein-naturfoto.de\/wordpress\/blueten-ii-a-z\/blauer-eisenhut\/","title":{"rendered":"Blauer Eisenhut"},"content":{"rendered":"<p><a href=\"http:\/\/woerrlein-naturfoto.de\/wordpress\/hauptseite-pflanzen\/pflanzen\/\"><span style=\"color: #ffff66;\">Pflanzen<\/span> <\/a>-&gt;<a href=\"http:\/\/woerrlein-naturfoto.de\/wordpress\/hauptseite-pflanzen\/pflanzen\/blueten-ii-sonstige-blueten\/\"> <span style=\"color: #ffff66;\">Bl\u00fcten II (sonstige Bl\u00fcten)<\/span><\/a><br \/>\n<a href=\"http:\/\/woerrlein-naturfoto.de\/wordpress\/pflanzen-von-a-z\/\">Pflanzen von A-Z<\/a><br \/>\nZur Galerie <a href=\"http:\/\/woerrlein-naturfoto.de\/wordpress\/hauptseite-pflanzen\/pflanzen\/blueten-ii-sonstige-blueten\/\">sonstige Bl\u00fcten<code><\/code><\/a><\/p>\n<p><a href=\"http:\/\/woerrlein-naturfoto.de\/wordpress\/hauptseite-pflanzen\/pflanzen\/blueten-ii-sonstige-blueten\/\"><img loading=\"lazy\" decoding=\"async\" class=\"alignleft wp-image-11738\" src=\"http:\/\/woerrlein-naturfoto.de\/wordpress\/wp-content\/uploads\/2015\/01\/BlauerEisenhut_D20190719_2084-400x600.jpg\" alt=\"\" width=\"267\" height=\"400\" \/><\/a>Der <b>Blaue Eisenhut<\/b> (<i>Aconitum napellus<\/i>) ist eine Pflanzenart aus der Gattung Eisenhut in der Familie der Hahnenfu\u00dfgew\u00e4chse. Er ist eine traditionelle Zier- und Arzneipflanze. Alle Pflanzenteile sind stark giftig. Bereits zwei Gramm der Wurzel sind t\u00f6dlich.<br \/>\nDie zahlreichen dicht, wechselst\u00e4ndig am St\u00e4ngel angeordneten Laubbl\u00e4tter sind in Blattstiel und Blattspreite gegliedert. Die dunkelgr\u00fcne, fast kahle Blattspreite ist handf\u00f6rmig f\u00fcnf- bis siebenfach tief geteilt. Die einzelnen Blattzipfel sind meist 3 bis 7 Millimeter breit. Die oberen Bl\u00e4tter sind weniger gegliedert als die unteren.<br \/>\nDer Blaue Eisenhut gedeiht am besten auf k\u00fchlen und feuchten, n\u00e4hrstoffreichen, auch kalkhaltigen Lehm- und Tonb\u00f6den und hellen bis halbschattigen Standorten. Die Wildform kommt an Bachufern, auf feuchten Wiesen und an lichten Stellen in Auw\u00e4ldern vor. Nat\u00fcrliches Hauptverbreitungsgebiet sind die europ\u00e4ischen Gebirge und die h\u00f6heren Lagen der Mittelgebirge.<\/p>\n<p><strong>Bl\u00fctezeit:<\/strong>\u00a0\u00a0\u00a0\u00a0 Juni bis September<\/p>\n<p>Zur Galerie <a title=\"Eulen\" href=\"http:\/\/woerrlein-naturfoto.de\/wordpress\/hauptseite-pflanzen\/pflanzen\/blueten-ii-sonstige-blueten\/\">sonstige Bl\u00fcten<\/a><\/p>\n<p><em>Quelle des Textauszuges und weitere Infos bei <\/em><a href=\"https:\/\/de.wikipedia.org\/wiki\/Blauer_Eisenhut\" target=\"_blank\" rel=\"noopener noreferrer\">Wikipedia<\/a><em> (<\/em><a href=\"http:\/\/www.gnu.org\/licenses\/fdl-1.3.txt\" target=\"_blank\" rel=\"noopener noreferrer\">GNU-Lizenz<\/a><em>)\u2013 mein Dank gilt den <\/em><a href=\"https:\/\/de.wikipedia.org\/w\/index.php?title=Blauer_Eisenhut&amp;action=history\" target=\"_blank\" rel=\"noopener noreferrer\">Autoren<\/a><em>.<\/em><\/p>\n","protected":false},"excerpt":{"rendered":"<p>Pflanzen -&gt; Bl\u00fcten II (sonstige Bl\u00fcten) Pflanzen von A-Z Zur Galerie sonstige Bl\u00fcten Der Blaue Eisenhut (Aconitum napellus) ist eine Pflanzenart aus der Gattung Eisenhut in der Familie der Hahnenfu\u00dfgew\u00e4chse. Er ist eine traditionelle Zier- und Arzneipflanze. Alle Pflanzenteile sind stark giftig. Bereits zwei Gramm der Wurzel sind t\u00f6dlich. Die zahlreichen dicht, wechselst\u00e4ndig am St\u00e4ngel &hellip; <a href=\"https:\/\/woerrlein-naturfoto.de\/wordpress\/blueten-ii-a-z\/blauer-eisenhut\/\" class=\"more-link\"><span class=\"screen-reader-text\">Blauer Eisenhut<\/span> weiterlesen <span class=\"meta-nav\">&rarr;<\/span><\/a><\/p>\n","protected":false},"author":1,"featured_media":0,"parent":4851,"menu_order":0,"comment_status":"closed","ping_status":"closed","template":"page-templates\/full-width.php","meta":{"footnotes":""},"class_list":["post-11863","page","type-page","status-publish","hentry"],"_links":{"self":[{"href":"https:\/\/woerrlein-naturfoto.de\/wordpress\/wp-json\/wp\/v2\/pages\/11863","targetHints":{"allow":["GET"]}}],"collection":[{"href":"https:\/\/woerrlein-naturfoto.de\/wordpress\/wp-json\/wp\/v2\/pages"}],"about":[{"href":"https:\/\/woerrlein-naturfoto.de\/wordpress\/wp-json\/wp\/v2\/types\/page"}],"author":[{"embeddable":true,"href":"https:\/\/woerrlein-naturfoto.de\/wordpress\/wp-json\/wp\/v2\/users\/1"}],"replies":[{"embeddable":true,"href":"https:\/\/woerrlein-naturfoto.de\/wordpress\/wp-json\/wp\/v2\/comments?post=11863"}],"version-history":[{"count":4,"href":"https:\/\/woerrlein-naturfoto.de\/wordpress\/wp-json\/wp\/v2\/pages\/11863\/revisions"}],"predecessor-version":[{"id":11867,"href":"https:\/\/woerrlein-naturfoto.de\/wordpress\/wp-json\/wp\/v2\/pages\/11863\/revisions\/11867"}],"up":[{"embeddable":true,"href":"https:\/\/woerrlein-naturfoto.de\/wordpress\/wp-json\/wp\/v2\/pages\/4851"}],"wp:attachment":[{"href":"https:\/\/woerrlein-naturfoto.de\/wordpress\/wp-json\/wp\/v2\/media?parent=11863"}],"curies":[{"name":"wp","href":"https:\/\/api.w.org\/{rel}","templated":true}]}}