{"id":11855,"date":"2019-12-28T16:25:26","date_gmt":"2019-12-28T15:25:26","guid":{"rendered":"http:\/\/woerrlein-naturfoto.de\/wordpress\/?page_id=11855"},"modified":"2019-12-28T16:30:13","modified_gmt":"2019-12-28T15:30:13","slug":"berg-hauswurz","status":"publish","type":"page","link":"https:\/\/woerrlein-naturfoto.de\/wordpress\/blueten-ii-a-z\/berg-hauswurz\/","title":{"rendered":"Berg-Hauswurz"},"content":{"rendered":"<p><a href=\"http:\/\/woerrlein-naturfoto.de\/wordpress\/hauptseite-pflanzen\/pflanzen\/\"><span style=\"color: #ffff66;\">Pflanzen<\/span> <\/a>-&gt;<a href=\"http:\/\/woerrlein-naturfoto.de\/wordpress\/hauptseite-pflanzen\/pflanzen\/blueten-ii-sonstige-blueten\/\"> <span style=\"color: #ffff66;\">Bl\u00fcten II (sonstige Bl\u00fcten)<\/span><\/a><br \/>\n<a href=\"http:\/\/woerrlein-naturfoto.de\/wordpress\/pflanzen-von-a-z\/\">Pflanzen von A-Z<\/a><br \/>\nZur Galerie <a href=\"http:\/\/woerrlein-naturfoto.de\/wordpress\/hauptseite-pflanzen\/pflanzen\/blueten-ii-sonstige-blueten\/\">sonstige Bl\u00fcten<code><\/code><\/a><\/p>\n<p><a href=\"http:\/\/woerrlein-naturfoto.de\/wordpress\/hauptseite-pflanzen\/pflanzen\/blueten-ii-sonstige-blueten\/\"><img loading=\"lazy\" decoding=\"async\" class=\"alignleft wp-image-11746\" src=\"http:\/\/woerrlein-naturfoto.de\/wordpress\/wp-content\/uploads\/2015\/01\/Berg_Hauswurz_AW17998L_7247x4831-600x400.jpg\" alt=\"\" width=\"600\" height=\"400\" \/><\/a>Die <b>Berg-Hauswurz<\/b> (<i>Sempervivum montanum<\/i>) ist eine Pflanzenart aus der Gattung der Hauswurzen (<i>Sempervivum<\/i>) innerhalb der Familie der Dickblattgew\u00e4chse.<br \/>\nDie Berg-Hauswurz ist eine immergr\u00fcne, ausdauernde, sukkulente Pflanze, die bis zu 10 Zentimeter lange Ausl\u00e4ufer bildet und Wuchsh\u00f6hen von 2 bis 20, in Ausnahmef\u00e4llen bei der Unterart <i>Sempervivum montanum<\/i> subsp. <i>burnatii<\/i> bis 50 Zentimeter erreicht. Die Rosetten der Pflanze sondern einen Harzgeruch ab.<br \/>\nDie Berg-Hauswurz kommt in den Alpen, auf Korsika, im Apennin und in den Karpaten auf Felsen und Felsschutt, in Zwergstrauchheiden und auf kurzgrasigen Weiden in H\u00f6henlagen von 300 bis 3400\u00a0Metern auf B\u00f6den mit saurer Reaktion vor.<\/p>\n<p><strong>Bl\u00fctezeit:<\/strong>\u00a0\u00a0\u00a0\u00a0 Juli bis September<\/p>\n<p>Zur Galerie <a title=\"Eulen\" href=\"http:\/\/woerrlein-naturfoto.de\/wordpress\/hauptseite-pflanzen\/pflanzen\/blueten-ii-sonstige-blueten\/\">sonstige Bl\u00fcten<\/a><\/p>\n<p><em>Quelle des Textauszuges und weitere Infos bei <\/em><a href=\"https:\/\/de.wikipedia.org\/wiki\/Berg-Hauswurz\" target=\"_blank\" rel=\"noopener noreferrer\">Wikipedia<\/a><em> (<\/em><a href=\"http:\/\/www.gnu.org\/licenses\/fdl-1.3.txt\" target=\"_blank\" rel=\"noopener noreferrer\">GNU-Lizenz<\/a><em>)\u2013 mein Dank gilt den <\/em><a href=\"https:\/\/de.wikipedia.org\/w\/index.php?title=Berg-Hauswurz&amp;action=history\" target=\"_blank\" rel=\"noopener noreferrer\">Autoren<\/a><em>.<\/em><\/p>\n","protected":false},"excerpt":{"rendered":"<p>Pflanzen -&gt; Bl\u00fcten II (sonstige Bl\u00fcten) Pflanzen von A-Z Zur Galerie sonstige Bl\u00fcten Die Berg-Hauswurz (Sempervivum montanum) ist eine Pflanzenart aus der Gattung der Hauswurzen (Sempervivum) innerhalb der Familie der Dickblattgew\u00e4chse. Die Berg-Hauswurz ist eine immergr\u00fcne, ausdauernde, sukkulente Pflanze, die bis zu 10 Zentimeter lange Ausl\u00e4ufer bildet und Wuchsh\u00f6hen von 2 bis 20, in Ausnahmef\u00e4llen &hellip; <a href=\"https:\/\/woerrlein-naturfoto.de\/wordpress\/blueten-ii-a-z\/berg-hauswurz\/\" class=\"more-link\"><span class=\"screen-reader-text\">Berg-Hauswurz<\/span> weiterlesen <span class=\"meta-nav\">&rarr;<\/span><\/a><\/p>\n","protected":false},"author":1,"featured_media":0,"parent":4851,"menu_order":0,"comment_status":"closed","ping_status":"closed","template":"page-templates\/full-width.php","meta":{"footnotes":""},"class_list":["post-11855","page","type-page","status-publish","hentry"],"_links":{"self":[{"href":"https:\/\/woerrlein-naturfoto.de\/wordpress\/wp-json\/wp\/v2\/pages\/11855","targetHints":{"allow":["GET"]}}],"collection":[{"href":"https:\/\/woerrlein-naturfoto.de\/wordpress\/wp-json\/wp\/v2\/pages"}],"about":[{"href":"https:\/\/woerrlein-naturfoto.de\/wordpress\/wp-json\/wp\/v2\/types\/page"}],"author":[{"embeddable":true,"href":"https:\/\/woerrlein-naturfoto.de\/wordpress\/wp-json\/wp\/v2\/users\/1"}],"replies":[{"embeddable":true,"href":"https:\/\/woerrlein-naturfoto.de\/wordpress\/wp-json\/wp\/v2\/comments?post=11855"}],"version-history":[{"count":4,"href":"https:\/\/woerrlein-naturfoto.de\/wordpress\/wp-json\/wp\/v2\/pages\/11855\/revisions"}],"predecessor-version":[{"id":11860,"href":"https:\/\/woerrlein-naturfoto.de\/wordpress\/wp-json\/wp\/v2\/pages\/11855\/revisions\/11860"}],"up":[{"embeddable":true,"href":"https:\/\/woerrlein-naturfoto.de\/wordpress\/wp-json\/wp\/v2\/pages\/4851"}],"wp:attachment":[{"href":"https:\/\/woerrlein-naturfoto.de\/wordpress\/wp-json\/wp\/v2\/media?parent=11855"}],"curies":[{"name":"wp","href":"https:\/\/api.w.org\/{rel}","templated":true}]}}