{"id":11843,"date":"2019-12-28T15:52:19","date_gmt":"2019-12-28T14:52:19","guid":{"rendered":"http:\/\/woerrlein-naturfoto.de\/wordpress\/?page_id=11843"},"modified":"2019-12-28T16:25:50","modified_gmt":"2019-12-28T15:25:50","slug":"alpen-aster","status":"publish","type":"page","link":"https:\/\/woerrlein-naturfoto.de\/wordpress\/blueten-ii-a-z\/alpen-aster\/","title":{"rendered":"Alpen-Aster"},"content":{"rendered":"<p><a href=\"http:\/\/woerrlein-naturfoto.de\/wordpress\/hauptseite-pflanzen\/pflanzen\/\"><span style=\"color: #ffff66;\">Pflanzen<\/span> <\/a>-&gt;<a href=\"http:\/\/woerrlein-naturfoto.de\/wordpress\/hauptseite-pflanzen\/pflanzen\/blueten-ii-sonstige-blueten\/\"> <span style=\"color: #ffff66;\">Bl\u00fcten II (sonstige Bl\u00fcten)<\/span><\/a><br \/>\n<a href=\"http:\/\/woerrlein-naturfoto.de\/wordpress\/pflanzen-von-a-z\/\">Pflanzen von A-Z<\/a><br \/>\nZur Galerie <a href=\"http:\/\/woerrlein-naturfoto.de\/wordpress\/hauptseite-pflanzen\/pflanzen\/blueten-ii-sonstige-blueten\/\">sonstige Bl\u00fcten<code><\/code><\/a><\/p>\n<p><a href=\"http:\/\/woerrlein-naturfoto.de\/wordpress\/hauptseite-pflanzen\/pflanzen\/blueten-ii-sonstige-blueten\/\"><img loading=\"lazy\" decoding=\"async\" class=\"alignleft wp-image-11739\" src=\"http:\/\/woerrlein-naturfoto.de\/wordpress\/wp-content\/uploads\/2015\/01\/Alpenaster_D20190722_2415-400x600.jpg\" alt=\"\" width=\"267\" height=\"400\" srcset=\"https:\/\/woerrlein-naturfoto.de\/wordpress\/wp-content\/uploads\/2015\/01\/Alpenaster_D20190722_2415-400x600.jpg 400w, https:\/\/woerrlein-naturfoto.de\/wordpress\/wp-content\/uploads\/2015\/01\/Alpenaster_D20190722_2415.jpg 567w\" sizes=\"auto, (max-width: 267px) 100vw, 267px\" \/><\/a>Die <b>Alpen-Aster<\/b> (<i>Aster alpinus<\/i>), auch <b>Alpen-Sternblume<\/b>, <b>Blaue Gamsbl\u00fch<\/b>, <b>Blaue Gamswurz<\/b> oder <b>Blaues Bergsternkraut<\/b> genannt, ist eine Pflanzenart aus der Gattung der Astern (<i>Aster<\/i>) in der Familie der Korbbl\u00fctler.<br \/>\nDie Alpen-Aster ist eine ausdauernde, krautige Pflanze, die Wuchsh\u00f6hen von 5 bis 20 Zentimetern erreicht. Der St\u00e4ngel und die l\u00e4nglichen Laubbl\u00e4tter sind flaumig behaart. Die grundst\u00e4ndigen Laubbl\u00e4tter sind gestielt, die St\u00e4ngelbl\u00e4tter sind sitzend. Die Alpen-Aster gedeiht am besten auf trockenen, warmen und kalkhaltige B\u00f6den. Sie kommt von der Tallage bis auf H\u00f6henlagen von 3100 Metern vor. Sie ist h\u00e4ufig zusammen mit dem <a class=\"mw-disambig\" title=\"Edelwei\u00df\" href=\"https:\/\/woerrlein-naturfoto.de\/wordpress\/blueten-ii-a-z\/alpen-edelweiss\/\" target=\"_blank\" rel=\"noopener noreferrer\">Edelwei\u00df<\/a> anzutreffen.<\/p>\n<p><strong>Bl\u00fctezeit:<\/strong>\u00a0\u00a0\u00a0\u00a0 Juli bis September<\/p>\n<p>Zur Galerie <a title=\"Eulen\" href=\"http:\/\/woerrlein-naturfoto.de\/wordpress\/hauptseite-pflanzen\/pflanzen\/blueten-ii-sonstige-blueten\/\">sonstige Bl\u00fcten<\/a><\/p>\n<p><em>Quelle des Textauszuges und weitere Infos bei <\/em><a href=\"https:\/\/de.wikipedia.org\/wiki\/Alpen-Aster\" target=\"_blank\" rel=\"noopener noreferrer\">Wikipedia<\/a><em> (<\/em><a href=\"http:\/\/www.gnu.org\/licenses\/fdl-1.3.txt\" target=\"_blank\" rel=\"noopener noreferrer\">GNU-Lizenz<\/a><em>)\u2013 mein Dank gilt den <\/em><a href=\"http:\/\/de.wikipedia.org\/w\/index.php?title=Acker-Hornkraut&amp;action=history\" target=\"_blank\" rel=\"noopener noreferrer\">Autoren<\/a><em>.<\/em><\/p>\n","protected":false},"excerpt":{"rendered":"<p>Pflanzen -&gt; Bl\u00fcten II (sonstige Bl\u00fcten) Pflanzen von A-Z Zur Galerie sonstige Bl\u00fcten Die Alpen-Aster (Aster alpinus), auch Alpen-Sternblume, Blaue Gamsbl\u00fch, Blaue Gamswurz oder Blaues Bergsternkraut genannt, ist eine Pflanzenart aus der Gattung der Astern (Aster) in der Familie der Korbbl\u00fctler. Die Alpen-Aster ist eine ausdauernde, krautige Pflanze, die Wuchsh\u00f6hen von 5 bis 20 Zentimetern &hellip; <a href=\"https:\/\/woerrlein-naturfoto.de\/wordpress\/blueten-ii-a-z\/alpen-aster\/\" class=\"more-link\"><span class=\"screen-reader-text\">Alpen-Aster<\/span> weiterlesen <span class=\"meta-nav\">&rarr;<\/span><\/a><\/p>\n","protected":false},"author":1,"featured_media":0,"parent":4851,"menu_order":0,"comment_status":"closed","ping_status":"closed","template":"page-templates\/full-width.php","meta":{"footnotes":""},"class_list":["post-11843","page","type-page","status-publish","hentry"],"_links":{"self":[{"href":"https:\/\/woerrlein-naturfoto.de\/wordpress\/wp-json\/wp\/v2\/pages\/11843","targetHints":{"allow":["GET"]}}],"collection":[{"href":"https:\/\/woerrlein-naturfoto.de\/wordpress\/wp-json\/wp\/v2\/pages"}],"about":[{"href":"https:\/\/woerrlein-naturfoto.de\/wordpress\/wp-json\/wp\/v2\/types\/page"}],"author":[{"embeddable":true,"href":"https:\/\/woerrlein-naturfoto.de\/wordpress\/wp-json\/wp\/v2\/users\/1"}],"replies":[{"embeddable":true,"href":"https:\/\/woerrlein-naturfoto.de\/wordpress\/wp-json\/wp\/v2\/comments?post=11843"}],"version-history":[{"count":4,"href":"https:\/\/woerrlein-naturfoto.de\/wordpress\/wp-json\/wp\/v2\/pages\/11843\/revisions"}],"predecessor-version":[{"id":11857,"href":"https:\/\/woerrlein-naturfoto.de\/wordpress\/wp-json\/wp\/v2\/pages\/11843\/revisions\/11857"}],"up":[{"embeddable":true,"href":"https:\/\/woerrlein-naturfoto.de\/wordpress\/wp-json\/wp\/v2\/pages\/4851"}],"wp:attachment":[{"href":"https:\/\/woerrlein-naturfoto.de\/wordpress\/wp-json\/wp\/v2\/media?parent=11843"}],"curies":[{"name":"wp","href":"https:\/\/api.w.org\/{rel}","templated":true}]}}