{"id":11839,"date":"2019-12-28T15:34:00","date_gmt":"2019-12-28T14:34:00","guid":{"rendered":"http:\/\/woerrlein-naturfoto.de\/wordpress\/?page_id=11839"},"modified":"2019-12-28T15:42:02","modified_gmt":"2019-12-28T14:42:02","slug":"alpen-edelweiss","status":"publish","type":"page","link":"https:\/\/woerrlein-naturfoto.de\/wordpress\/blueten-ii-a-z\/alpen-edelweiss\/","title":{"rendered":"Alpen-Edelwei\u00df"},"content":{"rendered":"<p><a href=\"http:\/\/woerrlein-naturfoto.de\/wordpress\/hauptseite-pflanzen\/pflanzen\/\"><span style=\"color: #ffff66;\">Pflanzen<\/span> <\/a>-&gt;<a href=\"http:\/\/woerrlein-naturfoto.de\/wordpress\/hauptseite-pflanzen\/pflanzen\/blueten-ii-sonstige-blueten\/\"> <span style=\"color: #ffff66;\">Bl\u00fcten II (sonstige Bl\u00fcten)<\/span><\/a><br \/>\n<a href=\"http:\/\/woerrlein-naturfoto.de\/wordpress\/pflanzen-von-a-z\/\">Pflanzen von A-Z<\/a><br \/>\nZur Galerie <a href=\"http:\/\/woerrlein-naturfoto.de\/wordpress\/hauptseite-pflanzen\/pflanzen\/blueten-ii-sonstige-blueten\/\">sonstige Bl\u00fcten<\/a><\/p>\n<p><img loading=\"lazy\" decoding=\"async\" class=\"alignleft wp-image-11749\" src=\"http:\/\/woerrlein-naturfoto.de\/wordpress\/wp-content\/uploads\/2015\/01\/Edelweis_D20190722_2305-400x600.jpg\" alt=\"\" width=\"267\" height=\"400\" srcset=\"https:\/\/woerrlein-naturfoto.de\/wordpress\/wp-content\/uploads\/2015\/01\/Edelweis_D20190722_2305-400x600.jpg 400w, https:\/\/woerrlein-naturfoto.de\/wordpress\/wp-content\/uploads\/2015\/01\/Edelweis_D20190722_2305.jpg 567w\" sizes=\"auto, (max-width: 267px) 100vw, 267px\" \/>Das <b>Alpen-Edelwei\u00df<\/b> (<i>Leontopodium nivale<\/i>) ist eine Pflanzenart aus der Gattung <i>Leontopodium<\/i> (Edelwei\u00df) innerhalb der Familie der Korbbl\u00fctler. Es ist eine der bekanntesten und symboltr\u00e4chtigsten Alpenblumen.<br \/>\nDas Alpen-Edelwei\u00df ist eine \u00fcberwinternd gr\u00fcne, ausdauernde krautige Pflanze, die Wuchsh\u00f6hen von 5 bis \u00fcber 20 Zentimetern erreicht. Die oberirdischen Pflanzenteile sind wollig-wei\u00dffilzig, wobei die schmal lanzettlichen, etwa 5 Zentimeter langen Laubbl\u00e4tter besonders an der Unterseite stark behaart sind. Die Laubbl\u00e4tter stehen in einer grundst\u00e4ndigen Rosette zusammen.<br \/>\nF\u00fcnf bis f\u00fcnfzehn wei\u00df gl\u00e4nzende Hochbl\u00e4tter formen einen mehrzackigen Stern und umgeben den eigentlichen Bl\u00fctenstand. Die zwei bis zw\u00f6lf gleichartigen k\u00f6rbchenf\u00f6rmigen Teilbl\u00fctenst\u00e4nde enthalten jeweils 60 bis 80 wei\u00dfgelbe R\u00f6hrenbl\u00fcten. Die sehr schmalen R\u00f6hrenbl\u00fcten am Rand sind weiblich. Sie werden auch Fadenbl\u00fcten genannt. Weiter einw\u00e4rts stehen gr\u00f6\u00dfere m\u00e4nnliche R\u00f6hrenbl\u00fcten. Da der funktionslose Griffel noch vorhanden ist, k\u00f6nnen die Bl\u00fcten zwittrig erscheinen.<\/p>\n<p><strong>Bl\u00fctezeit:<\/strong>\u00a0\u00a0\u00a0\u00a0 Juli bis September<\/p>\n<p>Zur Galerie <a title=\"Eulen\" href=\"http:\/\/woerrlein-naturfoto.de\/wordpress\/hauptseite-pflanzen\/pflanzen\/blueten-ii-sonstige-blueten\/\">sonstige Bl\u00fcten<\/a><\/p>\n<p><em>Quelle des Textauszuges und weitere Infos bei <\/em><a href=\"http:\/\/de.wikipedia.org\/wiki\/Acker-Hornkraut\" target=\"_blank\" rel=\"noopener noreferrer\">Wikipedia<\/a><em> (<\/em><a href=\"http:\/\/www.gnu.org\/licenses\/fdl-1.3.txt\" target=\"_blank\" rel=\"noopener noreferrer\">GNU-Lizenz<\/a><em>)\u2013 mein Dank gilt den <\/em><a href=\"https:\/\/de.wikipedia.org\/w\/index.php?title=Alpen-Edelwei%C3%9F&amp;action=history\" target=\"_blank\" rel=\"noopener noreferrer\">Autoren<\/a><em>.<\/em><\/p>\n","protected":false},"excerpt":{"rendered":"<p>Pflanzen -&gt; Bl\u00fcten II (sonstige Bl\u00fcten) Pflanzen von A-Z Zur Galerie sonstige Bl\u00fcten Das Alpen-Edelwei\u00df (Leontopodium nivale) ist eine Pflanzenart aus der Gattung Leontopodium (Edelwei\u00df) innerhalb der Familie der Korbbl\u00fctler. Es ist eine der bekanntesten und symboltr\u00e4chtigsten Alpenblumen. Das Alpen-Edelwei\u00df ist eine \u00fcberwinternd gr\u00fcne, ausdauernde krautige Pflanze, die Wuchsh\u00f6hen von 5 bis \u00fcber 20 Zentimetern &hellip; <a href=\"https:\/\/woerrlein-naturfoto.de\/wordpress\/blueten-ii-a-z\/alpen-edelweiss\/\" class=\"more-link\"><span class=\"screen-reader-text\">Alpen-Edelwei\u00df<\/span> weiterlesen <span class=\"meta-nav\">&rarr;<\/span><\/a><\/p>\n","protected":false},"author":1,"featured_media":0,"parent":4851,"menu_order":0,"comment_status":"closed","ping_status":"closed","template":"page-templates\/full-width.php","meta":{"footnotes":""},"class_list":["post-11839","page","type-page","status-publish","hentry"],"_links":{"self":[{"href":"https:\/\/woerrlein-naturfoto.de\/wordpress\/wp-json\/wp\/v2\/pages\/11839","targetHints":{"allow":["GET"]}}],"collection":[{"href":"https:\/\/woerrlein-naturfoto.de\/wordpress\/wp-json\/wp\/v2\/pages"}],"about":[{"href":"https:\/\/woerrlein-naturfoto.de\/wordpress\/wp-json\/wp\/v2\/types\/page"}],"author":[{"embeddable":true,"href":"https:\/\/woerrlein-naturfoto.de\/wordpress\/wp-json\/wp\/v2\/users\/1"}],"replies":[{"embeddable":true,"href":"https:\/\/woerrlein-naturfoto.de\/wordpress\/wp-json\/wp\/v2\/comments?post=11839"}],"version-history":[{"count":1,"href":"https:\/\/woerrlein-naturfoto.de\/wordpress\/wp-json\/wp\/v2\/pages\/11839\/revisions"}],"predecessor-version":[{"id":11840,"href":"https:\/\/woerrlein-naturfoto.de\/wordpress\/wp-json\/wp\/v2\/pages\/11839\/revisions\/11840"}],"up":[{"embeddable":true,"href":"https:\/\/woerrlein-naturfoto.de\/wordpress\/wp-json\/wp\/v2\/pages\/4851"}],"wp:attachment":[{"href":"https:\/\/woerrlein-naturfoto.de\/wordpress\/wp-json\/wp\/v2\/media?parent=11839"}],"curies":[{"name":"wp","href":"https:\/\/api.w.org\/{rel}","templated":true}]}}