{"id":1183,"date":"2014-09-26T10:12:01","date_gmt":"2014-09-26T08:12:01","guid":{"rendered":"http:\/\/woerrlein-naturfoto.de\/wordpress\/?page_id=1183"},"modified":"2024-10-13T10:07:17","modified_gmt":"2024-10-13T08:07:17","slug":"kampflaeufer","status":"publish","type":"page","link":"https:\/\/woerrlein-naturfoto.de\/wordpress\/schnepfen_a-z\/kampflaeufer\/","title":{"rendered":"Kampfl\u00e4ufer"},"content":{"rendered":"<p><a href=\"http:\/\/woerrlein-naturfoto.de\/wordpress\/voegel\/\"><span style=\"color: #ffff66;\">V\u00f6gel<\/span> <\/a>-&gt;<a href=\"http:\/\/woerrlein-naturfoto.de\/wordpress\/hauptseite-voegel\/voegel\/watvoegel-2\"> <span style=\"color: #ffff66;\">Watv\u00f6gel<\/span> <\/a><br \/>\n<a title=\"V\u00f6gel von A-Z\" href=\"http:\/\/woerrlein-naturfoto.de\/wordpress\/voegel\/voegel_von_a-z\/\">V\u00f6gel von A-Z<\/a><br \/>\nZur Galerie <a title=\"Schnepfenv\u00f6gel\" href=\"https:\/\/woerrlein-naturfoto.de\/wordpress\/hauptseite-voegel\/voegel\/watvoegel-2\/schnepfenvoegel-ii-strandlaeufer\/\">Schnepfen II<\/a><\/p>\n<p><img loading=\"lazy\" decoding=\"async\" class=\"alignleft wp-image-8636\" src=\"http:\/\/woerrlein-naturfoto.de\/wordpress\/wp-content\/uploads\/2014\/08\/Kampflaeufer_AW01182La_3486x2324-600x400.jpg\" alt=\"\" width=\"600\" height=\"400\" srcset=\"https:\/\/woerrlein-naturfoto.de\/wordpress\/wp-content\/uploads\/2014\/08\/Kampflaeufer_AW01182La_3486x2324-600x400.jpg 600w, https:\/\/woerrlein-naturfoto.de\/wordpress\/wp-content\/uploads\/2014\/08\/Kampflaeufer_AW01182La_3486x2324-768x511.jpg 768w, https:\/\/woerrlein-naturfoto.de\/wordpress\/wp-content\/uploads\/2014\/08\/Kampflaeufer_AW01182La_3486x2324-120x80.jpg 120w, https:\/\/woerrlein-naturfoto.de\/wordpress\/wp-content\/uploads\/2014\/08\/Kampflaeufer_AW01182La_3486x2324.jpg 1000w\" sizes=\"auto, (max-width: 600px) 100vw, 600px\" \/><\/p>\n<p>Der <b>Kampfl\u00e4ufer<\/b> (<i>Calidris pugnax<\/i>), ist ein streng gesch\u00fctzter, knapp 30\u00a0cm gro\u00dfer Schnepfenvogel, der in der n\u00f6rdlichen Tundra, aber auch in feuchten Niederungswiesen und Mooren in ganz Eurasien br\u00fctet. Kampfl\u00e4ufer sind Zugv\u00f6gel. Brutv\u00f6gel aus Nordwesteuropa \u00fcberwintern zumeist im westafrikanischen Binnenland, z.\u00a0B. im inneren Nigerdelta in Mali. Auf dem Durchzug in die Brutgebiete kann man Kampfl\u00e4ufer auf feuchten Niederungen oder auch auf Schlammfl\u00e4chen beobachten.<br \/>\nKampfl\u00e4ufer haben ein sehr kompliziertes Paarungssystem, die englische Bezeichnung ist <i>lekking behaviour<\/i>, was mit Arena-Balzverhalten \u00fcbersetzt werden kann. Balzarenen von Kampfl\u00e4ufern sind normalerweise kleine, 1&#215;1\u00a0m gro\u00dfe Schlammfl\u00e4chen nahe kleinen Gew\u00e4ssern. M\u00e4nnchen pr\u00e4sentieren sich in ihren Balzarenen den Weibchen, die dann das M\u00e4nnchen w\u00e4hlen, mit dem sie sich paaren wollen.<br \/>\nEs gibt im Wesentlichen zwei Arten von m\u00e4nnlichen Paarungsstrategien, die durch einen genetischen Polymorphismus festgelegt sind. Die M\u00e4nnchen, die die verschiedenen Strategien verfolgen, k\u00f6nnen sowohl durch Merkmale des Gefieders, der Gr\u00f6\u00dfe als auch durch das Verhalten voneinander unterschieden werden. Die am h\u00e4ufigsten vorkommende Strategie des \u201eresidenten M\u00e4nnchens\u201c (84\u00a0%) hat im Brutkleid einen tief schwarzen oder kastanienbraunen bis orangeroten Kragen. Diese M\u00e4nnchen verteidigen kleine, etwa 1&#215;1\u00a0m gro\u00dfe Arenen, wobei sie ein aggressives Verhalten vor allem gegen\u00fcber den M\u00e4nnchen zeigen die einen dunklen Kragen tragen. Hier balzen sie aktiv um Weibchen, die zur Paarungszeit zu diesen Arenen kommen, um M\u00e4nnchen auszuw\u00e4hlen. Satelliten-M\u00e4nnchen sind weniger h\u00e4ufig (16\u00a0%). Sie sind marginal kleiner als residente M\u00e4nnchen und haben einen wei\u00dfen oder zumindest sehr hellen Kragen. Sie verteidigen keine eigenen Arenen, stattdessen halten sie sich in der N\u00e4he von residenten M\u00e4nnchen am Rande von deren Arenen auf. Auf diese Weise k\u00f6nnen sie ab und zu Paarungen ergattern. Die Satelliten werden von den Residenten geduldet, weil bei Anwesenheit eines Satelliten sich die Weibchen auch h\u00e4ufiger mit Residenten paaren.<\/p>\n<p>L\u00e4nge: 26-32 cm\u00a0\u00a0 Spannweite: ca. 55-60 cm\u00a0\u00a0 Gewicht: 130-230 g\u00a0\u00a0 Gelege: 4 Eier<\/p>\n<p>Zur Galerie <a title=\"Schnepfenv\u00f6gel\" href=\"https:\/\/woerrlein-naturfoto.de\/wordpress\/hauptseite-voegel\/voegel\/watvoegel-2\/schnepfenvoegel-ii-strandlaeufer\/\">Schnepfen II<\/a><\/p>\n<p>&nbsp;<\/p>\n<p><em>Quelle des Textauszuges und weitere Infos bei <\/em><a href=\"http:\/\/de.wikipedia.org\/wiki\/Kampfl%C3%A4ufer\" target=\"_blank\" rel=\"noopener noreferrer\">Wikipedia<\/a> <em>(<\/em><a href=\"http:\/\/www.gnu.org\/licenses\/fdl-1.3.txt\" target=\"_blank\" rel=\"noopener noreferrer\">GNU-Lizenz<\/a><em>)<\/em> \u2013 <em>mein Dank gilt den<\/em> <a href=\"http:\/\/de.wikipedia.org\/w\/index.php?title=Kampfl%C3%A4ufer&amp;action=history\" target=\"_blank\" rel=\"noopener noreferrer\">Autoren<\/a>.<\/p>\n","protected":false},"excerpt":{"rendered":"<p>V\u00f6gel -&gt; Watv\u00f6gel V\u00f6gel von A-Z Zur Galerie Schnepfen II Der Kampfl\u00e4ufer (Calidris pugnax), ist ein streng gesch\u00fctzter, knapp 30\u00a0cm gro\u00dfer Schnepfenvogel, der in der n\u00f6rdlichen Tundra, aber auch in feuchten Niederungswiesen und Mooren in ganz Eurasien br\u00fctet. Kampfl\u00e4ufer sind Zugv\u00f6gel. Brutv\u00f6gel aus Nordwesteuropa \u00fcberwintern zumeist im westafrikanischen Binnenland, z.\u00a0B. im inneren Nigerdelta in Mali. &hellip; <a href=\"https:\/\/woerrlein-naturfoto.de\/wordpress\/schnepfen_a-z\/kampflaeufer\/\" class=\"more-link\"><span class=\"screen-reader-text\">Kampfl\u00e4ufer<\/span> weiterlesen <span class=\"meta-nav\">&rarr;<\/span><\/a><\/p>\n","protected":false},"author":1,"featured_media":0,"parent":1143,"menu_order":0,"comment_status":"closed","ping_status":"closed","template":"page-templates\/full-width.php","meta":{"footnotes":""},"class_list":["post-1183","page","type-page","status-publish","hentry"],"_links":{"self":[{"href":"https:\/\/woerrlein-naturfoto.de\/wordpress\/wp-json\/wp\/v2\/pages\/1183","targetHints":{"allow":["GET"]}}],"collection":[{"href":"https:\/\/woerrlein-naturfoto.de\/wordpress\/wp-json\/wp\/v2\/pages"}],"about":[{"href":"https:\/\/woerrlein-naturfoto.de\/wordpress\/wp-json\/wp\/v2\/types\/page"}],"author":[{"embeddable":true,"href":"https:\/\/woerrlein-naturfoto.de\/wordpress\/wp-json\/wp\/v2\/users\/1"}],"replies":[{"embeddable":true,"href":"https:\/\/woerrlein-naturfoto.de\/wordpress\/wp-json\/wp\/v2\/comments?post=1183"}],"version-history":[{"count":16,"href":"https:\/\/woerrlein-naturfoto.de\/wordpress\/wp-json\/wp\/v2\/pages\/1183\/revisions"}],"predecessor-version":[{"id":18948,"href":"https:\/\/woerrlein-naturfoto.de\/wordpress\/wp-json\/wp\/v2\/pages\/1183\/revisions\/18948"}],"up":[{"embeddable":true,"href":"https:\/\/woerrlein-naturfoto.de\/wordpress\/wp-json\/wp\/v2\/pages\/1143"}],"wp:attachment":[{"href":"https:\/\/woerrlein-naturfoto.de\/wordpress\/wp-json\/wp\/v2\/media?parent=1183"}],"curies":[{"name":"wp","href":"https:\/\/api.w.org\/{rel}","templated":true}]}}