{"id":11829,"date":"2019-12-28T14:27:10","date_gmt":"2019-12-28T13:27:10","guid":{"rendered":"http:\/\/woerrlein-naturfoto.de\/wordpress\/?page_id=11829"},"modified":"2021-12-15T15:18:31","modified_gmt":"2021-12-15T14:18:31","slug":"kleines-zweiblatt","status":"publish","type":"page","link":"https:\/\/woerrlein-naturfoto.de\/wordpress\/verschiedene-orchideen-a-z\/kleines-zweiblatt\/","title":{"rendered":"Kleines Zweiblatt"},"content":{"rendered":"<p><span style=\"color: #ffff66;\"><a style=\"color: #ffff66;\" href=\"http:\/\/woerrlein-naturfoto.de\/wordpress\/hauptseite-pflanzen\/pflanzen\/\"><span style=\"color: #ffff00;\">Pflanzen<\/span><\/a> <\/span>-&gt;<span style=\"color: #ffff66;\"><a style=\"color: #ffff66;\" href=\"http:\/\/woerrlein-naturfoto.de\/wordpress\/hauptseite-pflanzen\/pflanzen\/blueten-i-orchideen-2\/\"><span style=\"color: #ffff00;\">Orchideen <\/span><\/a><\/span>-&gt;\u00a0<span style=\"color: #ffff00;\"><a style=\"color: #ffff00;\" href=\"http:\/\/woerrlein-naturfoto.de\/wordpress\/hauptseite-pflanzen\/pflanzen\/blueten-i-orchideen\/\">verschiedene Orchideen<\/a><\/span><code><\/code><br \/>\n<a href=\"http:\/\/woerrlein-naturfoto.de\/wordpress\/pflanzen-von-a-z\/\">Pflanzen von A-Z<\/a><br \/>\nZur Galerie <a href=\"http:\/\/woerrlein-naturfoto.de\/wordpress\/hauptseite-pflanzen\/pflanzen\/blueten-i-orchideen\/\">verschiedene Orchideen<\/a><code><br \/>\n<\/code><\/p>\n<p><img loading=\"lazy\" decoding=\"async\" class=\"alignleft wp-image-11725\" src=\"http:\/\/woerrlein-naturfoto.de\/wordpress\/wp-content\/uploads\/2015\/01\/KleinesZweiblatt_D20190721_2218-400x600.jpg\" alt=\"\" width=\"267\" height=\"400\" srcset=\"https:\/\/woerrlein-naturfoto.de\/wordpress\/wp-content\/uploads\/2015\/01\/KleinesZweiblatt_D20190721_2218-400x600.jpg 400w, https:\/\/woerrlein-naturfoto.de\/wordpress\/wp-content\/uploads\/2015\/01\/KleinesZweiblatt_D20190721_2218.jpg 567w\" sizes=\"auto, (max-width: 267px) 100vw, 267px\" \/>Das <b>Kleine Zweiblatt<\/b> (<i>Listera cordata<\/i>), auch <b>Herz-Zweiblatt<\/b> genannt, ist eine Pflanzenart aus der Gattung Zweiblatt innerhalb der Familie der Orchideen. Es ist eine sehr zierliche, ausdauernde krautige Pflanze und erreicht Wuchsh\u00f6hen von 7 bis 20 Zentimetern. An seinem St\u00e4ngel stehen zwei gegenst\u00e4ndige Laubbl\u00e4tter. Die einfache, gl\u00e4nzende Blattspreite ist bei einer L\u00e4nge von 1 bis 3 Zentimetern dreieckig herzf\u00f6rmig.<br \/>\nDas Kleine Zweiblatt wird von Insekten, haupts\u00e4chlich Zwei- und Hautfl\u00fcgler best\u00e4ubt. Selbstbest\u00e4ubung kommt eher selten vor. Die Samen werden \u00fcber den Wind ausgebreitet. Unterirdische Ausl\u00e4ufer stellen die vegetative Vermehrung sicher. Das Kleine Zweiblatt gedeiht am besten auf zumindest oberfl\u00e4chlich sauren und kalkarmen B\u00f6den, die rohhumusreich und n\u00e4hrstoffarm sein sollten.<\/p>\n<p><strong>Bl\u00fctezeit:<\/strong>\u00a0\u00a0\u00a0\u00a0 Mai bis August<\/p>\n<p>Zur Galerie <a href=\"http:\/\/woerrlein-naturfoto.de\/wordpress\/hauptseite-pflanzen\/pflanzen\/blueten-i-orchideen\/\">verschiedene Orchideen<\/a><\/p>\n<p><em>Quelle des Textauszuges und weitere Infos bei <\/em><a href=\"https:\/\/de.wikipedia.org\/wiki\/Kleines_Zweiblatt\" target=\"_blank\" rel=\"noopener noreferrer\">Wikipedia<\/a><em> (<\/em><a href=\"http:\/\/www.gnu.org\/licenses\/fdl-1.3.txt\" target=\"_blank\" rel=\"noopener noreferrer\">GNU-Lizenz<\/a><em>)\u2013 mein Dank gilt den <\/em><a href=\"https:\/\/de.wikipedia.org\/w\/index.php?title=Kleines_Zweiblatt&amp;action=history\" target=\"_blank\" rel=\"noopener noreferrer\">Autoren<\/a><em>.<\/em><\/p>\n","protected":false},"excerpt":{"rendered":"<p>Pflanzen -&gt;Orchideen -&gt;\u00a0verschiedene Orchideen Pflanzen von A-Z Zur Galerie verschiedene Orchideen Das Kleine Zweiblatt (Listera cordata), auch Herz-Zweiblatt genannt, ist eine Pflanzenart aus der Gattung Zweiblatt innerhalb der Familie der Orchideen. Es ist eine sehr zierliche, ausdauernde krautige Pflanze und erreicht Wuchsh\u00f6hen von 7 bis 20 Zentimetern. An seinem St\u00e4ngel stehen zwei gegenst\u00e4ndige Laubbl\u00e4tter. Die &hellip; <a href=\"https:\/\/woerrlein-naturfoto.de\/wordpress\/verschiedene-orchideen-a-z\/kleines-zweiblatt\/\" class=\"more-link\"><span class=\"screen-reader-text\">Kleines Zweiblatt<\/span> weiterlesen <span class=\"meta-nav\">&rarr;<\/span><\/a><\/p>\n","protected":false},"author":1,"featured_media":0,"parent":14214,"menu_order":0,"comment_status":"closed","ping_status":"closed","template":"page-templates\/full-width.php","meta":{"footnotes":""},"class_list":["post-11829","page","type-page","status-publish","hentry"],"_links":{"self":[{"href":"https:\/\/woerrlein-naturfoto.de\/wordpress\/wp-json\/wp\/v2\/pages\/11829","targetHints":{"allow":["GET"]}}],"collection":[{"href":"https:\/\/woerrlein-naturfoto.de\/wordpress\/wp-json\/wp\/v2\/pages"}],"about":[{"href":"https:\/\/woerrlein-naturfoto.de\/wordpress\/wp-json\/wp\/v2\/types\/page"}],"author":[{"embeddable":true,"href":"https:\/\/woerrlein-naturfoto.de\/wordpress\/wp-json\/wp\/v2\/users\/1"}],"replies":[{"embeddable":true,"href":"https:\/\/woerrlein-naturfoto.de\/wordpress\/wp-json\/wp\/v2\/comments?post=11829"}],"version-history":[{"count":4,"href":"https:\/\/woerrlein-naturfoto.de\/wordpress\/wp-json\/wp\/v2\/pages\/11829\/revisions"}],"predecessor-version":[{"id":14253,"href":"https:\/\/woerrlein-naturfoto.de\/wordpress\/wp-json\/wp\/v2\/pages\/11829\/revisions\/14253"}],"up":[{"embeddable":true,"href":"https:\/\/woerrlein-naturfoto.de\/wordpress\/wp-json\/wp\/v2\/pages\/14214"}],"wp:attachment":[{"href":"https:\/\/woerrlein-naturfoto.de\/wordpress\/wp-json\/wp\/v2\/media?parent=11829"}],"curies":[{"name":"wp","href":"https:\/\/api.w.org\/{rel}","templated":true}]}}