{"id":11821,"date":"2019-12-28T13:27:09","date_gmt":"2019-12-28T12:27:09","guid":{"rendered":"http:\/\/woerrlein-naturfoto.de\/wordpress\/?page_id=11821"},"modified":"2021-12-16T14:27:00","modified_gmt":"2021-12-16T13:27:00","slug":"braunrote-stendelwurz","status":"publish","type":"page","link":"https:\/\/woerrlein-naturfoto.de\/wordpress\/stendelwurzen-a-z\/braunrote-stendelwurz\/","title":{"rendered":"Braunrote Stendelwurz"},"content":{"rendered":"<p><span style=\"color: #ffff66;\"><a style=\"color: #ffff66;\" href=\"http:\/\/woerrlein-naturfoto.de\/wordpress\/hauptseite-pflanzen\/pflanzen\/\"><span style=\"color: #ffff00;\">Pflanzen<\/span><\/a> <\/span>-&gt;<span style=\"color: #ffff66;\"><a style=\"color: #ffff66;\" href=\"http:\/\/woerrlein-naturfoto.de\/wordpress\/hauptseite-pflanzen\/pflanzen\/blueten-i-orchideen-2\/\"><span style=\"color: #ffff00;\">Orchideen <\/span><\/a><\/span>-&gt; <span style=\"color: #ffff00;\"><a style=\"color: #ffff00;\" href=\"https:\/\/woerrlein-naturfoto.de\/wordpress\/hauptseite-pflanzen\/pflanzen\/blueten-i-orchideen-2\/stendelwurzen-epipactis\/\">Stendelwurzen (Epipactis)<\/a><\/span><br \/>\n<a href=\"http:\/\/woerrlein-naturfoto.de\/wordpress\/pflanzen-von-a-z\/\">Pflanzen von A-Z<\/a><br \/>\nZur Galerie <a href=\"https:\/\/woerrlein-naturfoto.de\/wordpress\/hauptseite-pflanzen\/pflanzen\/blueten-i-orchideen-2\/stendelwurzen-epipactis\/\">Stendelwurzen<\/a><\/p>\n<p><img loading=\"lazy\" decoding=\"async\" class=\"alignleft wp-image-11727\" src=\"http:\/\/woerrlein-naturfoto.de\/wordpress\/wp-content\/uploads\/2015\/01\/RotbrauneStendelwurz_D20190718_2026-400x600.jpg\" alt=\"\" width=\"267\" height=\"400\" srcset=\"https:\/\/woerrlein-naturfoto.de\/wordpress\/wp-content\/uploads\/2015\/01\/RotbrauneStendelwurz_D20190718_2026-400x600.jpg 400w, https:\/\/woerrlein-naturfoto.de\/wordpress\/wp-content\/uploads\/2015\/01\/RotbrauneStendelwurz_D20190718_2026.jpg 567w\" sizes=\"auto, (max-width: 267px) 100vw, 267px\" \/>Die <b>Braunrote Stendelwurz<\/b> (<i>Epipactis atrorubens<\/i>), auch <b>Rotbraune Stendelwurz<\/b>, <b>Dunkelrote Stendelwurz<\/b> oder <b>Schwarzrote Stendelwurz<\/b>, <b>Braunroter Sitter<\/b> oder <b>Schwarzroter Sitter<\/b>, <b>Strandvanille<\/b> oder <b>Vanillest\u00e4ndel<\/b> genannt, ist eine Pflanzenart aus der Gattung der Stendelwurzen innerhalb der Familie der Orchideen.<br \/>\nDie Braunrote Stendelwurz ist eine ausdauernde, krautige Pflanze, die Wuchsh\u00f6hen von 20 bis 80 Zentimetern erreicht. Sie bildet ein kurzes, oft mehrtriebiges Rhizom mit zahlreichen fleischigen Wurzeln. Der aufrechte Bl\u00fctenstand ist meist purpurfarben \u00fcberlaufen und im oberen Teil dicht behaart. Die Bl\u00fcten k\u00f6nnen bisweilen in ihrer Farbe variieren, sind in der Regel aber braunrot oder auberginefarben gef\u00e4rbt und werden durch Insekten, oft durch Bienen, best\u00e4ubt oder sind selbstbest\u00e4ubend. Sie verstr\u00f6men besonders bei warmem Wetter intensiven Vanilleduft, weshalb die Pflanze auch als \u201eStrandvanille\u201c bezeichnet wird.<\/p>\n<p><strong>Bl\u00fctezeit:<\/strong>\u00a0\u00a0\u00a0\u00a0 Juni bis August<\/p>\n<p>Zur Galerie <a href=\"https:\/\/woerrlein-naturfoto.de\/wordpress\/hauptseite-pflanzen\/pflanzen\/blueten-i-orchideen-2\/stendelwurzen-epipactis\/\">Stendelwurzen<\/a><\/p>\n<p><em>Quelle des Textauszuges und weitere Infos bei <\/em><a href=\"https:\/\/de.wikipedia.org\/wiki\/Braunrote_Stendelwurz\" target=\"_blank\" rel=\"noopener noreferrer\">Wikipedia<\/a><em> (<\/em><a href=\"http:\/\/www.gnu.org\/licenses\/fdl-1.3.txt\" target=\"_blank\" rel=\"noopener noreferrer\">GNU-Lizenz<\/a><em>)\u2013 mein Dank gilt den <\/em><a href=\"https:\/\/de.wikipedia.org\/w\/index.php?title=Braunrote_Stendelwurz&amp;action=history\" target=\"_blank\" rel=\"noopener noreferrer\">Autoren<\/a><em>.<\/em><\/p>\n","protected":false},"excerpt":{"rendered":"<p>Pflanzen -&gt;Orchideen -&gt; Stendelwurzen (Epipactis) Pflanzen von A-Z Zur Galerie Stendelwurzen Die Braunrote Stendelwurz (Epipactis atrorubens), auch Rotbraune Stendelwurz, Dunkelrote Stendelwurz oder Schwarzrote Stendelwurz, Braunroter Sitter oder Schwarzroter Sitter, Strandvanille oder Vanillest\u00e4ndel genannt, ist eine Pflanzenart aus der Gattung der Stendelwurzen innerhalb der Familie der Orchideen. Die Braunrote Stendelwurz ist eine ausdauernde, krautige Pflanze, die &hellip; <a href=\"https:\/\/woerrlein-naturfoto.de\/wordpress\/stendelwurzen-a-z\/braunrote-stendelwurz\/\" class=\"more-link\"><span class=\"screen-reader-text\">Braunrote Stendelwurz<\/span> weiterlesen <span class=\"meta-nav\">&rarr;<\/span><\/a><\/p>\n","protected":false},"author":1,"featured_media":0,"parent":14239,"menu_order":0,"comment_status":"closed","ping_status":"closed","template":"page-templates\/full-width.php","meta":{"footnotes":""},"class_list":["post-11821","page","type-page","status-publish","hentry"],"_links":{"self":[{"href":"https:\/\/woerrlein-naturfoto.de\/wordpress\/wp-json\/wp\/v2\/pages\/11821","targetHints":{"allow":["GET"]}}],"collection":[{"href":"https:\/\/woerrlein-naturfoto.de\/wordpress\/wp-json\/wp\/v2\/pages"}],"about":[{"href":"https:\/\/woerrlein-naturfoto.de\/wordpress\/wp-json\/wp\/v2\/types\/page"}],"author":[{"embeddable":true,"href":"https:\/\/woerrlein-naturfoto.de\/wordpress\/wp-json\/wp\/v2\/users\/1"}],"replies":[{"embeddable":true,"href":"https:\/\/woerrlein-naturfoto.de\/wordpress\/wp-json\/wp\/v2\/comments?post=11821"}],"version-history":[{"count":4,"href":"https:\/\/woerrlein-naturfoto.de\/wordpress\/wp-json\/wp\/v2\/pages\/11821\/revisions"}],"predecessor-version":[{"id":14318,"href":"https:\/\/woerrlein-naturfoto.de\/wordpress\/wp-json\/wp\/v2\/pages\/11821\/revisions\/14318"}],"up":[{"embeddable":true,"href":"https:\/\/woerrlein-naturfoto.de\/wordpress\/wp-json\/wp\/v2\/pages\/14239"}],"wp:attachment":[{"href":"https:\/\/woerrlein-naturfoto.de\/wordpress\/wp-json\/wp\/v2\/media?parent=11821"}],"curies":[{"name":"wp","href":"https:\/\/api.w.org\/{rel}","templated":true}]}}