{"id":11816,"date":"2019-12-28T12:23:54","date_gmt":"2019-12-28T11:23:54","guid":{"rendered":"http:\/\/woerrlein-naturfoto.de\/wordpress\/?page_id=11816"},"modified":"2021-12-15T14:27:45","modified_gmt":"2021-12-15T13:27:45","slug":"weisse-hoeswurz","status":"publish","type":"page","link":"https:\/\/woerrlein-naturfoto.de\/wordpress\/verschiedene-orchideen-a-z\/weisse-hoeswurz\/","title":{"rendered":"Wei\u00dfe H\u00f6swurz"},"content":{"rendered":"<p><span style=\"color: #ffff66;\"><a style=\"color: #ffff66;\" href=\"http:\/\/woerrlein-naturfoto.de\/wordpress\/hauptseite-pflanzen\/pflanzen\/\"><span style=\"color: #ffff00;\">Pflanzen<\/span><\/a> <\/span>-&gt;<span style=\"color: #ffff66;\"><a style=\"color: #ffff66;\" href=\"http:\/\/woerrlein-naturfoto.de\/wordpress\/hauptseite-pflanzen\/pflanzen\/blueten-i-orchideen-2\/\"><span style=\"color: #ffff00;\">Orchideen <\/span><\/a><\/span>-&gt; <span style=\"color: #ffff00;\"><a style=\"color: #ffff00;\" href=\"http:\/\/woerrlein-naturfoto.de\/wordpress\/hauptseite-pflanzen\/pflanzen\/blueten-i-orchideen\/\">verschiedene Orchideen<\/a><\/span><br \/>\n<a href=\"http:\/\/woerrlein-naturfoto.de\/wordpress\/pflanzen-von-a-z\/\">Pflanzen von A-Z<\/a><br \/>\nZur Galerie <a href=\"http:\/\/woerrlein-naturfoto.de\/wordpress\/hauptseite-pflanzen\/pflanzen\/blueten-i-orchideen\/\">verschiedene Orchideen<\/a><\/p>\n<p><img loading=\"lazy\" decoding=\"async\" class=\"alignleft wp-image-11735\" src=\"http:\/\/woerrlein-naturfoto.de\/wordpress\/wp-content\/uploads\/2015\/01\/Hoeswurz_AW17267L_4400x6600-400x600.jpg\" alt=\"\" width=\"267\" height=\"400\" srcset=\"https:\/\/woerrlein-naturfoto.de\/wordpress\/wp-content\/uploads\/2015\/01\/Hoeswurz_AW17267L_4400x6600-400x600.jpg 400w, https:\/\/woerrlein-naturfoto.de\/wordpress\/wp-content\/uploads\/2015\/01\/Hoeswurz_AW17267L_4400x6600.jpg 567w\" sizes=\"auto, (max-width: 267px) 100vw, 267px\" \/>Die <b>Wei\u00dfe H\u00f6swurz<\/b> (<i>Pseudorchis albida<\/i><span class=\"Person h-card\">)<\/span> auch <b>Wei\u00dfzunge<\/b> oder <b>Wei\u00dfz\u00fcngel<\/b> genannt, z\u00e4hlt neben der Gr\u00fcnen Hohlzunge (<i>Coeloglossum viride<\/i>) und dem Zwergstendel (<i>Chamorchis alpina<\/i>) zu den typischen Orchideen der Bergwiesen.<br \/>\nDie schlanke, ausdauernde krautige Pflanze erreicht Wuchsh\u00f6hen zwischen 10 und 40 cm. Die drei bis sieben Laubbl\u00e4tter sind am St\u00e4ngel verteilt, die unteren sind l\u00e4nglich-eif\u00f6rmig bis l\u00e4nglich-lanzettlich.<br \/>\nDer Bl\u00fctenstand ist schmal-walzenf\u00f6rmig, dicht- und reichbl\u00fctig. Die Bl\u00fctenh\u00fcllbl\u00e4tter sind helmf\u00f6rmig zusammenneigend. Die Lippe ist tief dreilappig, wobei der Mittellappen zungenf\u00f6rmig und die Seitenlappen meist zugespitzt und schm\u00e4ler als der Mittellappen sind. Der Sporn wird 2 bis 3 mm lang.<\/p>\n<p><strong>Bl\u00fctezeit:<\/strong>\u00a0\u00a0\u00a0\u00a0 Juni bis August<\/p>\n<p>Zur Galerie <a href=\"http:\/\/woerrlein-naturfoto.de\/wordpress\/hauptseite-pflanzen\/pflanzen\/blueten-i-orchideen\/\">verschiedene Orchideen<\/a><\/p>\n<p><em>Quelle des Textauszuges und weitere Infos bei <\/em><a href=\"https:\/\/de.wikipedia.org\/wiki\/Wei%C3%9Fe_H%C3%B6swurz\" target=\"_blank\" rel=\"noopener noreferrer\">Wikipedia<\/a><em> (<\/em><a href=\"http:\/\/www.gnu.org\/licenses\/fdl-1.3.txt\" target=\"_blank\" rel=\"noopener noreferrer\">GNU-Lizenz<\/a><em>)\u2013 mein Dank gilt den <\/em><a href=\"https:\/\/de.wikipedia.org\/w\/index.php?title=Wei\u00dfe_H\u00f6swurz&amp;action=history\">Autoren<\/a><em>.<\/em><\/p>\n","protected":false},"excerpt":{"rendered":"<p>Pflanzen -&gt;Orchideen -&gt; verschiedene Orchideen Pflanzen von A-Z Zur Galerie verschiedene Orchideen Die Wei\u00dfe H\u00f6swurz (Pseudorchis albida) auch Wei\u00dfzunge oder Wei\u00dfz\u00fcngel genannt, z\u00e4hlt neben der Gr\u00fcnen Hohlzunge (Coeloglossum viride) und dem Zwergstendel (Chamorchis alpina) zu den typischen Orchideen der Bergwiesen. Die schlanke, ausdauernde krautige Pflanze erreicht Wuchsh\u00f6hen zwischen 10 und 40 cm. Die drei bis &hellip; <a href=\"https:\/\/woerrlein-naturfoto.de\/wordpress\/verschiedene-orchideen-a-z\/weisse-hoeswurz\/\" class=\"more-link\"><span class=\"screen-reader-text\">Wei\u00dfe H\u00f6swurz<\/span> weiterlesen <span class=\"meta-nav\">&rarr;<\/span><\/a><\/p>\n","protected":false},"author":1,"featured_media":0,"parent":14214,"menu_order":0,"comment_status":"closed","ping_status":"closed","template":"page-templates\/full-width.php","meta":{"footnotes":""},"class_list":["post-11816","page","type-page","status-publish","hentry"],"_links":{"self":[{"href":"https:\/\/woerrlein-naturfoto.de\/wordpress\/wp-json\/wp\/v2\/pages\/11816","targetHints":{"allow":["GET"]}}],"collection":[{"href":"https:\/\/woerrlein-naturfoto.de\/wordpress\/wp-json\/wp\/v2\/pages"}],"about":[{"href":"https:\/\/woerrlein-naturfoto.de\/wordpress\/wp-json\/wp\/v2\/types\/page"}],"author":[{"embeddable":true,"href":"https:\/\/woerrlein-naturfoto.de\/wordpress\/wp-json\/wp\/v2\/users\/1"}],"replies":[{"embeddable":true,"href":"https:\/\/woerrlein-naturfoto.de\/wordpress\/wp-json\/wp\/v2\/comments?post=11816"}],"version-history":[{"count":5,"href":"https:\/\/woerrlein-naturfoto.de\/wordpress\/wp-json\/wp\/v2\/pages\/11816\/revisions"}],"predecessor-version":[{"id":14226,"href":"https:\/\/woerrlein-naturfoto.de\/wordpress\/wp-json\/wp\/v2\/pages\/11816\/revisions\/14226"}],"up":[{"embeddable":true,"href":"https:\/\/woerrlein-naturfoto.de\/wordpress\/wp-json\/wp\/v2\/pages\/14214"}],"wp:attachment":[{"href":"https:\/\/woerrlein-naturfoto.de\/wordpress\/wp-json\/wp\/v2\/media?parent=11816"}],"curies":[{"name":"wp","href":"https:\/\/api.w.org\/{rel}","templated":true}]}}