{"id":11811,"date":"2019-12-28T11:17:03","date_gmt":"2019-12-28T10:17:03","guid":{"rendered":"http:\/\/woerrlein-naturfoto.de\/wordpress\/?page_id=11811"},"modified":"2021-12-19T13:36:02","modified_gmt":"2021-12-19T12:36:02","slug":"wohlriechende-haendelwurz","status":"publish","type":"page","link":"https:\/\/woerrlein-naturfoto.de\/wordpress\/haendelwurzen-kohlroeschen-a-z\/wohlriechende-haendelwurz\/","title":{"rendered":"Wohlriechende H\u00e4ndelwurz"},"content":{"rendered":"<p><span style=\"color: #ffff66;\"><a style=\"color: #ffff66;\" href=\"http:\/\/woerrlein-naturfoto.de\/wordpress\/hauptseite-pflanzen\/pflanzen\/\"><span style=\"color: #ffff00;\">Pflanzen<\/span><\/a> <\/span>-&gt;<span style=\"color: #ffff66;\"><a style=\"color: #ffff66;\" href=\"http:\/\/woerrlein-naturfoto.de\/wordpress\/hauptseite-pflanzen\/pflanzen\/blueten-i-orchideen-2\/\"><span style=\"color: #ffff00;\">Orchideen <\/span><\/a><\/span>-&gt;<span style=\"color: #ffff00;\"> <a style=\"color: #ffff00;\" href=\"https:\/\/woerrlein-naturfoto.de\/wordpress\/hauptseite-pflanzen\/pflanzen\/blueten-i-orchideen-2\/haendelwurzen-kohlroesschen\/\">H\u00e4ndelwurzen \/ Kohlr\u00f6schen<\/a><\/span><br \/>\n<a href=\"http:\/\/woerrlein-naturfoto.de\/wordpress\/pflanzen-von-a-z\/\">Pflanzen von A-Z<\/a><br \/>\nZur Galerie <a href=\"https:\/\/woerrlein-naturfoto.de\/wordpress\/hauptseite-pflanzen\/pflanzen\/blueten-i-orchideen-2\/haendelwurzen-kohlroesschen\/\">H\u00e4ndelwurzen \/ Kohlr\u00f6schen<\/a><\/p>\n<p><img loading=\"lazy\" decoding=\"async\" class=\"alignleft wp-image-11715\" src=\"http:\/\/woerrlein-naturfoto.de\/wordpress\/wp-content\/uploads\/2019\/12\/WohlriechendeHaendelwurz_D20190720_2110-400x600.jpg\" alt=\"\" width=\"267\" height=\"400\" srcset=\"https:\/\/woerrlein-naturfoto.de\/wordpress\/wp-content\/uploads\/2019\/12\/WohlriechendeHaendelwurz_D20190720_2110-400x600.jpg 400w, https:\/\/woerrlein-naturfoto.de\/wordpress\/wp-content\/uploads\/2019\/12\/WohlriechendeHaendelwurz_D20190720_2110.jpg 567w\" sizes=\"auto, (max-width: 267px) 100vw, 267px\" \/>Die <b>Wohlriechende H\u00e4ndelwurz<\/b> (<i>Gymnadenia odoratissima<\/i>), auch <b>Duft-H\u00e4ndelwurz<\/b> genannt, ist eine Pflanzenart aus der Gattung H\u00e4ndelwurzen innerhalb der Familie der Orchideengew\u00e4chse. Die Wohlriechende H\u00e4ndelwurz ist eine ausdauernde krautige Pflanze und erreicht Wuchsh\u00f6hen zwischen 15 und 30 Zentimetern.<br \/>\nDie Wohlriechende H\u00e4ndelwurz ist mit dem vanilleartigen Duft ihrer Bl\u00fcten, mit deren Klebscheiben und mit dem im Sporn produzierten Nektar auf Insektenbest\u00e4ubung eingerichtet. gaschromatographisch wurden 44 fl\u00fcchtige Aromastoffe identifiziert, die Schmetterlinge anlockten.<sup id=\"cite_ref-Huber2005_3-0\" class=\"reference\"><\/sup><\/p>\n<p><strong>Bl\u00fctezeit:<\/strong>\u00a0\u00a0\u00a0\u00a0 Juni bis August<\/p>\n<p>Zur Galerie <a href=\"https:\/\/woerrlein-naturfoto.de\/wordpress\/hauptseite-pflanzen\/pflanzen\/blueten-i-orchideen-2\/haendelwurzen-kohlroesschen\/\">H\u00e4ndelwurzen \/ Kohlr\u00f6schen<\/a><\/p>\n<p><em>Quelle des Textauszuges und weitere Infos bei <\/em><a href=\"https:\/\/de.wikipedia.org\/wiki\/Wohlriechende_H%C3%A4ndelwurz\" target=\"_blank\" rel=\"noopener noreferrer\">Wikipedia<\/a><em> (<\/em><a href=\"http:\/\/www.gnu.org\/licenses\/fdl-1.3.txt\" target=\"_blank\" rel=\"noopener noreferrer\">GNU-Lizenz<\/a><em>)\u2013 mein Dank gilt den <\/em><a href=\"https:\/\/de.wikipedia.org\/w\/index.php?title=Wohlriechende_H%C3%A4ndelwurz&amp;action=history\" target=\"_blank\" rel=\"noopener noreferrer\">Autoren<\/a><em>.<\/em><\/p>\n","protected":false},"excerpt":{"rendered":"<p>Pflanzen -&gt;Orchideen -&gt; H\u00e4ndelwurzen \/ Kohlr\u00f6schen Pflanzen von A-Z Zur Galerie H\u00e4ndelwurzen \/ Kohlr\u00f6schen Die Wohlriechende H\u00e4ndelwurz (Gymnadenia odoratissima), auch Duft-H\u00e4ndelwurz genannt, ist eine Pflanzenart aus der Gattung H\u00e4ndelwurzen innerhalb der Familie der Orchideengew\u00e4chse. Die Wohlriechende H\u00e4ndelwurz ist eine ausdauernde krautige Pflanze und erreicht Wuchsh\u00f6hen zwischen 15 und 30 Zentimetern. Die Wohlriechende H\u00e4ndelwurz ist mit &hellip; <a href=\"https:\/\/woerrlein-naturfoto.de\/wordpress\/haendelwurzen-kohlroeschen-a-z\/wohlriechende-haendelwurz\/\" class=\"more-link\"><span class=\"screen-reader-text\">Wohlriechende H\u00e4ndelwurz<\/span> weiterlesen <span class=\"meta-nav\">&rarr;<\/span><\/a><\/p>\n","protected":false},"author":1,"featured_media":0,"parent":14206,"menu_order":0,"comment_status":"closed","ping_status":"closed","template":"page-templates\/full-width.php","meta":{"footnotes":""},"class_list":["post-11811","page","type-page","status-publish","hentry"],"_links":{"self":[{"href":"https:\/\/woerrlein-naturfoto.de\/wordpress\/wp-json\/wp\/v2\/pages\/11811","targetHints":{"allow":["GET"]}}],"collection":[{"href":"https:\/\/woerrlein-naturfoto.de\/wordpress\/wp-json\/wp\/v2\/pages"}],"about":[{"href":"https:\/\/woerrlein-naturfoto.de\/wordpress\/wp-json\/wp\/v2\/types\/page"}],"author":[{"embeddable":true,"href":"https:\/\/woerrlein-naturfoto.de\/wordpress\/wp-json\/wp\/v2\/users\/1"}],"replies":[{"embeddable":true,"href":"https:\/\/woerrlein-naturfoto.de\/wordpress\/wp-json\/wp\/v2\/comments?post=11811"}],"version-history":[{"count":4,"href":"https:\/\/woerrlein-naturfoto.de\/wordpress\/wp-json\/wp\/v2\/pages\/11811\/revisions"}],"predecessor-version":[{"id":14451,"href":"https:\/\/woerrlein-naturfoto.de\/wordpress\/wp-json\/wp\/v2\/pages\/11811\/revisions\/14451"}],"up":[{"embeddable":true,"href":"https:\/\/woerrlein-naturfoto.de\/wordpress\/wp-json\/wp\/v2\/pages\/14206"}],"wp:attachment":[{"href":"https:\/\/woerrlein-naturfoto.de\/wordpress\/wp-json\/wp\/v2\/media?parent=11811"}],"curies":[{"name":"wp","href":"https:\/\/api.w.org\/{rel}","templated":true}]}}