{"id":11806,"date":"2019-12-28T10:31:31","date_gmt":"2019-12-28T09:31:31","guid":{"rendered":"http:\/\/woerrlein-naturfoto.de\/wordpress\/?page_id=11806"},"modified":"2021-12-15T15:09:00","modified_gmt":"2021-12-15T14:09:00","slug":"mueckenhaendelwurz","status":"publish","type":"page","link":"https:\/\/woerrlein-naturfoto.de\/wordpress\/haendelwurzen-kohlroeschen-a-z\/mueckenhaendelwurz\/","title":{"rendered":"M\u00fcckenh\u00e4ndelwurz"},"content":{"rendered":"<p><span style=\"color: #ffff66;\"><a style=\"color: #ffff66;\" href=\"http:\/\/woerrlein-naturfoto.de\/wordpress\/hauptseite-pflanzen\/pflanzen\/\"><span style=\"color: #ffff00;\">Pflanzen<\/span><\/a> <\/span>-&gt;<span style=\"color: #ffff00;\"><a style=\"color: #ffff00;\" href=\"http:\/\/woerrlein-naturfoto.de\/wordpress\/hauptseite-pflanzen\/pflanzen\/blueten-i-orchideen-2\/\">Orchideen<\/a><\/span> -&gt;\u00a0<span style=\"color: #ffff00;\"><a style=\"color: #ffff00;\" href=\"https:\/\/woerrlein-naturfoto.de\/wordpress\/hauptseite-pflanzen\/pflanzen\/blueten-i-orchideen-2\/haendelwurzen-kohlroesschen\/\">H\u00e4ndelwurzen \/ Kohlr\u00f6schen<\/a><\/span><br \/>\n<a href=\"http:\/\/woerrlein-naturfoto.de\/wordpress\/pflanzen-von-a-z\/\">Pflanzen von A-Z<\/a><br \/>\nZur Galerie <a href=\"https:\/\/woerrlein-naturfoto.de\/wordpress\/hauptseite-pflanzen\/pflanzen\/blueten-i-orchideen-2\/haendelwurzen-kohlroesschen\/\">H\u00e4ndelwurzen \/ Kohlr\u00f6schen<\/a><\/p>\n<p><img loading=\"lazy\" decoding=\"async\" class=\"alignleft wp-image-11701\" src=\"http:\/\/woerrlein-naturfoto.de\/wordpress\/wp-content\/uploads\/2019\/12\/Mueckenhaendelwurz_AW17789L_7144x4763-600x400.jpg\" alt=\"\" width=\"600\" height=\"400\" \/>Die <b>M\u00fccken-H\u00e4ndelwurz<\/b> (<i>Gymnadenia conopsea<\/i>), auch <b>Langsporn-H\u00e4ndelwurz<\/b>, <b>Fliegen-H\u00e4ndelwurz<\/b> oder <b>Gro\u00dfe H\u00e4ndelwurz<\/b> genannt, ist eine Pflanzenart, die zur Gattung H\u00e4ndelwurzen (<i>Gymnadenia<\/i>) innerhalb der Familie der Orchideen geh\u00f6rt.<br \/>\nDie M\u00fccken-H\u00e4ndelwurz ist eine ausdauernde krautige Pflanze und erreicht Wuchsh\u00f6hen von 30 bis 80 Zentimetern. Die Knollen dieses Knollen-Geophyten sind dick, abgeplattet, zweispaltig, mit handf\u00f6rmig geteilten, kurzen Lappen.<\/p>\n<p><strong>Bl\u00fctezeit:<\/strong>\u00a0\u00a0\u00a0\u00a0 Mai \/ Juni<\/p>\n<p>Zur Galerie <a href=\"https:\/\/woerrlein-naturfoto.de\/wordpress\/hauptseite-pflanzen\/pflanzen\/blueten-i-orchideen-2\/haendelwurzen-kohlroesschen\/\">H\u00e4ndelwurzen \/ Kohlr\u00f6schen<\/a><\/p>\n<p><em>Quelle des Textauszuges und weitere Infos bei <\/em><a href=\"https:\/\/de.wikipedia.org\/wiki\/M%C3%BCcken-H%C3%A4ndelwurz\" target=\"_blank\" rel=\"noopener noreferrer\">Wikipedia<\/a><em> (<\/em><a href=\"http:\/\/www.gnu.org\/licenses\/fdl-1.3.txt\" target=\"_blank\" rel=\"noopener noreferrer\">GNU-Lizenz<\/a><em>)\u2013 mein Dank gilt den <\/em><a href=\"https:\/\/de.wikipedia.org\/w\/index.php?title=M%C3%BCcken-H%C3%A4ndelwurz&amp;action=history\" target=\"_blank\" rel=\"noopener noreferrer\">Autoren<\/a><em>.<\/em><\/p>\n","protected":false},"excerpt":{"rendered":"<p>Pflanzen -&gt;Orchideen -&gt;\u00a0H\u00e4ndelwurzen \/ Kohlr\u00f6schen Pflanzen von A-Z Zur Galerie H\u00e4ndelwurzen \/ Kohlr\u00f6schen Die M\u00fccken-H\u00e4ndelwurz (Gymnadenia conopsea), auch Langsporn-H\u00e4ndelwurz, Fliegen-H\u00e4ndelwurz oder Gro\u00dfe H\u00e4ndelwurz genannt, ist eine Pflanzenart, die zur Gattung H\u00e4ndelwurzen (Gymnadenia) innerhalb der Familie der Orchideen geh\u00f6rt. Die M\u00fccken-H\u00e4ndelwurz ist eine ausdauernde krautige Pflanze und erreicht Wuchsh\u00f6hen von 30 bis 80 Zentimetern. Die Knollen &hellip; <a href=\"https:\/\/woerrlein-naturfoto.de\/wordpress\/haendelwurzen-kohlroeschen-a-z\/mueckenhaendelwurz\/\" class=\"more-link\"><span class=\"screen-reader-text\">M\u00fcckenh\u00e4ndelwurz<\/span> weiterlesen <span class=\"meta-nav\">&rarr;<\/span><\/a><\/p>\n","protected":false},"author":1,"featured_media":0,"parent":14206,"menu_order":0,"comment_status":"closed","ping_status":"closed","template":"page-templates\/full-width.php","meta":{"footnotes":""},"class_list":["post-11806","page","type-page","status-publish","hentry"],"_links":{"self":[{"href":"https:\/\/woerrlein-naturfoto.de\/wordpress\/wp-json\/wp\/v2\/pages\/11806","targetHints":{"allow":["GET"]}}],"collection":[{"href":"https:\/\/woerrlein-naturfoto.de\/wordpress\/wp-json\/wp\/v2\/pages"}],"about":[{"href":"https:\/\/woerrlein-naturfoto.de\/wordpress\/wp-json\/wp\/v2\/types\/page"}],"author":[{"embeddable":true,"href":"https:\/\/woerrlein-naturfoto.de\/wordpress\/wp-json\/wp\/v2\/users\/1"}],"replies":[{"embeddable":true,"href":"https:\/\/woerrlein-naturfoto.de\/wordpress\/wp-json\/wp\/v2\/comments?post=11806"}],"version-history":[{"count":4,"href":"https:\/\/woerrlein-naturfoto.de\/wordpress\/wp-json\/wp\/v2\/pages\/11806\/revisions"}],"predecessor-version":[{"id":14247,"href":"https:\/\/woerrlein-naturfoto.de\/wordpress\/wp-json\/wp\/v2\/pages\/11806\/revisions\/14247"}],"up":[{"embeddable":true,"href":"https:\/\/woerrlein-naturfoto.de\/wordpress\/wp-json\/wp\/v2\/pages\/14206"}],"wp:attachment":[{"href":"https:\/\/woerrlein-naturfoto.de\/wordpress\/wp-json\/wp\/v2\/media?parent=11806"}],"curies":[{"name":"wp","href":"https:\/\/api.w.org\/{rel}","templated":true}]}}