{"id":11803,"date":"2019-12-28T10:17:36","date_gmt":"2019-12-28T09:17:36","guid":{"rendered":"http:\/\/woerrlein-naturfoto.de\/wordpress\/?page_id=11803"},"modified":"2021-12-19T13:35:43","modified_gmt":"2021-12-19T12:35:43","slug":"schwarzes-kohlroeschen","status":"publish","type":"page","link":"https:\/\/woerrlein-naturfoto.de\/wordpress\/haendelwurzen-kohlroeschen-a-z\/schwarzes-kohlroeschen\/","title":{"rendered":"Schwarzes Kohlr\u00f6schen"},"content":{"rendered":"<p><span style=\"color: #ffff66;\"><a style=\"color: #ffff66;\" href=\"http:\/\/woerrlein-naturfoto.de\/wordpress\/hauptseite-pflanzen\/pflanzen\/\"><span style=\"color: #ffff00;\">Pflanzen<\/span><\/a> <\/span>-&gt;<span style=\"color: #ffff66;\"><a style=\"color: #ffff66;\" href=\"http:\/\/woerrlein-naturfoto.de\/wordpress\/hauptseite-pflanzen\/pflanzen\/blueten-i-orchideen-2\/\"><span style=\"color: #ffff00;\">Orchideen <\/span><\/a><\/span>-&gt;<span style=\"color: #ffff00;\">\u00a0<a style=\"color: #ffff00;\" href=\"https:\/\/woerrlein-naturfoto.de\/wordpress\/hauptseite-pflanzen\/pflanzen\/blueten-i-orchideen-2\/haendelwurzen-kohlroesschen\/\">H\u00e4ndelwurzen \/ Kohlr\u00f6schen<\/a><\/span><br \/>\n<a href=\"http:\/\/woerrlein-naturfoto.de\/wordpress\/pflanzen-von-a-z\/\">Pflanzen von A-Z<\/a><br \/>\nZur Galerie <a href=\"https:\/\/woerrlein-naturfoto.de\/wordpress\/hauptseite-pflanzen\/pflanzen\/blueten-i-orchideen-2\/haendelwurzen-kohlroesschen\/\">H\u00e4ndelwurzen \/ Kohlr\u00f6schen<\/a><\/p>\n<p><img loading=\"lazy\" decoding=\"async\" class=\"alignleft wp-image-11708\" src=\"http:\/\/woerrlein-naturfoto.de\/wordpress\/wp-content\/uploads\/2019\/12\/SchwarzesKohlroeschen_D20190720_2128-400x600.jpg\" alt=\"\" width=\"267\" height=\"400\" srcset=\"https:\/\/woerrlein-naturfoto.de\/wordpress\/wp-content\/uploads\/2019\/12\/SchwarzesKohlroeschen_D20190720_2128-400x600.jpg 400w, https:\/\/woerrlein-naturfoto.de\/wordpress\/wp-content\/uploads\/2019\/12\/SchwarzesKohlroeschen_D20190720_2128.jpg 567w\" sizes=\"auto, (max-width: 267px) 100vw, 267px\" \/>Das <strong>Schwarze Kohlr\u00f6schen<\/strong> <em>(<i>Nigritella\u00a0<\/i> <i>rhellicani<\/i>)<\/em> wir auch h\u00e4ufig als <strong>Gew\u00f6hnliches Kohlr\u00f6schen <\/strong>beschrieben. Es ist das im\u00a0 Alpenraum bei weitem am h\u00e4ufigsten auftretende Kohlr\u00f6serl. Die Pflanzen werden 10 \u2013 20 (8 \u2013 25) cm hoch. Im Aufbl\u00fchen ist der Bl\u00fctenstand in der Tendenz kegelf\u00f6rmig, voll erbl\u00fcht eher l\u00e4nglich eif\u00f6rmig. Die Bl\u00fcten stehen dicht gedr\u00e4ngt beieinander und duften nach Vanille. Die Lippe weist wie bei allen Kohlr\u00f6schen nach oben.<br \/>\nDie Bl\u00e4tter sind schmal grasartig, rinnig gefaltet und am Grunde gedr\u00e4ngt. H\u00e4ufig werden sie vom umgebenden dichten Gras v\u00f6llig verdeckt. Der kantige hellgr\u00fcne St\u00e4ngel wird nur von wenigen k\u00fcrzeren Bl\u00e4ttern begleitet, die in die Tragbl\u00e4tter \u00fcbergehen. An den obersten Bl\u00e4ttern f\u00e4llt der br\u00e4unliche Blattrand auf.<\/p>\n<p>Das Gew\u00f6hnliche Kohlr\u00f6schen wurde von den <a class=\"mw-redirect\" title=\"Arbeitskreis Heimische Orchideen\" href=\"https:\/\/de.wikipedia.org\/wiki\/Arbeitskreis_Heimische_Orchideen\" target=\"_blank\" rel=\"noopener noreferrer\">Arbeitskreisen Heimische Orchideen<\/a> (AHO) zur <a title=\"Orchidee des Jahres\" href=\"https:\/\/de.wikipedia.org\/wiki\/Orchidee_des_Jahres\" target=\"_blank\" rel=\"noopener noreferrer\">Orchidee des Jahres<\/a> 2007gew\u00e4hlt.<\/p>\n<p><strong>Bl\u00fctezeit:<\/strong>\u00a0\u00a0\u00a0\u00a0 Juni \/ Juli<\/p>\n<p>Zur Galerie <a href=\"https:\/\/woerrlein-naturfoto.de\/wordpress\/hauptseite-pflanzen\/pflanzen\/blueten-i-orchideen-2\/haendelwurzen-kohlroesschen\/\">H\u00e4ndelwurzen \/ Kohlr\u00f6schen<\/a><br \/>\n<code><\/code><\/p>\n","protected":false},"excerpt":{"rendered":"<p>Pflanzen -&gt;Orchideen -&gt;\u00a0H\u00e4ndelwurzen \/ Kohlr\u00f6schen Pflanzen von A-Z Zur Galerie H\u00e4ndelwurzen \/ Kohlr\u00f6schen Das Schwarze Kohlr\u00f6schen (Nigritella\u00a0 rhellicani) wir auch h\u00e4ufig als Gew\u00f6hnliches Kohlr\u00f6schen beschrieben. Es ist das im\u00a0 Alpenraum bei weitem am h\u00e4ufigsten auftretende Kohlr\u00f6serl. Die Pflanzen werden 10 \u2013 20 (8 \u2013 25) cm hoch. Im Aufbl\u00fchen ist der Bl\u00fctenstand in der Tendenz &hellip; <a href=\"https:\/\/woerrlein-naturfoto.de\/wordpress\/haendelwurzen-kohlroeschen-a-z\/schwarzes-kohlroeschen\/\" class=\"more-link\"><span class=\"screen-reader-text\">Schwarzes Kohlr\u00f6schen<\/span> weiterlesen <span class=\"meta-nav\">&rarr;<\/span><\/a><\/p>\n","protected":false},"author":1,"featured_media":0,"parent":14206,"menu_order":0,"comment_status":"closed","ping_status":"closed","template":"page-templates\/full-width.php","meta":{"footnotes":""},"class_list":["post-11803","page","type-page","status-publish","hentry"],"_links":{"self":[{"href":"https:\/\/woerrlein-naturfoto.de\/wordpress\/wp-json\/wp\/v2\/pages\/11803","targetHints":{"allow":["GET"]}}],"collection":[{"href":"https:\/\/woerrlein-naturfoto.de\/wordpress\/wp-json\/wp\/v2\/pages"}],"about":[{"href":"https:\/\/woerrlein-naturfoto.de\/wordpress\/wp-json\/wp\/v2\/types\/page"}],"author":[{"embeddable":true,"href":"https:\/\/woerrlein-naturfoto.de\/wordpress\/wp-json\/wp\/v2\/users\/1"}],"replies":[{"embeddable":true,"href":"https:\/\/woerrlein-naturfoto.de\/wordpress\/wp-json\/wp\/v2\/comments?post=11803"}],"version-history":[{"count":4,"href":"https:\/\/woerrlein-naturfoto.de\/wordpress\/wp-json\/wp\/v2\/pages\/11803\/revisions"}],"predecessor-version":[{"id":14450,"href":"https:\/\/woerrlein-naturfoto.de\/wordpress\/wp-json\/wp\/v2\/pages\/11803\/revisions\/14450"}],"up":[{"embeddable":true,"href":"https:\/\/woerrlein-naturfoto.de\/wordpress\/wp-json\/wp\/v2\/pages\/14206"}],"wp:attachment":[{"href":"https:\/\/woerrlein-naturfoto.de\/wordpress\/wp-json\/wp\/v2\/media?parent=11803"}],"curies":[{"name":"wp","href":"https:\/\/api.w.org\/{rel}","templated":true}]}}