{"id":1179,"date":"2014-09-25T17:33:29","date_gmt":"2014-09-25T15:33:29","guid":{"rendered":"http:\/\/woerrlein-naturfoto.de\/wordpress\/?page_id=1179"},"modified":"2024-10-13T10:06:40","modified_gmt":"2024-10-13T08:06:40","slug":"grosser-brachvogel","status":"publish","type":"page","link":"https:\/\/woerrlein-naturfoto.de\/wordpress\/schnepfen_a-z\/grosser-brachvogel\/","title":{"rendered":"Gro\u00dfer Brachvogel"},"content":{"rendered":"<p><a href=\"http:\/\/woerrlein-naturfoto.de\/wordpress\/voegel\/\"><span style=\"color: #ffff66;\">V\u00f6gel<\/span> <\/a>-&gt;<a href=\"http:\/\/woerrlein-naturfoto.de\/wordpress\/hauptseite-voegel\/voegel\/watvoegel-2\"> <span style=\"color: #ffff66;\">Watv\u00f6gel<\/span> <\/a><br \/>\n<a title=\"V\u00f6gel von A-Z\" href=\"http:\/\/woerrlein-naturfoto.de\/wordpress\/voegel\/voegel_von_a-z\/\">V\u00f6gel von A-Z<\/a><br \/>\nZur Galerie <a title=\"Schnepfenv\u00f6gel\" href=\"http:\/\/woerrlein-naturfoto.de\/wordpress\/hauptseite-voegel\/voegel\/watvoegel\/schnepfenvoegel\/\">Schnepfen I<\/a><\/p>\n<p><img loading=\"lazy\" decoding=\"async\" class=\"alignleft wp-image-1104\" src=\"http:\/\/woerrlein-naturfoto.de\/wordpress\/wp-content\/uploads\/Grosser_Brachvogel_2147L_v-600x400.jpg\" alt=\"Grosser_Brachvogel_2147L_v.jpg\" width=\"600\" height=\"400\" \/><\/p>\n<p>Der <b>Gro\u00dfe Brachvogel<\/b> (<i>Numenius arquata<\/i>) ist eine Vogelart aus der Familie der Schnepfenv\u00f6gel. Es werden zwei Unterarten unterschieden. Die Nominatform ist in Mitteleuropa ein zunehmend seltener Brut- und Sommervogel. Er ist w\u00e4hrend der Zugzeiten ein regelm\u00e4\u00dfiger Durchz\u00fcgler und Rastv\u00f6gel, der gebietsweise auch \u00fcberwintert. Die V\u00f6gel sind die gr\u00f6\u00dften Watv\u00f6gel, und sie sind in Europa die h\u00e4ufigsten Brachv\u00f6gel. Charakteristisches Kennzeichen des Gro\u00dfen Brachvogels ist der lange und stark nach unten gekr\u00fcmmte Schnabel. Das Weibchen ist etwas gr\u00f6\u00dfer als das M\u00e4nnchen und hat einen deutlich st\u00e4rker gebogenen und l\u00e4ngeren Schnabel. Ansonsten sehen die Geschlechter gleich aus. Gro\u00dfe Brachv\u00f6gel sind eher unscheinbar gef\u00e4rbt. Der Kopf, der Hals, die Brust die K\u00f6rperoberseite sind fahl beigebraun mit dunklen Streifen und Flecken. Die Wangen sind dunkel gestrichelt und kontrastieren dadurch mit dem hellen Kinn- und Kehlfleck. Die Brust ist etwas kr\u00e4ftiger gestreift und wird zum Bauch hin heller. Im Flug wird der wei\u00dfe B\u00fcrzel sichtbar, der mit dem wei\u00dfen R\u00fccken einen wei\u00dfen Keil bildet.<br \/>\nGro\u00dfe Brachv\u00f6gel fressen Insekten, W\u00fcrmer und Schnecken, die sie mit ihrem langen Schnabel auf dem Boden stochernd suchen. Der Schnabel dient auch als Pinzette, um Schnecken und Muscheln aus ihren Schalen zu holen. Auf dem Zug und im Winter suchen Gro\u00dfe Brachv\u00f6gel in k\u00fcstennahen S\u00fc\u00dfwassermarschen und auf Wattfl\u00e4chen in den Gezeitenzonen nach Nahrung. Im Watt fressen sie bevorzugt kleine Strandkrabben, w\u00e4hrend in den S\u00fc\u00dfwasserhabitaten Schnaken die Nahrung dominieren.<\/p>\n<p>L\u00e4nge: 50-60 cm\u00a0\u00a0 Spannweite: 80-100 cm\u00a0\u00a0 Gewicht: 600-1000 g\u00a0\u00a0 Gelege: 3-5 Eier<\/p>\n<p>Zur Galerie <a title=\"Schnepfenv\u00f6gel\" href=\"http:\/\/woerrlein-naturfoto.de\/wordpress\/hauptseite-voegel\/voegel\/watvoegel\/schnepfenvoegel\/\">Schnepfen I<\/a><\/p>\n<p>&nbsp;<\/p>\n<p><em>Quelle des Textauszuges und weitere Infos bei <\/em><a href=\"http:\/\/de.wikipedia.org\/wiki\/Gro%C3%9Fer_Brachvogel\" target=\"_blank\" rel=\"noopener\">Wikipedia<\/a> <em>(<\/em><a href=\"http:\/\/www.gnu.org\/licenses\/fdl-1.3.txt\" target=\"_blank\" rel=\"noopener\">GNU-Lizenz<\/a><em>)<\/em> \u2013 <em>mein Dank gilt den<\/em> <a href=\"http:\/\/de.wikipedia.org\/w\/index.php?title=Gro%C3%9Fer_Brachvogel&amp;action=history\" target=\"_blank\" rel=\"noopener\">Autoren<\/a>.<\/p>\n","protected":false},"excerpt":{"rendered":"<p>V\u00f6gel -&gt; Watv\u00f6gel V\u00f6gel von A-Z Zur Galerie Schnepfen I Der Gro\u00dfe Brachvogel (Numenius arquata) ist eine Vogelart aus der Familie der Schnepfenv\u00f6gel. Es werden zwei Unterarten unterschieden. Die Nominatform ist in Mitteleuropa ein zunehmend seltener Brut- und Sommervogel. Er ist w\u00e4hrend der Zugzeiten ein regelm\u00e4\u00dfiger Durchz\u00fcgler und Rastv\u00f6gel, der gebietsweise auch \u00fcberwintert. Die V\u00f6gel &hellip; <a href=\"https:\/\/woerrlein-naturfoto.de\/wordpress\/schnepfen_a-z\/grosser-brachvogel\/\" class=\"more-link\"><span class=\"screen-reader-text\">Gro\u00dfer Brachvogel<\/span> weiterlesen <span class=\"meta-nav\">&rarr;<\/span><\/a><\/p>\n","protected":false},"author":1,"featured_media":0,"parent":1143,"menu_order":0,"comment_status":"closed","ping_status":"closed","template":"page-templates\/full-width.php","meta":{"footnotes":""},"class_list":["post-1179","page","type-page","status-publish","hentry"],"_links":{"self":[{"href":"https:\/\/woerrlein-naturfoto.de\/wordpress\/wp-json\/wp\/v2\/pages\/1179","targetHints":{"allow":["GET"]}}],"collection":[{"href":"https:\/\/woerrlein-naturfoto.de\/wordpress\/wp-json\/wp\/v2\/pages"}],"about":[{"href":"https:\/\/woerrlein-naturfoto.de\/wordpress\/wp-json\/wp\/v2\/types\/page"}],"author":[{"embeddable":true,"href":"https:\/\/woerrlein-naturfoto.de\/wordpress\/wp-json\/wp\/v2\/users\/1"}],"replies":[{"embeddable":true,"href":"https:\/\/woerrlein-naturfoto.de\/wordpress\/wp-json\/wp\/v2\/comments?post=1179"}],"version-history":[{"count":13,"href":"https:\/\/woerrlein-naturfoto.de\/wordpress\/wp-json\/wp\/v2\/pages\/1179\/revisions"}],"predecessor-version":[{"id":18946,"href":"https:\/\/woerrlein-naturfoto.de\/wordpress\/wp-json\/wp\/v2\/pages\/1179\/revisions\/18946"}],"up":[{"embeddable":true,"href":"https:\/\/woerrlein-naturfoto.de\/wordpress\/wp-json\/wp\/v2\/pages\/1143"}],"wp:attachment":[{"href":"https:\/\/woerrlein-naturfoto.de\/wordpress\/wp-json\/wp\/v2\/media?parent=1179"}],"curies":[{"name":"wp","href":"https:\/\/api.w.org\/{rel}","templated":true}]}}