{"id":11672,"date":"2019-12-01T17:31:39","date_gmt":"2019-12-01T16:31:39","guid":{"rendered":"http:\/\/woerrlein-naturfoto.de\/wordpress\/?page_id=11672"},"modified":"2019-12-01T17:31:39","modified_gmt":"2019-12-01T16:31:39","slug":"schwarzspecht","status":"publish","type":"page","link":"https:\/\/woerrlein-naturfoto.de\/wordpress\/spechte-a-z\/schwarzspecht\/","title":{"rendered":"Schwarzspecht"},"content":{"rendered":"<p><a href=\"http:\/\/woerrlein-naturfoto.de\/wordpress\/voegel\/\"><span style=\"color: #ffff66;\">V\u00f6gel<\/span> <\/a>-&gt;<a href=\"http:\/\/woerrlein-naturfoto.de\/wordpress\/hauptseite-voegel\/voegel\/spechte\/\"> <span style=\"color: #ffff66;\">Spechte<\/span><\/a><br \/>\n<a title=\"V\u00f6gel von A-Z\" href=\"http:\/\/woerrlein-naturfoto.de\/wordpress\/voegel\/voegel_von_a-z\/\">V\u00f6gel von A-Z<br \/>\n<\/a>zur Galerie <a title=\"Spechte\" href=\"http:\/\/woerrlein-naturfoto.de\/wordpress\/hauptseite-voegel\/voegel\/spechte\/\">Spechte<\/a><\/p>\n<p><img loading=\"lazy\" decoding=\"async\" class=\"alignleft wp-image-11670\" src=\"http:\/\/woerrlein-naturfoto.de\/wordpress\/wp-content\/uploads\/2014\/12\/Schwarzspecht_20190512_1072-600x400.jpg\" alt=\"\" width=\"600\" height=\"400\" srcset=\"https:\/\/woerrlein-naturfoto.de\/wordpress\/wp-content\/uploads\/2014\/12\/Schwarzspecht_20190512_1072-600x400.jpg 600w, https:\/\/woerrlein-naturfoto.de\/wordpress\/wp-content\/uploads\/2014\/12\/Schwarzspecht_20190512_1072-768x512.jpg 768w, https:\/\/woerrlein-naturfoto.de\/wordpress\/wp-content\/uploads\/2014\/12\/Schwarzspecht_20190512_1072-120x80.jpg 120w, https:\/\/woerrlein-naturfoto.de\/wordpress\/wp-content\/uploads\/2014\/12\/Schwarzspecht_20190512_1072.jpg 1000w\" sizes=\"auto, (max-width: 600px) 100vw, 600px\" \/>Der <b>Schwarzspecht<\/b> (<i>Dryocopus martius<\/i>) ist ein Vertreter der Gattung <i>Dryocopus<\/i> innerhalb der Unterfamilie der Echten Spechte. Der in Mitteleuropa durch seine \u00fcberwiegende Schwarzf\u00e4rbung und die rote Scheitelf\u00e4rbung unverwechselbare Vogel ist etwa kr\u00e4hengro\u00df und mit Abstand der gr\u00f6\u00dfte europ\u00e4ische Specht. Die Art kommt in zwei Unterarten in weiten Teilen der n\u00f6rdlichen und zentralen Pal\u00e4arktis vor.<br \/>\nDer Schwarzspecht ern\u00e4hrt sich im Sommer in erster Linie von holzbewohnenden Ameisen, deren Nester er auch in gr\u00f6\u00dferen St\u00e4mmen gro\u00dffl\u00e4chig freilegt; im Winter werden auch Ameisenhaufen ausgebeutet. Er ist ein wichtiger H\u00f6hlenlieferant f\u00fcr zahlreiche Tierarten, die auf gr\u00f6\u00dfere Baumh\u00f6hlen angewiesen sind. Die Bruth\u00f6hlen werden in Mitteleuropa vor allem in \u00e4lteren, dick- und hochst\u00e4mmigen Rotbuchen angelegt. Auf Grund forstwirtschaftlicher Umstrukturierungen konnte der Schwarzspecht im Laufe des 20. Jahrhunderts sein Brutareal in Europa stark nach Westen und Norden hin ausdehnen. In Westeuropa h\u00e4lt diese Arealausweitung weiterhin an. In Mitteleuropa ist er ein weit verbreiteter und regional h\u00e4ufiger Brutvogel, der selbst fragmentierte und kleinfl\u00e4chige W\u00e4lder besiedelt.<\/p>\n<p>L\u00e4nge: 45-47 cm\u00a0\u00a0 Spannweite: 64-68 cm\u00a0\u00a0 Gewicht: 260-360 g\u00a0\u00a0 Gelege: 4-6 Eier<\/p>\n<p>Zur Galerie <a title=\"Spechte\" href=\"http:\/\/woerrlein-naturfoto.de\/wordpress\/hauptseite-voegel\/voegel\/spechte\/\">Spechte<\/a><\/p>\n<p><em>Quelle des Textauszuges und weitere Infos bei <\/em><a href=\"https:\/\/de.wikipedia.org\/wiki\/Schwarzspecht\" target=\"_blank\" rel=\"noopener noreferrer\">Wikipedia<\/a> <em>(<\/em><a href=\"http:\/\/www.gnu.org\/licenses\/fdl-1.3.txt\" target=\"_blank\" rel=\"noopener noreferrer\">GNU-Lizenz<\/a><em>)<\/em> \u2013 <em>mein Dank gilt den<\/em> <a href=\"http:\/\/de.wikipedia.org\/w\/index.php?title=Buntspecht&amp;action=history\" target=\"_blank\" rel=\"noopener noreferrer\">Autoren<\/a>.<\/p>\n","protected":false},"excerpt":{"rendered":"<p>V\u00f6gel -&gt; Spechte V\u00f6gel von A-Z zur Galerie Spechte Der Schwarzspecht (Dryocopus martius) ist ein Vertreter der Gattung Dryocopus innerhalb der Unterfamilie der Echten Spechte. Der in Mitteleuropa durch seine \u00fcberwiegende Schwarzf\u00e4rbung und die rote Scheitelf\u00e4rbung unverwechselbare Vogel ist etwa kr\u00e4hengro\u00df und mit Abstand der gr\u00f6\u00dfte europ\u00e4ische Specht. Die Art kommt in zwei Unterarten in &hellip; <a href=\"https:\/\/woerrlein-naturfoto.de\/wordpress\/spechte-a-z\/schwarzspecht\/\" class=\"more-link\"><span class=\"screen-reader-text\">Schwarzspecht<\/span> weiterlesen <span class=\"meta-nav\">&rarr;<\/span><\/a><\/p>\n","protected":false},"author":1,"featured_media":0,"parent":2630,"menu_order":0,"comment_status":"closed","ping_status":"closed","template":"page-templates\/full-width.php","meta":{"footnotes":""},"class_list":["post-11672","page","type-page","status-publish","hentry"],"_links":{"self":[{"href":"https:\/\/woerrlein-naturfoto.de\/wordpress\/wp-json\/wp\/v2\/pages\/11672","targetHints":{"allow":["GET"]}}],"collection":[{"href":"https:\/\/woerrlein-naturfoto.de\/wordpress\/wp-json\/wp\/v2\/pages"}],"about":[{"href":"https:\/\/woerrlein-naturfoto.de\/wordpress\/wp-json\/wp\/v2\/types\/page"}],"author":[{"embeddable":true,"href":"https:\/\/woerrlein-naturfoto.de\/wordpress\/wp-json\/wp\/v2\/users\/1"}],"replies":[{"embeddable":true,"href":"https:\/\/woerrlein-naturfoto.de\/wordpress\/wp-json\/wp\/v2\/comments?post=11672"}],"version-history":[{"count":1,"href":"https:\/\/woerrlein-naturfoto.de\/wordpress\/wp-json\/wp\/v2\/pages\/11672\/revisions"}],"predecessor-version":[{"id":11673,"href":"https:\/\/woerrlein-naturfoto.de\/wordpress\/wp-json\/wp\/v2\/pages\/11672\/revisions\/11673"}],"up":[{"embeddable":true,"href":"https:\/\/woerrlein-naturfoto.de\/wordpress\/wp-json\/wp\/v2\/pages\/2630"}],"wp:attachment":[{"href":"https:\/\/woerrlein-naturfoto.de\/wordpress\/wp-json\/wp\/v2\/media?parent=11672"}],"curies":[{"name":"wp","href":"https:\/\/api.w.org\/{rel}","templated":true}]}}