{"id":1167,"date":"2014-09-25T16:22:57","date_gmt":"2014-09-25T14:22:57","guid":{"rendered":"http:\/\/woerrlein-naturfoto.de\/wordpress\/?page_id=1167"},"modified":"2024-10-13T10:05:28","modified_gmt":"2024-10-13T08:05:28","slug":"dunkler-wasserlaeufer","status":"publish","type":"page","link":"https:\/\/woerrlein-naturfoto.de\/wordpress\/schnepfen_a-z\/dunkler-wasserlaeufer\/","title":{"rendered":"Dunkler Wasserl\u00e4ufer"},"content":{"rendered":"<p><a href=\"http:\/\/woerrlein-naturfoto.de\/wordpress\/voegel\/\"><span style=\"color: #ffff66;\">V\u00f6gel<\/span> <\/a>-&gt;<a href=\"http:\/\/woerrlein-naturfoto.de\/wordpress\/hauptseite-voegel\/voegel\/watvoegel-2\"> <span style=\"color: #ffff66;\">Watv\u00f6gel<\/span> <\/a><br \/>\n<a title=\"V\u00f6gel von A-Z\" href=\"http:\/\/woerrlein-naturfoto.de\/wordpress\/voegel\/voegel_von_a-z\/\">V\u00f6gel von A-Z<\/a><br \/>\nZur Galerie <a title=\"Schnepfenv\u00f6gel\" href=\"http:\/\/woerrlein-naturfoto.de\/wordpress\/hauptseite-voegel\/voegel\/watvoegel\/schnepfenvoegel\/\">Schnepfen I<\/a><\/p>\n<p><img loading=\"lazy\" decoding=\"async\" class=\"alignleft wp-image-1100\" src=\"http:\/\/woerrlein-naturfoto.de\/wordpress\/wp-content\/uploads\/DunklerWasserlaeufer_22699L_v-600x400.jpg\" alt=\"DunklerWasserlaeufer_22699L_v.jpg\" width=\"600\" height=\"400\" \/><\/p>\n<p>Der <b>Dunkle Wasserl\u00e4ufer<\/b> (<i>Tringa erythropus<\/i>) ist ein Vogel aus der Familie der Schnepfenv\u00f6gel und wird auch <b>Dunkelwasserl\u00e4ufer<\/b> genannt. Er ist ein Brutvogel der Arktis und der n\u00f6rdlichen borealen Nadelwaldzone. In Mitteleuropa ist er w\u00e4hrend der Zugzeiten ein regelm\u00e4\u00dfiger Durchz\u00fcgler sowohl an der K\u00fcste als auch im Binnenland. W\u00e4hrend des H\u00f6henpunktes des Zuges sind in den Niederlanden 5.000 bis 10.000 Individuen zu beobachten. In kleiner Zahl \u00fcberwintern Dunkle Wasserl\u00e4ufer auch in Belgien, dem niederl\u00e4ndischen Rheindelta und im Nordwesten Deutschlands. Im Winterkleid ist das Tier unauff\u00e4lliger graubraun gef\u00e4rbt mit wei\u00dfen Flecken und sieht dem <a title=\"Rotschenkel\" href=\"http:\/\/woerrlein-naturfoto.de\/wordpress\/schnepfen_a-z\/rotschenkel\/\" target=\"_blank\" rel=\"noopener\">Rotschenkel<\/a> sehr \u00e4hnlich. Der Dunkle Wasserl\u00e4ufer ist jedoch gr\u00f6\u00dfer, hat keine wei\u00dfe Fl\u00fcgelbinden und einen l\u00e4ngeren, nur unterseits roten d\u00fcnneren Schnabel, der an der Spitze nach unten gebogen ist. Er watet oft in bauchtiefem Wasser, wird es noch tiefer, kann er auch schwimmen.<br \/>\nDer Vogel ern\u00e4hrt sich vor allem von kleinen Fischen, Weich- und Krebstieren sowie Wasserinsekten in allen Entwicklungsstadien, nach denen er im seichten Wasser sucht. Im Wattenmeer ist seine Ern\u00e4hrung von Crustaceen, Ringelw\u00fcrmern und Mollusken dominiert.<\/p>\n<p>L\u00e4nge: 29-33 cm\u00a0\u00a0 Spannweite: 47-53 cm\u00a0\u00a0 Gewicht: 135-250 g\u00a0\u00a0 Gelege: 4 Eier<\/p>\n<p>Zur Galerie <a title=\"Schnepfenv\u00f6gel\" href=\"http:\/\/woerrlein-naturfoto.de\/wordpress\/hauptseite-voegel\/voegel\/watvoegel\/schnepfenvoegel\/\">Schnepfen I<\/a><\/p>\n<p>&nbsp;<\/p>\n<p><em>Quelle des Textauszuges und weitere Infos bei <\/em><a href=\"http:\/\/de.wikipedia.org\/wiki\/Dunkler_Wasserl%C3%A4ufer\" target=\"_blank\" rel=\"noopener\">Wikipedia<\/a> <em>(<\/em><a href=\"http:\/\/www.gnu.org\/licenses\/fdl-1.3.txt\" target=\"_blank\" rel=\"noopener\">GNU-Lizenz<\/a><em>)<\/em> \u2013 <em>mein Dank gilt den<\/em> <a href=\"http:\/\/de.wikipedia.org\/w\/index.php?title=Dunkler_Wasserl%C3%A4ufer&amp;action=history\" target=\"_blank\" rel=\"noopener\">Autoren<\/a>.<\/p>\n","protected":false},"excerpt":{"rendered":"<p>V\u00f6gel -&gt; Watv\u00f6gel V\u00f6gel von A-Z Zur Galerie Schnepfen I Der Dunkle Wasserl\u00e4ufer (Tringa erythropus) ist ein Vogel aus der Familie der Schnepfenv\u00f6gel und wird auch Dunkelwasserl\u00e4ufer genannt. Er ist ein Brutvogel der Arktis und der n\u00f6rdlichen borealen Nadelwaldzone. In Mitteleuropa ist er w\u00e4hrend der Zugzeiten ein regelm\u00e4\u00dfiger Durchz\u00fcgler sowohl an der K\u00fcste als auch &hellip; <a href=\"https:\/\/woerrlein-naturfoto.de\/wordpress\/schnepfen_a-z\/dunkler-wasserlaeufer\/\" class=\"more-link\"><span class=\"screen-reader-text\">Dunkler Wasserl\u00e4ufer<\/span> weiterlesen <span class=\"meta-nav\">&rarr;<\/span><\/a><\/p>\n","protected":false},"author":1,"featured_media":0,"parent":1143,"menu_order":0,"comment_status":"closed","ping_status":"closed","template":"page-templates\/full-width.php","meta":{"footnotes":""},"class_list":["post-1167","page","type-page","status-publish","hentry"],"_links":{"self":[{"href":"https:\/\/woerrlein-naturfoto.de\/wordpress\/wp-json\/wp\/v2\/pages\/1167","targetHints":{"allow":["GET"]}}],"collection":[{"href":"https:\/\/woerrlein-naturfoto.de\/wordpress\/wp-json\/wp\/v2\/pages"}],"about":[{"href":"https:\/\/woerrlein-naturfoto.de\/wordpress\/wp-json\/wp\/v2\/types\/page"}],"author":[{"embeddable":true,"href":"https:\/\/woerrlein-naturfoto.de\/wordpress\/wp-json\/wp\/v2\/users\/1"}],"replies":[{"embeddable":true,"href":"https:\/\/woerrlein-naturfoto.de\/wordpress\/wp-json\/wp\/v2\/comments?post=1167"}],"version-history":[{"count":17,"href":"https:\/\/woerrlein-naturfoto.de\/wordpress\/wp-json\/wp\/v2\/pages\/1167\/revisions"}],"predecessor-version":[{"id":18944,"href":"https:\/\/woerrlein-naturfoto.de\/wordpress\/wp-json\/wp\/v2\/pages\/1167\/revisions\/18944"}],"up":[{"embeddable":true,"href":"https:\/\/woerrlein-naturfoto.de\/wordpress\/wp-json\/wp\/v2\/pages\/1143"}],"wp:attachment":[{"href":"https:\/\/woerrlein-naturfoto.de\/wordpress\/wp-json\/wp\/v2\/media?parent=1167"}],"curies":[{"name":"wp","href":"https:\/\/api.w.org\/{rel}","templated":true}]}}