{"id":11658,"date":"2019-12-01T16:44:07","date_gmt":"2019-12-01T15:44:07","guid":{"rendered":"http:\/\/woerrlein-naturfoto.de\/wordpress\/?page_id=11658"},"modified":"2019-12-01T16:46:01","modified_gmt":"2019-12-01T15:46:01","slug":"gemeine-pelzbiene","status":"publish","type":"page","link":"https:\/\/woerrlein-naturfoto.de\/wordpress\/hautfluegler-zweifluegler-a-z\/gemeine-pelzbiene\/","title":{"rendered":"Gemeine Pelzbiene"},"content":{"rendered":"<p><a href=\"http:\/\/woerrlein-naturfoto.de\/wordpress\/insekten\/\"><span style=\"color: #ffff66;\">Insekten<\/span> <\/a>-&gt;<a href=\"http:\/\/woerrlein-naturfoto.de\/wordpress\/hauptseite-insekten\/insekten\/hautfluegler-zweifluegler-2\/\"> <span style=\"color: #ffff66;\">Hautfl\u00fcgler, Zweifl\u00fcgler<\/span><\/a><br \/>\n<a title=\"Insekten A-Z\" href=\"http:\/\/woerrlein-naturfoto.de\/wordpress\/insekten-a-z\/\">Insekten von A-Z<\/a><br \/>\nzur Galerie <a href=\"http:\/\/woerrlein-naturfoto.de\/wordpress\/hauptseite-insekten\/insekten\/hautfluegler-zweifluegler-2\/\">Hautfl\u00fcgler, Zweifl\u00fcgler<\/a><\/p>\n<p><img loading=\"lazy\" decoding=\"async\" class=\"alignleft wp-image-11657\" src=\"http:\/\/woerrlein-naturfoto.de\/wordpress\/wp-content\/uploads\/2015\/01\/SchuppenPelzbiene_190922_2892-600x400.jpg\" alt=\"\" width=\"600\" height=\"400\" srcset=\"https:\/\/woerrlein-naturfoto.de\/wordpress\/wp-content\/uploads\/2015\/01\/SchuppenPelzbiene_190922_2892-600x400.jpg 600w, https:\/\/woerrlein-naturfoto.de\/wordpress\/wp-content\/uploads\/2015\/01\/SchuppenPelzbiene_190922_2892-768x512.jpg 768w, https:\/\/woerrlein-naturfoto.de\/wordpress\/wp-content\/uploads\/2015\/01\/SchuppenPelzbiene_190922_2892-120x80.jpg 120w, https:\/\/woerrlein-naturfoto.de\/wordpress\/wp-content\/uploads\/2015\/01\/SchuppenPelzbiene_190922_2892.jpg 1000w\" sizes=\"auto, (max-width: 600px) 100vw, 600px\" \/><\/p>\n<p>Die <b>Gemeine Pelzbiene<\/b> (<i>Anthophora plumipes<\/i>) ist eine solit\u00e4r lebende Bienenart. Die Gemeine Pelzbiene erinnert in ihrer behaarten, kompakten Erscheinung an kleine Hummeln, wie z.\u00a0B. Ackerhummeln. Sie ist etwa 15\u00a0mm gro\u00df. Die Weibchen der Gemeinen Pelzbiene kommen in drei Farbvarianten vor. Es gibt braune, graue und schwarze Exemplare. Die M\u00e4nnchen sind im Allgemeinen grau gef\u00e4rbt und haben eine helle Zeichnung vorne auf dem Kopf. Au\u00dferdem haben die M\u00e4nnchen am mittleren Beinpaar die charakteristischen, namensgebenden langen Haare an den F\u00fc\u00dfen (plumipes ~ Federfu\u00df). Das Weibchen hat eine rostrote Sammelb\u00fcrste an den Hinterbeinen. Die Gemeinen Pelzbienen fallen durch ihr schnelles Flugverhalten auf, wodurch man sie mit etwas \u00dcbung im Feld schon auf gro\u00dfe Distanz von Hummeln unterscheiden kann.<br \/>\nDie Weibchen bauen ihre Brutzellen gern in Steilw\u00e4nden aus Lehm oder L\u00f6ss. An geeigneten Stellen k\u00f6nnen sich Aggregationen mit mehreren Hundert Nestern bilden. In die Zellen wird ein Brei aus Nektar und Pollen eingetragen der auf der Oberfl\u00e4che meist fl\u00fcssig ist und ein Ei gelegt. In einem Nest k\u00f6nnen auch mehrere Brutzellen angelegt werden. Die Larven entwickeln sich noch im Sommer zu Imagines, die dann aber bis zum n\u00e4chsten Fr\u00fchjahr in ihren Brutzellen ruhen.<\/p>\n<p>Zur Galerie <a href=\"http:\/\/woerrlein-naturfoto.de\/wordpress\/hauptseite-insekten\/insekten\/hautfluegler-zweifluegler-2\/\">Hautfl\u00fcgler, Zweifl\u00fcgler<\/a><\/p>\n<p><em>Quelle des Textauszuges und weitere Infos bei <\/em><a href=\"https:\/\/de.wikipedia.org\/wiki\/Gemeine_Pelzbiene\" target=\"_blank\" rel=\"noopener noreferrer\">Wikipedia<\/a><em> (<\/em><a href=\"http:\/\/www.gnu.org\/licenses\/fdl-1.3.txt\" target=\"_blank\" rel=\"noopener noreferrer\">GNU-Lizenz<\/a><em>)\u2013 mein Dank gilt den <\/em><a href=\"https:\/\/de.wikipedia.org\/w\/index.php?title=Gemeine_Pelzbiene&amp;action=history\" target=\"_blank\" rel=\"noopener noreferrer\">Autoren<\/a><em>.<\/em><\/p>\n","protected":false},"excerpt":{"rendered":"<p>Insekten -&gt; Hautfl\u00fcgler, Zweifl\u00fcgler Insekten von A-Z zur Galerie Hautfl\u00fcgler, Zweifl\u00fcgler Die Gemeine Pelzbiene (Anthophora plumipes) ist eine solit\u00e4r lebende Bienenart. Die Gemeine Pelzbiene erinnert in ihrer behaarten, kompakten Erscheinung an kleine Hummeln, wie z.\u00a0B. Ackerhummeln. Sie ist etwa 15\u00a0mm gro\u00df. Die Weibchen der Gemeinen Pelzbiene kommen in drei Farbvarianten vor. Es gibt braune, graue &hellip; <a href=\"https:\/\/woerrlein-naturfoto.de\/wordpress\/hautfluegler-zweifluegler-a-z\/gemeine-pelzbiene\/\" class=\"more-link\"><span class=\"screen-reader-text\">Gemeine Pelzbiene<\/span> weiterlesen <span class=\"meta-nav\">&rarr;<\/span><\/a><\/p>\n","protected":false},"author":1,"featured_media":0,"parent":3739,"menu_order":0,"comment_status":"closed","ping_status":"closed","template":"page-templates\/full-width.php","meta":{"footnotes":""},"class_list":["post-11658","page","type-page","status-publish","hentry"],"_links":{"self":[{"href":"https:\/\/woerrlein-naturfoto.de\/wordpress\/wp-json\/wp\/v2\/pages\/11658","targetHints":{"allow":["GET"]}}],"collection":[{"href":"https:\/\/woerrlein-naturfoto.de\/wordpress\/wp-json\/wp\/v2\/pages"}],"about":[{"href":"https:\/\/woerrlein-naturfoto.de\/wordpress\/wp-json\/wp\/v2\/types\/page"}],"author":[{"embeddable":true,"href":"https:\/\/woerrlein-naturfoto.de\/wordpress\/wp-json\/wp\/v2\/users\/1"}],"replies":[{"embeddable":true,"href":"https:\/\/woerrlein-naturfoto.de\/wordpress\/wp-json\/wp\/v2\/comments?post=11658"}],"version-history":[{"count":3,"href":"https:\/\/woerrlein-naturfoto.de\/wordpress\/wp-json\/wp\/v2\/pages\/11658\/revisions"}],"predecessor-version":[{"id":11661,"href":"https:\/\/woerrlein-naturfoto.de\/wordpress\/wp-json\/wp\/v2\/pages\/11658\/revisions\/11661"}],"up":[{"embeddable":true,"href":"https:\/\/woerrlein-naturfoto.de\/wordpress\/wp-json\/wp\/v2\/pages\/3739"}],"wp:attachment":[{"href":"https:\/\/woerrlein-naturfoto.de\/wordpress\/wp-json\/wp\/v2\/media?parent=11658"}],"curies":[{"name":"wp","href":"https:\/\/api.w.org\/{rel}","templated":true}]}}