{"id":11651,"date":"2019-12-01T15:55:22","date_gmt":"2019-12-01T14:55:22","guid":{"rendered":"http:\/\/woerrlein-naturfoto.de\/wordpress\/?page_id=11651"},"modified":"2022-10-19T14:00:57","modified_gmt":"2022-10-19T12:00:57","slug":"schleimiger-schueppling","status":"publish","type":"page","link":"https:\/\/woerrlein-naturfoto.de\/wordpress\/pilze-a-z\/schleimiger-schueppling\/","title":{"rendered":"Schleimiger Sch\u00fcppling"},"content":{"rendered":"<p><a href=\"http:\/\/woerrlein-naturfoto.de\/wordpress\/hauptseite-pflanzen\/pflanzen\/\"><span style=\"color: #ffff66;\">Pflanzen<\/span> <\/a>-&gt;<a href=\"http:\/\/woerrlein-naturfoto.de\/wordpress\/hauptseite-pflanzen\/pflanzen\/pilze-2\/\"> <span style=\"color: #ffff66;\">Pilze<\/span><\/a><br \/>\n<a href=\"http:\/\/woerrlein-naturfoto.de\/wordpress\/pflanzen-von-a-z\/\">Pflanzen von A-Z<\/a><br \/>\nzur Galerie <a href=\"https:\/\/woerrlein-naturfoto.de\/wordpress\/hauptseite-pflanzen\/pflanzen\/pilze-2\/pilze-iii-s-bis-z\/\">Pilze III<\/a><\/p>\n<p><img loading=\"lazy\" decoding=\"async\" class=\"alignleft wp-image-11563\" src=\"http:\/\/woerrlein-naturfoto.de\/wordpress\/wp-content\/uploads\/2015\/01\/Pilz_DSC_2872-600x400.jpg\" alt=\"\" width=\"600\" height=\"400\" srcset=\"https:\/\/woerrlein-naturfoto.de\/wordpress\/wp-content\/uploads\/2015\/01\/Pilz_DSC_2872-600x400.jpg 600w, https:\/\/woerrlein-naturfoto.de\/wordpress\/wp-content\/uploads\/2015\/01\/Pilz_DSC_2872-768x512.jpg 768w, https:\/\/woerrlein-naturfoto.de\/wordpress\/wp-content\/uploads\/2015\/01\/Pilz_DSC_2872-120x80.jpg 120w, https:\/\/woerrlein-naturfoto.de\/wordpress\/wp-content\/uploads\/2015\/01\/Pilz_DSC_2872.jpg 1000w\" sizes=\"auto, (max-width: 600px) 100vw, 600px\" \/>Der <strong>Schleimige Sch\u00fcppling<\/strong> <em>(Pholiota adiposa)<\/em> ist aufgrund seines unangenehmen bitteren Geschmackes ungenie\u00dfbar. Er w\u00e4chst vorwiegend an B\u00e4umen und hat einen Hut mit einem Durchmesser von 5 bis 12 cm. Der Hut des Sch\u00fcpplings ist schmierig und schleimig, was dem Sch\u00fcppling den Namen \u201eSchleimiger Sch\u00fcppling\u201c eingebracht hat. Die Hutfarbe dieses Pilzes ist goldgelb bis dunkelbraun mit gro\u00dfen wei\u00df-gelblichen Schuppen. Seine Lammelen sind hellgelb bis rostgelb und leicht herablaufend. Der Schleimige Sch\u00fcppling w\u00e4chst an Laubholz B\u00e4umen und sehr gerne an der Rotbuche.<\/p>\n<p><strong>Vorkommen:<\/strong>\u00a0\u00a0\u00a0\u00a0\u00a0\u00a0\u00a0 August &#8211; Oktober<\/p>\n<p>zur Galerie <a href=\"https:\/\/woerrlein-naturfoto.de\/wordpress\/hauptseite-pflanzen\/pflanzen\/pilze-2\/pilze-iii-s-bis-z\/\">Pilze III<\/a><\/p>\n","protected":false},"excerpt":{"rendered":"<p>Pflanzen -&gt; Pilze Pflanzen von A-Z zur Galerie Pilze III Der Schleimige Sch\u00fcppling (Pholiota adiposa) ist aufgrund seines unangenehmen bitteren Geschmackes ungenie\u00dfbar. Er w\u00e4chst vorwiegend an B\u00e4umen und hat einen Hut mit einem Durchmesser von 5 bis 12 cm. Der Hut des Sch\u00fcpplings ist schmierig und schleimig, was dem Sch\u00fcppling den Namen \u201eSchleimiger Sch\u00fcppling\u201c eingebracht &hellip; <a href=\"https:\/\/woerrlein-naturfoto.de\/wordpress\/pilze-a-z\/schleimiger-schueppling\/\" class=\"more-link\"><span class=\"screen-reader-text\">Schleimiger Sch\u00fcppling<\/span> weiterlesen <span class=\"meta-nav\">&rarr;<\/span><\/a><\/p>\n","protected":false},"author":1,"featured_media":0,"parent":5118,"menu_order":0,"comment_status":"closed","ping_status":"closed","template":"page-templates\/full-width.php","meta":{"footnotes":""},"class_list":["post-11651","page","type-page","status-publish","hentry"],"_links":{"self":[{"href":"https:\/\/woerrlein-naturfoto.de\/wordpress\/wp-json\/wp\/v2\/pages\/11651","targetHints":{"allow":["GET"]}}],"collection":[{"href":"https:\/\/woerrlein-naturfoto.de\/wordpress\/wp-json\/wp\/v2\/pages"}],"about":[{"href":"https:\/\/woerrlein-naturfoto.de\/wordpress\/wp-json\/wp\/v2\/types\/page"}],"author":[{"embeddable":true,"href":"https:\/\/woerrlein-naturfoto.de\/wordpress\/wp-json\/wp\/v2\/users\/1"}],"replies":[{"embeddable":true,"href":"https:\/\/woerrlein-naturfoto.de\/wordpress\/wp-json\/wp\/v2\/comments?post=11651"}],"version-history":[{"count":2,"href":"https:\/\/woerrlein-naturfoto.de\/wordpress\/wp-json\/wp\/v2\/pages\/11651\/revisions"}],"predecessor-version":[{"id":15554,"href":"https:\/\/woerrlein-naturfoto.de\/wordpress\/wp-json\/wp\/v2\/pages\/11651\/revisions\/15554"}],"up":[{"embeddable":true,"href":"https:\/\/woerrlein-naturfoto.de\/wordpress\/wp-json\/wp\/v2\/pages\/5118"}],"wp:attachment":[{"href":"https:\/\/woerrlein-naturfoto.de\/wordpress\/wp-json\/wp\/v2\/media?parent=11651"}],"curies":[{"name":"wp","href":"https:\/\/api.w.org\/{rel}","templated":true}]}}