{"id":11646,"date":"2019-12-01T15:29:36","date_gmt":"2019-12-01T14:29:36","guid":{"rendered":"http:\/\/woerrlein-naturfoto.de\/wordpress\/?page_id=11646"},"modified":"2022-10-19T13:51:40","modified_gmt":"2022-10-19T11:51:40","slug":"rehbrauner-dachpilz","status":"publish","type":"page","link":"https:\/\/woerrlein-naturfoto.de\/wordpress\/pilze-a-z\/rehbrauner-dachpilz\/","title":{"rendered":"Rehbrauner Dachpilz"},"content":{"rendered":"<p><a href=\"http:\/\/woerrlein-naturfoto.de\/wordpress\/hauptseite-pflanzen\/pflanzen\/\"><span style=\"color: #ffff66;\">Pflanzen<\/span> <\/a>-&gt;<a href=\"http:\/\/woerrlein-naturfoto.de\/wordpress\/hauptseite-pflanzen\/pflanzen\/pilze-2\/\"> <span style=\"color: #ffff66;\">Pilze<\/span><\/a><br \/>\n<a href=\"http:\/\/woerrlein-naturfoto.de\/wordpress\/pflanzen-von-a-z\/\">Pflanzen von A-Z<\/a><br \/>\nzur Galerie <a href=\"https:\/\/woerrlein-naturfoto.de\/wordpress\/hauptseite-pflanzen\/pflanzen\/pilze-2\/pilze-ii-h-bis-r\/\">Pilze II<\/a><\/p>\n<p><img loading=\"lazy\" decoding=\"async\" class=\"alignleft wp-image-11369\" src=\"http:\/\/woerrlein-naturfoto.de\/wordpress\/wp-content\/uploads\/2015\/01\/GeriefterGlockenschueppling_191110_3863-600x400.jpg\" alt=\"\" width=\"600\" height=\"400\" srcset=\"https:\/\/woerrlein-naturfoto.de\/wordpress\/wp-content\/uploads\/2015\/01\/GeriefterGlockenschueppling_191110_3863-600x400.jpg 600w, https:\/\/woerrlein-naturfoto.de\/wordpress\/wp-content\/uploads\/2015\/01\/GeriefterGlockenschueppling_191110_3863-768x512.jpg 768w, https:\/\/woerrlein-naturfoto.de\/wordpress\/wp-content\/uploads\/2015\/01\/GeriefterGlockenschueppling_191110_3863-120x80.jpg 120w, https:\/\/woerrlein-naturfoto.de\/wordpress\/wp-content\/uploads\/2015\/01\/GeriefterGlockenschueppling_191110_3863.jpg 1000w\" sizes=\"auto, (max-width: 600px) 100vw, 600px\" \/>Der <b>Rehbraune Dachpilz<\/b> (<i>Pluteus cervinus<\/i>), auch <b>Hirschbrauner Dachpilz<\/b> genannt, ist eine Art aus der Familie der Dachpilzverwandten.\u00a0Der Hut des Rehbraunen Dachpilzes ist 4 bis 15 Zentimeter breit. Er ist anfangs kegelig-glockig und in diesem Alter oft runzelig. Mit zunehmendem Alter des Pilzes ver\u00e4ndert sich die Form des Hutes zu einer gew\u00f6lbt bis ausgebreiteten Form, die meist flach gebuckelt ist. Die Hutoberfl\u00e4che ist glatt und gl\u00e4nzt matt bis seidig. Die Mitte des Hutes ist oft dunkler und wirkt gelegentlich fast schwarz. Die abgerundeten Lamellen sind schmal angeheftet oder frei und stehen gedr\u00e4ngt zusammen. Sie sind anfangs wei\u00dflich und ver\u00e4ndern ihre Farbe sp\u00e4ter zu lachsrosa bis r\u00f6tlich, ihre Schneide ist fein ges\u00e4gt. Der zerbrechliche Stiel des Pilzes ist faserig, manchmal nach oben verj\u00fcngt und f\u00fcnf bis zw\u00f6lf Zentimeter lang und 0,7 bis 2 Zentimeter im Durchmesser. Er ist mit dunklen L\u00e4ngsfasern oder einer Netzzeichnung versehen. Der Geruch des weichen und wei\u00dfen Pilzfleisches erinnert an Kartoffelkeller oder Rettiche, der Geschmack ist erst mild und dann leicht bitter.\u00a0Der Rehbraune Dachpilz ist ein <a title=\"Saprobiont\" href=\"https:\/\/de.wikipedia.org\/wiki\/Saprobiont\" target=\"_blank\" rel=\"noopener noreferrer\">saprobiontischer<\/a> Holzbewohner der morsche St\u00fcmpfe, Str\u00fcnke, gef\u00e4llte Baumst\u00e4mme, st\u00e4rkere \u00c4ste und freiliegende Wurzeln in der Final- und sp\u00e4ten Optimalphase der Vermorschung besiedelt. Wenn vergrabene oder mit Erde bedeckte \u00c4ste besiedelt werden, kann oft nicht unmittelbar auf einen holzzersetzenden Pilz geschlossen werden. Fruchtk\u00f6rper &#8222;bohren&#8220; sich dann spiralf\u00f6rmig an die Oberfl\u00e4che.<\/p>\n<p><strong>Vorkommen:<\/strong>\u00a0\u00a0\u00a0\u00a0\u00a0\u00a0\u00a0 Ende April &#8211; November<\/p>\n<p>zur Galerie <a href=\"https:\/\/woerrlein-naturfoto.de\/wordpress\/hauptseite-pflanzen\/pflanzen\/pilze-2\/pilze-ii-h-bis-r\/\">Pilze II<\/a><\/p>\n<p><em>Quelle des Textauszuges und weitere Infos bei <\/em><a href=\"https:\/\/de.wikipedia.org\/wiki\/Rehbrauner_Dachpilz\" target=\"_blank\" rel=\"noopener noreferrer\">Wikipedia<\/a><em> (<\/em><a href=\"http:\/\/www.gnu.org\/licenses\/fdl-1.3.txt\" target=\"_blank\" rel=\"noopener noreferrer\">GNU-Lizenz<\/a><em>)\u2013 mein Dank gilt den <\/em><a href=\"https:\/\/de.wikipedia.org\/w\/index.php?title=Rehbrauner_Dachpilz&amp;action=history\" target=\"_blank\" rel=\"noopener noreferrer\">Autoren<\/a><em>.<\/em><\/p>\n","protected":false},"excerpt":{"rendered":"<p>Pflanzen -&gt; Pilze Pflanzen von A-Z zur Galerie Pilze II Der Rehbraune Dachpilz (Pluteus cervinus), auch Hirschbrauner Dachpilz genannt, ist eine Art aus der Familie der Dachpilzverwandten.\u00a0Der Hut des Rehbraunen Dachpilzes ist 4 bis 15 Zentimeter breit. Er ist anfangs kegelig-glockig und in diesem Alter oft runzelig. Mit zunehmendem Alter des Pilzes ver\u00e4ndert sich die &hellip; <a href=\"https:\/\/woerrlein-naturfoto.de\/wordpress\/pilze-a-z\/rehbrauner-dachpilz\/\" class=\"more-link\"><span class=\"screen-reader-text\">Rehbrauner Dachpilz<\/span> weiterlesen <span class=\"meta-nav\">&rarr;<\/span><\/a><\/p>\n","protected":false},"author":1,"featured_media":0,"parent":5118,"menu_order":0,"comment_status":"closed","ping_status":"closed","template":"page-templates\/full-width.php","meta":{"footnotes":""},"class_list":["post-11646","page","type-page","status-publish","hentry"],"_links":{"self":[{"href":"https:\/\/woerrlein-naturfoto.de\/wordpress\/wp-json\/wp\/v2\/pages\/11646","targetHints":{"allow":["GET"]}}],"collection":[{"href":"https:\/\/woerrlein-naturfoto.de\/wordpress\/wp-json\/wp\/v2\/pages"}],"about":[{"href":"https:\/\/woerrlein-naturfoto.de\/wordpress\/wp-json\/wp\/v2\/types\/page"}],"author":[{"embeddable":true,"href":"https:\/\/woerrlein-naturfoto.de\/wordpress\/wp-json\/wp\/v2\/users\/1"}],"replies":[{"embeddable":true,"href":"https:\/\/woerrlein-naturfoto.de\/wordpress\/wp-json\/wp\/v2\/comments?post=11646"}],"version-history":[{"count":4,"href":"https:\/\/woerrlein-naturfoto.de\/wordpress\/wp-json\/wp\/v2\/pages\/11646\/revisions"}],"predecessor-version":[{"id":15544,"href":"https:\/\/woerrlein-naturfoto.de\/wordpress\/wp-json\/wp\/v2\/pages\/11646\/revisions\/15544"}],"up":[{"embeddable":true,"href":"https:\/\/woerrlein-naturfoto.de\/wordpress\/wp-json\/wp\/v2\/pages\/5118"}],"wp:attachment":[{"href":"https:\/\/woerrlein-naturfoto.de\/wordpress\/wp-json\/wp\/v2\/media?parent=11646"}],"curies":[{"name":"wp","href":"https:\/\/api.w.org\/{rel}","templated":true}]}}