{"id":11642,"date":"2019-12-01T15:09:31","date_gmt":"2019-12-01T14:09:31","guid":{"rendered":"http:\/\/woerrlein-naturfoto.de\/wordpress\/?page_id=11642"},"modified":"2022-10-19T13:44:45","modified_gmt":"2022-10-19T11:44:45","slug":"klebriger-hoernling","status":"publish","type":"page","link":"https:\/\/woerrlein-naturfoto.de\/wordpress\/pilze-a-z\/klebriger-hoernling\/","title":{"rendered":"Klebriger H\u00f6rnling"},"content":{"rendered":"<p><a href=\"http:\/\/woerrlein-naturfoto.de\/wordpress\/hauptseite-pflanzen\/pflanzen\/\"><span style=\"color: #ffff66;\">Pflanzen<\/span> <\/a>-&gt;<a href=\"http:\/\/woerrlein-naturfoto.de\/wordpress\/hauptseite-pflanzen\/pflanzen\/pilze-2\/\"> <span style=\"color: #ffff66;\">Pilze<\/span><\/a><br \/>\n<a href=\"http:\/\/woerrlein-naturfoto.de\/wordpress\/pflanzen-von-a-z\/\">Pflanzen von A-Z<\/a><br \/>\nzur Galerie <a href=\"https:\/\/woerrlein-naturfoto.de\/wordpress\/hauptseite-pflanzen\/pflanzen\/pilze-2\/pilze-ii-h-bis-r\/\">Pilze II<\/a><\/p>\n<p><img loading=\"lazy\" decoding=\"async\" class=\"alignleft wp-image-11474\" src=\"http:\/\/woerrlein-naturfoto.de\/wordpress\/wp-content\/uploads\/2015\/01\/Kiefernkoralle_AW_61360_4100x6150-400x600.jpg\" alt=\"\" width=\"267\" height=\"400\" srcset=\"https:\/\/woerrlein-naturfoto.de\/wordpress\/wp-content\/uploads\/2015\/01\/Kiefernkoralle_AW_61360_4100x6150-400x600.jpg 400w, https:\/\/woerrlein-naturfoto.de\/wordpress\/wp-content\/uploads\/2015\/01\/Kiefernkoralle_AW_61360_4100x6150.jpg 567w\" sizes=\"auto, (max-width: 267px) 100vw, 267px\" \/>Der <b>Klebrige H\u00f6rnling<\/b> (<i>Calocera viscosa<\/i>), auch <b>Gelbe Ziegenschei\u00dfe<\/b> oder <b> Klebriges Sch\u00f6nhorn<\/b> genannt, ist eine Pilzart aus der Familie der Tr\u00e4nenpilzverwandten. Der Fruchtk\u00f6rper ist 3 bis 6\u00a0Zentimeter hoch und wie ein Keulen- oder Korallenpilz geformt. Sie stehen b\u00fcschelig zusammen, ihre Oberfl\u00e4che ist klebrig-schl\u00fcpfrig. Sie sind hell orange und f\u00e4rben sich beim Trocknen dunkler rotorange. Das Fleisch ist gallertartig und hat eine sehr z\u00e4he Konsistenz. Geruch und Geschmack der Art sind unbedeutend. Der Klebrige H\u00f6rnling \u00e4hnelt oft einem Korallenpilz (<i>Ramaria<\/i>), kann aber sofort an seinen gelatin\u00f6sen, knorpeligen Fruchtk\u00f6rpern erkannt werden, die nicht brechen. Seine Fruchtk\u00f6rper werden nur etwa 1 cm hoch.<\/p>\n<p><strong>Vorkommen:<\/strong>\u00a0\u00a0\u00a0\u00a0\u00a0\u00a0\u00a0 Ganzj\u00e4hrig<\/p>\n<p>zur Galerie <a href=\"https:\/\/woerrlein-naturfoto.de\/wordpress\/hauptseite-pflanzen\/pflanzen\/pilze-2\/pilze-ii-h-bis-r\/\">Pilze II<\/a><\/p>\n<p><em>Quelle des Textauszuges und weitere Infos bei <\/em><a href=\"https:\/\/de.wikipedia.org\/wiki\/Klebriger_H%C3%B6rnling\" target=\"_blank\" rel=\"noopener noreferrer\">Wikipedia<\/a><em> (<\/em><a href=\"http:\/\/www.gnu.org\/licenses\/fdl-1.3.txt\" target=\"_blank\" rel=\"noopener noreferrer\">GNU-Lizenz<\/a><em>)\u2013 mein Dank gilt den <\/em><a href=\"https:\/\/de.wikipedia.org\/w\/index.php?title=Amiant-K%C3%B6rnchenschirmling&amp;action=history\" target=\"_blank\" rel=\"noopener noreferrer\">Autoren<\/a><em>.<\/em><\/p>\n","protected":false},"excerpt":{"rendered":"<p>Pflanzen -&gt; Pilze Pflanzen von A-Z zur Galerie Pilze II Der Klebrige H\u00f6rnling (Calocera viscosa), auch Gelbe Ziegenschei\u00dfe oder Klebriges Sch\u00f6nhorn genannt, ist eine Pilzart aus der Familie der Tr\u00e4nenpilzverwandten. Der Fruchtk\u00f6rper ist 3 bis 6\u00a0Zentimeter hoch und wie ein Keulen- oder Korallenpilz geformt. Sie stehen b\u00fcschelig zusammen, ihre Oberfl\u00e4che ist klebrig-schl\u00fcpfrig. Sie sind hell &hellip; <a href=\"https:\/\/woerrlein-naturfoto.de\/wordpress\/pilze-a-z\/klebriger-hoernling\/\" class=\"more-link\"><span class=\"screen-reader-text\">Klebriger H\u00f6rnling<\/span> weiterlesen <span class=\"meta-nav\">&rarr;<\/span><\/a><\/p>\n","protected":false},"author":1,"featured_media":0,"parent":5118,"menu_order":0,"comment_status":"closed","ping_status":"closed","template":"page-templates\/full-width.php","meta":{"footnotes":""},"class_list":["post-11642","page","type-page","status-publish","hentry"],"_links":{"self":[{"href":"https:\/\/woerrlein-naturfoto.de\/wordpress\/wp-json\/wp\/v2\/pages\/11642","targetHints":{"allow":["GET"]}}],"collection":[{"href":"https:\/\/woerrlein-naturfoto.de\/wordpress\/wp-json\/wp\/v2\/pages"}],"about":[{"href":"https:\/\/woerrlein-naturfoto.de\/wordpress\/wp-json\/wp\/v2\/types\/page"}],"author":[{"embeddable":true,"href":"https:\/\/woerrlein-naturfoto.de\/wordpress\/wp-json\/wp\/v2\/users\/1"}],"replies":[{"embeddable":true,"href":"https:\/\/woerrlein-naturfoto.de\/wordpress\/wp-json\/wp\/v2\/comments?post=11642"}],"version-history":[{"count":4,"href":"https:\/\/woerrlein-naturfoto.de\/wordpress\/wp-json\/wp\/v2\/pages\/11642\/revisions"}],"predecessor-version":[{"id":15534,"href":"https:\/\/woerrlein-naturfoto.de\/wordpress\/wp-json\/wp\/v2\/pages\/11642\/revisions\/15534"}],"up":[{"embeddable":true,"href":"https:\/\/woerrlein-naturfoto.de\/wordpress\/wp-json\/wp\/v2\/pages\/5118"}],"wp:attachment":[{"href":"https:\/\/woerrlein-naturfoto.de\/wordpress\/wp-json\/wp\/v2\/media?parent=11642"}],"curies":[{"name":"wp","href":"https:\/\/api.w.org\/{rel}","templated":true}]}}