{"id":11590,"date":"2019-11-25T21:52:58","date_gmt":"2019-11-25T20:52:58","guid":{"rendered":"http:\/\/woerrlein-naturfoto.de\/wordpress\/?page_id=11590"},"modified":"2022-10-19T13:49:02","modified_gmt":"2022-10-19T11:49:02","slug":"nebelgrauer-trichterling","status":"publish","type":"page","link":"https:\/\/woerrlein-naturfoto.de\/wordpress\/pilze-a-z\/nebelgrauer-trichterling\/","title":{"rendered":"Nebelgrauer Trichterling"},"content":{"rendered":"<p><a href=\"http:\/\/woerrlein-naturfoto.de\/wordpress\/hauptseite-pflanzen\/pflanzen\/\"><span style=\"color: #ffff66;\">Pflanzen<\/span> <\/a>-&gt;<a href=\"http:\/\/woerrlein-naturfoto.de\/wordpress\/hauptseite-pflanzen\/pflanzen\/pilze-2\/\"> <span style=\"color: #ffff66;\">Pilze<\/span><\/a><br \/>\n<a href=\"http:\/\/woerrlein-naturfoto.de\/wordpress\/pflanzen-von-a-z\/\">Pflanzen von A-Z<\/a><br \/>\nzur Galerie <a href=\"https:\/\/woerrlein-naturfoto.de\/wordpress\/hauptseite-pflanzen\/pflanzen\/pilze-2\/pilze-ii-h-bis-r\/\">Pilze II<\/a><\/p>\n<p><img loading=\"lazy\" decoding=\"async\" class=\"alignleft wp-image-11561\" src=\"http:\/\/woerrlein-naturfoto.de\/wordpress\/wp-content\/uploads\/2015\/01\/Nebelgrauer-Roetelritterling_DSC_2791-600x400.jpg\" alt=\"\" width=\"600\" height=\"400\" srcset=\"https:\/\/woerrlein-naturfoto.de\/wordpress\/wp-content\/uploads\/2015\/01\/Nebelgrauer-Roetelritterling_DSC_2791-600x400.jpg 600w, https:\/\/woerrlein-naturfoto.de\/wordpress\/wp-content\/uploads\/2015\/01\/Nebelgrauer-Roetelritterling_DSC_2791-768x512.jpg 768w, https:\/\/woerrlein-naturfoto.de\/wordpress\/wp-content\/uploads\/2015\/01\/Nebelgrauer-Roetelritterling_DSC_2791-120x80.jpg 120w, https:\/\/woerrlein-naturfoto.de\/wordpress\/wp-content\/uploads\/2015\/01\/Nebelgrauer-Roetelritterling_DSC_2791.jpg 1000w\" sizes=\"auto, (max-width: 600px) 100vw, 600px\" \/>Der <b>Nebelgraue Trichterling<\/b>, die <b>Nebel-<\/b> oder <b>Graukappe<\/b> (<i>Clitocybe nebularis<\/i>, syn. <i>Lepista nebularis<\/i>) ist eine sehr h\u00e4ufige Pilzart aus der Familie der Ritterlingsverwandten. Weitere deutsche Namen sind <i>Graukopf, Herbstblattl<\/i> oder <i>Nebelgrauer R\u00f6teltrichterling<\/i>. Der h\u00e4ufige Bl\u00e4tterpilz w\u00e4chst im Herbst in der Streu von Laub- und Nadelw\u00e4ldern und fruktifiziert gerne in Hexenringen.<br \/>\nDer in der Mitte dickfleischige Hut misst 5\u201320\u00a0cm im Durchmesser. Junge Fruchtk\u00f6rper haben einen gew\u00f6lbten, \u00e4ltere Exemplare einen flachen und schlie\u00dflich trichterf\u00f6rmig vertieften Hut. Der Rand ist h\u00e4ufig zum Stiel hin eingerollt oder wellig verbogen. W\u00e4hrend die Hutfarbe bei trockener Witterung hell aschgrau bis wei\u00df ausf\u00e4llt, nimmt der Hut bei Feuchtigkeit eine dunklere, grau-braune F\u00e4rbung an; der Rand ist dabei stets etwas heller. Die Oberfl\u00e4che ist besonders jung etwas wei\u00dflich bereift. Die Huthaut ist glatt und bis zur Mitte abziehbar.<br \/>\nDie Hutunterseite ist mit etwa 60\u201390 wei\u00dfen oder gelblichen, dicht stehenden Lamellen besetzt. Sie sind 3\u20137\u00a0mm breit und am Stiel breit angewachsen oder wenig herablaufend.<br \/>\nDer wei\u00dfliche Stiel besitzt oft faserige Rillen. Er ist 5\u201315\u00a0cm lang und 1,5\u20135\u00a0cm breit, vollfleischig, jedoch nur locker-markig. Im Alter h\u00f6hlt sich der Stiel meist aus. Er ist etwas bis deutlich keulig oder zylindrisch. An der Basis befindet sich wei\u00dfer Mycelfilz.<\/p>\n<p><strong>Vorkommen:<\/strong>\u00a0\u00a0\u00a0\u00a0\u00a0\u00a0\u00a0 September &#8211; November<\/p>\n<p>zur Galerie <a href=\"https:\/\/woerrlein-naturfoto.de\/wordpress\/hauptseite-pflanzen\/pflanzen\/pilze-2\/pilze-ii-h-bis-r\/\">Pilze II<\/a><\/p>\n<p><em>Quelle des Textauszuges und weitere Infos bei <\/em><a href=\"https:\/\/de.wikipedia.org\/wiki\/Nebelgrauer_Trichterling\" target=\"_blank\" rel=\"noopener noreferrer\">Wikipedia<\/a><em> (<\/em><a href=\"http:\/\/www.gnu.org\/licenses\/fdl-1.3.txt\" target=\"_blank\" rel=\"noopener noreferrer\">GNU-Lizenz<\/a><em>)\u2013 mein Dank gilt den <\/em><a href=\"https:\/\/de.wikipedia.org\/w\/index.php?title=Amiant-K%C3%B6rnchenschirmling&amp;action=history\" target=\"_blank\" rel=\"noopener noreferrer\">Autoren<\/a><em>.<\/em><\/p>\n","protected":false},"excerpt":{"rendered":"<p>Pflanzen -&gt; Pilze Pflanzen von A-Z zur Galerie Pilze II Der Nebelgraue Trichterling, die Nebel- oder Graukappe (Clitocybe nebularis, syn. Lepista nebularis) ist eine sehr h\u00e4ufige Pilzart aus der Familie der Ritterlingsverwandten. Weitere deutsche Namen sind Graukopf, Herbstblattl oder Nebelgrauer R\u00f6teltrichterling. Der h\u00e4ufige Bl\u00e4tterpilz w\u00e4chst im Herbst in der Streu von Laub- und Nadelw\u00e4ldern und &hellip; <a href=\"https:\/\/woerrlein-naturfoto.de\/wordpress\/pilze-a-z\/nebelgrauer-trichterling\/\" class=\"more-link\"><span class=\"screen-reader-text\">Nebelgrauer Trichterling<\/span> weiterlesen <span class=\"meta-nav\">&rarr;<\/span><\/a><\/p>\n","protected":false},"author":1,"featured_media":0,"parent":5118,"menu_order":0,"comment_status":"closed","ping_status":"closed","template":"page-templates\/full-width.php","meta":{"footnotes":""},"class_list":["post-11590","page","type-page","status-publish","hentry"],"_links":{"self":[{"href":"https:\/\/woerrlein-naturfoto.de\/wordpress\/wp-json\/wp\/v2\/pages\/11590","targetHints":{"allow":["GET"]}}],"collection":[{"href":"https:\/\/woerrlein-naturfoto.de\/wordpress\/wp-json\/wp\/v2\/pages"}],"about":[{"href":"https:\/\/woerrlein-naturfoto.de\/wordpress\/wp-json\/wp\/v2\/types\/page"}],"author":[{"embeddable":true,"href":"https:\/\/woerrlein-naturfoto.de\/wordpress\/wp-json\/wp\/v2\/users\/1"}],"replies":[{"embeddable":true,"href":"https:\/\/woerrlein-naturfoto.de\/wordpress\/wp-json\/wp\/v2\/comments?post=11590"}],"version-history":[{"count":4,"href":"https:\/\/woerrlein-naturfoto.de\/wordpress\/wp-json\/wp\/v2\/pages\/11590\/revisions"}],"predecessor-version":[{"id":15540,"href":"https:\/\/woerrlein-naturfoto.de\/wordpress\/wp-json\/wp\/v2\/pages\/11590\/revisions\/15540"}],"up":[{"embeddable":true,"href":"https:\/\/woerrlein-naturfoto.de\/wordpress\/wp-json\/wp\/v2\/pages\/5118"}],"wp:attachment":[{"href":"https:\/\/woerrlein-naturfoto.de\/wordpress\/wp-json\/wp\/v2\/media?parent=11590"}],"curies":[{"name":"wp","href":"https:\/\/api.w.org\/{rel}","templated":true}]}}