{"id":1159,"date":"2014-09-25T15:46:12","date_gmt":"2014-09-25T13:46:12","guid":{"rendered":"http:\/\/woerrlein-naturfoto.de\/wordpress\/?page_id=1159"},"modified":"2024-10-13T10:05:06","modified_gmt":"2024-10-13T08:05:06","slug":"bruchwasserlaeufer","status":"publish","type":"page","link":"https:\/\/woerrlein-naturfoto.de\/wordpress\/schnepfen_a-z\/bruchwasserlaeufer\/","title":{"rendered":"Bruchwasserl\u00e4ufer"},"content":{"rendered":"<p><a href=\"http:\/\/woerrlein-naturfoto.de\/wordpress\/voegel\/\"><span style=\"color: #ffff66;\">V\u00f6gel<\/span> <\/a>-&gt;<a href=\"http:\/\/woerrlein-naturfoto.de\/wordpress\/hauptseite-voegel\/voegel\/watvoegel-2\"> <span style=\"color: #ffff66;\">Watv\u00f6gel<\/span> <\/a><br \/>\n<a title=\"V\u00f6gel von A-Z\" href=\"http:\/\/woerrlein-naturfoto.de\/wordpress\/voegel\/voegel_von_a-z\/\">V\u00f6gel von A-Z<\/a><br \/>\nZur Galerie <a title=\"Schnepfenv\u00f6gel\" href=\"http:\/\/woerrlein-naturfoto.de\/wordpress\/hauptseite-voegel\/voegel\/watvoegel\/schnepfenvoegel\/\">Schnepfen I<\/a><\/p>\n<p><img loading=\"lazy\" decoding=\"async\" class=\"alignleft wp-image-1101\" src=\"http:\/\/woerrlein-naturfoto.de\/wordpress\/wp-content\/uploads\/Bruchwasserlaeufer_18284L_v-600x400.jpg\" alt=\"Bruchwasserlaeufer_18284L_v.jpg\" width=\"600\" height=\"400\" srcset=\"https:\/\/woerrlein-naturfoto.de\/wordpress\/wp-content\/uploads\/Bruchwasserlaeufer_18284L_v-600x400.jpg 600w, https:\/\/woerrlein-naturfoto.de\/wordpress\/wp-content\/uploads\/Bruchwasserlaeufer_18284L_v-120x80.jpg 120w, https:\/\/woerrlein-naturfoto.de\/wordpress\/wp-content\/uploads\/Bruchwasserlaeufer_18284L_v.jpg 1000w\" sizes=\"auto, (max-width: 600px) 100vw, 600px\" \/><\/p>\n<p>Der <b>Bruchwasserl\u00e4ufer<\/b> (<i>Tringa glareola<\/i>) ist ein eurasischer Vogel aus der Familie der Schnepfenv\u00f6gel. In Mitteleuropa ist er ein sehr seltener, nur lokal vorkommender Brut- und Sommervogel. Er ist h\u00e4ufiger und regelm\u00e4\u00dfiger w\u00e4hrend der Zugzeiten als Durchz\u00fcgler und Rastvogel zu beobachten. Das Brutareal des Bruchwasserl\u00e4ufer erstreckt sich von Schottland und Norwegen bis nach Ostsibirien, Kamtschatka und den Pribylow-Inseln. Der Bruchwasserl\u00e4ufer ist \u00fcberwiegend ein Langstreckenzieher. Seine Winterquartiere finden sich in den Tropen bis Subtropen der S\u00fcdhalbkugel. Wichtige Rastpl\u00e4tze auf diesem Zug finden sich am Nordrand des Mittelmeers beispielsweise in der Po-Ebene und in der Camargue, wo bis zu 50.000 Individuen beobachtet werden k\u00f6nnen. Ziehende V\u00f6gel sind auch im Ebrodelta zu beobachten.<br \/>\nDie K\u00f6rperoberseite ist graubraun, aber heller als beim Waldwasserl\u00e4ufer. Der Kontrast zur wei\u00dfen K\u00f6rperunterseite ist daher weniger auff\u00e4llig. Die Fl\u00fcgelunterseite ist hellgrau, der wei\u00dfe Schwanz weist f\u00fcnf bis acht feine, in der Mitte etwas verschwommene Querb\u00e4nder auf. Im Prachtkleid haben Bruchwasserl\u00e4ufer auf der K\u00f6rperoberseite dichte wei\u00dfe Flecken. Kopf und Hals sind fein gestreift.<\/p>\n<p>L\u00e4nge: 19-21 cm\u00a0\u00a0 Spannweite: 36-40 cm\u00a0\u00a0 Gewicht: 50-90 g\u00a0\u00a0 Gelege: 4 Eier<\/p>\n<p>Zur Galerie <a title=\"Schnepfenv\u00f6gel\" href=\"http:\/\/woerrlein-naturfoto.de\/wordpress\/hauptseite-voegel\/voegel\/watvoegel\/schnepfenvoegel\/\">Schnepfen I<\/a><\/p>\n<p>&nbsp;<\/p>\n<p><em>Quelle des Textauszuges und weitere Infos bei <\/em><a href=\"http:\/\/de.wikipedia.org\/wiki\/Bruchwasserl%C3%A4ufer\" target=\"_blank\" rel=\"noopener\">Wikipedia<\/a> <em>(<\/em><a href=\"http:\/\/www.gnu.org\/licenses\/fdl-1.3.txt\" target=\"_blank\" rel=\"noopener\">GNU-Lizenz<\/a><em>)<\/em> \u2013 <em>mein Dank gilt den<\/em> <a href=\"http:\/\/de.wikipedia.org\/w\/index.php?title=Bruchwasserl%C3%A4ufer&amp;action=history\" target=\"_blank\" rel=\"noopener\">Autoren<\/a>.<\/p>\n","protected":false},"excerpt":{"rendered":"<p>V\u00f6gel -&gt; Watv\u00f6gel V\u00f6gel von A-Z Zur Galerie Schnepfen I Der Bruchwasserl\u00e4ufer (Tringa glareola) ist ein eurasischer Vogel aus der Familie der Schnepfenv\u00f6gel. In Mitteleuropa ist er ein sehr seltener, nur lokal vorkommender Brut- und Sommervogel. Er ist h\u00e4ufiger und regelm\u00e4\u00dfiger w\u00e4hrend der Zugzeiten als Durchz\u00fcgler und Rastvogel zu beobachten. Das Brutareal des Bruchwasserl\u00e4ufer erstreckt &hellip; <a href=\"https:\/\/woerrlein-naturfoto.de\/wordpress\/schnepfen_a-z\/bruchwasserlaeufer\/\" class=\"more-link\"><span class=\"screen-reader-text\">Bruchwasserl\u00e4ufer<\/span> weiterlesen <span class=\"meta-nav\">&rarr;<\/span><\/a><\/p>\n","protected":false},"author":1,"featured_media":0,"parent":1143,"menu_order":0,"comment_status":"closed","ping_status":"closed","template":"page-templates\/full-width.php","meta":{"footnotes":""},"class_list":["post-1159","page","type-page","status-publish","hentry"],"_links":{"self":[{"href":"https:\/\/woerrlein-naturfoto.de\/wordpress\/wp-json\/wp\/v2\/pages\/1159","targetHints":{"allow":["GET"]}}],"collection":[{"href":"https:\/\/woerrlein-naturfoto.de\/wordpress\/wp-json\/wp\/v2\/pages"}],"about":[{"href":"https:\/\/woerrlein-naturfoto.de\/wordpress\/wp-json\/wp\/v2\/types\/page"}],"author":[{"embeddable":true,"href":"https:\/\/woerrlein-naturfoto.de\/wordpress\/wp-json\/wp\/v2\/users\/1"}],"replies":[{"embeddable":true,"href":"https:\/\/woerrlein-naturfoto.de\/wordpress\/wp-json\/wp\/v2\/comments?post=1159"}],"version-history":[{"count":16,"href":"https:\/\/woerrlein-naturfoto.de\/wordpress\/wp-json\/wp\/v2\/pages\/1159\/revisions"}],"predecessor-version":[{"id":18943,"href":"https:\/\/woerrlein-naturfoto.de\/wordpress\/wp-json\/wp\/v2\/pages\/1159\/revisions\/18943"}],"up":[{"embeddable":true,"href":"https:\/\/woerrlein-naturfoto.de\/wordpress\/wp-json\/wp\/v2\/pages\/1143"}],"wp:attachment":[{"href":"https:\/\/woerrlein-naturfoto.de\/wordpress\/wp-json\/wp\/v2\/media?parent=1159"}],"curies":[{"name":"wp","href":"https:\/\/api.w.org\/{rel}","templated":true}]}}