{"id":11585,"date":"2019-11-25T21:40:57","date_gmt":"2019-11-25T20:40:57","guid":{"rendered":"http:\/\/woerrlein-naturfoto.de\/wordpress\/?page_id=11585"},"modified":"2022-10-19T13:31:54","modified_gmt":"2022-10-19T11:31:54","slug":"gruenblaettriger-schwefelkopf","status":"publish","type":"page","link":"https:\/\/woerrlein-naturfoto.de\/wordpress\/pilze-a-z\/gruenblaettriger-schwefelkopf\/","title":{"rendered":"Gr\u00fcnbl\u00e4ttriger Schwefelkopf"},"content":{"rendered":"<p><a href=\"http:\/\/woerrlein-naturfoto.de\/wordpress\/hauptseite-pflanzen\/pflanzen\/\"><span style=\"color: #ffff66;\">Pflanzen<\/span> <\/a>-&gt;<a href=\"http:\/\/woerrlein-naturfoto.de\/wordpress\/hauptseite-pflanzen\/pflanzen\/pilze-2\/\"> <span style=\"color: #ffff66;\">Pilze<\/span><\/a><br \/>\n<a href=\"http:\/\/woerrlein-naturfoto.de\/wordpress\/pflanzen-von-a-z\/\">Pflanzen von A-Z<\/a><br \/>\nzur Galerie <a href=\"https:\/\/woerrlein-naturfoto.de\/wordpress\/hauptseite-pflanzen\/pflanzen\/pilze-2\/pilze-i-a-bis-g\/\">Pilze I<\/a><\/p>\n<p><img loading=\"lazy\" decoding=\"async\" class=\"alignleft wp-image-11559\" src=\"http:\/\/woerrlein-naturfoto.de\/wordpress\/wp-content\/uploads\/2015\/01\/Gruenblaettriger-Schwefelkopf_DSC_2729-600x400.jpg\" alt=\"\" width=\"600\" height=\"400\" \/>Der <b>Gr\u00fcnbl\u00e4ttrige Schwefelkopf<\/b> (<i>Hypholoma fasciculare<\/i>) ist ein Bl\u00e4tterpilz aus der Gattung der Schwefelk\u00f6pfe. Der lateinische Name <i>fascicularis<\/i> beschreibt die Wuchsform und bedeutet auf deutsch \u201eb\u00fcschelig\u201c.<br \/>\nDer Hut erreicht eine Gr\u00f6\u00dfe von zwei bis sechs Zentimetern und ist leuchtend gelb bis gr\u00fcnlich gef\u00e4rbt. Er ist zun\u00e4chst kugelig, sp\u00e4ter flach ausgebreitet, wobei in der Mitte oft ein Buckel hervortritt, manchmal befindet sich dort auch eine Vertiefung. Der Scheitel ist etwas dunkler, oft blass fuchsr\u00f6tlich oder orangebraun get\u00f6nt. Die Oberfl\u00e4che ist meist kahl und glatt, kann aber auch mit blassen <a title=\"Velum (Mykologie)\" href=\"https:\/\/de.wikipedia.org\/wiki\/Velum_(Mykologie)\" target=\"_blank\" rel=\"noopener noreferrer\">Velumfasern<\/a> bedeckt sein. Am Rand befindet sich oftmals ein h\u00e4utiger Saum.<br \/>\nDie dichtstehenden Lamellen sind zun\u00e4chst gelblich, dann gr\u00fcnlich und schlie\u00dflich bei Reife olivbr\u00e4unlich gef\u00e4rbt und angewachsen. Manchmal sind die Pilze unfruchtbar, wobei die Lamellen in ihrer Grundfarbe leuchtend gelb erscheinen.<br \/>\nDer Stiel ist wei\u00dflich bis hellgelb, zur Basis hin dunkler, ins Br\u00e4unliche gehend, get\u00f6nt. Er ist zwischen drei und acht oder auch zehn Zentimeter lang. Manchmal l\u00e4sst sich eine schwach ausgepr\u00e4gte faserige Ringzone erkennen. Das Fleisch ist vorwiegend gelb, im Stiel eher br\u00e4unlich gef\u00e4rbt und besitzt einen sehr bitteren Geschmack.<\/p>\n<p><strong>Vorkommen:<\/strong>\u00a0\u00a0\u00a0\u00a0\u00a0\u00a0\u00a0 Mai &#8211; Dezember<\/p>\n<p>zur Galerie <a href=\"https:\/\/woerrlein-naturfoto.de\/wordpress\/hauptseite-pflanzen\/pflanzen\/pilze-2\/pilze-i-a-bis-g\/\">Pilze I<\/a><\/p>\n<p><em>Quelle des Textauszuges und weitere Infos bei <\/em><a href=\"https:\/\/de.wikipedia.org\/wiki\/Gr%C3%BCnbl%C3%A4ttriger_Schwefelkopf\" target=\"_blank\" rel=\"noopener noreferrer\">Wikipedia<\/a><em> (<\/em><a href=\"http:\/\/www.gnu.org\/licenses\/fdl-1.3.txt\" target=\"_blank\" rel=\"noopener noreferrer\">GNU-Lizenz<\/a><em>)\u2013 mein Dank gilt den <\/em><a href=\"https:\/\/de.wikipedia.org\/w\/index.php?title=Gr%C3%BCnbl%C3%A4ttriger_Schwefelkopf&amp;action=history\" target=\"_blank\" rel=\"noopener noreferrer\">Autoren<\/a><em>.<\/em><\/p>\n","protected":false},"excerpt":{"rendered":"<p>Pflanzen -&gt; Pilze Pflanzen von A-Z zur Galerie Pilze I Der Gr\u00fcnbl\u00e4ttrige Schwefelkopf (Hypholoma fasciculare) ist ein Bl\u00e4tterpilz aus der Gattung der Schwefelk\u00f6pfe. Der lateinische Name fascicularis beschreibt die Wuchsform und bedeutet auf deutsch \u201eb\u00fcschelig\u201c. Der Hut erreicht eine Gr\u00f6\u00dfe von zwei bis sechs Zentimetern und ist leuchtend gelb bis gr\u00fcnlich gef\u00e4rbt. Er ist zun\u00e4chst &hellip; <a href=\"https:\/\/woerrlein-naturfoto.de\/wordpress\/pilze-a-z\/gruenblaettriger-schwefelkopf\/\" class=\"more-link\"><span class=\"screen-reader-text\">Gr\u00fcnbl\u00e4ttriger Schwefelkopf<\/span> weiterlesen <span class=\"meta-nav\">&rarr;<\/span><\/a><\/p>\n","protected":false},"author":1,"featured_media":0,"parent":5118,"menu_order":0,"comment_status":"closed","ping_status":"closed","template":"page-templates\/full-width.php","meta":{"footnotes":""},"class_list":["post-11585","page","type-page","status-publish","hentry"],"_links":{"self":[{"href":"https:\/\/woerrlein-naturfoto.de\/wordpress\/wp-json\/wp\/v2\/pages\/11585","targetHints":{"allow":["GET"]}}],"collection":[{"href":"https:\/\/woerrlein-naturfoto.de\/wordpress\/wp-json\/wp\/v2\/pages"}],"about":[{"href":"https:\/\/woerrlein-naturfoto.de\/wordpress\/wp-json\/wp\/v2\/types\/page"}],"author":[{"embeddable":true,"href":"https:\/\/woerrlein-naturfoto.de\/wordpress\/wp-json\/wp\/v2\/users\/1"}],"replies":[{"embeddable":true,"href":"https:\/\/woerrlein-naturfoto.de\/wordpress\/wp-json\/wp\/v2\/comments?post=11585"}],"version-history":[{"count":4,"href":"https:\/\/woerrlein-naturfoto.de\/wordpress\/wp-json\/wp\/v2\/pages\/11585\/revisions"}],"predecessor-version":[{"id":15526,"href":"https:\/\/woerrlein-naturfoto.de\/wordpress\/wp-json\/wp\/v2\/pages\/11585\/revisions\/15526"}],"up":[{"embeddable":true,"href":"https:\/\/woerrlein-naturfoto.de\/wordpress\/wp-json\/wp\/v2\/pages\/5118"}],"wp:attachment":[{"href":"https:\/\/woerrlein-naturfoto.de\/wordpress\/wp-json\/wp\/v2\/media?parent=11585"}],"curies":[{"name":"wp","href":"https:\/\/api.w.org\/{rel}","templated":true}]}}