{"id":11580,"date":"2019-11-25T21:33:10","date_gmt":"2019-11-25T20:33:10","guid":{"rendered":"http:\/\/woerrlein-naturfoto.de\/wordpress\/?page_id=11580"},"modified":"2022-10-19T13:20:54","modified_gmt":"2022-10-19T11:20:54","slug":"fliegenpilz","status":"publish","type":"page","link":"https:\/\/woerrlein-naturfoto.de\/wordpress\/pilze-a-z\/fliegenpilz\/","title":{"rendered":"Fliegenpilz"},"content":{"rendered":"<p><a href=\"http:\/\/woerrlein-naturfoto.de\/wordpress\/hauptseite-pflanzen\/pflanzen\/\"><span style=\"color: #ffff66;\">Pflanzen<\/span> <\/a>-&gt;<a href=\"http:\/\/woerrlein-naturfoto.de\/wordpress\/hauptseite-pflanzen\/pflanzen\/pilze-2\/\"> <span style=\"color: #ffff66;\">Pilze<\/span><\/a><br \/>\n<a href=\"http:\/\/woerrlein-naturfoto.de\/wordpress\/pflanzen-von-a-z\/\">Pflanzen von A-Z<\/a><br \/>\nzur Galerie <a href=\"https:\/\/woerrlein-naturfoto.de\/wordpress\/hauptseite-pflanzen\/pflanzen\/pilze-2\/pilze-i-a-bis-g\/\">Pilze I<\/a><\/p>\n<p><img loading=\"lazy\" decoding=\"async\" class=\"alignleft wp-image-11557\" src=\"http:\/\/woerrlein-naturfoto.de\/wordpress\/wp-content\/uploads\/2015\/01\/Fliegenpilz_DSC_2897-400x600.jpg\" alt=\"\" width=\"267\" height=\"400\" srcset=\"https:\/\/woerrlein-naturfoto.de\/wordpress\/wp-content\/uploads\/2015\/01\/Fliegenpilz_DSC_2897-400x600.jpg 400w, https:\/\/woerrlein-naturfoto.de\/wordpress\/wp-content\/uploads\/2015\/01\/Fliegenpilz_DSC_2897.jpg 567w\" sizes=\"auto, (max-width: 267px) 100vw, 267px\" \/><\/p>\n<p>Der <b>Fliegenpilz<\/b> (<i>Amanita muscaria<\/i>), auch <b>Roter Fliegenpilz<\/b> genannt, ist eine giftige Pilzart aus der Familie der Wulstlingsverwandten. Die Fruchtk\u00f6rper erscheinen in Mitteleuropa von Juni bis zum Beginn des Winters, haupts\u00e4chlich von Juli bis Oktober.<br \/>\nDer Fliegenpilz ist mit seinem auff\u00e4lligen roten, wei\u00df gepunkteten Hut weit und gut zu sehen. Er hat einen Durchmesser von 5 bis \u00fcber 15\u00a0Zentimeter, ist jung kugelig oder halbkugelig geschlossen, dann konvex, schlie\u00dflich scheibenf\u00f6rmig mit etwas herabgebogenem, gestreiftem Rand. Jung ist er durch sehr dicht stehende Warzen und Schuppen noch fast wei\u00df mit schwachem orangenen oder r\u00f6tlichem Schimmer, dann tief rot und mit grauwei\u00dfen kegelf\u00f6rmigen Warzen, zum Teil auch breiten Schuppen \u2013 den charakteristischen wei\u00dfen \u201ePunkten\u201c \u2013 besetzt, die leicht abgewischt werden k\u00f6nnen. Sie sind Reste einer Gesamth\u00fclle, die den jungen Pilz anfangs sch\u00fctzend umschlie\u00dft.<\/p>\n<p><strong>Vorkommen:<\/strong>\u00a0\u00a0\u00a0\u00a0\u00a0\u00a0\u00a0 haups\u00e4chlich Juli &#8211; Oktober<\/p>\n<p>zur Galerie <a href=\"https:\/\/woerrlein-naturfoto.de\/wordpress\/hauptseite-pflanzen\/pflanzen\/pilze-2\/pilze-i-a-bis-g\/\">Pilze I<\/a><\/p>\n<p><em>Quelle des Textauszuges und weitere Infos bei <\/em><a href=\"https:\/\/de.wikipedia.org\/wiki\/Fliegenpilz\" target=\"_blank\" rel=\"noopener noreferrer\">Wikipedia<\/a><em> (<\/em><a href=\"http:\/\/www.gnu.org\/licenses\/fdl-1.3.txt\" target=\"_blank\" rel=\"noopener noreferrer\">GNU-Lizenz<\/a><em>)\u2013 mein Dank gilt den <\/em><a href=\"https:\/\/de.wikipedia.org\/w\/index.php?title=Amiant-K%C3%B6rnchenschirmling&amp;action=history\" target=\"_blank\" rel=\"noopener noreferrer\">Autoren<\/a><em>.<\/em><\/p>\n","protected":false},"excerpt":{"rendered":"<p>Pflanzen -&gt; Pilze Pflanzen von A-Z zur Galerie Pilze I Der Fliegenpilz (Amanita muscaria), auch Roter Fliegenpilz genannt, ist eine giftige Pilzart aus der Familie der Wulstlingsverwandten. Die Fruchtk\u00f6rper erscheinen in Mitteleuropa von Juni bis zum Beginn des Winters, haupts\u00e4chlich von Juli bis Oktober. Der Fliegenpilz ist mit seinem auff\u00e4lligen roten, wei\u00df gepunkteten Hut weit &hellip; <a href=\"https:\/\/woerrlein-naturfoto.de\/wordpress\/pilze-a-z\/fliegenpilz\/\" class=\"more-link\"><span class=\"screen-reader-text\">Fliegenpilz<\/span> weiterlesen <span class=\"meta-nav\">&rarr;<\/span><\/a><\/p>\n","protected":false},"author":1,"featured_media":0,"parent":5118,"menu_order":0,"comment_status":"closed","ping_status":"closed","template":"page-templates\/full-width.php","meta":{"footnotes":""},"class_list":["post-11580","page","type-page","status-publish","hentry"],"_links":{"self":[{"href":"https:\/\/woerrlein-naturfoto.de\/wordpress\/wp-json\/wp\/v2\/pages\/11580","targetHints":{"allow":["GET"]}}],"collection":[{"href":"https:\/\/woerrlein-naturfoto.de\/wordpress\/wp-json\/wp\/v2\/pages"}],"about":[{"href":"https:\/\/woerrlein-naturfoto.de\/wordpress\/wp-json\/wp\/v2\/types\/page"}],"author":[{"embeddable":true,"href":"https:\/\/woerrlein-naturfoto.de\/wordpress\/wp-json\/wp\/v2\/users\/1"}],"replies":[{"embeddable":true,"href":"https:\/\/woerrlein-naturfoto.de\/wordpress\/wp-json\/wp\/v2\/comments?post=11580"}],"version-history":[{"count":4,"href":"https:\/\/woerrlein-naturfoto.de\/wordpress\/wp-json\/wp\/v2\/pages\/11580\/revisions"}],"predecessor-version":[{"id":15515,"href":"https:\/\/woerrlein-naturfoto.de\/wordpress\/wp-json\/wp\/v2\/pages\/11580\/revisions\/15515"}],"up":[{"embeddable":true,"href":"https:\/\/woerrlein-naturfoto.de\/wordpress\/wp-json\/wp\/v2\/pages\/5118"}],"wp:attachment":[{"href":"https:\/\/woerrlein-naturfoto.de\/wordpress\/wp-json\/wp\/v2\/media?parent=11580"}],"curies":[{"name":"wp","href":"https:\/\/api.w.org\/{rel}","templated":true}]}}