{"id":11533,"date":"2019-11-24T19:40:11","date_gmt":"2019-11-24T18:40:11","guid":{"rendered":"http:\/\/woerrlein-naturfoto.de\/wordpress\/?page_id=11533"},"modified":"2022-10-19T14:17:59","modified_gmt":"2022-10-19T12:17:59","slug":"zweifarbiger-lacktrichterling","status":"publish","type":"page","link":"https:\/\/woerrlein-naturfoto.de\/wordpress\/pilze-a-z\/zweifarbiger-lacktrichterling\/","title":{"rendered":"Zweifarbiger Lacktrichterling"},"content":{"rendered":"<p><a href=\"http:\/\/woerrlein-naturfoto.de\/wordpress\/hauptseite-pflanzen\/pflanzen\/\"><span style=\"color: #ffff66;\">Pflanzen<\/span> <\/a>-&gt;<a href=\"http:\/\/woerrlein-naturfoto.de\/wordpress\/hauptseite-pflanzen\/pflanzen\/pilze-2\/\"> <span style=\"color: #ffff66;\">Pilze<\/span><\/a><br \/>\n<a href=\"http:\/\/woerrlein-naturfoto.de\/wordpress\/pflanzen-von-a-z\/\">Pflanzen von A-Z<\/a><br \/>\nzur Galerie <a href=\"https:\/\/woerrlein-naturfoto.de\/wordpress\/hauptseite-pflanzen\/pflanzen\/pilze-2\/pilze-iii-s-bis-z\/\">Pilze III<\/a><\/p>\n<p><img loading=\"lazy\" decoding=\"async\" class=\"alignleft wp-image-11487\" src=\"http:\/\/woerrlein-naturfoto.de\/wordpress\/wp-content\/uploads\/2015\/01\/Zweifarbiger_Lacktrichterling_AW_61130_4309x6463-400x600.jpg\" alt=\"\" width=\"267\" height=\"400\" \/>Der <b>Zweifarbige Lacktrichterling<\/b> (<i>Laccaria bicolor<\/i>) ist eine Pilzart aus der Familie der Heidetr\u00fcffelverwandten. Typisch an den Fruchtk\u00f6rpern ist das untere Stielende, das mit einem\u00a0 deutlich kontrastierenden lila Myzelfilz bedeckt ist. Der Bl\u00e4tterpilz ist weltweit in den Nadel- und Laubw\u00e4ldern der gem\u00e4\u00dfigten Klimazone verbreitet.<br \/>\nDer 2\u201310\u00a0cm gro\u00dfe, hellbraune Hut mit einer feinschuppigen Oberfl\u00e4che ist zun\u00e4chst gew\u00f6lbt, sp\u00e4ter ausgebreitet. Die entfernt stehenden, untermischten und lila-rosa gef\u00e4rbten Lamellen sind am Stiel angeheftet oder herablaufend. Das d\u00fcnne Fleisch hat eine rosa-br\u00e4unliche Farbe.<sup id=\"cite_ref-Laux2001_1-0\" class=\"reference\"><\/sup><\/p>\n<p><strong>Vorkommen:<\/strong>\u00a0\u00a0\u00a0\u00a0\u00a0\u00a0\u00a0 Juli &#8211; Oktober<\/p>\n<p>zur Galerie <a href=\"https:\/\/woerrlein-naturfoto.de\/wordpress\/hauptseite-pflanzen\/pflanzen\/pilze-2\/pilze-iii-s-bis-z\/\">Pilze III<\/a><\/p>\n<p><em>Quelle des Textauszuges und weitere Infos bei <\/em><a href=\"https:\/\/de.wikipedia.org\/wiki\/Zweifarbiger_Lacktrichterling\" target=\"_blank\" rel=\"noopener noreferrer\">Wikipedia<\/a><em> (<\/em><a href=\"http:\/\/www.gnu.org\/licenses\/fdl-1.3.txt\" target=\"_blank\" rel=\"noopener noreferrer\">GNU-Lizenz<\/a><em>)\u2013 mein Dank gilt den <\/em><a href=\"https:\/\/de.wikipedia.org\/w\/index.php?title=Zweifarbiger_Lacktrichterling&amp;action=history\" target=\"_blank\" rel=\"noopener noreferrer\">Autoren<\/a><em>.<\/em><\/p>\n","protected":false},"excerpt":{"rendered":"<p>Pflanzen -&gt; Pilze Pflanzen von A-Z zur Galerie Pilze III Der Zweifarbige Lacktrichterling (Laccaria bicolor) ist eine Pilzart aus der Familie der Heidetr\u00fcffelverwandten. Typisch an den Fruchtk\u00f6rpern ist das untere Stielende, das mit einem\u00a0 deutlich kontrastierenden lila Myzelfilz bedeckt ist. Der Bl\u00e4tterpilz ist weltweit in den Nadel- und Laubw\u00e4ldern der gem\u00e4\u00dfigten Klimazone verbreitet. Der 2\u201310\u00a0cm &hellip; <a href=\"https:\/\/woerrlein-naturfoto.de\/wordpress\/pilze-a-z\/zweifarbiger-lacktrichterling\/\" class=\"more-link\"><span class=\"screen-reader-text\">Zweifarbiger Lacktrichterling<\/span> weiterlesen <span class=\"meta-nav\">&rarr;<\/span><\/a><\/p>\n","protected":false},"author":1,"featured_media":0,"parent":5118,"menu_order":0,"comment_status":"closed","ping_status":"closed","template":"page-templates\/full-width.php","meta":{"footnotes":""},"class_list":["post-11533","page","type-page","status-publish","hentry"],"_links":{"self":[{"href":"https:\/\/woerrlein-naturfoto.de\/wordpress\/wp-json\/wp\/v2\/pages\/11533","targetHints":{"allow":["GET"]}}],"collection":[{"href":"https:\/\/woerrlein-naturfoto.de\/wordpress\/wp-json\/wp\/v2\/pages"}],"about":[{"href":"https:\/\/woerrlein-naturfoto.de\/wordpress\/wp-json\/wp\/v2\/types\/page"}],"author":[{"embeddable":true,"href":"https:\/\/woerrlein-naturfoto.de\/wordpress\/wp-json\/wp\/v2\/users\/1"}],"replies":[{"embeddable":true,"href":"https:\/\/woerrlein-naturfoto.de\/wordpress\/wp-json\/wp\/v2\/comments?post=11533"}],"version-history":[{"count":2,"href":"https:\/\/woerrlein-naturfoto.de\/wordpress\/wp-json\/wp\/v2\/pages\/11533\/revisions"}],"predecessor-version":[{"id":15575,"href":"https:\/\/woerrlein-naturfoto.de\/wordpress\/wp-json\/wp\/v2\/pages\/11533\/revisions\/15575"}],"up":[{"embeddable":true,"href":"https:\/\/woerrlein-naturfoto.de\/wordpress\/wp-json\/wp\/v2\/pages\/5118"}],"wp:attachment":[{"href":"https:\/\/woerrlein-naturfoto.de\/wordpress\/wp-json\/wp\/v2\/media?parent=11533"}],"curies":[{"name":"wp","href":"https:\/\/api.w.org\/{rel}","templated":true}]}}