{"id":11530,"date":"2019-11-24T19:33:12","date_gmt":"2019-11-24T18:33:12","guid":{"rendered":"http:\/\/woerrlein-naturfoto.de\/wordpress\/?page_id=11530"},"modified":"2022-10-19T14:13:14","modified_gmt":"2022-10-19T12:13:14","slug":"violetter-roetelritterling","status":"publish","type":"page","link":"https:\/\/woerrlein-naturfoto.de\/wordpress\/pilze-a-z\/violetter-roetelritterling\/","title":{"rendered":"Violetter R\u00f6telritterling"},"content":{"rendered":"<p><a href=\"http:\/\/woerrlein-naturfoto.de\/wordpress\/hauptseite-pflanzen\/pflanzen\/\"><span style=\"color: #ffff66;\">Pflanzen<\/span> <\/a>-&gt;<a href=\"http:\/\/woerrlein-naturfoto.de\/wordpress\/hauptseite-pflanzen\/pflanzen\/pilze-2\/\"> <span style=\"color: #ffff66;\">Pilze<\/span><\/a><br \/>\n<a href=\"http:\/\/woerrlein-naturfoto.de\/wordpress\/pflanzen-von-a-z\/\">Pflanzen von A-Z<\/a><br \/>\nzur Galerie <a href=\"https:\/\/woerrlein-naturfoto.de\/wordpress\/hauptseite-pflanzen\/pflanzen\/pilze-2\/pilze-iii-s-bis-z\/\">Pilze III<\/a><\/p>\n<p><img loading=\"lazy\" decoding=\"async\" class=\"alignleft wp-image-11484\" src=\"http:\/\/woerrlein-naturfoto.de\/wordpress\/wp-content\/uploads\/2015\/01\/Violetter_Roetelritterling_AW18310L_5407x3605-600x400.jpg\" alt=\"\" width=\"600\" height=\"400\" srcset=\"https:\/\/woerrlein-naturfoto.de\/wordpress\/wp-content\/uploads\/2015\/01\/Violetter_Roetelritterling_AW18310L_5407x3605-600x400.jpg 600w, https:\/\/woerrlein-naturfoto.de\/wordpress\/wp-content\/uploads\/2015\/01\/Violetter_Roetelritterling_AW18310L_5407x3605-768x512.jpg 768w, https:\/\/woerrlein-naturfoto.de\/wordpress\/wp-content\/uploads\/2015\/01\/Violetter_Roetelritterling_AW18310L_5407x3605-120x80.jpg 120w, https:\/\/woerrlein-naturfoto.de\/wordpress\/wp-content\/uploads\/2015\/01\/Violetter_Roetelritterling_AW18310L_5407x3605.jpg 1000w\" sizes=\"auto, (max-width: 600px) 100vw, 600px\" \/>Der <b>Violette R\u00f6telritterling<\/b> (<i>Lepista nuda<\/i>) ist ein St\u00e4nderpilz aus der Familie der Ritterlingsverwandten. Fr\u00fcher wurde er zu den Ritterlingen gez\u00e4hlt. In Europa ist die Art h\u00e4ufig anzutreffen.<br \/>\nDer junge Pilz ist sowohl an Hut und Lamellen als auch am Stiel deutlich violett gef\u00e4rbt. Mit zunehmendem Alter ver\u00e4ndert sich die Farbe ins br\u00e4unliche. Der dickfleischige, oft von Anfang an braune Hut ist zwischen 5 und 15\u00a0cm breit und anfangs halbkugelig geformt, sp\u00e4ter flach ausgebreitet und wellig verbogen. Der kr\u00e4ftige, zylindrisch bis keulige violette Stiel ist bis zu 3\u00a0cm dick, 12\u00a0cm lang und weist an seiner Oberfl\u00e4che wei\u00dfsilbrige L\u00e4ngsfasern auf. Der Rand ist lange eingerollt. Die am Stiel ausgebuchtet angewachsenen Lamellen lassen sich leicht abl\u00f6sen, stehen fast gedr\u00e4ngt und sind graulila. Das Fleisch ist weich, zart und leicht lila. Der Geruch ist angenehm w\u00fcrzig aromatisch, der Geschmack mild nussartig.<\/p>\n<p><strong>Vorkommen:<\/strong>\u00a0\u00a0\u00a0\u00a0\u00a0\u00a0\u00a0 April &#8211; Mai und September &#8211; November<\/p>\n<p>zur Galerie <a href=\"https:\/\/woerrlein-naturfoto.de\/wordpress\/hauptseite-pflanzen\/pflanzen\/pilze-2\/pilze-iii-s-bis-z\/\">Pilze III<\/a><\/p>\n<p><em>Quelle des Textauszuges und weitere Infos bei <\/em><a href=\"https:\/\/de.wikipedia.org\/wiki\/Violetter_R%C3%B6telritterling\" target=\"_blank\" rel=\"noopener noreferrer\">Wikipedia<\/a><em> (<\/em><a href=\"http:\/\/www.gnu.org\/licenses\/fdl-1.3.txt\" target=\"_blank\" rel=\"noopener noreferrer\">GNU-Lizenz<\/a><em>)\u2013 mein Dank gilt den <\/em><a href=\"https:\/\/de.wikipedia.org\/w\/index.php?title=Violetter_R%C3%B6telritterling&amp;action=history\" target=\"_blank\" rel=\"noopener noreferrer\">Autoren<\/a><em>.<\/em><\/p>\n","protected":false},"excerpt":{"rendered":"<p>Pflanzen -&gt; Pilze Pflanzen von A-Z zur Galerie Pilze III Der Violette R\u00f6telritterling (Lepista nuda) ist ein St\u00e4nderpilz aus der Familie der Ritterlingsverwandten. Fr\u00fcher wurde er zu den Ritterlingen gez\u00e4hlt. In Europa ist die Art h\u00e4ufig anzutreffen. Der junge Pilz ist sowohl an Hut und Lamellen als auch am Stiel deutlich violett gef\u00e4rbt. Mit zunehmendem &hellip; <a href=\"https:\/\/woerrlein-naturfoto.de\/wordpress\/pilze-a-z\/violetter-roetelritterling\/\" class=\"more-link\"><span class=\"screen-reader-text\">Violetter R\u00f6telritterling<\/span> weiterlesen <span class=\"meta-nav\">&rarr;<\/span><\/a><\/p>\n","protected":false},"author":1,"featured_media":0,"parent":5118,"menu_order":0,"comment_status":"closed","ping_status":"closed","template":"page-templates\/full-width.php","meta":{"footnotes":""},"class_list":["post-11530","page","type-page","status-publish","hentry"],"_links":{"self":[{"href":"https:\/\/woerrlein-naturfoto.de\/wordpress\/wp-json\/wp\/v2\/pages\/11530","targetHints":{"allow":["GET"]}}],"collection":[{"href":"https:\/\/woerrlein-naturfoto.de\/wordpress\/wp-json\/wp\/v2\/pages"}],"about":[{"href":"https:\/\/woerrlein-naturfoto.de\/wordpress\/wp-json\/wp\/v2\/types\/page"}],"author":[{"embeddable":true,"href":"https:\/\/woerrlein-naturfoto.de\/wordpress\/wp-json\/wp\/v2\/users\/1"}],"replies":[{"embeddable":true,"href":"https:\/\/woerrlein-naturfoto.de\/wordpress\/wp-json\/wp\/v2\/comments?post=11530"}],"version-history":[{"count":2,"href":"https:\/\/woerrlein-naturfoto.de\/wordpress\/wp-json\/wp\/v2\/pages\/11530\/revisions"}],"predecessor-version":[{"id":15568,"href":"https:\/\/woerrlein-naturfoto.de\/wordpress\/wp-json\/wp\/v2\/pages\/11530\/revisions\/15568"}],"up":[{"embeddable":true,"href":"https:\/\/woerrlein-naturfoto.de\/wordpress\/wp-json\/wp\/v2\/pages\/5118"}],"wp:attachment":[{"href":"https:\/\/woerrlein-naturfoto.de\/wordpress\/wp-json\/wp\/v2\/media?parent=11530"}],"curies":[{"name":"wp","href":"https:\/\/api.w.org\/{rel}","templated":true}]}}