{"id":11519,"date":"2019-11-24T19:08:59","date_gmt":"2019-11-24T18:08:59","guid":{"rendered":"http:\/\/woerrlein-naturfoto.de\/wordpress\/?page_id=11519"},"modified":"2022-10-19T13:45:24","modified_gmt":"2022-10-19T11:45:24","slug":"kleiner-erdstern","status":"publish","type":"page","link":"https:\/\/woerrlein-naturfoto.de\/wordpress\/pilze-a-z\/kleiner-erdstern\/","title":{"rendered":"Kleiner Erdstern"},"content":{"rendered":"<p><a href=\"http:\/\/woerrlein-naturfoto.de\/wordpress\/hauptseite-pflanzen\/pflanzen\/\"><span style=\"color: #ffff66;\">Pflanzen<\/span> <\/a>-&gt;<a href=\"http:\/\/woerrlein-naturfoto.de\/wordpress\/hauptseite-pflanzen\/pflanzen\/pilze-2\/\"> <span style=\"color: #ffff66;\">Pilze<\/span><\/a><br \/>\n<a href=\"http:\/\/woerrlein-naturfoto.de\/wordpress\/pflanzen-von-a-z\/\">Pflanzen von A-Z<\/a><br \/>\nzur Galerie <a href=\"https:\/\/woerrlein-naturfoto.de\/wordpress\/hauptseite-pflanzen\/pflanzen\/pilze-2\/pilze-ii-h-bis-r\/\">Pilze II<\/a><\/p>\n<p><img loading=\"lazy\" decoding=\"async\" class=\"alignleft wp-image-11475\" src=\"http:\/\/woerrlein-naturfoto.de\/wordpress\/wp-content\/uploads\/2015\/01\/Kleiner_Erdstern_AW18401L_6750x4500-600x400.jpg\" alt=\"\" width=\"600\" height=\"400\" srcset=\"https:\/\/woerrlein-naturfoto.de\/wordpress\/wp-content\/uploads\/2015\/01\/Kleiner_Erdstern_AW18401L_6750x4500-600x400.jpg 600w, https:\/\/woerrlein-naturfoto.de\/wordpress\/wp-content\/uploads\/2015\/01\/Kleiner_Erdstern_AW18401L_6750x4500-768x512.jpg 768w, https:\/\/woerrlein-naturfoto.de\/wordpress\/wp-content\/uploads\/2015\/01\/Kleiner_Erdstern_AW18401L_6750x4500-120x80.jpg 120w, https:\/\/woerrlein-naturfoto.de\/wordpress\/wp-content\/uploads\/2015\/01\/Kleiner_Erdstern_AW18401L_6750x4500.jpg 1000w\" sizes=\"auto, (max-width: 600px) 100vw, 600px\" \/>Der <strong>Kleine Erdstern<\/strong> <em>(Geastrum minimum) <\/em>hat einen Durchmesser von 1,5-3(4) cm und wird 2,5-3 cm hoch. Der Fruchtk\u00f6rper ist hellbraun, ockerbraun, graubraun oder dunkelbraun und in 6-8 (12) Arme aufspaltend. In der aufgesetzten Kugel ist die Sporenmasse. Die Erdsterne wachsen zun\u00e4chst unterirdisch heran und haben eine kugelige, geschlossene Form. Die dicke Au\u00dfenh\u00fclle besteht aus 3\u00a0Schichten, die Myzelial-, Faser- und Pseudoparenchymschicht (von au\u00dfen nach innen). Letztere ist f\u00fcr das Aufrei\u00dfen der Peridie verantwortlich; sie quillt auf, so dass die H\u00fclle des Fruchtk\u00f6rpers vom Scheitel ausgehend sternf\u00f6rmig aufplatzt. Dabei biegen sich die entstehenden Lappen nach au\u00dfen, so dass sich die innere kugelige H\u00fclle mit den darin enthaltenen Sporen nach oben an die Erdoberfl\u00e4che hebt.<\/p>\n<p><strong>Vorkommen:<\/strong>\u00a0\u00a0\u00a0\u00a0\u00a0\u00a0\u00a0 Juni &#8211; Oktober<\/p>\n<p>zur Galerie <a href=\"https:\/\/woerrlein-naturfoto.de\/wordpress\/hauptseite-pflanzen\/pflanzen\/pilze-2\/pilze-ii-h-bis-r\/\">Pilze II<\/a><\/p>\n","protected":false},"excerpt":{"rendered":"<p>Pflanzen -&gt; Pilze Pflanzen von A-Z zur Galerie Pilze II Der Kleine Erdstern (Geastrum minimum) hat einen Durchmesser von 1,5-3(4) cm und wird 2,5-3 cm hoch. Der Fruchtk\u00f6rper ist hellbraun, ockerbraun, graubraun oder dunkelbraun und in 6-8 (12) Arme aufspaltend. In der aufgesetzten Kugel ist die Sporenmasse. Die Erdsterne wachsen zun\u00e4chst unterirdisch heran und haben &hellip; <a href=\"https:\/\/woerrlein-naturfoto.de\/wordpress\/pilze-a-z\/kleiner-erdstern\/\" class=\"more-link\"><span class=\"screen-reader-text\">Kleiner Erdstern<\/span> weiterlesen <span class=\"meta-nav\">&rarr;<\/span><\/a><\/p>\n","protected":false},"author":1,"featured_media":0,"parent":5118,"menu_order":0,"comment_status":"closed","ping_status":"closed","template":"page-templates\/full-width.php","meta":{"footnotes":""},"class_list":["post-11519","page","type-page","status-publish","hentry"],"_links":{"self":[{"href":"https:\/\/woerrlein-naturfoto.de\/wordpress\/wp-json\/wp\/v2\/pages\/11519","targetHints":{"allow":["GET"]}}],"collection":[{"href":"https:\/\/woerrlein-naturfoto.de\/wordpress\/wp-json\/wp\/v2\/pages"}],"about":[{"href":"https:\/\/woerrlein-naturfoto.de\/wordpress\/wp-json\/wp\/v2\/types\/page"}],"author":[{"embeddable":true,"href":"https:\/\/woerrlein-naturfoto.de\/wordpress\/wp-json\/wp\/v2\/users\/1"}],"replies":[{"embeddable":true,"href":"https:\/\/woerrlein-naturfoto.de\/wordpress\/wp-json\/wp\/v2\/comments?post=11519"}],"version-history":[{"count":2,"href":"https:\/\/woerrlein-naturfoto.de\/wordpress\/wp-json\/wp\/v2\/pages\/11519\/revisions"}],"predecessor-version":[{"id":15535,"href":"https:\/\/woerrlein-naturfoto.de\/wordpress\/wp-json\/wp\/v2\/pages\/11519\/revisions\/15535"}],"up":[{"embeddable":true,"href":"https:\/\/woerrlein-naturfoto.de\/wordpress\/wp-json\/wp\/v2\/pages\/5118"}],"wp:attachment":[{"href":"https:\/\/woerrlein-naturfoto.de\/wordpress\/wp-json\/wp\/v2\/media?parent=11519"}],"curies":[{"name":"wp","href":"https:\/\/api.w.org\/{rel}","templated":true}]}}