{"id":11516,"date":"2019-11-24T18:52:20","date_gmt":"2019-11-24T17:52:20","guid":{"rendered":"http:\/\/woerrlein-naturfoto.de\/wordpress\/?page_id=11516"},"modified":"2022-10-19T13:44:11","modified_gmt":"2022-10-19T11:44:11","slug":"judasohr","status":"publish","type":"page","link":"https:\/\/woerrlein-naturfoto.de\/wordpress\/pilze-a-z\/judasohr\/","title":{"rendered":"Judasohr"},"content":{"rendered":"<p><a href=\"http:\/\/woerrlein-naturfoto.de\/wordpress\/hauptseite-pflanzen\/pflanzen\/\"><span style=\"color: #ffff66;\">Pflanzen<\/span> <\/a>-&gt;<a href=\"http:\/\/woerrlein-naturfoto.de\/wordpress\/hauptseite-pflanzen\/pflanzen\/pilze-2\/\"> <span style=\"color: #ffff66;\">Pilze<\/span><\/a><br \/>\n<a href=\"http:\/\/woerrlein-naturfoto.de\/wordpress\/pflanzen-von-a-z\/\">Pflanzen von A-Z<\/a><br \/>\nzur Galerie <a href=\"https:\/\/woerrlein-naturfoto.de\/wordpress\/hauptseite-pflanzen\/pflanzen\/pilze-2\/pilze-ii-h-bis-r\/\">Pilze II<\/a><\/p>\n<p><img loading=\"lazy\" decoding=\"async\" class=\"alignleft wp-image-11473\" src=\"http:\/\/woerrlein-naturfoto.de\/wordpress\/wp-content\/uploads\/2015\/01\/Judasohr_AW_61537_7022x4681-600x400.jpg\" alt=\"\" width=\"600\" height=\"400\" srcset=\"https:\/\/woerrlein-naturfoto.de\/wordpress\/wp-content\/uploads\/2015\/01\/Judasohr_AW_61537_7022x4681-600x400.jpg 600w, https:\/\/woerrlein-naturfoto.de\/wordpress\/wp-content\/uploads\/2015\/01\/Judasohr_AW_61537_7022x4681-768x512.jpg 768w, https:\/\/woerrlein-naturfoto.de\/wordpress\/wp-content\/uploads\/2015\/01\/Judasohr_AW_61537_7022x4681-120x80.jpg 120w, https:\/\/woerrlein-naturfoto.de\/wordpress\/wp-content\/uploads\/2015\/01\/Judasohr_AW_61537_7022x4681.jpg 1000w\" sizes=\"auto, (max-width: 600px) 100vw, 600px\" \/>Das <b>Judasohr<\/b> (<i>Auricularia auricula-judae<\/i>, <a title=\"Synonym (Taxonomie)\" href=\"https:\/\/de.wikipedia.org\/wiki\/Synonym_(Taxonomie)\">Syn.<\/a>: <i>A.\u00a0auricula<\/i>, <i>A. sambucina<\/i>, <i>Hirneola auricula-judae<\/i>) ist ein nahezu weltweit verbreiteter Pilz.<br \/>\nDie dunkelbraunen Fruchtk\u00f6rper haben eine lappenartige, oft wie eine Ohrmuschel geformte Struktur. Sie stehen seitlich vom Substrat ab und haben eine konvexe, feinfilzige Oberfl\u00e4che. Diese ist mehr oder weniger mit Adern durchzogen. Das <a title=\"Hymenium\" href=\"https:\/\/de.wikipedia.org\/wiki\/Hymenium\" target=\"_blank\" rel=\"noopener noreferrer\">Hymenium<\/a> auf der Unterseite hat jung eine blass-gr\u00e4uliche Farbe, die nach und nach in ein Fleischbr\u00e4unlich \u00fcbergeht. Die Unterseite ist immer heller als die Oberseite. Der Pilz wird 3\u201310\u00a0Zentimeter breit und das Fleisch erreicht eine Dicke von 1,5\u20132\u00a0Millimeter. Es ist sehr z\u00e4h und elastisch-gallertartig, kann durch Austrocknen aber sehr hart werden und auf ein Zehntel seiner vorherigen Gr\u00f6\u00dfe schrumpfen. Nach einem Regen kann er stark aufgequollen weiterwachsen. Der Geruch kann manchmal muffig-erdig sein, der Geschmack ist mild.<\/p>\n<p><strong>Vorkommen:<\/strong>\u00a0\u00a0\u00a0\u00a0\u00a0\u00a0\u00a0 Ganzj\u00e4hrig<\/p>\n<p>zur Galerie <a href=\"https:\/\/woerrlein-naturfoto.de\/wordpress\/hauptseite-pflanzen\/pflanzen\/pilze-2\/pilze-ii-h-bis-r\/\">Pilze II<\/a><\/p>\n<p><em>Quelle des Textauszuges und weitere Infos bei <\/em><a href=\"https:\/\/de.wikipedia.org\/wiki\/Judasohr\" target=\"_blank\" rel=\"noopener noreferrer\">Wikipedia<\/a><em> (<\/em><a href=\"http:\/\/www.gnu.org\/licenses\/fdl-1.3.txt\" target=\"_blank\" rel=\"noopener noreferrer\">GNU-Lizenz<\/a><em>)\u2013 mein Dank gilt den <\/em><a href=\"https:\/\/de.wikipedia.org\/w\/index.php?title=Judasohr&amp;action=history\" target=\"_blank\" rel=\"noopener noreferrer\">Autoren<\/a><em>.<\/em><\/p>\n","protected":false},"excerpt":{"rendered":"<p>Pflanzen -&gt; Pilze Pflanzen von A-Z zur Galerie Pilze II Das Judasohr (Auricularia auricula-judae, Syn.: A.\u00a0auricula, A. sambucina, Hirneola auricula-judae) ist ein nahezu weltweit verbreiteter Pilz. Die dunkelbraunen Fruchtk\u00f6rper haben eine lappenartige, oft wie eine Ohrmuschel geformte Struktur. Sie stehen seitlich vom Substrat ab und haben eine konvexe, feinfilzige Oberfl\u00e4che. Diese ist mehr oder weniger &hellip; <a href=\"https:\/\/woerrlein-naturfoto.de\/wordpress\/pilze-a-z\/judasohr\/\" class=\"more-link\"><span class=\"screen-reader-text\">Judasohr<\/span> weiterlesen <span class=\"meta-nav\">&rarr;<\/span><\/a><\/p>\n","protected":false},"author":1,"featured_media":0,"parent":5118,"menu_order":0,"comment_status":"closed","ping_status":"closed","template":"page-templates\/full-width.php","meta":{"footnotes":""},"class_list":["post-11516","page","type-page","status-publish","hentry"],"_links":{"self":[{"href":"https:\/\/woerrlein-naturfoto.de\/wordpress\/wp-json\/wp\/v2\/pages\/11516","targetHints":{"allow":["GET"]}}],"collection":[{"href":"https:\/\/woerrlein-naturfoto.de\/wordpress\/wp-json\/wp\/v2\/pages"}],"about":[{"href":"https:\/\/woerrlein-naturfoto.de\/wordpress\/wp-json\/wp\/v2\/types\/page"}],"author":[{"embeddable":true,"href":"https:\/\/woerrlein-naturfoto.de\/wordpress\/wp-json\/wp\/v2\/users\/1"}],"replies":[{"embeddable":true,"href":"https:\/\/woerrlein-naturfoto.de\/wordpress\/wp-json\/wp\/v2\/comments?post=11516"}],"version-history":[{"count":2,"href":"https:\/\/woerrlein-naturfoto.de\/wordpress\/wp-json\/wp\/v2\/pages\/11516\/revisions"}],"predecessor-version":[{"id":15533,"href":"https:\/\/woerrlein-naturfoto.de\/wordpress\/wp-json\/wp\/v2\/pages\/11516\/revisions\/15533"}],"up":[{"embeddable":true,"href":"https:\/\/woerrlein-naturfoto.de\/wordpress\/wp-json\/wp\/v2\/pages\/5118"}],"wp:attachment":[{"href":"https:\/\/woerrlein-naturfoto.de\/wordpress\/wp-json\/wp\/v2\/media?parent=11516"}],"curies":[{"name":"wp","href":"https:\/\/api.w.org\/{rel}","templated":true}]}}