{"id":11511,"date":"2019-11-24T18:37:00","date_gmt":"2019-11-24T17:37:00","guid":{"rendered":"http:\/\/woerrlein-naturfoto.de\/wordpress\/?page_id=11511"},"modified":"2022-10-19T13:43:31","modified_gmt":"2022-10-19T11:43:31","slug":"horngrauer-ruebling","status":"publish","type":"page","link":"https:\/\/woerrlein-naturfoto.de\/wordpress\/pilze-a-z\/horngrauer-ruebling\/","title":{"rendered":"Horngrauer R\u00fcbling"},"content":{"rendered":"<p><a href=\"http:\/\/woerrlein-naturfoto.de\/wordpress\/hauptseite-pflanzen\/pflanzen\/\"><span style=\"color: #ffff66;\">Pflanzen<\/span> <\/a>-&gt;<a href=\"http:\/\/woerrlein-naturfoto.de\/wordpress\/hauptseite-pflanzen\/pflanzen\/pilze-2\/\"> <span style=\"color: #ffff66;\">Pilze<\/span><\/a><br \/>\n<a href=\"http:\/\/woerrlein-naturfoto.de\/wordpress\/pflanzen-von-a-z\/\">Pflanzen von A-Z<\/a><br \/>\nzur Galerie <a href=\"https:\/\/woerrlein-naturfoto.de\/wordpress\/hauptseite-pflanzen\/pflanzen\/pilze-2\/pilze-ii-h-bis-r\/\">Pilze II<\/a><\/p>\n<p><img loading=\"lazy\" decoding=\"async\" class=\"alignleft wp-image-11472\" src=\"http:\/\/woerrlein-naturfoto.de\/wordpress\/wp-content\/uploads\/2015\/01\/Horngraue_Ruebling_AW_61471_4625x6938-400x600.jpg\" alt=\"\" width=\"267\" height=\"400\" srcset=\"https:\/\/woerrlein-naturfoto.de\/wordpress\/wp-content\/uploads\/2015\/01\/Horngraue_Ruebling_AW_61471_4625x6938-400x600.jpg 400w, https:\/\/woerrlein-naturfoto.de\/wordpress\/wp-content\/uploads\/2015\/01\/Horngraue_Ruebling_AW_61471_4625x6938.jpg 567w\" sizes=\"auto, (max-width: 267px) 100vw, 267px\" \/>Der\u00a0<b>Horngraue R\u00fcbling<\/b> (<i>Rhodocollybia butyracea<\/i>\u00a0f.\u00a0<i>asema<\/i>) ist die grauh\u00fctige Form vom\u00a0 <b>Butter-<\/b> oder <b>Kastanienroten R\u00fcbling<\/b> (<i>Rhodocollybia butyracea<\/i> syn. <i>Collybia butyracea<\/i>).<br \/>\nDer z\u00e4h-faserige Stiel ist 4\u20138\u00a0cm lang und aufgeblasen hohl. Er ist grau-br\u00e4unlich mit hellerer Spitze und wei\u00df filziger Basis. Der zwischen 3\u20136\u00a0cm breite und 1\u20131,5\u00a0cm dicke Hut ist flach kissenf\u00f6rmig bis abgeflacht und oft stumpf gebuckelt. Die Hutr\u00e4nder w\u00f6lben sich mit zunehmendem Alter oft nach oben. Er ist horngrau bis olivgrau oder rotbraun\u00a0 und in der Mitte etwas dunkler gef\u00e4rbt. Bei N\u00e4sse gl\u00e4nzt die Oberfl\u00e4che fettig (Name!) und ist etwas hygrophan und durchfeuchtete Hutbereiche erscheinen dunkler, w\u00e4hrend sich beim Austrocknen verschiedenfarbige, kurzlebige Zonen bilden. Die wei\u00dflichen oder w\u00e4ssrig blassen Lamellen besitzen fein gekerbte Schneiden. Sie sind am Stiel ausgebuchtet angewachsen und weich. Der Pilz riecht unauff\u00e4llig.<\/p>\n<p><strong>Vorkommen:<\/strong>\u00a0\u00a0\u00a0\u00a0\u00a0\u00a0\u00a0 Juni &#8211; November<\/p>\n<p>zur Galerie <a href=\"https:\/\/woerrlein-naturfoto.de\/wordpress\/hauptseite-pflanzen\/pflanzen\/pilze-2\/pilze-ii-h-bis-r\/\">Pilze II<\/a><\/p>\n<p><em>Quelle des Textauszuges und weitere Infos bei <\/em><a href=\"https:\/\/de.wikipedia.org\/wiki\/Butter-R%C3%BCbling\" target=\"_blank\" rel=\"noopener noreferrer\">Wikipedia<\/a><em> (<\/em><a href=\"http:\/\/www.gnu.org\/licenses\/fdl-1.3.txt\" target=\"_blank\" rel=\"noopener noreferrer\">GNU-Lizenz<\/a><em>)\u2013 mein Dank gilt den <\/em><a href=\"https:\/\/de.wikipedia.org\/w\/index.php?title=Butter-R%C3%BCbling&amp;action=history\" target=\"_blank\" rel=\"noopener noreferrer\">Autoren<\/a><em>.<\/em><\/p>\n","protected":false},"excerpt":{"rendered":"<p>Pflanzen -&gt; Pilze Pflanzen von A-Z zur Galerie Pilze II Der\u00a0Horngraue R\u00fcbling (Rhodocollybia butyracea\u00a0f.\u00a0asema) ist die grauh\u00fctige Form vom\u00a0 Butter- oder Kastanienroten R\u00fcbling (Rhodocollybia butyracea syn. Collybia butyracea). Der z\u00e4h-faserige Stiel ist 4\u20138\u00a0cm lang und aufgeblasen hohl. Er ist grau-br\u00e4unlich mit hellerer Spitze und wei\u00df filziger Basis. Der zwischen 3\u20136\u00a0cm breite und 1\u20131,5\u00a0cm dicke Hut &hellip; <a href=\"https:\/\/woerrlein-naturfoto.de\/wordpress\/pilze-a-z\/horngrauer-ruebling\/\" class=\"more-link\"><span class=\"screen-reader-text\">Horngrauer R\u00fcbling<\/span> weiterlesen <span class=\"meta-nav\">&rarr;<\/span><\/a><\/p>\n","protected":false},"author":1,"featured_media":0,"parent":5118,"menu_order":0,"comment_status":"closed","ping_status":"closed","template":"page-templates\/full-width.php","meta":{"footnotes":""},"class_list":["post-11511","page","type-page","status-publish","hentry"],"_links":{"self":[{"href":"https:\/\/woerrlein-naturfoto.de\/wordpress\/wp-json\/wp\/v2\/pages\/11511","targetHints":{"allow":["GET"]}}],"collection":[{"href":"https:\/\/woerrlein-naturfoto.de\/wordpress\/wp-json\/wp\/v2\/pages"}],"about":[{"href":"https:\/\/woerrlein-naturfoto.de\/wordpress\/wp-json\/wp\/v2\/types\/page"}],"author":[{"embeddable":true,"href":"https:\/\/woerrlein-naturfoto.de\/wordpress\/wp-json\/wp\/v2\/users\/1"}],"replies":[{"embeddable":true,"href":"https:\/\/woerrlein-naturfoto.de\/wordpress\/wp-json\/wp\/v2\/comments?post=11511"}],"version-history":[{"count":4,"href":"https:\/\/woerrlein-naturfoto.de\/wordpress\/wp-json\/wp\/v2\/pages\/11511\/revisions"}],"predecessor-version":[{"id":15532,"href":"https:\/\/woerrlein-naturfoto.de\/wordpress\/wp-json\/wp\/v2\/pages\/11511\/revisions\/15532"}],"up":[{"embeddable":true,"href":"https:\/\/woerrlein-naturfoto.de\/wordpress\/wp-json\/wp\/v2\/pages\/5118"}],"wp:attachment":[{"href":"https:\/\/woerrlein-naturfoto.de\/wordpress\/wp-json\/wp\/v2\/media?parent=11511"}],"curies":[{"name":"wp","href":"https:\/\/api.w.org\/{rel}","templated":true}]}}